{"id":6571,"date":"2022-02-23T18:46:57","date_gmt":"2022-02-23T18:46:57","guid":{"rendered":"https:\/\/mundo.seashell.pt\/?post_type=product&#038;p=6571"},"modified":"2022-02-23T18:47:00","modified_gmt":"2022-02-23T18:47:00","slug":"hansaplast-banda-universal-1m-x-6cm","status":"publish","type":"product","link":"https:\/\/mundo.seashell.pt\/?product=hansaplast-banda-universal-1m-x-6cm","title":{"rendered":"Hansaplast Banda Universal 1m x 6cm"},"content":{"rendered":"<p>Os pensos Hansaplast Universal s\u00e3o adequados para a cobertura e prote\u00e7\u00e3o de todos os tipos de feridas mais pequenas.<\/p>\n<p>Os pensos Hansaplast bloqueiam contra sujidade e bact\u00e9rias.<\/p>\n<p>O material \u00e9 respir\u00e1vel e resistente \u00e0 \u00e1gua. <br \/>A compressa n\u00e3o aderente protege e amortece a ferida. <br \/>A forte adesividade garante que o penso fica seguro no lugar.<\/p>\n<p>Os pensos est\u00e3o dispon\u00edveis:<\/p>\n<ul>\n<li>como bandas em diferentes tamanhos que cobrem toda a ferida&nbsp;<\/li>\n<li>podem ser cortados \u00e0 medida&nbsp;<\/li>\n<\/ul>\n","protected":false},"excerpt":{"rendered":"<p>Os pensos Hansaplast Universal s\u00e3o adequados para a cobertura e prote\u00e7\u00e3o de todos os tipos de feridas mais pequenas.<\/p>\n<p>Os pensos Hansaplast bloqueiam contra sujidade e bact\u00e9rias.<\/p>\n<p>O material \u00e9 respir\u00e1vel e resistente \u00e0 \u00e1gua. A compressa n\u00e3o aderente protege e amortece a ferida. A forte adesividade garante que o penso fica&#8230;<\/p>\n","protected":false},"featured_media":6572,"template":"","meta":{"spay_email":""},"product_cat":[15],"product_tag":[],"class_list":{"0":"post-6571","1":"product","2":"type-product","3":"status-publish","4":"has-post-thumbnail","6":"product_cat-sem-categoria","8":"first","9":"instock","10":"taxable","11":"shipping-taxable","12":"purchasable","13":"product-type-simple"},"acf":[],"jetpack-related-posts":[{"id":6575,"url":"https:\/\/mundo.seashell.pt\/?product=hansaplast-aqua-protect-20-pensos","url_meta":{"origin":6571,"position":0},"title":"Hansaplast Aqua Protect &#8211; 20 pensos","date":"Fevereiro 23, 2022","format":false,"excerpt":"Aqua protect Pensos 100% \u00e0 prova de \u00e1gua que cobrem e protegem pequenas feridas. O material \u00e9 flex\u00edvel e de material respir\u00e1vel, proporcionando um maior conforto e impedindo a \u00e1gua de entrar em contacto com a ferida. Os pensos Hansaplast bloqueiam contra sujidade e bact\u00e9rias.","rel":"","context":"Similar post","img":{"alt_text":"","src":"https:\/\/i0.wp.com\/mundo.seashell.pt\/wp-content\/uploads\/2022\/02\/Hansaplast_Pensos_Aqua_Protect_-_20_Unid.___2_tamanhos_20_pensos_-_2_tamanhos_4005800431289.png?resize=350%2C200&ssl=1","width":350,"height":200},"classes":[]},{"id":6573,"url":"https:\/\/mundo.seashell.pt\/?product=hansaplast-pensos-universais-sortido-20","url_meta":{"origin":6571,"position":1},"title":"Hansaplast Pensos Universais &#8211; Sortido 20","date":"Fevereiro 23, 2022","format":false,"excerpt":"Mix pack para as m\u00e3os O Hansaplast Mix pack para as m\u00e3os cont\u00e9m uma variedade de pensos com diferentes formas e materiais, para v\u00e1rios fins. Os pensos Hansaplast bloqueiam contra sujidade e bact\u00e9rias. Este formato multiusos \u00e9 ideal para a aplica\u00e7\u00e3o em diferentes zonas das m\u00e3os e dos dedos. Pensos\u2026","rel":"","context":"Similar post","img":{"alt_text":"","src":"https:\/\/i0.wp.com\/mundo.seashell.pt\/wp-content\/uploads\/2022\/02\/Hansaplast_Pensos_Universal_-_20_Unid.___4_Tamanhos_20_pensos_-_4_tamanhos_4005800174889.png?resize=350%2C200&ssl=1","width":350,"height":200},"classes":[]},{"id":6686,"url":"https:\/\/mundo.seashell.pt\/?product=hansaplast-compressas-esterilizadas-10cm","url_meta":{"origin":6571,"position":2},"title":"Hansaplast Compressas Esterilizadas &#8211; 10cm","date":"Fevereiro 23, 2022","format":false,"excerpt":"Compressas Esterilizadas Hansaplast As Compressas Esterilizadas s\u00e3o um artigo essencial dos kits de primeiros socorros dom\u00e9sticos recomendados pela Organiza\u00e7\u00e3o Mundial de Sa\u00fade e a Cruz Vermelha. As Compressas Esterilizadas Hansaplast s\u00e3o ideais para usar imediatamente ap\u00f3s um acidente. Concebidas para limpar e cobrir feridas do dia ...","rel":"","context":"Similar post","img":{"alt_text":"","src":"https:\/\/i0.wp.com\/mundo.seashell.pt\/wp-content\/uploads\/2022\/02\/Hansaplast_Compressas_Esterilizadas_5x2_compressas_10_x_10cm_4005800180729.png?resize=350%2C200&ssl=1","width":350,"height":200},"classes":[]},{"id":6577,"url":"https:\/\/mundo.seashell.pt\/?product=hansaplast-adesivo-classico-5m-x-125cm","url_meta":{"origin":6571,"position":3},"title":"Hansaplast Adesivo Cl\u00e1ssico 5m x 1,25cm","date":"Fevereiro 23, 2022","format":false,"excerpt":"Fita Adesiva Hansaplast Classic Esta fita adesiva \u00e9 um artigo essencial a ter em casa para primeiros socorros, uma vez que fixa pensos e compressas de forma segura e firme. \u00c9 tamb\u00e9m adequado para fixar equipamento m\u00e9dico, como tubos, cateteres, sondas e instrumentos de medi\u00e7\u00e3o. Pode ser cortada \u00e0 m\u00e3o,\u2026","rel":"","context":"Similar post","img":{"alt_text":"","src":"https:\/\/i0.wp.com\/mundo.seashell.pt\/wp-content\/uploads\/2022\/02\/Hansaplast_Adesivo_Classic_1_bobina_de_adesivo_5m_x_1_25cm_4005800140105.png?resize=350%2C200&ssl=1","width":350,"height":200},"classes":[]},{"id":5714,"url":"https:\/\/mundo.seashell.pt\/?product=fun-higienizante-multiusos-750-ml","url_meta":{"origin":6571,"position":4},"title":"Fun Higienizante Multiusos 750 ML","date":"Fevereiro 23, 2022","format":false,"excerpt":"Detergente l\u00edquido adequado para a limpeza e higieniza\u00e7\u00e3o de todo o tipo de superf\u00edcies e equipamentos.","rel":"","context":"Similar post","img":{"alt_text":"","src":"https:\/\/i0.wp.com\/mundo.seashell.pt\/wp-content\/uploads\/2022\/02\/Fun_Higienizante_Multiusos_PhotoRoom_20210402_103034.jpg?resize=350%2C200&ssl=1","width":350,"height":200},"classes":[]},{"id":6433,"url":"https:\/\/mundo.seashell.pt\/?product=mistolin-tira-gorduras-desinfetante-05l","url_meta":{"origin":6571,"position":5},"title":"Mistolin Tira gorduras Desinfetante 500ml","date":"Fevereiro 23, 2022","format":false,"excerpt":"Mistolin \u00e9 uma marca portuguesa, pensada para simplificar e ajudar nas tarefas dif\u00edceis de limpeza da casa. A sua f\u00f3rmula \u00e9 \u00fanica e imbat\u00edvel na limpeza de gorduras e sujidades mais dif\u00edceis. Indicado para a limpeza de todo o tipo de pe\u00e7as e superf\u00edcies gordurosas, manchas dif\u00edceis, sujidades incrustadas e\u2026","rel":"","context":"Similar post","img":{"alt_text":"","src":"https:\/\/i0.wp.com\/mundo.seashell.pt\/wp-content\/uploads\/2022\/02\/MISTOLIN_Tira_Gorduras_Desinfetante_545ml__5600258596628.png?resize=350%2C200&ssl=1","width":350,"height":200},"classes":[]}],"_links":{"self":[{"href":"https:\/\/mundo.seashell.pt\/index.php?rest_route=\/wp\/v2\/product\/6571","targetHints":{"allow":["GET"]}}],"collection":[{"href":"https:\/\/mundo.seashell.pt\/index.php?rest_route=\/wp\/v2\/product"}],"about":[{"href":"https:\/\/mundo.seashell.pt\/index.php?rest_route=\/wp\/v2\/types\/product"}],"wp:featuredmedia":[{"embeddable":true,"href":"https:\/\/mundo.seashell.pt\/index.php?rest_route=\/wp\/v2\/media\/6572"}],"wp:attachment":[{"href":"https:\/\/mundo.seashell.pt\/index.php?rest_route=%2Fwp%2Fv2%2Fmedia&parent=6571"}],"wp:term":[{"taxonomy":"product_cat","embeddable":true,"href":"https:\/\/mundo.seashell.pt\/index.php?rest_route=%2Fwp%2Fv2%2Fproduct_cat&post=6571"},{"taxonomy":"product_tag","embeddable":true,"href":"https:\/\/mundo.seashell.pt\/index.php?rest_route=%2Fwp%2Fv2%2Fproduct_tag&post=6571"}],"curies":[{"name":"wp","href":"https:\/\/api.w.org\/{rel}","templated":true}]}}