{"id":6569,"date":"2022-02-23T18:46:55","date_gmt":"2022-02-23T18:46:55","guid":{"rendered":"https:\/\/mundo.seashell.pt\/?post_type=product&#038;p=6569"},"modified":"2022-02-23T18:46:57","modified_gmt":"2022-02-23T18:46:57","slug":"skip-3-em-1-15-capsulas","status":"publish","type":"product","link":"https:\/\/mundo.seashell.pt\/?product=skip-3-em-1-15-capsulas","title":{"rendered":"Skip 3 em 1 15 C\u00e1psulas"},"content":{"rendered":"<p>A sua f\u00f3rmula \u00fanica tripla a\u00e7\u00e3o permite a remo\u00e7\u00e3o de n\u00f3doas, o cuidado da roupa e deixa uma frescura duradoura. Limpa profundamente a sua roupa, cuidando das suas cores e fibras.<\/p>\n<h3>Tipo de produto:<\/h3>\n<p>Detergente C\u00e1psulas<\/p>\n<h3>Benef\u00edcios:<\/h3>\n<p>&#8211; Remo\u00e7\u00e3o de n\u00f3doas;<br \/>&#8211; Cuidado da roupa;<br \/>&#8211; Frescura duradoura.<\/p>\n<h3>Conselhos de utiliza\u00e7\u00e3o:<\/h3>\n<p>O seu modo de utiliza\u00e7\u00e3o \u00e9 pr\u00e1tico e f\u00e1cil. Basta colocar a c\u00e1psula no tambor da m\u00e1quina, por baixo da carga de roupa.<\/p>\n<p><\/p>\n<p><\/p>\n","protected":false},"excerpt":{"rendered":"<p>A sua f\u00f3rmula \u00fanica tripla a\u00e7\u00e3o permite a remo\u00e7\u00e3o de n\u00f3doas, o cuidado da roupa e deixa uma frescura duradoura. Limpa profundamente a sua roupa, cuidando das suas cores e fibras.<\/p>\n<h3>Tipo de produto:<\/h3>\n<p>Detergente C\u00e1psulas<\/p>\n<h3>Benef\u00edcios:<\/h3>\n<p>&#8211; Remo\u00e7\u00e3o de n\u00f3doas;<br \/>&#8211; Cuidado da roupa;<br \/>&#8211; Frescura duradoura.<\/p>\n<h3>Conselh&#8230;<\/p>\n","protected":false},"featured_media":6570,"template":"","meta":{"spay_email":""},"product_cat":[15],"product_tag":[],"class_list":{"0":"post-6569","1":"product","2":"type-product","3":"status-publish","4":"has-post-thumbnail","6":"product_cat-sem-categoria","8":"first","9":"instock","10":"taxable","11":"shipping-taxable","12":"purchasable","13":"product-type-simple"},"acf":[],"jetpack-related-posts":[{"id":6521,"url":"https:\/\/mundo.seashell.pt\/?product=persil-det-liquido-para-maquina-de-lavar-roupa","url_meta":{"origin":6569,"position":0},"title":"Persil Det. L\u00edquido para M\u00e1quina de Lavar Roupa 25 Doses","date":"Fevereiro 23, 2022","format":false,"excerpt":"Persil com tecnologia Limpeza Ativa penetra no interior das fibras removendo at\u00e9 as n\u00f3doas mais dif\u00edceis. Tudo isto, garantindo o cuidado dos tecidos e a frescura duradoura de Persil. Tipo de produto: Detergente L\u00edquidoBenef\u00edcios: - Limpeza Profunda;- Elimina N\u00f3doas;- Frescura Duradoura. Conselh...","rel":"","context":"Similar post","img":{"alt_text":"","src":"https:\/\/i0.wp.com\/mundo.seashell.pt\/wp-content\/uploads\/2022\/02\/PERSIL_COLOR_GEL___R___25D_8410436334433.png?resize=350%2C200&ssl=1","width":350,"height":200},"classes":[]},{"id":6555,"url":"https:\/\/mundo.seashell.pt\/?product=skip-lavanda-58-doses","url_meta":{"origin":6569,"position":1},"title":"Skip Lavanda 58 doses","date":"Fevereiro 23, 2022","format":false,"excerpt":"Enriquecido com uma fragr\u00e2ncia mais natural, Skip lavanda proporciona \u00e0 sua roupa um delicado perfume e uma frescura duradoura, com efic\u00e1cia na remo\u00e7\u00e3o de n\u00f3doas. Tipo de produto: Detergente P\u00f3 Notas\/Frag\u00e2ncia: LavandaBenef\u00edcios: - Fragr\u00e2ncia mais natural a lavanda;- Frescura intensa e durad...","rel":"","context":"Similar post","img":{"alt_text":"","src":"https:\/\/i0.wp.com\/mundo.seashell.pt\/wp-content\/uploads\/2022\/02\/909100_1.jpeg?resize=350%2C200&ssl=1","width":350,"height":200},"classes":[]},{"id":6543,"url":"https:\/\/mundo.seashell.pt\/?product=x-tra-det-liquido-50-doses","url_meta":{"origin":6569,"position":2},"title":"Xtra Det. L\u00edquido 50 Doses","date":"Fevereiro 23, 2022","format":false,"excerpt":"O X-tra gel oferece-lhe m\u00faltiplos benef\u00edcios num s\u00f3 detergente. A sua f\u00f3rmula penetra no interior das fibras eliminando as n\u00f3doas e dando brilho \u00e0 sua roupa. Para al\u00e9m disso, possui um efeito neutralizador de odores que funciona como \u00edman que atrai e anula os maus cheiros, proporcionando uma frescura prolongada\u2026","rel":"","context":"Similar post","img":{"alt_text":"","src":"https:\/\/i0.wp.com\/mundo.seashell.pt\/wp-content\/uploads\/2022\/02\/XTRA_UNIVERSAL_GEL__P18___50D_8410436320184.png?resize=350%2C200&ssl=1","width":350,"height":200},"classes":[]},{"id":6561,"url":"https:\/\/mundo.seashell.pt\/?product=persil-universal-40-doses","url_meta":{"origin":6569,"position":3},"title":"Persil Universal 40 Doses","date":"Fevereiro 23, 2022","format":false,"excerpt":"Persil Universal com tecnologia Limpeza Profunda penetra no interior das fibras removendo at\u00e9 as n\u00f3doas mais dif\u00edceis. Tudo isto, garantindo o cuidado dos tecidos e a frescura duradoura de Persil. Tipo de produto: Detergente P\u00f3Benef\u00edcios: - Limpeza Profunda;- Elimina as n\u00f3doas mais dif\u00edceis;- Frescura d...","rel":"","context":"Similar post","img":{"alt_text":"","src":"https:\/\/i0.wp.com\/mundo.seashell.pt\/wp-content\/uploads\/2022\/02\/05228010102276____1__600x600.jpeg?resize=350%2C200&ssl=1","width":350,"height":200},"classes":[]},{"id":6563,"url":"https:\/\/mundo.seashell.pt\/?product=persil-universal-80-doses","url_meta":{"origin":6569,"position":4},"title":"Persil Universal 80 Doses","date":"Fevereiro 23, 2022","format":false,"excerpt":"Persil Universal com tecnologia Limpeza Profunda penetra no interior das fibras removendo at\u00e9 as n\u00f3doas mais dif\u00edceis. Tudo isto, garantindo o cuidado dos tecidos e a frescura duradoura de Persil. Tipo de produto: Detergente P\u00f3 Benef\u00edcios: - Limpeza Profunda;- Elimina as n\u00f3doas mais dif\u00edceis;- Frescura ...","rel":"","context":"Similar post","img":{"alt_text":"","src":"https:\/\/i0.wp.com\/mundo.seashell.pt\/wp-content\/uploads\/2022\/02\/PERSIL_UNIVERSAL_PO__80D_8410436357258.png?resize=350%2C200&ssl=1","width":350,"height":200},"classes":[]},{"id":6317,"url":"https:\/\/mundo.seashell.pt\/?product=domestos-lixivia-classica-2l","url_meta":{"origin":6569,"position":5},"title":"Domestos Lix\u00edvia Cl\u00e1ssica 2L","date":"Fevereiro 23, 2022","format":false,"excerpt":"'Domestos lix\u00edvia cl\u00e1ssica foi desenvolvida para garantir a seguran\u00e7a e prote\u00e7\u00e3o do seu lar, atrav\u00e9s de uma tripla a\u00e7\u00e3o: desinfe\u00e7\u00e3o, limpeza e frescura. Tipo de produto: Lix\u00edvia Gel Benef\u00edcios: - Desinfeta, branqueia e mata todos os germes conhecidos;- Limpa, desengordura e elimina a sujidade de todas a...","rel":"","context":"Similar post","img":{"alt_text":"","src":"https:\/\/i0.wp.com\/mundo.seashell.pt\/wp-content\/uploads\/2022\/02\/DOMESTOS_LIXI_VIA_CLA_SSICA_-_2L_5601068015774.png?resize=350%2C200&ssl=1","width":350,"height":200},"classes":[]}],"_links":{"self":[{"href":"https:\/\/mundo.seashell.pt\/index.php?rest_route=\/wp\/v2\/product\/6569","targetHints":{"allow":["GET"]}}],"collection":[{"href":"https:\/\/mundo.seashell.pt\/index.php?rest_route=\/wp\/v2\/product"}],"about":[{"href":"https:\/\/mundo.seashell.pt\/index.php?rest_route=\/wp\/v2\/types\/product"}],"wp:featuredmedia":[{"embeddable":true,"href":"https:\/\/mundo.seashell.pt\/index.php?rest_route=\/wp\/v2\/media\/6570"}],"wp:attachment":[{"href":"https:\/\/mundo.seashell.pt\/index.php?rest_route=%2Fwp%2Fv2%2Fmedia&parent=6569"}],"wp:term":[{"taxonomy":"product_cat","embeddable":true,"href":"https:\/\/mundo.seashell.pt\/index.php?rest_route=%2Fwp%2Fv2%2Fproduct_cat&post=6569"},{"taxonomy":"product_tag","embeddable":true,"href":"https:\/\/mundo.seashell.pt\/index.php?rest_route=%2Fwp%2Fv2%2Fproduct_tag&post=6569"}],"curies":[{"name":"wp","href":"https:\/\/api.w.org\/{rel}","templated":true}]}}