{"id":6559,"date":"2022-02-23T18:46:28","date_gmt":"2022-02-23T18:46:28","guid":{"rendered":"https:\/\/mundo.seashell.pt\/?post_type=product&#038;p=6559"},"modified":"2022-02-23T18:46:31","modified_gmt":"2022-02-23T18:46:31","slug":"radion-glutoes-70-doses","status":"publish","type":"product","link":"https:\/\/mundo.seashell.pt\/?product=radion-glutoes-70-doses","title":{"rendered":"Radion Glut\u00f5es 70 Doses"},"content":{"rendered":"<p>Detergente para Lavagem de Roupa em P\u00f3<\/p>\n","protected":false},"excerpt":{"rendered":"<p>Detergente para Lavagem de Roupa em P\u00f3<\/p>\n","protected":false},"featured_media":6560,"template":"","meta":{"spay_email":""},"product_cat":[15],"product_tag":[],"class_list":{"0":"post-6559","1":"product","2":"type-product","3":"status-publish","4":"has-post-thumbnail","6":"product_cat-sem-categoria","8":"first","9":"instock","10":"taxable","11":"shipping-taxable","12":"purchasable","13":"product-type-simple"},"acf":[],"jetpack-related-posts":[{"id":6567,"url":"https:\/\/mundo.seashell.pt\/?product=surf-72-doses","url_meta":{"origin":6559,"position":0},"title":"Surf 72 Doses","date":"Fevereiro 23, 2022","format":false,"excerpt":"Inspirado na natureza, Surf l\u00edrios tropicais e ylang ylang vai proporcionar \u00e0 sua roupa uma lavagem eficaz, acompanhada de uma explos\u00e3o de perfume tropical. Descobre mais sobre as fragr\u00e2ncias fabulosas de Surf! Tipo de produto: Detergente P\u00f3 Notas\/Frag\u00e2ncia: TropicalBenef\u00edcios: - Frescura durado...","rel":"","context":"Similar post","img":{"alt_text":"","src":"https:\/\/i0.wp.com\/mundo.seashell.pt\/wp-content\/uploads\/2022\/02\/media__1_.jpeg?resize=350%2C200&ssl=1","width":350,"height":200},"classes":[]},{"id":5750,"url":"https:\/\/mundo.seashell.pt\/?product=stark-oxiblanc-10kg-lavandaria-manual","url_meta":{"origin":6559,"position":1},"title":"Branqueador Stark Oxiblanc 10Kg &#8211; Lavandaria Manual","date":"Fevereiro 23, 2022","format":false,"excerpt":"Branqueador em p\u00f3 para lavagem de roupa.","rel":"","context":"Similar post","img":{"alt_text":"","src":"https:\/\/i0.wp.com\/mundo.seashell.pt\/wp-content\/uploads\/2022\/02\/STARK_OXIBLANC_PhotoRoom_20210402_103319.jpg?resize=350%2C200&ssl=1","width":350,"height":200},"classes":[]},{"id":7188,"url":"https:\/\/mundo.seashell.pt\/?product=extra-total-det-liquido-80-doses","url_meta":{"origin":6559,"position":2},"title":"Extra total Det. L\u00edquido 80 Doses","date":"Fevereiro 23, 2022","format":false,"excerpt":"O Xtra Total em p\u00f3\u00a0oferece-lhe m\u00faltiplos benef\u00edcios num s\u00f3 detergente. A sua f\u00f3rmula penetra no interior das fibras eliminando as n\u00f3doas e dando brilho \u00e0 sua roupa. Para al\u00e9m disso, possui um efeito neutralizador de odores que funciona como \u00edman que atrai e anula os maus cheiros, proporcionando uma frescura\u2026","rel":"","context":"Similar post","img":{"alt_text":"","src":"https:\/\/i0.wp.com\/mundo.seashell.pt\/wp-content\/uploads\/2022\/02\/transferir__28_.jpeg?resize=350%2C200&ssl=1","width":350,"height":200},"classes":[]},{"id":5752,"url":"https:\/\/mundo.seashell.pt\/?product=solim-oxiclean-10kg","url_meta":{"origin":6559,"position":3},"title":"Solim Oxiclean 10Kg","date":"Fevereiro 23, 2022","format":false,"excerpt":"N\u00f3doas dif\u00edceis: Fazer uma solu\u00e7\u00e3o com: 1 litro de \u00e1gua e 15g de SOLIM OXICLEAN.","rel":"","context":"Similar post","img":{"alt_text":"","src":"https:\/\/i0.wp.com\/mundo.seashell.pt\/wp-content\/uploads\/2022\/02\/Oxiclean.jpg?resize=350%2C200&ssl=1","width":350,"height":200},"classes":[]},{"id":5764,"url":"https:\/\/mundo.seashell.pt\/?product=solim-maquina-at-10-kg-lavandaria-manual","url_meta":{"origin":6559,"position":4},"title":"Detergente em P\u00f3 Solim M\u00e1quina AT &#8211; Lavandaria Manual","date":"Fevereiro 23, 2022","format":false,"excerpt":"Detergente econ\u00f3mico atomizado para lavagem de roupa","rel":"","context":"Similar post","img":{"alt_text":"","src":"https:\/\/i0.wp.com\/mundo.seashell.pt\/wp-content\/uploads\/2022\/02\/SOLIM_MAQUINA_AT_PhotoRoom_20210402_103210.jpg?resize=350%2C200&ssl=1","width":350,"height":200},"classes":[]},{"id":6551,"url":"https:\/\/mundo.seashell.pt\/?product=skip-active-clean-66-doses","url_meta":{"origin":6559,"position":5},"title":"Skip Active Clean 66 Doses","date":"Fevereiro 23, 2022","format":false,"excerpt":"A a\u00e7\u00e3o extra power de Skip Active Clean garante a efic\u00e1cia mesmo em \u00e1gua fria e em ciclos curtos, deixando as roupas da sua fam\u00edlia limpas e frescas, uma e outra vez. A f\u00f3rmula \u00fanica de Skip Active Clean dissolve-se facilmente na lavagem, garantindo toda a efic\u00e1cia, mesmo na remo\u00e7\u00e3o\u2026","rel":"","context":"Similar post","img":{"alt_text":"","src":"https:\/\/i0.wp.com\/mundo.seashell.pt\/wp-content\/uploads\/2022\/02\/7156790-direito.jpeg?resize=350%2C200&ssl=1","width":350,"height":200},"classes":[]}],"_links":{"self":[{"href":"https:\/\/mundo.seashell.pt\/index.php?rest_route=\/wp\/v2\/product\/6559","targetHints":{"allow":["GET"]}}],"collection":[{"href":"https:\/\/mundo.seashell.pt\/index.php?rest_route=\/wp\/v2\/product"}],"about":[{"href":"https:\/\/mundo.seashell.pt\/index.php?rest_route=\/wp\/v2\/types\/product"}],"wp:featuredmedia":[{"embeddable":true,"href":"https:\/\/mundo.seashell.pt\/index.php?rest_route=\/wp\/v2\/media\/6560"}],"wp:attachment":[{"href":"https:\/\/mundo.seashell.pt\/index.php?rest_route=%2Fwp%2Fv2%2Fmedia&parent=6559"}],"wp:term":[{"taxonomy":"product_cat","embeddable":true,"href":"https:\/\/mundo.seashell.pt\/index.php?rest_route=%2Fwp%2Fv2%2Fproduct_cat&post=6559"},{"taxonomy":"product_tag","embeddable":true,"href":"https:\/\/mundo.seashell.pt\/index.php?rest_route=%2Fwp%2Fv2%2Fproduct_tag&post=6559"}],"curies":[{"name":"wp","href":"https:\/\/api.w.org\/{rel}","templated":true}]}}