{"id":6557,"date":"2022-02-23T18:46:21","date_gmt":"2022-02-23T18:46:21","guid":{"rendered":"https:\/\/mundo.seashell.pt\/?post_type=product&#038;p=6557"},"modified":"2022-02-23T18:46:28","modified_gmt":"2022-02-23T18:46:28","slug":"omo-regula-540gr","status":"publish","type":"product","link":"https:\/\/mundo.seashell.pt\/?product=omo-regula-540gr","title":{"rendered":"OMO Regula 540Gr"},"content":{"rendered":"<p>Omo M\u00e3o com branqueador activo lava mais branco, mesmo sem precisar de esfregar. Gra\u00e7as \u00e0 sua f\u00f3rmula com agentes activos, Omo penetra em profundidade nos tecidos e dissolve as n\u00f3doas dif\u00edceis, mesmo a baixas temperaturas. A espuma de Omo sai facilmente ao enxaguar, com resultados brilhantes e cores luminosas, deixando um perfume delicado.<\/p>\n<h3>Benef\u00edcios:<\/h3>\n<p>&#8211; Lava mais branco, mesmo sem precisar de esfregar;<br \/>&#8211; Remove n\u00f3doas dif\u00edceis;<br \/>&#8211; Espuma f\u00e1cil de enxaguar;<br \/>&#8211; Resultados brilhantes.<\/p>\n<h3>Conselhos de utiliza\u00e7\u00e3o:<\/h3>\n<p>Dissolva bem o Omo na \u00e1gua antes de introduzir a roupa. Mergulhe as pe\u00e7as de roupa uma a uma bem abertas. Passe a roupa por \u00e1gua limpa e deixa a roupa de cor secar \u00e0 sombra.<\/p>\n<p><\/p>\n<p><\/p>\n","protected":false},"excerpt":{"rendered":"<p>Omo M\u00e3o com branqueador activo lava mais branco, mesmo sem precisar de esfregar. Gra\u00e7as \u00e0 sua f\u00f3rmula com agentes activos, Omo penetra em profundidade nos tecidos e dissolve as n\u00f3doas dif\u00edceis, mesmo a baixas temperaturas. A espuma de Omo sai facilmente ao enxaguar, com resultados brilhantes e cores luminosas, deixando um perfume delicado.<\/p>\n","protected":false},"featured_media":6558,"template":"","meta":{"spay_email":""},"product_cat":[15],"product_tag":[],"class_list":{"0":"post-6557","1":"product","2":"type-product","3":"status-publish","4":"has-post-thumbnail","6":"product_cat-sem-categoria","8":"first","9":"instock","10":"taxable","11":"shipping-taxable","12":"purchasable","13":"product-type-simple"},"acf":[],"jetpack-related-posts":[{"id":6659,"url":"https:\/\/mundo.seashell.pt\/?product=vanish-tira-nodoas-em-po-branqueador-600gr","url_meta":{"origin":6557,"position":0},"title":"Vanish Tira N\u00f3doas em P\u00f3 Branqueador 600Gr","date":"Fevereiro 23, 2022","format":false,"excerpt":"Frustrado com n\u00f3doas que parecem n\u00e3o sair e brancos que tendem a tornar-se cinzentos com o tempo? Vanish oxi action em p\u00f3 para roupas brancas tem uma nova f\u00f3rmula que, para al\u00e9m de remover n\u00f3doas dif\u00edceis \u00e0 primeira, garante brancos mais brancos, mesmo ap\u00f3s 50 lavagens. Vanish oxi action em\u2026","rel":"","context":"Similar post","img":{"alt_text":"","src":"https:\/\/i0.wp.com\/mundo.seashell.pt\/wp-content\/uploads\/2022\/02\/VANISH_REGULAR_PO_WHITE_14X600g_8410104884758.png?resize=350%2C200&ssl=1","width":350,"height":200},"classes":[]},{"id":6649,"url":"https:\/\/mundo.seashell.pt\/?product=sanytol-tira-nodoas-em-po-450gr","url_meta":{"origin":6557,"position":1},"title":"Sanytol Tira N\u00f3doas em P\u00f3 450gr","date":"Fevereiro 23, 2022","format":false,"excerpt":"Tira-N\u00f3doas Desinfetante em p\u00f3 que destr\u00f3i 99,9% dos micr\u00f3bios e que elimina eficazmente as manchas mais persistentes mesmo a baixas temperaturas. A sua f\u00f3rmula \u00fanica \u00e0 base de enzimas e oxig\u00e9nio ativo penetra no cora\u00e7\u00e3o das fibras t\u00eaxteis para remover as n\u00f3doas, eliminar o tom amarelado e reavivar o branco\u2026","rel":"","context":"Similar post","img":{"alt_text":"","src":"https:\/\/i0.wp.com\/mundo.seashell.pt\/wp-content\/uploads\/2022\/02\/SANYTOL_TIRA_NO_DOAS_BRANQUEADOR_450g_3045206382601.png?resize=350%2C200&ssl=1","width":350,"height":200},"classes":[]},{"id":6519,"url":"https:\/\/mundo.seashell.pt\/?product=skip-det-liquido-para-maquina-de-lavar-roupa","url_meta":{"origin":6557,"position":2},"title":"Skip Det. L\u00edquido para M\u00e1quina de Lavar Roupa","date":"Fevereiro 23, 2022","format":false,"excerpt":"A a\u00e7\u00e3o extra power de Skip L\u00edquido garante a efic\u00e1cia mesmo em \u00e1gua fria e em ciclos curtos, deixando as roupas da sua fam\u00edlia limpas e frescas, uma e outra vez. A f\u00f3rmula \u00fanica de Skip dissolve-se facilmente na lavagem, garantindo toda a efic\u00e1cia, mesmo na remo\u00e7\u00e3o das n\u00f3doas mais\u2026","rel":"","context":"Similar post","img":{"alt_text":"","src":"https:\/\/i0.wp.com\/mundo.seashell.pt\/wp-content\/uploads\/2022\/02\/SKIP_LI_QUIDO_ACTIVE_CLEAN_-_1_25L_-_25D_8710847999413.png?resize=350%2C200&ssl=1","width":350,"height":200},"classes":[]},{"id":6661,"url":"https:\/\/mundo.seashell.pt\/?product=vanish-tora-nodoas-em-po-600gr","url_meta":{"origin":6557,"position":3},"title":"Vanish Tora N\u00f3doas em P\u00f3 600Gr","date":"Fevereiro 23, 2022","format":false,"excerpt":"Frustrado com n\u00f3doas que parecem n\u00e3o sair e brancos que tendem a tornar-se cinzentos com o tempo? Vanish oxi action em p\u00f3 para roupas brancas tem uma nova f\u00f3rmula que, para al\u00e9m de remover n\u00f3doas dif\u00edceis \u00e0 primeira, garante brancos mais brancos, mesmo ap\u00f3s 50 lavagens. Vanish oxi action em\u2026","rel":"","context":"Similar post","img":{"alt_text":"","src":"","width":0,"height":0},"classes":[]},{"id":6643,"url":"https:\/\/mundo.seashell.pt\/?product=vanish-tira-nodoas-1l","url_meta":{"origin":6557,"position":4},"title":"Vanish Tira N\u00f3doas 1L","date":"Fevereiro 23, 2022","format":false,"excerpt":"Problemas com a lavagem da roupa? Os detergentes nem sempre conseguem remover as n\u00f3doas, proteger as cores e eliminar maus odores. Experimente o novo Vanish\u00a0para brancos e\u00a0cores! A sua f\u00f3rmula remove n\u00f3doas, reaviva as cores e elimina maus odores. Pode ser utilizado em pr\u00e9-tratamento, de molho ou diretamente na m\u00e1quina,\u2026","rel":"","context":"Similar post","img":{"alt_text":"","src":"https:\/\/i0.wp.com\/mundo.seashell.pt\/wp-content\/uploads\/2022\/02\/Vanish_Delicadas_White_1Lx12_8410104884833.png?resize=350%2C200&ssl=1","width":350,"height":200},"classes":[]},{"id":6639,"url":"https:\/\/mundo.seashell.pt\/?product=vanix-oxi-action-08l","url_meta":{"origin":6557,"position":5},"title":"Vanix Oxi Action 800ml","date":"Fevereiro 23, 2022","format":false,"excerpt":"Problemas com a lavagem da roupa? Os detergentes nem sempre conseguem remover as n\u00f3doas, proteger as cores e eliminar maus odores. Experimente o novo Vanish oxi action gel para cores! A sua f\u00f3rmula remove n\u00f3doas, reaviva as cores e elimina maus odores. Pode ser utilizado em pr\u00e9-tratamento, de molho ou\u2026","rel":"","context":"Similar post","img":{"alt_text":"","src":"https:\/\/i0.wp.com\/mundo.seashell.pt\/wp-content\/uploads\/2022\/02\/Vanish_Oxi_Action_Gel_Pink_800ML_x6_5601217134363.png?resize=350%2C200&ssl=1","width":350,"height":200},"classes":[]}],"_links":{"self":[{"href":"https:\/\/mundo.seashell.pt\/index.php?rest_route=\/wp\/v2\/product\/6557","targetHints":{"allow":["GET"]}}],"collection":[{"href":"https:\/\/mundo.seashell.pt\/index.php?rest_route=\/wp\/v2\/product"}],"about":[{"href":"https:\/\/mundo.seashell.pt\/index.php?rest_route=\/wp\/v2\/types\/product"}],"wp:featuredmedia":[{"embeddable":true,"href":"https:\/\/mundo.seashell.pt\/index.php?rest_route=\/wp\/v2\/media\/6558"}],"wp:attachment":[{"href":"https:\/\/mundo.seashell.pt\/index.php?rest_route=%2Fwp%2Fv2%2Fmedia&parent=6557"}],"wp:term":[{"taxonomy":"product_cat","embeddable":true,"href":"https:\/\/mundo.seashell.pt\/index.php?rest_route=%2Fwp%2Fv2%2Fproduct_cat&post=6557"},{"taxonomy":"product_tag","embeddable":true,"href":"https:\/\/mundo.seashell.pt\/index.php?rest_route=%2Fwp%2Fv2%2Fproduct_tag&post=6557"}],"curies":[{"name":"wp","href":"https:\/\/api.w.org\/{rel}","templated":true}]}}