{"id":6555,"date":"2022-02-23T18:46:21","date_gmt":"2022-02-23T18:46:21","guid":{"rendered":"https:\/\/mundo.seashell.pt\/?post_type=product&#038;p=6555"},"modified":"2022-02-23T18:46:21","modified_gmt":"2022-02-23T18:46:21","slug":"skip-lavanda-58-doses","status":"publish","type":"product","link":"https:\/\/mundo.seashell.pt\/?product=skip-lavanda-58-doses","title":{"rendered":"Skip Lavanda 58 doses"},"content":{"rendered":"<p>Enriquecido com uma fragr\u00e2ncia mais natural, Skip lavanda proporciona \u00e0 sua roupa um delicado perfume e uma frescura duradoura, com efic\u00e1cia na remo\u00e7\u00e3o de n\u00f3doas.<\/p>\n<h3>Tipo de produto:<\/h3>\n<p>Detergente P\u00f3<\/p>\n<h3>Notas\/Frag\u00e2ncia:<\/h3>\n<p>Lavanda<\/p>\n<h3>Benef\u00edcios:<\/h3>\n<p>&#8211; Fragr\u00e2ncia mais natural a lavanda;<br \/>&#8211; Frescura intensa e duradoura;<br \/>&#8211; Remove n\u00f3doas.<\/p>\n<h3>Conselhos de utiliza\u00e7\u00e3o:<\/h3>\n<p>O seu modo de utiliza\u00e7\u00e3o \u00e9 f\u00e1cil e pr\u00e1tico. Basta colocar a dose certa de p\u00f3 na gaveta da m\u00e1quina de lavar roupa.<\/p>\n<p><\/p>\n","protected":false},"excerpt":{"rendered":"<p>Enriquecido com uma fragr\u00e2ncia mais natural, Skip lavanda proporciona \u00e0 sua roupa um delicado perfume e uma frescura duradoura, com efic\u00e1cia na remo\u00e7\u00e3o de n\u00f3doas.<\/p>\n<h3>Tipo de produto:<\/h3>\n<p>Detergente P\u00f3<\/p>\n<h3>Notas\/Frag\u00e2ncia:<\/h3>\n<p>Lavanda<\/p>\n<h3>Benef\u00edcios:<\/h3>\n<p>&#8211; Fragr\u00e2ncia mais natural a lavanda;<br \/>&#8211; Frescura intensa e durad&#8230;<\/p>\n","protected":false},"featured_media":6556,"template":"","meta":{"spay_email":""},"product_cat":[15],"product_tag":[],"class_list":{"0":"post-6555","1":"product","2":"type-product","3":"status-publish","4":"has-post-thumbnail","6":"product_cat-sem-categoria","8":"first","9":"instock","10":"taxable","11":"shipping-taxable","12":"purchasable","13":"product-type-simple"},"acf":[],"jetpack-related-posts":[{"id":6567,"url":"https:\/\/mundo.seashell.pt\/?product=surf-72-doses","url_meta":{"origin":6555,"position":0},"title":"Surf 72 Doses","date":"Fevereiro 23, 2022","format":false,"excerpt":"Inspirado na natureza, Surf l\u00edrios tropicais e ylang ylang vai proporcionar \u00e0 sua roupa uma lavagem eficaz, acompanhada de uma explos\u00e3o de perfume tropical. Descobre mais sobre as fragr\u00e2ncias fabulosas de Surf! Tipo de produto: Detergente P\u00f3 Notas\/Frag\u00e2ncia: TropicalBenef\u00edcios: - Frescura durado...","rel":"","context":"Similar post","img":{"alt_text":"","src":"https:\/\/i0.wp.com\/mundo.seashell.pt\/wp-content\/uploads\/2022\/02\/media__1_.jpeg?resize=350%2C200&ssl=1","width":350,"height":200},"classes":[]},{"id":7188,"url":"https:\/\/mundo.seashell.pt\/?product=extra-total-det-liquido-80-doses","url_meta":{"origin":6555,"position":1},"title":"Extra total Det. L\u00edquido 80 Doses","date":"Fevereiro 23, 2022","format":false,"excerpt":"O Xtra Total em p\u00f3\u00a0oferece-lhe m\u00faltiplos benef\u00edcios num s\u00f3 detergente. A sua f\u00f3rmula penetra no interior das fibras eliminando as n\u00f3doas e dando brilho \u00e0 sua roupa. Para al\u00e9m disso, possui um efeito neutralizador de odores que funciona como \u00edman que atrai e anula os maus cheiros, proporcionando uma frescura\u2026","rel":"","context":"Similar post","img":{"alt_text":"","src":"https:\/\/i0.wp.com\/mundo.seashell.pt\/wp-content\/uploads\/2022\/02\/transferir__28_.jpeg?resize=350%2C200&ssl=1","width":350,"height":200},"classes":[]},{"id":6565,"url":"https:\/\/mundo.seashell.pt\/?product=persil-sabao-azul-e-branco-70-doses","url_meta":{"origin":6555,"position":2},"title":"Persil Sab\u00e3o Azul e Branco 70 Doses","date":"Fevereiro 23, 2022","format":false,"excerpt":"Desde sempre existiu algo nas nossas casas para nos ajudar na remo\u00e7\u00e3o de n\u00f3doas. Quem nunca utilizou o tradicional sab\u00e3o azul e branco para eliminar uma n\u00f3doa dificil? Persil oferece-lhe agora o poder do sab\u00e3o azul e branco, numa forma moderna e econ\u00f3mica. Tipo de produto: Detergente P\u00f3 Notas\/Fragr\u00e2ncia: Sab\u00e3o\u2026","rel":"","context":"Similar post","img":{"alt_text":"","src":"https:\/\/i0.wp.com\/mundo.seashell.pt\/wp-content\/uploads\/2022\/02\/PERSIL_SABA_O_AZUL___BRANCO_PO__70D_8410436294690.png?resize=350%2C200&ssl=1","width":350,"height":200},"classes":[]},{"id":6587,"url":"https:\/\/mundo.seashell.pt\/?product=surf-detergente-50-capsulas","url_meta":{"origin":6555,"position":3},"title":"Surf Detergente 50 C\u00e1psulas","date":"Fevereiro 23, 2022","format":false,"excerpt":"Novo Surf vai proporcionar \u00e0 sua roupa uma explos\u00e3o de perfume de coco. Descobre mais sobre as v\u00e1rias fragr\u00e2ncias fabulosas de Surf! Tipo de produto: Detergente C\u00e1psulas Notas\/Frag\u00e2ncia: Tropical - Frescura duradoura;- Explos\u00e3o de perfume;- Aroma energizante. Conselhos de utiliza\u00e7\u00e3o:...","rel":"","context":"Similar post","img":{"alt_text":"","src":"https:\/\/i0.wp.com\/mundo.seashell.pt\/wp-content\/uploads\/2022\/02\/SURF_Caps_Trio_Tropical_50_8720181001154.png?resize=350%2C200&ssl=1","width":350,"height":200},"classes":[]},{"id":6569,"url":"https:\/\/mundo.seashell.pt\/?product=skip-3-em-1-15-capsulas","url_meta":{"origin":6555,"position":4},"title":"Skip 3 em 1 15 C\u00e1psulas","date":"Fevereiro 23, 2022","format":false,"excerpt":"A sua f\u00f3rmula \u00fanica tripla a\u00e7\u00e3o permite a remo\u00e7\u00e3o de n\u00f3doas, o cuidado da roupa e deixa uma frescura duradoura. Limpa profundamente a sua roupa, cuidando das suas cores e fibras. Tipo de produto: Detergente C\u00e1psulas Benef\u00edcios: - Remo\u00e7\u00e3o de n\u00f3doas;- Cuidado da roupa;- Frescura duradoura. Conselh...","rel":"","context":"Similar post","img":{"alt_text":"","src":"https:\/\/i0.wp.com\/mundo.seashell.pt\/wp-content\/uploads\/2022\/02\/SKIP_Trio_Tub_Caps_Ultim_Active_Clean_15_8720181050282.png?resize=350%2C200&ssl=1","width":350,"height":200},"classes":[]},{"id":6543,"url":"https:\/\/mundo.seashell.pt\/?product=x-tra-det-liquido-50-doses","url_meta":{"origin":6555,"position":5},"title":"Xtra Det. L\u00edquido 50 Doses","date":"Fevereiro 23, 2022","format":false,"excerpt":"O X-tra gel oferece-lhe m\u00faltiplos benef\u00edcios num s\u00f3 detergente. A sua f\u00f3rmula penetra no interior das fibras eliminando as n\u00f3doas e dando brilho \u00e0 sua roupa. Para al\u00e9m disso, possui um efeito neutralizador de odores que funciona como \u00edman que atrai e anula os maus cheiros, proporcionando uma frescura prolongada\u2026","rel":"","context":"Similar post","img":{"alt_text":"","src":"https:\/\/i0.wp.com\/mundo.seashell.pt\/wp-content\/uploads\/2022\/02\/XTRA_UNIVERSAL_GEL__P18___50D_8410436320184.png?resize=350%2C200&ssl=1","width":350,"height":200},"classes":[]}],"_links":{"self":[{"href":"https:\/\/mundo.seashell.pt\/index.php?rest_route=\/wp\/v2\/product\/6555","targetHints":{"allow":["GET"]}}],"collection":[{"href":"https:\/\/mundo.seashell.pt\/index.php?rest_route=\/wp\/v2\/product"}],"about":[{"href":"https:\/\/mundo.seashell.pt\/index.php?rest_route=\/wp\/v2\/types\/product"}],"wp:featuredmedia":[{"embeddable":true,"href":"https:\/\/mundo.seashell.pt\/index.php?rest_route=\/wp\/v2\/media\/6556"}],"wp:attachment":[{"href":"https:\/\/mundo.seashell.pt\/index.php?rest_route=%2Fwp%2Fv2%2Fmedia&parent=6555"}],"wp:term":[{"taxonomy":"product_cat","embeddable":true,"href":"https:\/\/mundo.seashell.pt\/index.php?rest_route=%2Fwp%2Fv2%2Fproduct_cat&post=6555"},{"taxonomy":"product_tag","embeddable":true,"href":"https:\/\/mundo.seashell.pt\/index.php?rest_route=%2Fwp%2Fv2%2Fproduct_tag&post=6555"}],"curies":[{"name":"wp","href":"https:\/\/api.w.org\/{rel}","templated":true}]}}