{"id":6553,"date":"2022-02-23T18:46:16","date_gmt":"2022-02-23T18:46:16","guid":{"rendered":"https:\/\/mundo.seashell.pt\/?post_type=product&#038;p=6553"},"modified":"2022-02-23T18:46:21","modified_gmt":"2022-02-23T18:46:21","slug":"skip-sabao-natural-80-doses","status":"publish","type":"product","link":"https:\/\/mundo.seashell.pt\/?product=skip-sabao-natural-80-doses","title":{"rendered":"Skip Sab\u00e3o Natural 80 Doses"},"content":{"rendered":"<h3>Tipo de produto:<\/h3>\n<p>Detergente P\u00f3 \/ Sab\u00e3o Natual com um toque de Lim\u00e3o<\/p>\n<h3>Benef\u00edcios:<\/h3>\n<p>&#8211; Remo\u00e7\u00e3o de n\u00f3doas mais dif\u00edceis \u00e0 primeira;<br \/>&#8211; Eficaz tamb\u00e9m em \u00e1gua fria e ciclos curtos.<\/p>\n<h3>Conselhos de utiliza\u00e7\u00e3o:<\/h3>\n<p>O seu modo de utiliza\u00e7\u00e3o \u00e9 f\u00e1cil e pr\u00e1tico. Basta colocar a dose certa de p\u00f3 na gaveta da m\u00e1quina de lavar roupa.<\/p>\n<p><\/p>\n","protected":false},"excerpt":{"rendered":"<p>Tipo de produto:<br \/>\nDetergente P\u00f3 \/ Sab\u00e3o Natual com um toque de Lim\u00e3o<\/p>\n","protected":false},"featured_media":6554,"template":"","meta":{"spay_email":""},"product_cat":[15],"product_tag":[],"class_list":{"0":"post-6553","1":"product","2":"type-product","3":"status-publish","4":"has-post-thumbnail","6":"product_cat-sem-categoria","8":"first","9":"instock","10":"taxable","11":"shipping-taxable","12":"purchasable","13":"product-type-simple"},"acf":[],"jetpack-related-posts":[{"id":6565,"url":"https:\/\/mundo.seashell.pt\/?product=persil-sabao-azul-e-branco-70-doses","url_meta":{"origin":6553,"position":0},"title":"Persil Sab\u00e3o Azul e Branco 70 Doses","date":"Fevereiro 23, 2022","format":false,"excerpt":"Desde sempre existiu algo nas nossas casas para nos ajudar na remo\u00e7\u00e3o de n\u00f3doas. Quem nunca utilizou o tradicional sab\u00e3o azul e branco para eliminar uma n\u00f3doa dificil? Persil oferece-lhe agora o poder do sab\u00e3o azul e branco, numa forma moderna e econ\u00f3mica. Tipo de produto: Detergente P\u00f3 Notas\/Fragr\u00e2ncia: Sab\u00e3o\u2026","rel":"","context":"Similar post","img":{"alt_text":"","src":"https:\/\/i0.wp.com\/mundo.seashell.pt\/wp-content\/uploads\/2022\/02\/PERSIL_SABA_O_AZUL___BRANCO_PO__70D_8410436294690.png?resize=350%2C200&ssl=1","width":350,"height":200},"classes":[]},{"id":6555,"url":"https:\/\/mundo.seashell.pt\/?product=skip-lavanda-58-doses","url_meta":{"origin":6553,"position":1},"title":"Skip Lavanda 58 doses","date":"Fevereiro 23, 2022","format":false,"excerpt":"Enriquecido com uma fragr\u00e2ncia mais natural, Skip lavanda proporciona \u00e0 sua roupa um delicado perfume e uma frescura duradoura, com efic\u00e1cia na remo\u00e7\u00e3o de n\u00f3doas. Tipo de produto: Detergente P\u00f3 Notas\/Frag\u00e2ncia: LavandaBenef\u00edcios: - Fragr\u00e2ncia mais natural a lavanda;- Frescura intensa e durad...","rel":"","context":"Similar post","img":{"alt_text":"","src":"https:\/\/i0.wp.com\/mundo.seashell.pt\/wp-content\/uploads\/2022\/02\/909100_1.jpeg?resize=350%2C200&ssl=1","width":350,"height":200},"classes":[]},{"id":6567,"url":"https:\/\/mundo.seashell.pt\/?product=surf-72-doses","url_meta":{"origin":6553,"position":2},"title":"Surf 72 Doses","date":"Fevereiro 23, 2022","format":false,"excerpt":"Inspirado na natureza, Surf l\u00edrios tropicais e ylang ylang vai proporcionar \u00e0 sua roupa uma lavagem eficaz, acompanhada de uma explos\u00e3o de perfume tropical. Descobre mais sobre as fragr\u00e2ncias fabulosas de Surf! Tipo de produto: Detergente P\u00f3 Notas\/Frag\u00e2ncia: TropicalBenef\u00edcios: - Frescura durado...","rel":"","context":"Similar post","img":{"alt_text":"","src":"https:\/\/i0.wp.com\/mundo.seashell.pt\/wp-content\/uploads\/2022\/02\/media__1_.jpeg?resize=350%2C200&ssl=1","width":350,"height":200},"classes":[]},{"id":5774,"url":"https:\/\/mundo.seashell.pt\/?product=fun-detergente-sabao-marselha-5l","url_meta":{"origin":6553,"position":3},"title":"Fun Detergente Sab\u00e3o Marselha 5L &#8211; Lavandaria Autom\u00e1tica","date":"Fevereiro 23, 2022","format":false,"excerpt":"Detergente l\u00edquido para a lavagem autom\u00e1tica de roupa","rel":"","context":"Similar post","img":{"alt_text":"","src":"https:\/\/i0.wp.com\/mundo.seashell.pt\/wp-content\/uploads\/2022\/02\/Fun_Detergente_Saba_o_Marselha_PhotoRoom_20210402_103419.jpg?resize=350%2C200&ssl=1","width":350,"height":200},"classes":[]},{"id":6561,"url":"https:\/\/mundo.seashell.pt\/?product=persil-universal-40-doses","url_meta":{"origin":6553,"position":4},"title":"Persil Universal 40 Doses","date":"Fevereiro 23, 2022","format":false,"excerpt":"Persil Universal com tecnologia Limpeza Profunda penetra no interior das fibras removendo at\u00e9 as n\u00f3doas mais dif\u00edceis. Tudo isto, garantindo o cuidado dos tecidos e a frescura duradoura de Persil. Tipo de produto: Detergente P\u00f3Benef\u00edcios: - Limpeza Profunda;- Elimina as n\u00f3doas mais dif\u00edceis;- Frescura d...","rel":"","context":"Similar post","img":{"alt_text":"","src":"https:\/\/i0.wp.com\/mundo.seashell.pt\/wp-content\/uploads\/2022\/02\/05228010102276____1__600x600.jpeg?resize=350%2C200&ssl=1","width":350,"height":200},"classes":[]},{"id":6563,"url":"https:\/\/mundo.seashell.pt\/?product=persil-universal-80-doses","url_meta":{"origin":6553,"position":5},"title":"Persil Universal 80 Doses","date":"Fevereiro 23, 2022","format":false,"excerpt":"Persil Universal com tecnologia Limpeza Profunda penetra no interior das fibras removendo at\u00e9 as n\u00f3doas mais dif\u00edceis. Tudo isto, garantindo o cuidado dos tecidos e a frescura duradoura de Persil. Tipo de produto: Detergente P\u00f3 Benef\u00edcios: - Limpeza Profunda;- Elimina as n\u00f3doas mais dif\u00edceis;- Frescura ...","rel":"","context":"Similar post","img":{"alt_text":"","src":"https:\/\/i0.wp.com\/mundo.seashell.pt\/wp-content\/uploads\/2022\/02\/PERSIL_UNIVERSAL_PO__80D_8410436357258.png?resize=350%2C200&ssl=1","width":350,"height":200},"classes":[]}],"_links":{"self":[{"href":"https:\/\/mundo.seashell.pt\/index.php?rest_route=\/wp\/v2\/product\/6553","targetHints":{"allow":["GET"]}}],"collection":[{"href":"https:\/\/mundo.seashell.pt\/index.php?rest_route=\/wp\/v2\/product"}],"about":[{"href":"https:\/\/mundo.seashell.pt\/index.php?rest_route=\/wp\/v2\/types\/product"}],"wp:featuredmedia":[{"embeddable":true,"href":"https:\/\/mundo.seashell.pt\/index.php?rest_route=\/wp\/v2\/media\/6554"}],"wp:attachment":[{"href":"https:\/\/mundo.seashell.pt\/index.php?rest_route=%2Fwp%2Fv2%2Fmedia&parent=6553"}],"wp:term":[{"taxonomy":"product_cat","embeddable":true,"href":"https:\/\/mundo.seashell.pt\/index.php?rest_route=%2Fwp%2Fv2%2Fproduct_cat&post=6553"},{"taxonomy":"product_tag","embeddable":true,"href":"https:\/\/mundo.seashell.pt\/index.php?rest_route=%2Fwp%2Fv2%2Fproduct_tag&post=6553"}],"curies":[{"name":"wp","href":"https:\/\/api.w.org\/{rel}","templated":true}]}}