{"id":6551,"date":"2022-02-23T18:46:14","date_gmt":"2022-02-23T18:46:14","guid":{"rendered":"https:\/\/mundo.seashell.pt\/?post_type=product&#038;p=6551"},"modified":"2022-02-23T18:46:16","modified_gmt":"2022-02-23T18:46:16","slug":"skip-active-clean-66-doses","status":"publish","type":"product","link":"https:\/\/mundo.seashell.pt\/?product=skip-active-clean-66-doses","title":{"rendered":"Skip Active Clean 66 Doses"},"content":{"rendered":"<p>A a\u00e7\u00e3o extra power de Skip Active Clean garante a efic\u00e1cia mesmo em \u00e1gua fria e em ciclos curtos, deixando as roupas da sua fam\u00edlia limpas e frescas, uma e outra vez. A f\u00f3rmula \u00fanica de Skip Active Clean dissolve-se facilmente na lavagem, garantindo toda a efic\u00e1cia, mesmo na remo\u00e7\u00e3o das n\u00f3doas mais dif\u00edceis. Para todos aqueles que gostam de aventuras, e com os pais brincar com pinturas, n\u00e3o diga n\u00e3o a uma boa brincadeira.<\/p>\n<h3>Tipo de produto:<\/h3>\n<p>Detergente P\u00f3<\/p>\n<h3>Benef\u00edcios:<\/h3>\n<p>&#8211; Remo\u00e7\u00e3o de n\u00f3doas mais dif\u00edceis \u00e0 primeira;<br \/>&#8211; Eficaz tamb\u00e9m em \u00e1gua fria e ciclos curtos.<\/p>\n<h3>Conselhos de utiliza\u00e7\u00e3o:<\/h3>\n<p>O seu modo de utiliza\u00e7\u00e3o \u00e9 f\u00e1cil e pr\u00e1tico. Basta colocar a dose certa de p\u00f3 na gaveta da m\u00e1quina de lavar roupa.<\/p>\n<p><\/p>\n","protected":false},"excerpt":{"rendered":"<p>A a\u00e7\u00e3o extra power de Skip Active Clean garante a efic\u00e1cia mesmo em \u00e1gua fria e em ciclos curtos, deixando as roupas da sua fam\u00edlia limpas e frescas, uma e outra vez. A f\u00f3rmula \u00fanica de Skip Active Clean dissolve-se facilmente na lavagem, garantindo toda a efic\u00e1cia, mesmo na remo\u00e7\u00e3o das n\u00f3doas mais dif\u00edceis. Para todos aqueles que gostam de a&#8230;<\/p>\n","protected":false},"featured_media":6552,"template":"","meta":{"spay_email":""},"product_cat":[15],"product_tag":[],"class_list":{"0":"post-6551","1":"product","2":"type-product","3":"status-publish","4":"has-post-thumbnail","6":"product_cat-sem-categoria","8":"first","9":"instock","10":"taxable","11":"shipping-taxable","12":"purchasable","13":"product-type-simple"},"acf":[],"jetpack-related-posts":[{"id":6547,"url":"https:\/\/mundo.seashell.pt\/?product=skip-active-clean-25-doses","url_meta":{"origin":6551,"position":0},"title":"Skip Active Clean 25 Doses","date":"Fevereiro 23, 2022","format":false,"excerpt":"A a\u00e7\u00e3o extra power de Skip Active Clean garante a efic\u00e1cia mesmo em \u00e1gua fria e em ciclos curtos, deixando as roupas da sua fam\u00edlia limpas e frescas, uma e outra vez. A f\u00f3rmula \u00fanica de Skip Active Clean dissolve-se facilmente na lavagem, garantindo toda a efic\u00e1cia, mesmo na remo\u00e7\u00e3o\u2026","rel":"","context":"Similar post","img":{"alt_text":"","src":"https:\/\/i0.wp.com\/mundo.seashell.pt\/wp-content\/uploads\/2022\/02\/7286666-direito.jpeg?resize=350%2C200&ssl=1","width":350,"height":200},"classes":[]},{"id":6519,"url":"https:\/\/mundo.seashell.pt\/?product=skip-det-liquido-para-maquina-de-lavar-roupa","url_meta":{"origin":6551,"position":1},"title":"Skip Det. L\u00edquido para M\u00e1quina de Lavar Roupa","date":"Fevereiro 23, 2022","format":false,"excerpt":"A a\u00e7\u00e3o extra power de Skip L\u00edquido garante a efic\u00e1cia mesmo em \u00e1gua fria e em ciclos curtos, deixando as roupas da sua fam\u00edlia limpas e frescas, uma e outra vez. A f\u00f3rmula \u00fanica de Skip dissolve-se facilmente na lavagem, garantindo toda a efic\u00e1cia, mesmo na remo\u00e7\u00e3o das n\u00f3doas mais\u2026","rel":"","context":"Similar post","img":{"alt_text":"","src":"https:\/\/i0.wp.com\/mundo.seashell.pt\/wp-content\/uploads\/2022\/02\/SKIP_LI_QUIDO_ACTIVE_CLEAN_-_1_25L_-_25D_8710847999413.png?resize=350%2C200&ssl=1","width":350,"height":200},"classes":[]},{"id":6553,"url":"https:\/\/mundo.seashell.pt\/?product=skip-sabao-natural-80-doses","url_meta":{"origin":6551,"position":2},"title":"Skip Sab\u00e3o Natural 80 Doses","date":"Fevereiro 23, 2022","format":false,"excerpt":"Tipo de produto: Detergente P\u00f3 \/ Sab\u00e3o Natual com um toque de Lim\u00e3o","rel":"","context":"Similar post","img":{"alt_text":"","src":"https:\/\/i0.wp.com\/mundo.seashell.pt\/wp-content\/uploads\/2022\/02\/SKIP_PO__SABA_O_NATURAL_-_4_80Kg_-_80D_8720181016745.png?resize=350%2C200&ssl=1","width":350,"height":200},"classes":[]},{"id":6659,"url":"https:\/\/mundo.seashell.pt\/?product=vanish-tira-nodoas-em-po-branqueador-600gr","url_meta":{"origin":6551,"position":3},"title":"Vanish Tira N\u00f3doas em P\u00f3 Branqueador 600Gr","date":"Fevereiro 23, 2022","format":false,"excerpt":"Frustrado com n\u00f3doas que parecem n\u00e3o sair e brancos que tendem a tornar-se cinzentos com o tempo? Vanish oxi action em p\u00f3 para roupas brancas tem uma nova f\u00f3rmula que, para al\u00e9m de remover n\u00f3doas dif\u00edceis \u00e0 primeira, garante brancos mais brancos, mesmo ap\u00f3s 50 lavagens. Vanish oxi action em\u2026","rel":"","context":"Similar post","img":{"alt_text":"","src":"https:\/\/i0.wp.com\/mundo.seashell.pt\/wp-content\/uploads\/2022\/02\/VANISH_REGULAR_PO_WHITE_14X600g_8410104884758.png?resize=350%2C200&ssl=1","width":350,"height":200},"classes":[]},{"id":6661,"url":"https:\/\/mundo.seashell.pt\/?product=vanish-tora-nodoas-em-po-600gr","url_meta":{"origin":6551,"position":4},"title":"Vanish Tora N\u00f3doas em P\u00f3 600Gr","date":"Fevereiro 23, 2022","format":false,"excerpt":"Frustrado com n\u00f3doas que parecem n\u00e3o sair e brancos que tendem a tornar-se cinzentos com o tempo? Vanish oxi action em p\u00f3 para roupas brancas tem uma nova f\u00f3rmula que, para al\u00e9m de remover n\u00f3doas dif\u00edceis \u00e0 primeira, garante brancos mais brancos, mesmo ap\u00f3s 50 lavagens. Vanish oxi action em\u2026","rel":"","context":"Similar post","img":{"alt_text":"","src":"","width":0,"height":0},"classes":[]},{"id":6657,"url":"https:\/\/mundo.seashell.pt\/?product=vanish-oxi-action-em-po-420gr","url_meta":{"origin":6551,"position":5},"title":"Vanish Oxi Action em P\u00f3 420Gr","date":"Fevereiro 23, 2022","format":false,"excerpt":"Depois de lavar a roupa, continua com maus odores e n\u00f3doas? Vanish oxi action p\u00f3 elimina odores \u00e9 um tira-n\u00f3doas poderoso sem lix\u00edvia que, para al\u00e9m de remover todo o tipo de n\u00f3doas, cont\u00e9m uma tecnologia de neutraliza\u00e7\u00e3o de odores. Pode ser utilizado em pr\u00e9-tratamento, de molho ou diretamente na\u2026","rel":"","context":"Similar post","img":{"alt_text":"","src":"https:\/\/i0.wp.com\/mundo.seashell.pt\/wp-content\/uploads\/2022\/02\/Vanish_Oxi_Action_Po__White_420G_4_P_x6_5601217134332.png?resize=350%2C200&ssl=1","width":350,"height":200},"classes":[]}],"_links":{"self":[{"href":"https:\/\/mundo.seashell.pt\/index.php?rest_route=\/wp\/v2\/product\/6551","targetHints":{"allow":["GET"]}}],"collection":[{"href":"https:\/\/mundo.seashell.pt\/index.php?rest_route=\/wp\/v2\/product"}],"about":[{"href":"https:\/\/mundo.seashell.pt\/index.php?rest_route=\/wp\/v2\/types\/product"}],"wp:featuredmedia":[{"embeddable":true,"href":"https:\/\/mundo.seashell.pt\/index.php?rest_route=\/wp\/v2\/media\/6552"}],"wp:attachment":[{"href":"https:\/\/mundo.seashell.pt\/index.php?rest_route=%2Fwp%2Fv2%2Fmedia&parent=6551"}],"wp:term":[{"taxonomy":"product_cat","embeddable":true,"href":"https:\/\/mundo.seashell.pt\/index.php?rest_route=%2Fwp%2Fv2%2Fproduct_cat&post=6551"},{"taxonomy":"product_tag","embeddable":true,"href":"https:\/\/mundo.seashell.pt\/index.php?rest_route=%2Fwp%2Fv2%2Fproduct_tag&post=6551"}],"curies":[{"name":"wp","href":"https:\/\/api.w.org\/{rel}","templated":true}]}}