{"id":6549,"date":"2022-02-23T18:46:11","date_gmt":"2022-02-23T18:46:11","guid":{"rendered":"https:\/\/mundo.seashell.pt\/?post_type=product&#038;p=6549"},"modified":"2022-02-23T18:46:14","modified_gmt":"2022-02-23T18:46:14","slug":"omo-maquina-55-doses","status":"publish","type":"product","link":"https:\/\/mundo.seashell.pt\/?product=omo-maquina-55-doses","title":{"rendered":"OMO M\u00e1quina 55 Doses"},"content":{"rendered":"<h3>Tipo de produto:<\/h3>\n<p>Detergente L\u00edquido<\/p><\/p>\n","protected":false},"excerpt":{"rendered":"<p>Tipo de produto:<br \/>\nDetergente L\u00edquido<\/p>\n","protected":false},"featured_media":6550,"template":"","meta":{"spay_email":""},"product_cat":[15],"product_tag":[],"class_list":{"0":"post-6549","1":"product","2":"type-product","3":"status-publish","4":"has-post-thumbnail","6":"product_cat-sem-categoria","8":"first","9":"instock","10":"taxable","11":"shipping-taxable","12":"purchasable","13":"product-type-simple"},"acf":[],"jetpack-related-posts":[{"id":7176,"url":"https:\/\/mundo.seashell.pt\/?product=persil-det-liquido-universal-55-doses","url_meta":{"origin":6549,"position":0},"title":"Persil Det. L\u00edquido Universal 55 Doses","date":"Fevereiro 23, 2022","format":false,"excerpt":"A op\u00e7\u00e3o em l\u00edquido para uma lavagem mais completa!Descri\u00e7\u00e3o: Persil Universal com tecnologia Limpeza Ativa penetra no interior das fibras removendo at\u00e9 as n\u00f3doas mais dif\u00edceis. Tudo isto, garantindo o cuidado dos tecidos e a frescura duradoura de Persil. Tipo de produto: Detergente L\u00edquidoBenef\u00edcios...","rel":"","context":"Similar post","img":{"alt_text":"","src":"https:\/\/i0.wp.com\/mundo.seashell.pt\/wp-content\/uploads\/2022\/02\/05228010305671____6__600x600.jpeg?resize=350%2C200&ssl=1","width":350,"height":200},"classes":[]},{"id":6523,"url":"https:\/\/mundo.seashell.pt\/?product=surf-det-liquido-para-maquina-de-lavar-roupa-72-doses","url_meta":{"origin":6549,"position":1},"title":"Surf Det. L\u00edquido para M\u00e1quina de Lavar Roupa 72 Doses","date":"Fevereiro 23, 2022","format":false,"excerpt":"Descri\u00e7\u00e3o: Inspirado na natureza, Surf vai proporcionar \u00e0 sua roupa uma lavagem eficaz, acompanhada de uma explos\u00e3o de v\u00e1rias fregr\u00e2ncias Tipo de produto: Detergente L\u00edquidoBenef\u00edcios: - Frescura duradoura;- Explos\u00e3o de perfume;- Aroma energizante. Conselhos de utiliza\u00e7\u00e3o: O seu...","rel":"","context":"Similar post","img":{"alt_text":"","src":"https:\/\/i0.wp.com\/mundo.seashell.pt\/wp-content\/uploads\/2022\/02\/SURF_LI_QUIDO_TROPICAL_-_3_6L_-_72D_8710847988172.png?resize=350%2C200&ssl=1","width":350,"height":200},"classes":[]},{"id":6535,"url":"https:\/\/mundo.seashell.pt\/?product=xau-det-liquido-para-maquina-de-lavar-roupa","url_meta":{"origin":6549,"position":2},"title":"Xau Detergente L\u00edquido 88 Doses","date":"Fevereiro 23, 2022","format":false,"excerpt":"Tipo de produto: Detergente L\u00edquidoBenef\u00edcios: - Limpeza e frescura 3x mais duradoura;- Frescura de primavera;- Com libertador de frag\u00e2ncia;- Para brancos e cores;- Poder tira-n\u00f3doas em \u00e1gua fria. Conselhos de utiliza\u00e7\u00e3o: Na m\u00e1quina: Para n\u00f3doas normais, adicione 5...","rel":"","context":"Similar post","img":{"alt_text":"","src":"https:\/\/i0.wp.com\/mundo.seashell.pt\/wp-content\/uploads\/2022\/02\/Xau_Liquido_Frescura_Ci_trica_88Dx3_5601217134813.png?resize=350%2C200&ssl=1","width":350,"height":200},"classes":[]},{"id":7174,"url":"https:\/\/mundo.seashell.pt\/?product=woolite-roupa-desportiva-30-doses","url_meta":{"origin":6549,"position":3},"title":"Woolite Roupa Desportiva  30 Doses","date":"Fevereiro 23, 2022","format":false,"excerpt":"Mant\u00e9m as suas roupas como novas, lavagem ap\u00f3s lavagem!Descri\u00e7\u00e3o: Woolite sport \u00e9 um detergente l\u00edquido especialmente desenvolvido para a limpeza e prote\u00e7\u00e3o de roupa desportiva. Elimina os odores mais dif\u00edceis e mant\u00e9m a elasticidade das roupas, evitando o encolher das mesmas e o desbotar das cores. Tipo de produto...","rel":"","context":"Similar post","img":{"alt_text":"","src":"https:\/\/i0.wp.com\/mundo.seashell.pt\/wp-content\/uploads\/2022\/02\/7051720-frente.jpeg?resize=350%2C200&ssl=1","width":350,"height":200},"classes":[]},{"id":6521,"url":"https:\/\/mundo.seashell.pt\/?product=persil-det-liquido-para-maquina-de-lavar-roupa","url_meta":{"origin":6549,"position":4},"title":"Persil Det. L\u00edquido para M\u00e1quina de Lavar Roupa 25 Doses","date":"Fevereiro 23, 2022","format":false,"excerpt":"Persil com tecnologia Limpeza Ativa penetra no interior das fibras removendo at\u00e9 as n\u00f3doas mais dif\u00edceis. Tudo isto, garantindo o cuidado dos tecidos e a frescura duradoura de Persil. Tipo de produto: Detergente L\u00edquidoBenef\u00edcios: - Limpeza Profunda;- Elimina N\u00f3doas;- Frescura Duradoura. Conselh...","rel":"","context":"Similar post","img":{"alt_text":"","src":"https:\/\/i0.wp.com\/mundo.seashell.pt\/wp-content\/uploads\/2022\/02\/PERSIL_COLOR_GEL___R___25D_8410436334433.png?resize=350%2C200&ssl=1","width":350,"height":200},"classes":[]},{"id":6589,"url":"https:\/\/mundo.seashell.pt\/?product=surf-amaciador-de-roupa-90-doses","url_meta":{"origin":6549,"position":5},"title":"Surf Amaciador de Roupa 90 Doses","date":"Fevereiro 23, 2022","format":false,"excerpt":"Tipo de Produto: Detergente L\u00edquido Benef\u00edcios: - Explos\u00e3o de perfume duradouro;- 90 doses.","rel":"","context":"Similar post","img":{"alt_text":"","src":"https:\/\/i0.wp.com\/mundo.seashell.pt\/wp-content\/uploads\/2022\/02\/SURF_AMACIADOR_ROSA_ROSMANINHO_1.8L_-_90_DOSES_8720181135101.png?resize=350%2C200&ssl=1","width":350,"height":200},"classes":[]}],"_links":{"self":[{"href":"https:\/\/mundo.seashell.pt\/index.php?rest_route=\/wp\/v2\/product\/6549","targetHints":{"allow":["GET"]}}],"collection":[{"href":"https:\/\/mundo.seashell.pt\/index.php?rest_route=\/wp\/v2\/product"}],"about":[{"href":"https:\/\/mundo.seashell.pt\/index.php?rest_route=\/wp\/v2\/types\/product"}],"wp:featuredmedia":[{"embeddable":true,"href":"https:\/\/mundo.seashell.pt\/index.php?rest_route=\/wp\/v2\/media\/6550"}],"wp:attachment":[{"href":"https:\/\/mundo.seashell.pt\/index.php?rest_route=%2Fwp%2Fv2%2Fmedia&parent=6549"}],"wp:term":[{"taxonomy":"product_cat","embeddable":true,"href":"https:\/\/mundo.seashell.pt\/index.php?rest_route=%2Fwp%2Fv2%2Fproduct_cat&post=6549"},{"taxonomy":"product_tag","embeddable":true,"href":"https:\/\/mundo.seashell.pt\/index.php?rest_route=%2Fwp%2Fv2%2Fproduct_tag&post=6549"}],"curies":[{"name":"wp","href":"https:\/\/api.w.org\/{rel}","templated":true}]}}