{"id":6545,"date":"2022-02-23T18:45:54","date_gmt":"2022-02-23T18:45:54","guid":{"rendered":"https:\/\/mundo.seashell.pt\/?post_type=product&#038;p=6545"},"modified":"2022-02-23T18:45:57","modified_gmt":"2022-02-23T18:45:57","slug":"calgon-detergente-liquido-30-doses","status":"publish","type":"product","link":"https:\/\/mundo.seashell.pt\/?product=calgon-detergente-liquido-30-doses","title":{"rendered":"Calgon Detergente L\u00edquido 30 Doses"},"content":{"rendered":"<p>Calgon Hygiene + \u00e9 o \u00fanico anticalc\u00e1rio que elimina at\u00e9 99,9% de bact\u00e9rias, al\u00e9m de sua a\u00e7\u00e3o imbat\u00edvel contra calc\u00e1rio<\/p>\n<ul>\n<li>Elimina at\u00e9 99,9% das bact\u00e9rias<\/li>\n<li>Protege contra o calc\u00e1rio<\/li>\n<li>Previne a acumula\u00e7\u00e3o de sujidade<\/li>\n<li>Ajuda no combate aos maus odores<\/li>\n<\/ul>\n","protected":false},"excerpt":{"rendered":"<p>Calgon Hygiene + \u00e9 o \u00fanico anticalc\u00e1rio que elimina at\u00e9 99,9% de bact\u00e9rias, al\u00e9m de sua a\u00e7\u00e3o imbat\u00edvel contra calc\u00e1rio<\/p>\n<ul>\n<li>Elimina at\u00e9 99,9% das bact\u00e9rias<\/li>\n<li>Protege contra o calc\u00e1rio<\/li>\n<li>Previne a acumula\u00e7\u00e3o de sujidade<\/li>\n<li>Ajuda no combate aos maus odores<\/li>\n<\/ul>\n","protected":false},"featured_media":6546,"template":"","meta":{"spay_email":""},"product_cat":[15],"product_tag":[],"class_list":{"0":"post-6545","1":"product","2":"type-product","3":"status-publish","4":"has-post-thumbnail","6":"product_cat-sem-categoria","8":"first","9":"instock","10":"taxable","11":"shipping-taxable","12":"purchasable","13":"product-type-simple"},"acf":[],"jetpack-related-posts":[{"id":6275,"url":"https:\/\/mundo.seashell.pt\/?product=skip-desinfetante-de-roupa-12l","url_meta":{"origin":6545,"position":0},"title":"Skip Desinfetante de Roupa 1,2l","date":"Fevereiro 23, 2022","format":false,"excerpt":"Desinfeta a sua roupa, eliminando bact\u00e9rias.Caracteristicas:Elimina 99,9% dos v\u00edrus e bact\u00e9riasRemove os maus odoresPreserva as cores e as fibras dos tecidosEficaz em ciclos curtos e baixas temperaturas","rel":"","context":"Similar post","img":{"alt_text":"","src":"https:\/\/i0.wp.com\/mundo.seashell.pt\/wp-content\/uploads\/2022\/02\/SKIP_Desinfetante_Roupa_1.2_Lts_8720181116162.png?resize=350%2C200&ssl=1","width":350,"height":200},"classes":[]},{"id":6433,"url":"https:\/\/mundo.seashell.pt\/?product=mistolin-tira-gorduras-desinfetante-05l","url_meta":{"origin":6545,"position":1},"title":"Mistolin Tira gorduras Desinfetante 500ml","date":"Fevereiro 23, 2022","format":false,"excerpt":"Mistolin \u00e9 uma marca portuguesa, pensada para simplificar e ajudar nas tarefas dif\u00edceis de limpeza da casa. A sua f\u00f3rmula \u00e9 \u00fanica e imbat\u00edvel na limpeza de gorduras e sujidades mais dif\u00edceis. Indicado para a limpeza de todo o tipo de pe\u00e7as e superf\u00edcies gordurosas, manchas dif\u00edceis, sujidades incrustadas e\u2026","rel":"","context":"Similar post","img":{"alt_text":"","src":"https:\/\/i0.wp.com\/mundo.seashell.pt\/wp-content\/uploads\/2022\/02\/MISTOLIN_Tira_Gorduras_Desinfetante_545ml__5600258596628.png?resize=350%2C200&ssl=1","width":350,"height":200},"classes":[]},{"id":6253,"url":"https:\/\/mundo.seashell.pt\/?product=sanytol-cozinhas-750ml","url_meta":{"origin":6545,"position":2},"title":"Sanytol Cozinhas 750ml","date":"Fevereiro 23, 2022","format":false,"excerpt":"Limpador Desinfetante Cozinhas Sanytol desinfetante cozinhas com a\u00e7\u00e3o desengordurante. A cozinha \u00e9 um local favor\u00e1vel ao desenvolvimento de bact\u00e9rias. O uso de um limpador desinfetante \u00e9 a \u00fanica forma de prevenir eficazmente a prolifera\u00e7\u00e3o de micr\u00f3bios. Com a sua f\u00f3rmula de tripla a\u00e7\u00e3o sem lix\u00edvia, elimina 99,9% dos microrganismos. R...","rel":"","context":"Similar post","img":{"alt_text":"","src":"https:\/\/i0.wp.com\/mundo.seashell.pt\/wp-content\/uploads\/2022\/02\/SANYTOL_DESINFETANTE_COZINHAS_750_ML_8411660670212.png?resize=350%2C200&ssl=1","width":350,"height":200},"classes":[]},{"id":6255,"url":"https:\/\/mundo.seashell.pt\/?product=sanytol-banhos-750ml","url_meta":{"origin":6545,"position":3},"title":"Sanytol Banhos 750ml","date":"Fevereiro 23, 2022","format":false,"excerpt":"Limpador Desinfetante Banhos A humidade promove o desenvolvimento de bact\u00e9rias, fungos e v\u00edrus. O uso de um desinfetante associado a um poderoso anti-calc\u00e1rio \u00e9 a \u00fanica forma de prevenir eficazmente a prolifera\u00e7\u00e3o de microrganismos indesej\u00e1veis, a forma\u00e7\u00e3o de mofo e calc\u00e1rio. Sanytol Desinfetante Banhos, sem lix\u00edvia, garante u...","rel":"","context":"Similar post","img":{"alt_text":"","src":"https:\/\/i0.wp.com\/mundo.seashell.pt\/wp-content\/uploads\/2022\/02\/SANYTOL_DESINFETANTE_BANHOS_750_ML_8411660670229.png?resize=350%2C200&ssl=1","width":350,"height":200},"classes":[]},{"id":6271,"url":"https:\/\/mundo.seashell.pt\/?product=sanytol-desinfetante-de-roupa-500ml","url_meta":{"origin":6545,"position":4},"title":"Sanytol Desinfetante de Roupa 500ml","date":"Fevereiro 23, 2022","format":false,"excerpt":"Desinfetante De Roupa \u2013 Flores Brancas DESCRI\u00c7\u00c3O A roupa lavada a baixa temperatura n\u00e3o est\u00e1 totalmente livre de micr\u00f3bios e pode ser a origem de maus odores e doen\u00e7as de pele ou irrita\u00e7\u00f5es. Apenas as lavagens a 90\u00b0C eliminam 100% dos micr\u00f3bios da roupa. O desinfetante de roupa SANYTOL elimina\u2026","rel":"","context":"Similar post","img":{"alt_text":"","src":"https:\/\/i0.wp.com\/mundo.seashell.pt\/wp-content\/uploads\/2022\/02\/SANYTOL_DESINFECTANTE_DE_ROUPA_500ml_3045200760009.png?resize=350%2C200&ssl=1","width":350,"height":200},"classes":[]},{"id":6515,"url":"https:\/\/mundo.seashell.pt\/?product=calgon-pastilhas-mll","url_meta":{"origin":6545,"position":5},"title":"Calgon Pastilhas MLL","date":"Fevereiro 23, 2022","format":false,"excerpt":"Calgon pastilhas 3 em 1 oferece uma prote\u00e7\u00e3o incr\u00edvel contra o calc\u00e1rio gra\u00e7as \u00e0 sua a\u00e7\u00e3o neutralizante, que ajuda a proteger todas as partes vitais da sua m\u00e1quina em contacto com a \u00e1gua. Tem ainda o benef\u00edcio adicional de ajudar a manter a sua m\u00e1quina limpa e sem odores, quando\u2026","rel":"","context":"Similar post","img":{"alt_text":"","src":"https:\/\/i0.wp.com\/mundo.seashell.pt\/wp-content\/uploads\/2022\/02\/6883710-frente.jpeg?resize=350%2C200&ssl=1","width":350,"height":200},"classes":[]}],"_links":{"self":[{"href":"https:\/\/mundo.seashell.pt\/index.php?rest_route=\/wp\/v2\/product\/6545","targetHints":{"allow":["GET"]}}],"collection":[{"href":"https:\/\/mundo.seashell.pt\/index.php?rest_route=\/wp\/v2\/product"}],"about":[{"href":"https:\/\/mundo.seashell.pt\/index.php?rest_route=\/wp\/v2\/types\/product"}],"wp:featuredmedia":[{"embeddable":true,"href":"https:\/\/mundo.seashell.pt\/index.php?rest_route=\/wp\/v2\/media\/6546"}],"wp:attachment":[{"href":"https:\/\/mundo.seashell.pt\/index.php?rest_route=%2Fwp%2Fv2%2Fmedia&parent=6545"}],"wp:term":[{"taxonomy":"product_cat","embeddable":true,"href":"https:\/\/mundo.seashell.pt\/index.php?rest_route=%2Fwp%2Fv2%2Fproduct_cat&post=6545"},{"taxonomy":"product_tag","embeddable":true,"href":"https:\/\/mundo.seashell.pt\/index.php?rest_route=%2Fwp%2Fv2%2Fproduct_tag&post=6545"}],"curies":[{"name":"wp","href":"https:\/\/api.w.org\/{rel}","templated":true}]}}