{"id":6541,"date":"2022-02-23T18:45:48","date_gmt":"2022-02-23T18:45:48","guid":{"rendered":"https:\/\/mundo.seashell.pt\/?post_type=product&#038;p=6541"},"modified":"2022-02-23T18:45:51","modified_gmt":"2022-02-23T18:45:51","slug":"california-scents-ambientador-auto-em-palmeira","status":"publish","type":"product","link":"https:\/\/mundo.seashell.pt\/?product=california-scents-ambientador-auto-em-palmeira","title":{"rendered":"California Scents &#8211; Ambientador Auto em Palmeira"},"content":{"rendered":"<p>As palmeiras de papel&nbsp;California Scents fornecem aromas fortes e intensos onde voc\u00ea quiser. Super fofo e t\u00e3o californiano, este cabide de papel perfumado em forma de palmeira \u00e9 divertido de ter por perto, seja no carro, em casa, ou no escrit\u00f3rio.&nbsp;<\/p>\n<p>Acess\u00edveis e f\u00e1ceis de usar, os ambientadores para autom\u00f3veis California Scents s\u00e3o a solu\u00e7\u00e3o perfeita para fornecer aromas ousados \u200b\u200bao seu carro.<\/p>\n<p>1 unidade.<\/p>\n","protected":false},"excerpt":{"rendered":"<p>As palmeiras de papel\u00a0California Scents fornecem aromas fortes e intensos onde voc\u00ea quiser. Super fofo e t\u00e3o californiano, este cabide de papel perfumado em forma de palmeira \u00e9 divertido de ter por perto, seja no carro, em casa, ou no escrit\u00f3rio.\u00a0<br \/>\nAcess\u00edveis e f\u00e1ceis de usar, os ambientadores para autom\u00f3veis California Scents&#8230;<\/p>\n","protected":false},"featured_media":6542,"template":"","meta":{"spay_email":""},"product_cat":[15],"product_tag":[],"class_list":{"0":"post-6541","1":"product","2":"type-product","3":"status-publish","4":"has-post-thumbnail","6":"product_cat-sem-categoria","8":"first","9":"instock","10":"taxable","11":"shipping-taxable","12":"purchasable","13":"product-type-simple"},"acf":[],"jetpack-related-posts":[{"id":6599,"url":"https:\/\/mundo.seashell.pt\/?product=vernel-amaciador-de-roupa-57-doses","url_meta":{"origin":6541,"position":0},"title":"Vernel Amaciador de Roupa 57 doses","date":"Fevereiro 23, 2022","format":false,"excerpt":"A gama de Vernel oferece amaciadores concentrados enriquecidos com refinados \u00f3leos relaxantes e aromas sedutores que proporcionam uma sensa\u00e7\u00e3o de bem-estar. Para al\u00e9m de deixar a roupa incrivelmente suave, a f\u00f3rmula de Frangipani Fascinante cont\u00e9m uma fragr\u00e2ncia \u00fanica que deixa a sua roupa perfumada at\u00e9 200 dias. Estimule os seus\u2026","rel":"","context":"Similar post","img":{"alt_text":"","src":"https:\/\/i0.wp.com\/mundo.seashell.pt\/wp-content\/uploads\/2022\/02\/VERNEL_AT_VIOLETA_57_1L31_8UD_57D_8410436283113.png?resize=350%2C200&ssl=1","width":350,"height":200},"classes":[]},{"id":5376,"url":"https:\/\/mundo.seashell.pt\/?product=pom-off-season-pearls-1lt","url_meta":{"origin":6541,"position":1},"title":"Pom Off-Season Pearls 1lt","date":"Fevereiro 23, 2022","format":false,"excerpt":"P\u00e9rolas em gel, perfumadas com aroma a frutas vermelhas. Deixa o ambiente agradavelmente perfumado.","rel":"","context":"Similar post","img":{"alt_text":"","src":"https:\/\/i0.wp.com\/mundo.seashell.pt\/wp-content\/uploads\/2022\/02\/off-season_pearls.jpg?resize=350%2C200&ssl=1","width":350,"height":200},"classes":[]},{"id":5368,"url":"https:\/\/mundo.seashell.pt\/?product=pom-essence-500ml","url_meta":{"origin":6541,"position":2},"title":"Ess\u00eancia Desodorizante Pom Essence","date":"Fevereiro 23, 2022","format":false,"excerpt":"Descri\u00e7\u00e3o Gra\u00e7as \u00e0 sua fragr\u00e2ncia \"long lasting\" e \u00e0 sua alta concentra\u00e7\u00e3o, deixa no ambiente um perfume persistente que elimina odores desagrad\u00e1veis. Perfumes intensos e aveludados com notas florais frescas, tipicamente primaveris como espinheiro-branco, l\u00edrio do vale e variedade rosa ligeiramente frutada. Um ramo de flores harmonio...","rel":"","context":"Similar post","img":{"alt_text":"","src":"https:\/\/i0.wp.com\/mundo.seashell.pt\/wp-content\/uploads\/2022\/02\/PhotoRoom_20210325_131037.jpg?resize=350%2C200&ssl=1","width":350,"height":200},"classes":[]},{"id":5372,"url":"https:\/\/mundo.seashell.pt\/?product=pom-nature-350ml","url_meta":{"origin":6541,"position":3},"title":"Desodorizante de Ambiente Pom Nature 350ml","date":"Fevereiro 23, 2022","format":false,"excerpt":"Desodorizante em trigger \u00e0 base de \u00e1gua com fragr\u00e2ncia \"long lasting\" que deixa no ambiente uma fragr\u00e2ncia persistente que elimina odores desagrad\u00e1veis.","rel":"","context":"Similar post","img":{"alt_text":"","src":"https:\/\/i0.wp.com\/mundo.seashell.pt\/wp-content\/uploads\/2022\/02\/Pom_nature.jpg?resize=350%2C200&ssl=1","width":350,"height":200},"classes":[]},{"id":6611,"url":"https:\/\/mundo.seashell.pt\/?product=lenor-unstoppable-perolas-fresh-210gr","url_meta":{"origin":6541,"position":4},"title":"Lenor Unstoppable P\u00e9rolas Fresh 210gr","date":"Fevereiro 23, 2022","format":false,"excerpt":"Dispon\u00edvel em diferentes fragr\u00e2ncias, Lenor Unstoppables d\u00e1 uma frescura \u00e0 sua roupa. Com a sua explos\u00e3o de perfume que perdura, as suas roupas v\u00e3o estar sempre prontas a ser usadas com o seu perfume favorito. Unstoppables Fresh tem um aroma de frutas c\u00edtricas e fruta fresca, envolvida em notas florais.\u2026","rel":"","context":"Similar post","img":{"alt_text":"","src":"https:\/\/i0.wp.com\/mundo.seashell.pt\/wp-content\/uploads\/2022\/02\/UNSTOPPABLES_LENOR_PE_ROLAS_FRESH_140G_8001841006680.png?resize=350%2C200&ssl=1","width":350,"height":200},"classes":[]},{"id":5374,"url":"https:\/\/mundo.seashell.pt\/?product=pom-air-300ml","url_meta":{"origin":6541,"position":5},"title":"Desodorizante em Aerossol Pom Air 300ml","date":"Fevereiro 23, 2022","format":false,"excerpt":"Deixa no ambiente uma fragr\u00e2ncia persistente que elimina odores desagrad\u00e1veis.","rel":"","context":"Similar post","img":{"alt_text":"","src":"https:\/\/i0.wp.com\/mundo.seashell.pt\/wp-content\/uploads\/2022\/02\/Pom_air.jpg?resize=350%2C200&ssl=1","width":350,"height":200},"classes":[]}],"_links":{"self":[{"href":"https:\/\/mundo.seashell.pt\/index.php?rest_route=\/wp\/v2\/product\/6541","targetHints":{"allow":["GET"]}}],"collection":[{"href":"https:\/\/mundo.seashell.pt\/index.php?rest_route=\/wp\/v2\/product"}],"about":[{"href":"https:\/\/mundo.seashell.pt\/index.php?rest_route=\/wp\/v2\/types\/product"}],"wp:featuredmedia":[{"embeddable":true,"href":"https:\/\/mundo.seashell.pt\/index.php?rest_route=\/wp\/v2\/media\/6542"}],"wp:attachment":[{"href":"https:\/\/mundo.seashell.pt\/index.php?rest_route=%2Fwp%2Fv2%2Fmedia&parent=6541"}],"wp:term":[{"taxonomy":"product_cat","embeddable":true,"href":"https:\/\/mundo.seashell.pt\/index.php?rest_route=%2Fwp%2Fv2%2Fproduct_cat&post=6541"},{"taxonomy":"product_tag","embeddable":true,"href":"https:\/\/mundo.seashell.pt\/index.php?rest_route=%2Fwp%2Fv2%2Fproduct_tag&post=6541"}],"curies":[{"name":"wp","href":"https:\/\/api.w.org\/{rel}","templated":true}]}}