{"id":6537,"date":"2022-02-23T18:45:43","date_gmt":"2022-02-23T18:45:43","guid":{"rendered":"https:\/\/mundo.seashell.pt\/?post_type=product&#038;p=6537"},"modified":"2022-02-23T18:45:46","modified_gmt":"2022-02-23T18:45:46","slug":"substral-sticks-fertilizantes-30-unidades","status":"publish","type":"product","link":"https:\/\/mundo.seashell.pt\/?product=substral-sticks-fertilizantes-30-unidades","title":{"rendered":"Substral Sticks Fertilizantes &#8211; 30 unidades"},"content":{"rendered":"<p>Este \u00e9 um fertilizante de planta verde f\u00e1cil de usar em forma de varas. Gra\u00e7as \u00e0 sua f\u00f3rmula \u00fanica e inovadora este fertilizante Substral\u00ae garante um crescimento saud\u00e1vel e um bom desenvolvimento das suas plantas. Alimentos vegetais nesta forma particular s\u00e3o menos problem\u00e1ticos do que produtos l\u00edquidos ou granulados e arejam adicionalmente o solo.&nbsp;<\/p>\n<p>Cada embalagem cont\u00e9m as instru\u00e7\u00f5es de uso, com a data de fabrica\u00e7\u00e3o e o prazo de validade claramente indicados nas informa\u00e7\u00f5es do produto.<\/p>\n<h3>Dosagem:<\/h3>\n<p>Me\u00e7a o di\u00e2metro do vaso&nbsp;para estabelecer quantos sticks s\u00e3o necess\u00e1rios.<br \/>Di\u00e2metro do vaso 8-9 cm 0,5 sticks<br \/>Di\u00e2metro do vaso 10-12 cm &#8211; 1-2 sticks<br \/>Di\u00e2metro do vaso 13-16 cm &#8211; 3 sticks<br \/>Di\u00e2metro do vaso 17-20 cm &#8211; 4-5 sticks<br \/>Observe a dorm\u00eancia da planta &#8211; n\u00e3o aplique sticks entre novembro e janeiro.<\/p>\n<p>Repita o tratamento a cada 2 meses.<\/p>\n","protected":false},"excerpt":{"rendered":"<p>Este \u00e9 um fertilizante de planta verde f\u00e1cil de usar em forma de varas. Gra\u00e7as \u00e0 sua f\u00f3rmula \u00fanica e inovadora este fertilizante Substral\u00ae garante um crescimento saud\u00e1vel e um bom desenvolvimento das suas plantas. Alimentos vegetais nesta forma particular s\u00e3o menos problem\u00e1ticos do que produtos l\u00edquidos ou granulados e arejam adicionalmente o&#8230;<\/p>\n","protected":false},"featured_media":6538,"template":"","meta":{"spay_email":""},"product_cat":[15],"product_tag":[],"class_list":{"0":"post-6537","1":"product","2":"type-product","3":"status-publish","4":"has-post-thumbnail","6":"product_cat-sem-categoria","8":"first","9":"instock","10":"taxable","11":"shipping-taxable","12":"purchasable","13":"product-type-simple"},"acf":[],"jetpack-related-posts":[{"id":6533,"url":"https:\/\/mundo.seashell.pt\/?product=substral-liquido-fertilizante-500ml","url_meta":{"origin":6537,"position":0},"title":"Substral L\u00edquido Fertilizante 500ml","date":"Fevereiro 23, 2022","format":false,"excerpt":"SUBSTRAL\u00ae Plantas Alimentos \u00e9 um fertilizante l\u00edquido de alta qualidade com bioestimulantes naturais que fornece \u00e0s suas plantas todos os nutrientes principais. Fortalece suas plantas e fornece flores e folhas verdes exuberantes. Os ingredientes bioestimuladores fortalecem a resist\u00eancia \u00e0s m\u00e1s condi\u00e7\u00f5es do solo, incluindo o stress seco (\"f\u00f3rm...","rel":"","context":"Similar post","img":{"alt_text":"","src":"https:\/\/i0.wp.com\/mundo.seashell.pt\/wp-content\/uploads\/2022\/02\/SUBSTRAL_LIQUIDO_500ml.png?resize=350%2C200&ssl=1","width":350,"height":200},"classes":[]},{"id":6529,"url":"https:\/\/mundo.seashell.pt\/?product=substral-abrilhantador-de-folhas-250ml","url_meta":{"origin":6537,"position":1},"title":"Substral Abrilhantador de Folhas 250ml","date":"Fevereiro 23, 2022","format":false,"excerpt":"O brilho das folhas impede que a poeira assente, Substral Abrilhantador de Folhas\u00a0\u00e9 uma subst\u00e2ncia que melhorar\u00e1 imediatamente a apar\u00eancia de suas plantas em vasos verdes. Cria instantaneamente um brilho bonito, natural e duradouro nas folhas das plantas de interior. Melhora a condi\u00e7\u00e3o geral da folhagem e remove as manchas\u2026","rel":"","context":"Similar post","img":{"alt_text":"","src":"https:\/\/i0.wp.com\/mundo.seashell.pt\/wp-content\/uploads\/2022\/02\/SUBSTRAL_ABRILHANTADOR_250_ml.png?resize=350%2C200&ssl=1","width":350,"height":200},"classes":[]},{"id":6243,"url":"https:\/\/mundo.seashell.pt\/?product=lysol-cozinha-500ml","url_meta":{"origin":6537,"position":2},"title":"Lysol Cozinha 500ml","date":"Fevereiro 23, 2022","format":false,"excerpt":"Lysol Desinfetante Cozinha Lim\u00e3o","rel":"","context":"Similar post","img":{"alt_text":"","src":"https:\/\/i0.wp.com\/mundo.seashell.pt\/wp-content\/uploads\/2022\/02\/Lysol_Desinfetante_Cozinha_Pistola_500ML_x12_5601217134424.jpeg?resize=350%2C200&ssl=1","width":350,"height":200},"classes":[]},{"id":6239,"url":"https:\/\/mundo.seashell.pt\/?product=lysol-multiusos-500ml","url_meta":{"origin":6537,"position":3},"title":"Lysol Multiusos 500ml","date":"Fevereiro 23, 2022","format":false,"excerpt":"Lysol Desinfetante Multiusos Frescura Elimina a sujidade e as manchas deixando as superf\u00edcies desinfetadas e com uma agrad\u00e1vel fragr\u00e2ncia a Ma\u00e7\u00e3....","rel":"","context":"Similar post","img":{"alt_text":"","src":"https:\/\/i0.wp.com\/mundo.seashell.pt\/wp-content\/uploads\/2022\/02\/Lysol_Desinfetante_Multiusos_Pistola_500ML_x12_5601217134806.jpeg?resize=350%2C200&ssl=1","width":350,"height":200},"classes":[]},{"id":6241,"url":"https:\/\/mundo.seashell.pt\/?product=lysol-banhos-500ml","url_meta":{"origin":6537,"position":4},"title":"Lysol Banhos 500ml","date":"Fevereiro 23, 2022","format":false,"excerpt":"Lysol Desinfetante Casa de Banho Marinho","rel":"","context":"Similar post","img":{"alt_text":"","src":"https:\/\/i0.wp.com\/mundo.seashell.pt\/wp-content\/uploads\/2022\/02\/Lysol_Desinfetante_Casa_de_Banho_Pistola_500ML_x12_5601217134400.jpeg?resize=350%2C200&ssl=1","width":350,"height":200},"classes":[]},{"id":7110,"url":"https:\/\/mundo.seashell.pt\/?product=dum-dum-casa-e-plantas-400ml","url_meta":{"origin":6537,"position":5},"title":"Dum Dum Casa e Plantas 400ml","date":"Fevereiro 23, 2022","format":false,"excerpt":"Dum Dum Casa e Plantas 400mlConselhos de utiliza\u00e7\u00e3o: Vaporize o produto, directamente sobre os insetos ou parasitas. Ap\u00f3s 3-4 horas, o produto ter\u00e1 provocado o seu efeito.","rel":"","context":"Similar post","img":{"alt_text":"","src":"","width":0,"height":0},"classes":[]}],"_links":{"self":[{"href":"https:\/\/mundo.seashell.pt\/index.php?rest_route=\/wp\/v2\/product\/6537","targetHints":{"allow":["GET"]}}],"collection":[{"href":"https:\/\/mundo.seashell.pt\/index.php?rest_route=\/wp\/v2\/product"}],"about":[{"href":"https:\/\/mundo.seashell.pt\/index.php?rest_route=\/wp\/v2\/types\/product"}],"wp:featuredmedia":[{"embeddable":true,"href":"https:\/\/mundo.seashell.pt\/index.php?rest_route=\/wp\/v2\/media\/6538"}],"wp:attachment":[{"href":"https:\/\/mundo.seashell.pt\/index.php?rest_route=%2Fwp%2Fv2%2Fmedia&parent=6537"}],"wp:term":[{"taxonomy":"product_cat","embeddable":true,"href":"https:\/\/mundo.seashell.pt\/index.php?rest_route=%2Fwp%2Fv2%2Fproduct_cat&post=6537"},{"taxonomy":"product_tag","embeddable":true,"href":"https:\/\/mundo.seashell.pt\/index.php?rest_route=%2Fwp%2Fv2%2Fproduct_tag&post=6537"}],"curies":[{"name":"wp","href":"https:\/\/api.w.org\/{rel}","templated":true}]}}