{"id":6535,"date":"2022-02-23T18:45:39","date_gmt":"2022-02-23T18:45:39","guid":{"rendered":"https:\/\/mundo.seashell.pt\/?post_type=product&#038;p=6535"},"modified":"2022-02-23T18:45:42","modified_gmt":"2022-02-23T18:45:42","slug":"xau-det-liquido-para-maquina-de-lavar-roupa","status":"publish","type":"product","link":"https:\/\/mundo.seashell.pt\/?product=xau-det-liquido-para-maquina-de-lavar-roupa","title":{"rendered":"Xau Detergente L\u00edquido 88 Doses"},"content":{"rendered":"<h3>Tipo de produto:<\/h3>\n<p>Detergente L\u00edquido<\/p>\n<h3>Benef\u00edcios:<\/h3>\n<p>&#8211; Limpeza e frescura 3x mais duradoura;<br \/>&#8211; Frescura de primavera;<br \/>&#8211; Com libertador de frag\u00e2ncia;<br \/>&#8211; Para brancos e cores;<br \/>&#8211; Poder tira-n\u00f3doas em \u00e1gua fria.<\/p>\n<h3>Conselhos de utiliza\u00e7\u00e3o:<\/h3>\n<p><strong>Na m\u00e1quina:<\/strong> Para n\u00f3doas normais, adicione 52ml de detergente na m\u00e1quina. Para n\u00f3doas dif\u00edceis ou ressequidas, adicione 86ml.<\/p>\n<p><strong>Lavagem manual:<\/strong> Dilua 37ml de detergente em 10l de \u00e1gua.<\/p>\n<p>Para obter melhores resultados em n\u00f3doas dif\u00edceis, aplique o detergente diretamene sobre as n\u00f3doas e deite o restante no dep\u00f3sito do detergente da sua m\u00e1quina.<\/p>\n","protected":false},"excerpt":{"rendered":"<p>Tipo de produto:<br \/>\nDetergente L\u00edquidoBenef\u00edcios:<br \/>\n&#8211; Limpeza e frescura 3x mais duradoura;- Frescura de primavera;- Com libertador de frag\u00e2ncia;- Para brancos e cores;- Poder tira-n\u00f3doas em \u00e1gua fria.<br \/>\nConselhos de utiliza\u00e7\u00e3o:<\/p>\n<p>Na m\u00e1quina: Para n\u00f3doas normais, adicione 5&#8230;<\/p>\n","protected":false},"featured_media":6536,"template":"","meta":{"spay_email":""},"product_cat":[15],"product_tag":[],"class_list":{"0":"post-6535","1":"product","2":"type-product","3":"status-publish","4":"has-post-thumbnail","6":"product_cat-sem-categoria","8":"first","9":"instock","10":"taxable","11":"shipping-taxable","12":"purchasable","13":"product-type-simple"},"acf":[],"jetpack-related-posts":[{"id":6521,"url":"https:\/\/mundo.seashell.pt\/?product=persil-det-liquido-para-maquina-de-lavar-roupa","url_meta":{"origin":6535,"position":0},"title":"Persil Det. L\u00edquido para M\u00e1quina de Lavar Roupa 25 Doses","date":"Fevereiro 23, 2022","format":false,"excerpt":"Persil com tecnologia Limpeza Ativa penetra no interior das fibras removendo at\u00e9 as n\u00f3doas mais dif\u00edceis. Tudo isto, garantindo o cuidado dos tecidos e a frescura duradoura de Persil. Tipo de produto: Detergente L\u00edquidoBenef\u00edcios: - Limpeza Profunda;- Elimina N\u00f3doas;- Frescura Duradoura. Conselh...","rel":"","context":"Similar post","img":{"alt_text":"","src":"https:\/\/i0.wp.com\/mundo.seashell.pt\/wp-content\/uploads\/2022\/02\/PERSIL_COLOR_GEL___R___25D_8410436334433.png?resize=350%2C200&ssl=1","width":350,"height":200},"classes":[]},{"id":7176,"url":"https:\/\/mundo.seashell.pt\/?product=persil-det-liquido-universal-55-doses","url_meta":{"origin":6535,"position":1},"title":"Persil Det. L\u00edquido Universal 55 Doses","date":"Fevereiro 23, 2022","format":false,"excerpt":"A op\u00e7\u00e3o em l\u00edquido para uma lavagem mais completa!Descri\u00e7\u00e3o: Persil Universal com tecnologia Limpeza Ativa penetra no interior das fibras removendo at\u00e9 as n\u00f3doas mais dif\u00edceis. Tudo isto, garantindo o cuidado dos tecidos e a frescura duradoura de Persil. Tipo de produto: Detergente L\u00edquidoBenef\u00edcios...","rel":"","context":"Similar post","img":{"alt_text":"","src":"https:\/\/i0.wp.com\/mundo.seashell.pt\/wp-content\/uploads\/2022\/02\/05228010305671____6__600x600.jpeg?resize=350%2C200&ssl=1","width":350,"height":200},"classes":[]},{"id":6555,"url":"https:\/\/mundo.seashell.pt\/?product=skip-lavanda-58-doses","url_meta":{"origin":6535,"position":2},"title":"Skip Lavanda 58 doses","date":"Fevereiro 23, 2022","format":false,"excerpt":"Enriquecido com uma fragr\u00e2ncia mais natural, Skip lavanda proporciona \u00e0 sua roupa um delicado perfume e uma frescura duradoura, com efic\u00e1cia na remo\u00e7\u00e3o de n\u00f3doas. Tipo de produto: Detergente P\u00f3 Notas\/Frag\u00e2ncia: LavandaBenef\u00edcios: - Fragr\u00e2ncia mais natural a lavanda;- Frescura intensa e durad...","rel":"","context":"Similar post","img":{"alt_text":"","src":"https:\/\/i0.wp.com\/mundo.seashell.pt\/wp-content\/uploads\/2022\/02\/909100_1.jpeg?resize=350%2C200&ssl=1","width":350,"height":200},"classes":[]},{"id":6561,"url":"https:\/\/mundo.seashell.pt\/?product=persil-universal-40-doses","url_meta":{"origin":6535,"position":3},"title":"Persil Universal 40 Doses","date":"Fevereiro 23, 2022","format":false,"excerpt":"Persil Universal com tecnologia Limpeza Profunda penetra no interior das fibras removendo at\u00e9 as n\u00f3doas mais dif\u00edceis. Tudo isto, garantindo o cuidado dos tecidos e a frescura duradoura de Persil. Tipo de produto: Detergente P\u00f3Benef\u00edcios: - Limpeza Profunda;- Elimina as n\u00f3doas mais dif\u00edceis;- Frescura d...","rel":"","context":"Similar post","img":{"alt_text":"","src":"https:\/\/i0.wp.com\/mundo.seashell.pt\/wp-content\/uploads\/2022\/02\/05228010102276____1__600x600.jpeg?resize=350%2C200&ssl=1","width":350,"height":200},"classes":[]},{"id":6563,"url":"https:\/\/mundo.seashell.pt\/?product=persil-universal-80-doses","url_meta":{"origin":6535,"position":4},"title":"Persil Universal 80 Doses","date":"Fevereiro 23, 2022","format":false,"excerpt":"Persil Universal com tecnologia Limpeza Profunda penetra no interior das fibras removendo at\u00e9 as n\u00f3doas mais dif\u00edceis. Tudo isto, garantindo o cuidado dos tecidos e a frescura duradoura de Persil. Tipo de produto: Detergente P\u00f3 Benef\u00edcios: - Limpeza Profunda;- Elimina as n\u00f3doas mais dif\u00edceis;- Frescura ...","rel":"","context":"Similar post","img":{"alt_text":"","src":"https:\/\/i0.wp.com\/mundo.seashell.pt\/wp-content\/uploads\/2022\/02\/PERSIL_UNIVERSAL_PO__80D_8410436357258.png?resize=350%2C200&ssl=1","width":350,"height":200},"classes":[]},{"id":6643,"url":"https:\/\/mundo.seashell.pt\/?product=vanish-tira-nodoas-1l","url_meta":{"origin":6535,"position":5},"title":"Vanish Tira N\u00f3doas 1L","date":"Fevereiro 23, 2022","format":false,"excerpt":"Problemas com a lavagem da roupa? Os detergentes nem sempre conseguem remover as n\u00f3doas, proteger as cores e eliminar maus odores. Experimente o novo Vanish\u00a0para brancos e\u00a0cores! A sua f\u00f3rmula remove n\u00f3doas, reaviva as cores e elimina maus odores. Pode ser utilizado em pr\u00e9-tratamento, de molho ou diretamente na m\u00e1quina,\u2026","rel":"","context":"Similar post","img":{"alt_text":"","src":"https:\/\/i0.wp.com\/mundo.seashell.pt\/wp-content\/uploads\/2022\/02\/Vanish_Delicadas_White_1Lx12_8410104884833.png?resize=350%2C200&ssl=1","width":350,"height":200},"classes":[]}],"_links":{"self":[{"href":"https:\/\/mundo.seashell.pt\/index.php?rest_route=\/wp\/v2\/product\/6535","targetHints":{"allow":["GET"]}}],"collection":[{"href":"https:\/\/mundo.seashell.pt\/index.php?rest_route=\/wp\/v2\/product"}],"about":[{"href":"https:\/\/mundo.seashell.pt\/index.php?rest_route=\/wp\/v2\/types\/product"}],"wp:featuredmedia":[{"embeddable":true,"href":"https:\/\/mundo.seashell.pt\/index.php?rest_route=\/wp\/v2\/media\/6536"}],"wp:attachment":[{"href":"https:\/\/mundo.seashell.pt\/index.php?rest_route=%2Fwp%2Fv2%2Fmedia&parent=6535"}],"wp:term":[{"taxonomy":"product_cat","embeddable":true,"href":"https:\/\/mundo.seashell.pt\/index.php?rest_route=%2Fwp%2Fv2%2Fproduct_cat&post=6535"},{"taxonomy":"product_tag","embeddable":true,"href":"https:\/\/mundo.seashell.pt\/index.php?rest_route=%2Fwp%2Fv2%2Fproduct_tag&post=6535"}],"curies":[{"name":"wp","href":"https:\/\/api.w.org\/{rel}","templated":true}]}}