{"id":6533,"date":"2022-02-23T18:45:36","date_gmt":"2022-02-23T18:45:36","guid":{"rendered":"https:\/\/mundo.seashell.pt\/?post_type=product&#038;p=6533"},"modified":"2022-02-23T18:45:39","modified_gmt":"2022-02-23T18:45:39","slug":"substral-liquido-fertilizante-500ml","status":"publish","type":"product","link":"https:\/\/mundo.seashell.pt\/?product=substral-liquido-fertilizante-500ml","title":{"rendered":"Substral L\u00edquido Fertilizante 500ml"},"content":{"rendered":"<p>SUBSTRAL\u00ae Plantas Alimentos \u00e9 um fertilizante l\u00edquido de alta qualidade com bioestimulantes naturais que fornece \u00e0s suas plantas todos os nutrientes principais. Fortalece suas plantas e fornece flores e folhas verdes exuberantes. Os ingredientes bioestimuladores fortalecem a resist\u00eancia \u00e0s m\u00e1s condi\u00e7\u00f5es do solo, incluindo o stress seco (&#8220;f\u00f3rmula anti-stress seco&#8221;). Para plantas visivelmente mais bonitas em 7 dias, em compara\u00e7\u00e3o com plantas n\u00e3o fertilizadas.&nbsp;<\/p>\n<h3>Aplica\u00e7\u00e3o:<\/h3>\n<p>Para todas as plantas em flora\u00e7\u00e3o e plantas verdes<\/p>\n<p>7 ml (meia tampa) por 1 litro de \u00e1gua<\/p>\n","protected":false},"excerpt":{"rendered":"<p>SUBSTRAL\u00ae Plantas Alimentos \u00e9 um fertilizante l\u00edquido de alta qualidade com bioestimulantes naturais que fornece \u00e0s suas plantas todos os nutrientes principais. Fortalece suas plantas e fornece flores e folhas verdes exuberantes. Os ingredientes bioestimuladores fortalecem a resist\u00eancia \u00e0s m\u00e1s condi\u00e7\u00f5es do solo, incluindo o stress seco (&#8220;f\u00f3rm&#8230;<\/p>\n","protected":false},"featured_media":6534,"template":"","meta":{"spay_email":""},"product_cat":[15],"product_tag":[],"class_list":{"0":"post-6533","1":"product","2":"type-product","3":"status-publish","4":"has-post-thumbnail","6":"product_cat-sem-categoria","8":"first","9":"instock","10":"taxable","11":"shipping-taxable","12":"purchasable","13":"product-type-simple"},"acf":[],"jetpack-related-posts":[{"id":6537,"url":"https:\/\/mundo.seashell.pt\/?product=substral-sticks-fertilizantes-30-unidades","url_meta":{"origin":6533,"position":0},"title":"Substral Sticks Fertilizantes &#8211; 30 unidades","date":"Fevereiro 23, 2022","format":false,"excerpt":"Este \u00e9 um fertilizante de planta verde f\u00e1cil de usar em forma de varas. Gra\u00e7as \u00e0 sua f\u00f3rmula \u00fanica e inovadora este fertilizante Substral\u00ae garante um crescimento saud\u00e1vel e um bom desenvolvimento das suas plantas. Alimentos vegetais nesta forma particular s\u00e3o menos problem\u00e1ticos do que produtos l\u00edquidos ou granulados e\u2026","rel":"","context":"Similar post","img":{"alt_text":"","src":"https:\/\/i0.wp.com\/mundo.seashell.pt\/wp-content\/uploads\/2022\/02\/substral_30_sticks.png?resize=350%2C200&ssl=1","width":350,"height":200},"classes":[]},{"id":6529,"url":"https:\/\/mundo.seashell.pt\/?product=substral-abrilhantador-de-folhas-250ml","url_meta":{"origin":6533,"position":1},"title":"Substral Abrilhantador de Folhas 250ml","date":"Fevereiro 23, 2022","format":false,"excerpt":"O brilho das folhas impede que a poeira assente, Substral Abrilhantador de Folhas\u00a0\u00e9 uma subst\u00e2ncia que melhorar\u00e1 imediatamente a apar\u00eancia de suas plantas em vasos verdes. Cria instantaneamente um brilho bonito, natural e duradouro nas folhas das plantas de interior. Melhora a condi\u00e7\u00e3o geral da folhagem e remove as manchas\u2026","rel":"","context":"Similar post","img":{"alt_text":"","src":"https:\/\/i0.wp.com\/mundo.seashell.pt\/wp-content\/uploads\/2022\/02\/SUBSTRAL_ABRILHANTADOR_250_ml.png?resize=350%2C200&ssl=1","width":350,"height":200},"classes":[]},{"id":6700,"url":"https:\/\/mundo.seashell.pt\/?product=toalhitas-suaves-50-unidades","url_meta":{"origin":6533,"position":2},"title":"Toalhitas Suaves &#8211; 50 unidades","date":"Fevereiro 23, 2022","format":false,"excerpt":"NIVEA Toalhitas de Limpeza Suaves 3 em 1 Removem a maquilhagem e a m\u00e1scara waterproof, e limpam delicadamente. Tecido derivado de plantas e f\u00f3rmula sem micropl\u00e1sticos F\u00f3rmula de cuidado enriquecida com \u00d3leo de Am\u00eandoa Natural e feita com ingredientes de origem natural para uma utiliza\u00e7\u00e3o di\u00e1ria. Hidrata...","rel":"","context":"Similar post","img":{"alt_text":"","src":"https:\/\/i0.wp.com\/mundo.seashell.pt\/wp-content\/uploads\/2022\/02\/82316-06600-08_Toalhitas_de_Limpeza_Suaves_Pele_SS_L2P1_4005900450074.png?resize=350%2C200&ssl=1","width":350,"height":200},"classes":[]},{"id":6718,"url":"https:\/\/mundo.seashell.pt\/?product=herbal-essences-champo-025l","url_meta":{"origin":6533,"position":3},"title":"Herbal Essences Champ\u00f4 250ml","date":"Fevereiro 23, 2022","format":false,"excerpt":"Agora, associ\u00e1mo-nos aos Royal Botanic Gardens, Kew, uma autoridade mundial no que diz respeito \u00e0s plantas, para apoiar os verdadeiros produtos bot\u00e2nicos. O bio:renew da Herbal Essences \u00e9 um champ\u00f4 de origem 90% natural*, com ingredientes naturais e um antioxidante ativo que ajuda a purificar e a proteger o cabelo.*\u2026","rel":"","context":"Similar post","img":{"alt_text":"","src":"https:\/\/i0.wp.com\/mundo.seashell.pt\/wp-content\/uploads\/2022\/02\/HERBAL_CHAMPO__HIDRATA_LEITE_COCO_250ML_8001841964744.png?resize=350%2C200&ssl=1","width":350,"height":200},"classes":[]},{"id":6742,"url":"https:\/\/mundo.seashell.pt\/?product=herbal-essences-mascara-025l","url_meta":{"origin":6533,"position":4},"title":"Herbal Essences M\u00e1scara 250ml","date":"Fevereiro 23, 2022","format":false,"excerpt":"Agora, associ\u00e1mo-nos aos Royal Botanic Gardens, Kew, uma autoridade mundial no que diz respeito \u00e0s plantas, para apoiar os verdadeiros produtos bot\u00e2nicos. A bio:renew da Herbal Essences \u00d3leo de Arg\u00e3o de Marrocos \u00e9 uma m\u00e1scara de origem 90% natural*, com ingredientes naturais e um antioxidante ativo que ajuda a purificar\u2026","rel":"","context":"Similar post","img":{"alt_text":"","src":"https:\/\/i0.wp.com\/mundo.seashell.pt\/wp-content\/uploads\/2022\/02\/HERBAL_MA_SCARA_LEITE_DE_COCO_250ML_8001841275376.png?resize=350%2C200&ssl=1","width":350,"height":200},"classes":[]},{"id":6732,"url":"https:\/\/mundo.seashell.pt\/?product=herbal-essences-concidionador-feminino-02l","url_meta":{"origin":6533,"position":5},"title":"Herbal Essences Concidionador Feminino 200ml","date":"Fevereiro 23, 2022","format":false,"excerpt":"Agora, associ\u00e1mo-nos aos Royal Botanic Gardens, Kew, uma autoridade mundial no que diz respeito \u00e0s plantas, para apoiar os verdadeiros produtos bot\u00e2nicos. O Herbal Essences Leite de Coco \u00e9 um Champ\u00f4 de origem 90% natural*, com ingredientes naturais e um antioxidante ativo que ajuda a purificar e proteger o cabelo.Benef\u00edcios:","rel":"","context":"Similar post","img":{"alt_text":"","src":"https:\/\/i0.wp.com\/mundo.seashell.pt\/wp-content\/uploads\/2022\/02\/HERBAL_CONDICIONADOR_HIDRATA_LEITE_COCO_200ML_8001841964621.png?resize=350%2C200&ssl=1","width":350,"height":200},"classes":[]}],"_links":{"self":[{"href":"https:\/\/mundo.seashell.pt\/index.php?rest_route=\/wp\/v2\/product\/6533","targetHints":{"allow":["GET"]}}],"collection":[{"href":"https:\/\/mundo.seashell.pt\/index.php?rest_route=\/wp\/v2\/product"}],"about":[{"href":"https:\/\/mundo.seashell.pt\/index.php?rest_route=\/wp\/v2\/types\/product"}],"wp:featuredmedia":[{"embeddable":true,"href":"https:\/\/mundo.seashell.pt\/index.php?rest_route=\/wp\/v2\/media\/6534"}],"wp:attachment":[{"href":"https:\/\/mundo.seashell.pt\/index.php?rest_route=%2Fwp%2Fv2%2Fmedia&parent=6533"}],"wp:term":[{"taxonomy":"product_cat","embeddable":true,"href":"https:\/\/mundo.seashell.pt\/index.php?rest_route=%2Fwp%2Fv2%2Fproduct_cat&post=6533"},{"taxonomy":"product_tag","embeddable":true,"href":"https:\/\/mundo.seashell.pt\/index.php?rest_route=%2Fwp%2Fv2%2Fproduct_tag&post=6533"}],"curies":[{"name":"wp","href":"https:\/\/api.w.org\/{rel}","templated":true}]}}