{"id":6531,"date":"2022-02-23T18:45:34","date_gmt":"2022-02-23T18:45:34","guid":{"rendered":"https:\/\/mundo.seashell.pt\/?post_type=product&#038;p=6531"},"modified":"2022-02-23T18:45:36","modified_gmt":"2022-02-23T18:45:36","slug":"norit-det-liquido-para-maquina-de-lavar-roupa","status":"publish","type":"product","link":"https:\/\/mundo.seashell.pt\/?product=norit-det-liquido-para-maquina-de-lavar-roupa","title":{"rendered":"Norit Detergente L\u00edquido Beb\u00e9 32 doses"},"content":{"rendered":"<p>Nem todos os detergentes s\u00e3o iguais e nem todos s\u00e3o adequados para lavar as roupas dos mais pequenos. Muitos detergentes convencionais cont\u00eam componentes que podem irritar a pele do beb\u00e9. Norit baby, gra\u00e7as \u00e0 sua f\u00f3rmula hipoalerg\u00eanica, sem conservantes sensibilizantes, sem enzimas e sem al\u00e9rgenos, faz com que seja o melhor detergente para lavar as roupas de beb\u00e9. Mesmo beb\u00e9s com pele at\u00f3pica ou rec\u00e9m-nascidos. Portanto, Norit baby \u00e9 o detergente mais recomendado pelos pediatras, dermatologistas e alergologistas.<\/p>\n<h3>Tipo de produto:<\/h3>\n<p>Detergente L\u00edquido<\/p>\n<h3>Benef\u00edcios:<\/h3>\n<p>&#8211; F\u00f3rmula hipoalerg\u00e9nica, sem conservantes sensibilizantes, sem enzimas e sem al\u00e9rgenos;<br \/>&#8211; Indicado mesmo para peles at\u00f3picas;<br \/>&#8211; Detergente mais recomendado por pediatras, dermatologistas e alergologistas.<\/p>\n<h3>Conselhos de utiliza\u00e7\u00e3o:<\/h3>\n<p>Indicado para lavar roupa \u00e0 m\u00e3o ou na m\u00e1quina. Separe as roupas de beb\u00e9 do resto da fam\u00edlia. Respeite sempre as recomenda\u00e7\u00f5es de lavagem indicadas na etiqueta da roupa. Se houver manchas, primeiro fa\u00e7a um pr\u00e9-tratamento: humede\u00e7a a \u00e1rea a tratar, aplique algumas gotas de Norit Baby e esfregue suavemente antes de colocar a roupa a ser lavada. N\u00e3o encha completamente a m\u00e1quina de lavar roupa. Desta forma, as roupas t\u00eam mais liberdade e o detergente funciona melhor. N\u00e3o use amaciador, pois estes podem causar alergias na pele do beb\u00e9.<\/p>\n<h3>Dicas:<\/h3>\n<p>Quando o seu beb\u00e9 crescer, use Norit peles sens\u00edveis. A sua f\u00f3rmula sem al\u00e9rgenos, perfumes ou conservantes e sensibilizantes continua a proteger a sua pele e elimina, ao mesmo tempo, todas as manchas das pr\u00f3prias crian\u00e7as.<\/p>\n<h3>Roupa Escura:<\/h3>\n<p>As roupas escuras podem rapidamente perder o seu brilho original. Para evitar isso, \u00e9 importante lav\u00e1-los separadamente e com um detergente especial para roupas escuras. Gra\u00e7as aos seus agentes de fixa\u00e7\u00e3o e cuidados de cor, Norit roupa escura mant\u00e9m as cores escuras, fazendo com que as pe\u00e7as retenham o seu tom original por mais tempo.<\/p>\n<h3>Peles Sens\u00edveis:<\/h3>\n<p>A sua pele \u00e9 delicada e precisa de cuidados especiais? Sofre de alguma doen\u00e7a na pele? O seu filho ainda tem dermatite e pretende um detergente que remova tanto a sujidade como as manchas, mas que n\u00e3o danifique a sua pele? Norit peles sens\u00edveis \u00e9 a sua solu\u00e7\u00e3o. Gra\u00e7as \u00e0 sua f\u00f3rmula hipoalerg\u00e9nica, livre de perfumes, corantes e conservantes sensibilizadores, Norit peles sens\u00edveis \u00e9 a melhor op\u00e7\u00e3o para lavar roupas de adultos, crian\u00e7as e beb\u00e9s com pele facilmente irrit\u00e1vel. \u00c9 tamb\u00e9m indicado para pessoas que sofrem de doen\u00e7as de pele, como psor\u00edase ou urtic\u00e1ria cr\u00f3nica. \u00c9 altamente eficaz contra as manchas de crian\u00e7as e beb\u00e9s, como lama e leite.<\/p>\n<p><\/p>\n","protected":false},"excerpt":{"rendered":"<p>Nem todos os detergentes s\u00e3o iguais e nem todos s\u00e3o adequados para lavar as roupas dos mais pequenos. Muitos detergentes convencionais cont\u00eam componentes que podem irritar a pele do beb\u00e9. Norit baby, gra\u00e7as \u00e0 sua f\u00f3rmula hipoalerg\u00eanica, sem conservantes sensibilizantes, sem enzimas e sem al\u00e9rgenos, faz com que seja o melhor detergente para la&#8230;<\/p>\n","protected":false},"featured_media":6532,"template":"","meta":{"spay_email":""},"product_cat":[15],"product_tag":[],"class_list":{"0":"post-6531","1":"product","2":"type-product","3":"status-publish","4":"has-post-thumbnail","6":"product_cat-sem-categoria","8":"first","9":"instock","10":"taxable","11":"shipping-taxable","12":"purchasable","13":"product-type-simple"},"acf":[],"jetpack-related-posts":[{"id":7170,"url":"https:\/\/mundo.seashell.pt\/?product=norit-detergente-liquido-peles-sensiveis-40-doses","url_meta":{"origin":6531,"position":0},"title":"Norit Detergente L\u00edquido Peles Sens\u00edveis 40 doses","date":"Fevereiro 23, 2022","format":false,"excerpt":"Norit Detergente L\u00edquido Peles Sens\u00edveis 40 dosesBenef\u00edcios: - Mant\u00e9m o brilho;- Evita a deforma\u00e7\u00e3o;- Conserva a elasticidade dos tecidos. Conselhos de utiliza\u00e7\u00e3o: Indicado para lavar roupa \u00e0 m\u00e3o ou na m\u00e1quina. Separe as roupas de beb\u00e9 do resto da fam\u00edlia. Respeite sempre as recomenda\u00e7\u00f5es de lavagem ind...","rel":"","context":"Similar post","img":{"alt_text":"","src":"https:\/\/i0.wp.com\/mundo.seashell.pt\/wp-content\/uploads\/2022\/02\/transferir__24_.jpeg?resize=350%2C200&ssl=1","width":350,"height":200},"classes":[]},{"id":7168,"url":"https:\/\/mundo.seashell.pt\/?product=norit-detergente-liquido-roupa-escura-32-doses","url_meta":{"origin":6531,"position":1},"title":"Norit Detergente L\u00edquido Roupa Escura 32 doses","date":"Fevereiro 23, 2022","format":false,"excerpt":"Pretos t\u00e3o escuros e brilhantes como no primeiro dia, mesmo depois de v\u00e1rias lavagens.Descri\u00e7\u00e3o: As roupas escuras podem rapidamente perder o seu brilho original. Para evitar isso, \u00e9 importante lav\u00e1-los separadamente e com um detergente especial para roupas escuras. Gra\u00e7as aos seus agentes de fixa\u00e7\u00e3o e cuidados de cor, Norit\u2026","rel":"","context":"Similar post","img":{"alt_text":"","src":"https:\/\/i0.wp.com\/mundo.seashell.pt\/wp-content\/uploads\/2022\/02\/6787773-frente.jpeg?resize=350%2C200&ssl=1","width":350,"height":200},"classes":[]},{"id":6649,"url":"https:\/\/mundo.seashell.pt\/?product=sanytol-tira-nodoas-em-po-450gr","url_meta":{"origin":6531,"position":2},"title":"Sanytol Tira N\u00f3doas em P\u00f3 450gr","date":"Fevereiro 23, 2022","format":false,"excerpt":"Tira-N\u00f3doas Desinfetante em p\u00f3 que destr\u00f3i 99,9% dos micr\u00f3bios e que elimina eficazmente as manchas mais persistentes mesmo a baixas temperaturas. A sua f\u00f3rmula \u00fanica \u00e0 base de enzimas e oxig\u00e9nio ativo penetra no cora\u00e7\u00e3o das fibras t\u00eaxteis para remover as n\u00f3doas, eliminar o tom amarelado e reavivar o branco\u2026","rel":"","context":"Similar post","img":{"alt_text":"","src":"https:\/\/i0.wp.com\/mundo.seashell.pt\/wp-content\/uploads\/2022\/02\/SANYTOL_TIRA_NO_DOAS_BRANQUEADOR_450g_3045206382601.png?resize=350%2C200&ssl=1","width":350,"height":200},"classes":[]},{"id":5822,"url":"https:\/\/mundo.seashell.pt\/?product=oxipur-stainbuster-1-kg-lavandaria-manual","url_meta":{"origin":6531,"position":3},"title":"Aditivo Oxipur Stainbuster 1 Kg &#8211; Lavandaria Manual","date":"Fevereiro 23, 2022","format":false,"excerpt":"Tira-n\u00f3doas em p\u00f3 para lavar roupa. Remove as n\u00f3doas mais dif\u00edceis gra\u00e7as \u00e0 sua formula\u00e7\u00e3o de a\u00e7\u00e3o combinada com oxig\u00e9nio ativo, enzimas, tensoativos","rel":"","context":"Similar post","img":{"alt_text":"","src":"https:\/\/i0.wp.com\/mundo.seashell.pt\/wp-content\/uploads\/2022\/02\/oxipur_stainbuster_1.jpg?resize=350%2C200&ssl=1","width":350,"height":200},"classes":[]},{"id":6539,"url":"https:\/\/mundo.seashell.pt\/?product=woolite-det-liquido-para-maquina-de-lavaer-ruopa","url_meta":{"origin":6531,"position":4},"title":"Woolite Detergente L\u00edquido 56 Doses","date":"Fevereiro 23, 2022","format":false,"excerpt":"Woolite prote\u00e7\u00e3o l\u00e3s e sedas \u00e9 um detergente l\u00edquido para a m\u00e1quina de lavar roupa. \u00c9 o \u00fanico detergente do mercado com queratina que mant\u00e9m a sua roupa delicada como nova durante mais tempo e limpa e protege sem danificar os tecidos. Woolite sport \u00e9 um detergente l\u00edquido especialmente desenvolvido\u2026","rel":"","context":"Similar post","img":{"alt_text":"","src":"https:\/\/i0.wp.com\/mundo.seashell.pt\/wp-content\/uploads\/2022\/02\/Woolite_P._Brancos_56Dx6_5601217134264.png?resize=350%2C200&ssl=1","width":350,"height":200},"classes":[]},{"id":7172,"url":"https:\/\/mundo.seashell.pt\/?product=woolite-roupa-delicada-25-doses","url_meta":{"origin":6531,"position":5},"title":"Woolite Roupa Delicada 25 Doses","date":"Fevereiro 23, 2022","format":false,"excerpt":"Woolite prote\u00e7\u00e3o l\u00e3s e sedas \u00e9 um detergente l\u00edquido para a m\u00e1quina de lavar roupa. \u00c9 o \u00fanico detergente do mercado com queratina que mant\u00e9m a sua roupa delicada como nova durante mais tempo e limpa e protege sem danificar os tecidos. Benef\u00edcios: - F\u00f3rmula com queratina;- Para roupa de\u2026","rel":"","context":"Similar post","img":{"alt_text":"","src":"https:\/\/i0.wp.com\/mundo.seashell.pt\/wp-content\/uploads\/2022\/02\/6623586-frente.jpeg?resize=350%2C200&ssl=1","width":350,"height":200},"classes":[]}],"_links":{"self":[{"href":"https:\/\/mundo.seashell.pt\/index.php?rest_route=\/wp\/v2\/product\/6531","targetHints":{"allow":["GET"]}}],"collection":[{"href":"https:\/\/mundo.seashell.pt\/index.php?rest_route=\/wp\/v2\/product"}],"about":[{"href":"https:\/\/mundo.seashell.pt\/index.php?rest_route=\/wp\/v2\/types\/product"}],"wp:featuredmedia":[{"embeddable":true,"href":"https:\/\/mundo.seashell.pt\/index.php?rest_route=\/wp\/v2\/media\/6532"}],"wp:attachment":[{"href":"https:\/\/mundo.seashell.pt\/index.php?rest_route=%2Fwp%2Fv2%2Fmedia&parent=6531"}],"wp:term":[{"taxonomy":"product_cat","embeddable":true,"href":"https:\/\/mundo.seashell.pt\/index.php?rest_route=%2Fwp%2Fv2%2Fproduct_cat&post=6531"},{"taxonomy":"product_tag","embeddable":true,"href":"https:\/\/mundo.seashell.pt\/index.php?rest_route=%2Fwp%2Fv2%2Fproduct_tag&post=6531"}],"curies":[{"name":"wp","href":"https:\/\/api.w.org\/{rel}","templated":true}]}}