{"id":6529,"date":"2022-02-23T18:45:32","date_gmt":"2022-02-23T18:45:32","guid":{"rendered":"https:\/\/mundo.seashell.pt\/?post_type=product&#038;p=6529"},"modified":"2022-02-23T18:45:34","modified_gmt":"2022-02-23T18:45:34","slug":"substral-abrilhantador-de-folhas-250ml","status":"publish","type":"product","link":"https:\/\/mundo.seashell.pt\/?product=substral-abrilhantador-de-folhas-250ml","title":{"rendered":"Substral Abrilhantador de Folhas 250ml"},"content":{"rendered":"<p>O brilho das folhas impede que a poeira assente, Substral Abrilhantador de Folhas&nbsp;\u00e9 uma subst\u00e2ncia que melhorar\u00e1 imediatamente a apar\u00eancia de suas plantas em vasos verdes. Cria instantaneamente um brilho bonito, natural e duradouro nas folhas das plantas de interior. Melhora a condi\u00e7\u00e3o geral da folhagem e remove as manchas de c\u00e1lcio que ocorrem como resultado do uso de \u00e1gua dura para regar ou aspers\u00e3o das plantas. Impede que a poeira assente na superf\u00edcie das folhas. A folha substral tamb\u00e9m limita a transpira\u00e7\u00e3o, o que significa que as plantas perdem menos \u00e1gua atrav\u00e9s das l\u00e2minas. Por\u00e9m, isso n\u00e3o atrapalha os processos de troca de g\u00e1s natural. Nosso produto tamb\u00e9m melhorar\u00e1 rapidamente a apar\u00eancia das flores, removendo as manchas e descolora\u00e7\u00f5es.<\/p>\n<h3>Modo de Uso:<\/h3>\n<p>Esta prepara\u00e7\u00e3o \u00e9 entregue pronta para uso e o recipiente permite borrif\u00e1-lo facilmente sobre as folhas. Pulverize a superf\u00edcie superior das folhas de aproximadamente 30 cm. Aplique uma camada fina apenas para evitar a forma\u00e7\u00e3o de gotas e o agente escorrer.&nbsp;<\/p>\n<h3>Advert\u00eancias:<\/h3>\n<p>N\u00e3o aplicar o produto na parte inferior das folhas, nem a altas temperaturas ou sob o sol. Evite espalh\u00e1-lo sobre as plantas com folhas delicadas e peludas.<\/p>\n","protected":false},"excerpt":{"rendered":"<p>O brilho das folhas impede que a poeira assente, Substral Abrilhantador de Folhas&nbsp;\u00e9 uma subst\u00e2ncia que melhorar\u00e1 imediatamente a apar\u00eancia de suas plantas em vasos verdes. Cria instantaneamente um brilho bonito, natural e duradouro nas folhas das plantas de interior. Melhora a condi\u00e7\u00e3o geral da folhagem e remove as manchas de c\u00e1lcio que &#8230;<\/p>\n","protected":false},"featured_media":6530,"template":"","meta":{"spay_email":""},"product_cat":[15],"product_tag":[],"class_list":{"0":"post-6529","1":"product","2":"type-product","3":"status-publish","4":"has-post-thumbnail","6":"product_cat-sem-categoria","8":"first","9":"instock","10":"taxable","11":"shipping-taxable","12":"purchasable","13":"product-type-simple"},"acf":[],"jetpack-related-posts":[{"id":6533,"url":"https:\/\/mundo.seashell.pt\/?product=substral-liquido-fertilizante-500ml","url_meta":{"origin":6529,"position":0},"title":"Substral L\u00edquido Fertilizante 500ml","date":"Fevereiro 23, 2022","format":false,"excerpt":"SUBSTRAL\u00ae Plantas Alimentos \u00e9 um fertilizante l\u00edquido de alta qualidade com bioestimulantes naturais que fornece \u00e0s suas plantas todos os nutrientes principais. Fortalece suas plantas e fornece flores e folhas verdes exuberantes. Os ingredientes bioestimuladores fortalecem a resist\u00eancia \u00e0s m\u00e1s condi\u00e7\u00f5es do solo, incluindo o stress seco (\"f\u00f3rm...","rel":"","context":"Similar post","img":{"alt_text":"","src":"https:\/\/i0.wp.com\/mundo.seashell.pt\/wp-content\/uploads\/2022\/02\/SUBSTRAL_LIQUIDO_500ml.png?resize=350%2C200&ssl=1","width":350,"height":200},"classes":[]},{"id":5844,"url":"https:\/\/mundo.seashell.pt\/?product=acid-rinse-5kg-loica-automatica","url_meta":{"origin":6529,"position":1},"title":"Abrilhantador Acid Rinse &#8211; Loi\u00e7a Autom\u00e1tica","date":"Fevereiro 23, 2022","format":false,"excerpt":"Abrilhantador \u00e1cido para a lavagem mec\u00e2nica da lou\u00e7a, mesmo na presen\u00e7a de \u00e1guas duras.","rel":"","context":"Similar post","img":{"alt_text":"","src":"https:\/\/i0.wp.com\/mundo.seashell.pt\/wp-content\/uploads\/2022\/02\/acid_rinse.jpg?resize=350%2C200&ssl=1","width":350,"height":200},"classes":[]},{"id":5840,"url":"https:\/\/mundo.seashell.pt\/?product=eco-rinse-5kg-loica-automatica","url_meta":{"origin":6529,"position":2},"title":"Abrilhantador Eco Rinse &#8211; Loi\u00e7a Autom\u00e1tica","date":"Fevereiro 23, 2022","format":false,"excerpt":"Abrilhantador neutro para lavagem mec\u00e2nica de lou\u00e7a para todos os tipos de \u00e1gua.","rel":"","context":"Similar post","img":{"alt_text":"","src":"https:\/\/i0.wp.com\/mundo.seashell.pt\/wp-content\/uploads\/2022\/02\/eco_rinse.jpg?resize=350%2C200&ssl=1","width":350,"height":200},"classes":[]},{"id":5842,"url":"https:\/\/mundo.seashell.pt\/?product=neutral-rinse-hp-20kg-loica-automatica","url_meta":{"origin":6529,"position":3},"title":"Abrilhantador Neutral Rinse HP 20Kg &#8211; Loi\u00e7a Autom\u00e1tica","date":"Fevereiro 23, 2022","format":false,"excerpt":"Abrilhantador neutro para facilitar o enxaguamento nas m\u00e1quinas de lavar loi\u00e7a, para \u00e1guas brandas ou de dureza m\u00e9dia.","rel":"","context":"Similar post","img":{"alt_text":"","src":"https:\/\/i0.wp.com\/mundo.seashell.pt\/wp-content\/uploads\/2022\/02\/neutral_rinse_hp.jpg?resize=350%2C200&ssl=1","width":350,"height":200},"classes":[]},{"id":6507,"url":"https:\/\/mundo.seashell.pt\/?product=sun-classic-32-pastilhas","url_meta":{"origin":6529,"position":4},"title":"Sun Classic 32 Pastilhas","date":"Fevereiro 23, 2022","format":false,"excerpt":"As pastilhas Sun Classic, com a sua f\u00f3rmula All in One, garantem uma limpeza perfeita numa s\u00f3 lavagem. Cont\u00eam abrilhantador e removem as manchas mais dif\u00edceis, mesmo sem pr\u00e9-lavagem. Tipo de produto: Detergente Pastilhas Benef\u00edcios: - Anti-gordura e anti-manchas;- Limpeza perfeita;- N\u00e3o necessita de pr\u00e9...","rel":"","context":"Similar post","img":{"alt_text":"","src":"https:\/\/i0.wp.com\/mundo.seashell.pt\/wp-content\/uploads\/2022\/02\/8915914784798.jpeg?resize=350%2C200&ssl=1","width":350,"height":200},"classes":[]},{"id":6505,"url":"https:\/\/mundo.seashell.pt\/?product=sun-pastilhas-maquina-loica","url_meta":{"origin":6529,"position":5},"title":"Sun All in One 30 Pastilhas","date":"Fevereiro 23, 2022","format":false,"excerpt":"As pastilhas Sun All In 1 regular, com a sua f\u00f3rmula All in One, garantem uma limpeza perfeita numa s\u00f3 lavagem. Cont\u00eam abrilhantador e removem as manchas mais dif\u00edceis, mesmo sem pr\u00e9-lavagem. Tipo de produto: Detergente PastilhasBenef\u00edcios: - Anti-gordura e anti-manchas;- Limpeza perfeita;- N\u00e3o necessit...","rel":"","context":"Similar post","img":{"alt_text":"","src":"https:\/\/i0.wp.com\/mundo.seashell.pt\/wp-content\/uploads\/2022\/02\/7128672-frente.jpeg?resize=350%2C200&ssl=1","width":350,"height":200},"classes":[]}],"_links":{"self":[{"href":"https:\/\/mundo.seashell.pt\/index.php?rest_route=\/wp\/v2\/product\/6529","targetHints":{"allow":["GET"]}}],"collection":[{"href":"https:\/\/mundo.seashell.pt\/index.php?rest_route=\/wp\/v2\/product"}],"about":[{"href":"https:\/\/mundo.seashell.pt\/index.php?rest_route=\/wp\/v2\/types\/product"}],"wp:featuredmedia":[{"embeddable":true,"href":"https:\/\/mundo.seashell.pt\/index.php?rest_route=\/wp\/v2\/media\/6530"}],"wp:attachment":[{"href":"https:\/\/mundo.seashell.pt\/index.php?rest_route=%2Fwp%2Fv2%2Fmedia&parent=6529"}],"wp:term":[{"taxonomy":"product_cat","embeddable":true,"href":"https:\/\/mundo.seashell.pt\/index.php?rest_route=%2Fwp%2Fv2%2Fproduct_cat&post=6529"},{"taxonomy":"product_tag","embeddable":true,"href":"https:\/\/mundo.seashell.pt\/index.php?rest_route=%2Fwp%2Fv2%2Fproduct_tag&post=6529"}],"curies":[{"name":"wp","href":"https:\/\/api.w.org\/{rel}","templated":true}]}}