{"id":6525,"date":"2022-02-23T18:45:12","date_gmt":"2022-02-23T18:45:12","guid":{"rendered":"https:\/\/mundo.seashell.pt\/?post_type=product&#038;p=6525"},"modified":"2022-02-23T18:45:14","modified_gmt":"2022-02-23T18:45:14","slug":"ratoeira-para-ratazanas","status":"publish","type":"product","link":"https:\/\/mundo.seashell.pt\/?product=ratoeira-para-ratazanas","title":{"rendered":"Ratoeira para Ratazanas"},"content":{"rendered":"<p>Ratoeira de tamanho grande para apanhar roedores grandes.&nbsp;&nbsp;<\/p>\n","protected":false},"excerpt":{"rendered":"<p>Ratoeira de tamanho grande para apanhar roedores grandes.\u00a0\u00a0<\/p>\n","protected":false},"featured_media":6526,"template":"","meta":{"spay_email":""},"product_cat":[15],"product_tag":[],"class_list":{"0":"post-6525","1":"product","2":"type-product","3":"status-publish","4":"has-post-thumbnail","6":"product_cat-sem-categoria","8":"first","9":"instock","10":"taxable","11":"shipping-taxable","12":"purchasable","13":"product-type-simple"},"acf":[],"jetpack-related-posts":[{"id":6527,"url":"https:\/\/mundo.seashell.pt\/?product=ratoeira-para-ratos","url_meta":{"origin":6525,"position":0},"title":"Ratoeira para Ratos","date":"Fevereiro 23, 2022","format":false,"excerpt":"2 ratoeiras para apanhar ratos pequenos ou m\u00e9dios. 2 unidades.","rel":"","context":"Similar post","img":{"alt_text":"","src":"https:\/\/i0.wp.com\/mundo.seashell.pt\/wp-content\/uploads\/2022\/02\/SBM_TRAMPA_PEQUEN_O_MADERA_RATONES_2UDS_CAJA_3664715028598.png?resize=350%2C200&ssl=1","width":350,"height":200},"classes":[]},{"id":6331,"url":"https:\/\/mundo.seashell.pt\/?product=ratrom-3g-25-isco-fresco-rodenticida","url_meta":{"origin":6525,"position":1},"title":"Ratrom 3G 25 Isco Fresco Rodenticida","date":"Fevereiro 23, 2022","format":false,"excerpt":"Isco pronto a utilizar contendo como ingrediente ativo o anticoagulante Brodifacume, efetivo em ratos dom\u00e9sticos (mus musculus) e ratos castanhos (rattus norvegicus) mesmo ap\u00f3s uma \u00fanica ingest\u00e3o. A formula\u00e7\u00e3o consiste num isco em pasta \u201cfresca\", particularmente atrativa ao paladar de todas as esp\u00e9cies de roedores descritas. O produto n\u00e3o cau...","rel":"","context":"Similar post","img":{"alt_text":"","src":"https:\/\/i0.wp.com\/mundo.seashell.pt\/wp-content\/uploads\/2022\/02\/SOLIS_Ratrom_3G_25_Isco_Fresco_150gr.png?resize=350%2C200&ssl=1","width":350,"height":200},"classes":[]},{"id":6147,"url":"https:\/\/mundo.seashell.pt\/?product=luvas-universais","url_meta":{"origin":6525,"position":2},"title":"Luvas Universais","date":"Fevereiro 23, 2022","format":false,"excerpt":"Grande resist\u00eancia Ideal para as tarefas de limpeza mais exigentes, com grande resist\u00eancia e durabilidade. Composi\u00e7\u00e3o 100% nitr\u00edlica, oferece grande flexibilidade, sensibilidade e conforto devido ao seu forro interior de algod\u00e3o.Tem tratamento bactericida e s\u00e3o certificados com o selo CE da categoria III...","rel":"","context":"Similar post","img":{"alt_text":"","src":"https:\/\/i0.wp.com\/mundo.seashell.pt\/wp-content\/uploads\/2022\/02\/07-gloves-05-gloves-universal-portrait_PhotoRoom_20210418_123030.jpg?resize=350%2C200&ssl=1","width":350,"height":200},"classes":[]},{"id":6153,"url":"https:\/\/mundo.seashell.pt\/?product=luvas-ultrassensiveis","url_meta":{"origin":6525,"position":3},"title":"Luvas Ultrassens\u00edveis","date":"Fevereiro 23, 2022","format":false,"excerpt":"100% l\u00e1tex natural Projetado para ser usado em tarefas que necessitam da prote\u00e7\u00e3o das m\u00e3os e simultaneamente grande sensibilidade para a manipula\u00e7\u00e3o de objetos, ferramentas ou equipamentos. Luva de l\u00e1tex natural e neopreno com tratamento externo. N\u00e3o t\u00eam forro interno para oferecer um toque mais sens\u00edvel e pr\u00f3ximo ao da\u2026","rel":"","context":"Similar post","img":{"alt_text":"","src":"https:\/\/i0.wp.com\/mundo.seashell.pt\/wp-content\/uploads\/2022\/02\/07-gloves-06-gloves-lightweight-portrait_PhotoRoom_20210418_123257.jpg?resize=350%2C200&ssl=1","width":350,"height":200},"classes":[]},{"id":6171,"url":"https:\/\/mundo.seashell.pt\/?product=tapete-transec-vileda","url_meta":{"origin":6525,"position":4},"title":"Tapete Transec &#8211; Vileda","date":"Fevereiro 23, 2022","format":false,"excerpt":"Transec \u00e9 um tapete vers\u00e1til concebido para reter com\u00a0grande efic\u00e1cia sujidade l\u00edquida. Ideal para colocar nos acessos a zonas muito h\u00famidas, de edif\u00edcios em geral,\u00a0linhas de produ\u00e7\u00e3o ou laborat\u00f3rios. \u00c9 usado tamb\u00e9m\u00a0como complemento de secagem num sistema que inclua\u00a0um tapete V-Mat ou Transit. Descri\u00e7...","rel":"","context":"Similar post","img":{"alt_text":"","src":"https:\/\/i0.wp.com\/mundo.seashell.pt\/wp-content\/uploads\/2022\/02\/tapetes-desinfectantes-60x90-pack-2-unidades-pt-2.jpeg?resize=350%2C200&ssl=1","width":350,"height":200},"classes":[]},{"id":5526,"url":"https:\/\/mundo.seashell.pt\/?product=rolo-auto-corte-renovagreen-210-2fl-6rolosx120mt","url_meta":{"origin":6525,"position":5},"title":"Rolo Auto-Corte Renova Green Folha Dupla (6 Rolos x 120m)","date":"Fevereiro 23, 2022","format":false,"excerpt":"Os rolos Renovagreen s\u00e3o indicados para dispensadores de corte autom\u00e1tico, ideais para casas de banho com muito movimento. Economize tempo e reduza o desperd\u00edcio.","rel":"","context":"Similar post","img":{"alt_text":"","src":"https:\/\/i0.wp.com\/mundo.seashell.pt\/wp-content\/uploads\/2022\/02\/200068895_________T_Mao_Renovagreen_210_120m_2F_6r_br_CA_PhotoRoom_20210411_161400.jpg?resize=350%2C200&ssl=1","width":350,"height":200},"classes":[]}],"_links":{"self":[{"href":"https:\/\/mundo.seashell.pt\/index.php?rest_route=\/wp\/v2\/product\/6525","targetHints":{"allow":["GET"]}}],"collection":[{"href":"https:\/\/mundo.seashell.pt\/index.php?rest_route=\/wp\/v2\/product"}],"about":[{"href":"https:\/\/mundo.seashell.pt\/index.php?rest_route=\/wp\/v2\/types\/product"}],"wp:featuredmedia":[{"embeddable":true,"href":"https:\/\/mundo.seashell.pt\/index.php?rest_route=\/wp\/v2\/media\/6526"}],"wp:attachment":[{"href":"https:\/\/mundo.seashell.pt\/index.php?rest_route=%2Fwp%2Fv2%2Fmedia&parent=6525"}],"wp:term":[{"taxonomy":"product_cat","embeddable":true,"href":"https:\/\/mundo.seashell.pt\/index.php?rest_route=%2Fwp%2Fv2%2Fproduct_cat&post=6525"},{"taxonomy":"product_tag","embeddable":true,"href":"https:\/\/mundo.seashell.pt\/index.php?rest_route=%2Fwp%2Fv2%2Fproduct_tag&post=6525"}],"curies":[{"name":"wp","href":"https:\/\/api.w.org\/{rel}","templated":true}]}}