{"id":6523,"date":"2022-02-23T18:45:09","date_gmt":"2022-02-23T18:45:09","guid":{"rendered":"https:\/\/mundo.seashell.pt\/?post_type=product&#038;p=6523"},"modified":"2022-02-23T18:45:11","modified_gmt":"2022-02-23T18:45:11","slug":"surf-det-liquido-para-maquina-de-lavar-roupa-72-doses","status":"publish","type":"product","link":"https:\/\/mundo.seashell.pt\/?product=surf-det-liquido-para-maquina-de-lavar-roupa-72-doses","title":{"rendered":"Surf Det. L\u00edquido para M\u00e1quina de Lavar Roupa 72 Doses"},"content":{"rendered":"<h3>Descri\u00e7\u00e3o:<\/h3>\n<p>Inspirado na natureza, Surf vai proporcionar \u00e0 sua roupa uma lavagem eficaz, acompanhada de uma explos\u00e3o de v\u00e1rias fregr\u00e2ncias<\/p>\n<h3>Tipo de produto:<\/h3>\n<p>Detergente L\u00edquido<\/p>\n<h3>Benef\u00edcios:<\/h3>\n<p>&#8211; Frescura duradoura;<br \/>&#8211; Explos\u00e3o de perfume;<br \/>&#8211; Aroma energizante.<\/p>\n<h3>Conselhos de utiliza\u00e7\u00e3o:<\/h3>\n<p>O seu modo de utiliza\u00e7\u00e3o \u00e9 pr\u00e1tico e f\u00e1cil. O detergente \u00e9 colocado na gaveta destinada ao detergente ou na bola doseadora, que deve ir para dentro do tambor, por cima da carga.<\/p>\n<p><\/p>\n","protected":false},"excerpt":{"rendered":"<p>Descri\u00e7\u00e3o:<br \/>\nInspirado na natureza, Surf vai proporcionar \u00e0 sua roupa uma lavagem eficaz, acompanhada de uma explos\u00e3o de v\u00e1rias fregr\u00e2ncias<br \/>\nTipo de produto:<br \/>\nDetergente L\u00edquidoBenef\u00edcios:<br \/>\n&#8211; Frescura duradoura;- Explos\u00e3o de perfume;- Aroma energizante.<br \/>\nConselhos de utiliza\u00e7\u00e3o:<br \/>\nO seu&#8230;<\/p>\n","protected":false},"featured_media":6524,"template":"","meta":{"spay_email":""},"product_cat":[15],"product_tag":[],"class_list":{"0":"post-6523","1":"product","2":"type-product","3":"status-publish","4":"has-post-thumbnail","6":"product_cat-sem-categoria","8":"first","9":"instock","10":"taxable","11":"shipping-taxable","12":"purchasable","13":"product-type-simple"},"acf":[],"jetpack-related-posts":[{"id":6567,"url":"https:\/\/mundo.seashell.pt\/?product=surf-72-doses","url_meta":{"origin":6523,"position":0},"title":"Surf 72 Doses","date":"Fevereiro 23, 2022","format":false,"excerpt":"Inspirado na natureza, Surf l\u00edrios tropicais e ylang ylang vai proporcionar \u00e0 sua roupa uma lavagem eficaz, acompanhada de uma explos\u00e3o de perfume tropical. Descobre mais sobre as fragr\u00e2ncias fabulosas de Surf! Tipo de produto: Detergente P\u00f3 Notas\/Frag\u00e2ncia: TropicalBenef\u00edcios: - Frescura durado...","rel":"","context":"Similar post","img":{"alt_text":"","src":"https:\/\/i0.wp.com\/mundo.seashell.pt\/wp-content\/uploads\/2022\/02\/media__1_.jpeg?resize=350%2C200&ssl=1","width":350,"height":200},"classes":[]},{"id":6587,"url":"https:\/\/mundo.seashell.pt\/?product=surf-detergente-50-capsulas","url_meta":{"origin":6523,"position":1},"title":"Surf Detergente 50 C\u00e1psulas","date":"Fevereiro 23, 2022","format":false,"excerpt":"Novo Surf vai proporcionar \u00e0 sua roupa uma explos\u00e3o de perfume de coco. Descobre mais sobre as v\u00e1rias fragr\u00e2ncias fabulosas de Surf! Tipo de produto: Detergente C\u00e1psulas Notas\/Frag\u00e2ncia: Tropical - Frescura duradoura;- Explos\u00e3o de perfume;- Aroma energizante. Conselhos de utiliza\u00e7\u00e3o:...","rel":"","context":"Similar post","img":{"alt_text":"","src":"https:\/\/i0.wp.com\/mundo.seashell.pt\/wp-content\/uploads\/2022\/02\/SURF_Caps_Trio_Tropical_50_8720181001154.png?resize=350%2C200&ssl=1","width":350,"height":200},"classes":[]},{"id":6611,"url":"https:\/\/mundo.seashell.pt\/?product=lenor-unstoppable-perolas-fresh-210gr","url_meta":{"origin":6523,"position":2},"title":"Lenor Unstoppable P\u00e9rolas Fresh 210gr","date":"Fevereiro 23, 2022","format":false,"excerpt":"Dispon\u00edvel em diferentes fragr\u00e2ncias, Lenor Unstoppables d\u00e1 uma frescura \u00e0 sua roupa. Com a sua explos\u00e3o de perfume que perdura, as suas roupas v\u00e3o estar sempre prontas a ser usadas com o seu perfume favorito. Unstoppables Fresh tem um aroma de frutas c\u00edtricas e fruta fresca, envolvida em notas florais.\u2026","rel":"","context":"Similar post","img":{"alt_text":"","src":"https:\/\/i0.wp.com\/mundo.seashell.pt\/wp-content\/uploads\/2022\/02\/UNSTOPPABLES_LENOR_PE_ROLAS_FRESH_140G_8001841006680.png?resize=350%2C200&ssl=1","width":350,"height":200},"classes":[]},{"id":6589,"url":"https:\/\/mundo.seashell.pt\/?product=surf-amaciador-de-roupa-90-doses","url_meta":{"origin":6523,"position":3},"title":"Surf Amaciador de Roupa 90 Doses","date":"Fevereiro 23, 2022","format":false,"excerpt":"Tipo de Produto: Detergente L\u00edquido Benef\u00edcios: - Explos\u00e3o de perfume duradouro;- 90 doses.","rel":"","context":"Similar post","img":{"alt_text":"","src":"https:\/\/i0.wp.com\/mundo.seashell.pt\/wp-content\/uploads\/2022\/02\/SURF_AMACIADOR_ROSA_ROSMANINHO_1.8L_-_90_DOSES_8720181135101.png?resize=350%2C200&ssl=1","width":350,"height":200},"classes":[]},{"id":6521,"url":"https:\/\/mundo.seashell.pt\/?product=persil-det-liquido-para-maquina-de-lavar-roupa","url_meta":{"origin":6523,"position":4},"title":"Persil Det. L\u00edquido para M\u00e1quina de Lavar Roupa 25 Doses","date":"Fevereiro 23, 2022","format":false,"excerpt":"Persil com tecnologia Limpeza Ativa penetra no interior das fibras removendo at\u00e9 as n\u00f3doas mais dif\u00edceis. Tudo isto, garantindo o cuidado dos tecidos e a frescura duradoura de Persil. Tipo de produto: Detergente L\u00edquidoBenef\u00edcios: - Limpeza Profunda;- Elimina N\u00f3doas;- Frescura Duradoura. Conselh...","rel":"","context":"Similar post","img":{"alt_text":"","src":"https:\/\/i0.wp.com\/mundo.seashell.pt\/wp-content\/uploads\/2022\/02\/PERSIL_COLOR_GEL___R___25D_8410436334433.png?resize=350%2C200&ssl=1","width":350,"height":200},"classes":[]},{"id":6535,"url":"https:\/\/mundo.seashell.pt\/?product=xau-det-liquido-para-maquina-de-lavar-roupa","url_meta":{"origin":6523,"position":5},"title":"Xau Detergente L\u00edquido 88 Doses","date":"Fevereiro 23, 2022","format":false,"excerpt":"Tipo de produto: Detergente L\u00edquidoBenef\u00edcios: - Limpeza e frescura 3x mais duradoura;- Frescura de primavera;- Com libertador de frag\u00e2ncia;- Para brancos e cores;- Poder tira-n\u00f3doas em \u00e1gua fria. Conselhos de utiliza\u00e7\u00e3o: Na m\u00e1quina: Para n\u00f3doas normais, adicione 5...","rel":"","context":"Similar post","img":{"alt_text":"","src":"https:\/\/i0.wp.com\/mundo.seashell.pt\/wp-content\/uploads\/2022\/02\/Xau_Liquido_Frescura_Ci_trica_88Dx3_5601217134813.png?resize=350%2C200&ssl=1","width":350,"height":200},"classes":[]}],"_links":{"self":[{"href":"https:\/\/mundo.seashell.pt\/index.php?rest_route=\/wp\/v2\/product\/6523","targetHints":{"allow":["GET"]}}],"collection":[{"href":"https:\/\/mundo.seashell.pt\/index.php?rest_route=\/wp\/v2\/product"}],"about":[{"href":"https:\/\/mundo.seashell.pt\/index.php?rest_route=\/wp\/v2\/types\/product"}],"wp:featuredmedia":[{"embeddable":true,"href":"https:\/\/mundo.seashell.pt\/index.php?rest_route=\/wp\/v2\/media\/6524"}],"wp:attachment":[{"href":"https:\/\/mundo.seashell.pt\/index.php?rest_route=%2Fwp%2Fv2%2Fmedia&parent=6523"}],"wp:term":[{"taxonomy":"product_cat","embeddable":true,"href":"https:\/\/mundo.seashell.pt\/index.php?rest_route=%2Fwp%2Fv2%2Fproduct_cat&post=6523"},{"taxonomy":"product_tag","embeddable":true,"href":"https:\/\/mundo.seashell.pt\/index.php?rest_route=%2Fwp%2Fv2%2Fproduct_tag&post=6523"}],"curies":[{"name":"wp","href":"https:\/\/api.w.org\/{rel}","templated":true}]}}