{"id":6519,"date":"2022-02-23T18:44:47","date_gmt":"2022-02-23T18:44:47","guid":{"rendered":"https:\/\/mundo.seashell.pt\/?post_type=product&#038;p=6519"},"modified":"2022-02-23T18:44:49","modified_gmt":"2022-02-23T18:44:49","slug":"skip-det-liquido-para-maquina-de-lavar-roupa","status":"publish","type":"product","link":"https:\/\/mundo.seashell.pt\/?product=skip-det-liquido-para-maquina-de-lavar-roupa","title":{"rendered":"Skip Det. L\u00edquido para M\u00e1quina de Lavar Roupa"},"content":{"rendered":"<p>A a\u00e7\u00e3o extra power de Skip L\u00edquido garante a efic\u00e1cia mesmo em \u00e1gua fria e em ciclos curtos, deixando as roupas da sua fam\u00edlia limpas e frescas, uma e outra vez. A f\u00f3rmula \u00fanica de Skip dissolve-se facilmente na lavagem, garantindo toda a efic\u00e1cia, mesmo na remo\u00e7\u00e3o das n\u00f3doas mais dif\u00edceis. Para todos aqueles que gostam de aventuras, e com os pais brincar com pinturas, n\u00e3o diga n\u00e3o a uma boa brincadeira.<\/p>\n<h3>Tipo de produto:<\/h3>\n<p>Detergente L\u00edquido<\/p>\n<h3>Benef\u00edcios:<\/h3>\n<p>&#8211; Remo\u00e7\u00e3o de n\u00f3doas mais dif\u00edceis \u00e0 primeira;<br \/>&#8211; Eficaz tamb\u00e9m em \u00e1gua fria e ciclos curtos.<\/p>\n<h3>Conselhos de utiliza\u00e7\u00e3o:<\/h3>\n<p>O seu modo de utiliza\u00e7\u00e3o \u00e9 pr\u00e1tico e f\u00e1cil. O detergente \u00e9 colocado na gaveta destinada ao detergente ou ent\u00e3o na bola doseadora, que deve ir para dentro do tambor, por cima da carga de roupa. Para tratar n\u00f3doas mais dif\u00edceis, aplique um pouco de produto sobre o tecido e esfregue com a bola tira-n\u00f3doas. Depois lave normalmente.<\/p>\n<p><\/p>\n","protected":false},"excerpt":{"rendered":"<p>A a\u00e7\u00e3o extra power de Skip L\u00edquido garante a efic\u00e1cia mesmo em \u00e1gua fria e em ciclos curtos, deixando as roupas da sua fam\u00edlia limpas e frescas, uma e outra vez. A f\u00f3rmula \u00fanica de Skip dissolve-se facilmente na lavagem, garantindo toda a efic\u00e1cia, mesmo na remo\u00e7\u00e3o das n\u00f3doas mais dif\u00edceis. Para todos aqueles que gostam de aventuras, e com os&#8230;<\/p>\n","protected":false},"featured_media":6520,"template":"","meta":{"spay_email":""},"product_cat":[15],"product_tag":[],"class_list":{"0":"post-6519","1":"product","2":"type-product","3":"status-publish","4":"has-post-thumbnail","6":"product_cat-sem-categoria","8":"first","9":"instock","10":"taxable","11":"shipping-taxable","12":"purchasable","13":"product-type-simple"},"acf":[],"jetpack-related-posts":[{"id":6551,"url":"https:\/\/mundo.seashell.pt\/?product=skip-active-clean-66-doses","url_meta":{"origin":6519,"position":0},"title":"Skip Active Clean 66 Doses","date":"Fevereiro 23, 2022","format":false,"excerpt":"A a\u00e7\u00e3o extra power de Skip Active Clean garante a efic\u00e1cia mesmo em \u00e1gua fria e em ciclos curtos, deixando as roupas da sua fam\u00edlia limpas e frescas, uma e outra vez. A f\u00f3rmula \u00fanica de Skip Active Clean dissolve-se facilmente na lavagem, garantindo toda a efic\u00e1cia, mesmo na remo\u00e7\u00e3o\u2026","rel":"","context":"Similar post","img":{"alt_text":"","src":"https:\/\/i0.wp.com\/mundo.seashell.pt\/wp-content\/uploads\/2022\/02\/7156790-direito.jpeg?resize=350%2C200&ssl=1","width":350,"height":200},"classes":[]},{"id":6547,"url":"https:\/\/mundo.seashell.pt\/?product=skip-active-clean-25-doses","url_meta":{"origin":6519,"position":1},"title":"Skip Active Clean 25 Doses","date":"Fevereiro 23, 2022","format":false,"excerpt":"A a\u00e7\u00e3o extra power de Skip Active Clean garante a efic\u00e1cia mesmo em \u00e1gua fria e em ciclos curtos, deixando as roupas da sua fam\u00edlia limpas e frescas, uma e outra vez. A f\u00f3rmula \u00fanica de Skip Active Clean dissolve-se facilmente na lavagem, garantindo toda a efic\u00e1cia, mesmo na remo\u00e7\u00e3o\u2026","rel":"","context":"Similar post","img":{"alt_text":"","src":"https:\/\/i0.wp.com\/mundo.seashell.pt\/wp-content\/uploads\/2022\/02\/7286666-direito.jpeg?resize=350%2C200&ssl=1","width":350,"height":200},"classes":[]},{"id":6647,"url":"https:\/\/mundo.seashell.pt\/?product=skip-oxigenio-bioativo-3l","url_meta":{"origin":6519,"position":2},"title":"Skip Oxig\u00eanio Bioativo 3L","date":"Fevereiro 23, 2022","format":false,"excerpt":"Skip aditivo l\u00edquido com oxig\u00e9nio bioativo remove cuidadosamente e sem esfor\u00e7o as n\u00f3doas mais dif\u00edceis, podendo ser utilizado em roupas brancas e de cor. Tipo de produto: Lix\u00edvia DelicadaBenef\u00edcios: - Remo\u00e7\u00e3o de n\u00f3doas, sem esfregar, diretamente na m\u00e1quina;- Cuidado da roupa, nos tecidos e nas cores;- O...","rel":"","context":"Similar post","img":{"alt_text":"","src":"https:\/\/i0.wp.com\/mundo.seashell.pt\/wp-content\/uploads\/2022\/02\/SKIP_ADITIVO_LIQUIDO_3L_8710847944413.png?resize=350%2C200&ssl=1","width":350,"height":200},"classes":[]},{"id":6553,"url":"https:\/\/mundo.seashell.pt\/?product=skip-sabao-natural-80-doses","url_meta":{"origin":6519,"position":3},"title":"Skip Sab\u00e3o Natural 80 Doses","date":"Fevereiro 23, 2022","format":false,"excerpt":"Tipo de produto: Detergente P\u00f3 \/ Sab\u00e3o Natual com um toque de Lim\u00e3o","rel":"","context":"Similar post","img":{"alt_text":"","src":"https:\/\/i0.wp.com\/mundo.seashell.pt\/wp-content\/uploads\/2022\/02\/SKIP_PO__SABA_O_NATURAL_-_4_80Kg_-_80D_8720181016745.png?resize=350%2C200&ssl=1","width":350,"height":200},"classes":[]},{"id":6643,"url":"https:\/\/mundo.seashell.pt\/?product=vanish-tira-nodoas-1l","url_meta":{"origin":6519,"position":4},"title":"Vanish Tira N\u00f3doas 1L","date":"Fevereiro 23, 2022","format":false,"excerpt":"Problemas com a lavagem da roupa? Os detergentes nem sempre conseguem remover as n\u00f3doas, proteger as cores e eliminar maus odores. Experimente o novo Vanish\u00a0para brancos e\u00a0cores! A sua f\u00f3rmula remove n\u00f3doas, reaviva as cores e elimina maus odores. Pode ser utilizado em pr\u00e9-tratamento, de molho ou diretamente na m\u00e1quina,\u2026","rel":"","context":"Similar post","img":{"alt_text":"","src":"https:\/\/i0.wp.com\/mundo.seashell.pt\/wp-content\/uploads\/2022\/02\/Vanish_Delicadas_White_1Lx12_8410104884833.png?resize=350%2C200&ssl=1","width":350,"height":200},"classes":[]},{"id":6639,"url":"https:\/\/mundo.seashell.pt\/?product=vanix-oxi-action-08l","url_meta":{"origin":6519,"position":5},"title":"Vanix Oxi Action 800ml","date":"Fevereiro 23, 2022","format":false,"excerpt":"Problemas com a lavagem da roupa? Os detergentes nem sempre conseguem remover as n\u00f3doas, proteger as cores e eliminar maus odores. Experimente o novo Vanish oxi action gel para cores! A sua f\u00f3rmula remove n\u00f3doas, reaviva as cores e elimina maus odores. Pode ser utilizado em pr\u00e9-tratamento, de molho ou\u2026","rel":"","context":"Similar post","img":{"alt_text":"","src":"https:\/\/i0.wp.com\/mundo.seashell.pt\/wp-content\/uploads\/2022\/02\/Vanish_Oxi_Action_Gel_Pink_800ML_x6_5601217134363.png?resize=350%2C200&ssl=1","width":350,"height":200},"classes":[]}],"_links":{"self":[{"href":"https:\/\/mundo.seashell.pt\/index.php?rest_route=\/wp\/v2\/product\/6519","targetHints":{"allow":["GET"]}}],"collection":[{"href":"https:\/\/mundo.seashell.pt\/index.php?rest_route=\/wp\/v2\/product"}],"about":[{"href":"https:\/\/mundo.seashell.pt\/index.php?rest_route=\/wp\/v2\/types\/product"}],"wp:featuredmedia":[{"embeddable":true,"href":"https:\/\/mundo.seashell.pt\/index.php?rest_route=\/wp\/v2\/media\/6520"}],"wp:attachment":[{"href":"https:\/\/mundo.seashell.pt\/index.php?rest_route=%2Fwp%2Fv2%2Fmedia&parent=6519"}],"wp:term":[{"taxonomy":"product_cat","embeddable":true,"href":"https:\/\/mundo.seashell.pt\/index.php?rest_route=%2Fwp%2Fv2%2Fproduct_cat&post=6519"},{"taxonomy":"product_tag","embeddable":true,"href":"https:\/\/mundo.seashell.pt\/index.php?rest_route=%2Fwp%2Fv2%2Fproduct_tag&post=6519"}],"curies":[{"name":"wp","href":"https:\/\/api.w.org\/{rel}","templated":true}]}}