{"id":6517,"date":"2022-02-23T18:44:45","date_gmt":"2022-02-23T18:44:45","guid":{"rendered":"https:\/\/mundo.seashell.pt\/?post_type=product&#038;p=6517"},"modified":"2022-02-23T18:44:47","modified_gmt":"2022-02-23T18:44:47","slug":"finish-all-in-1-max-power-gel-mll-50-un","status":"publish","type":"product","link":"https:\/\/mundo.seashell.pt\/?product=finish-all-in-1-max-power-gel-mll-50-un","title":{"rendered":"Finish All in 1 Max Power Gel MLL 50 Un."},"content":{"rendered":"<p>Finish All in 1 Max Power Gel desengordurante, com uma f\u00f3rmula de r\u00e1pida dissolu\u00e7\u00e3o, promove brilho e limpeza at\u00e9 em ciclos curtos. Atua contra os res\u00edduos mais dif\u00edceis, protegendo contra a corros\u00e3o do cristal com um grande poder desengordurante.<\/p>\n<p>Recomendada pelos principais fabricantes de m\u00e1quinas de lavar loi\u00e7a: Bosch, Candy, Siemens, Beko, Balay e Smeg.<\/p>\n<h3>Tipo de produto:<\/h3>\n<p>Detergente Gel<\/p>\n<h3>Benef\u00edcios:<\/h3>\n<p>&#8211; Desengordurante;<br \/>&#8211; Limpeza perfeita de toda a loi\u00e7a;<br \/>&#8211; Gel de r\u00e1pida dissolu\u00e7\u00e3o;<br \/>&#8211; Loi\u00e7a limpa at\u00e9 em ciclos curtos;<br \/>&#8211; A\u00e7\u00e3o em temperaturas baixas;<br \/>&#8211; At\u00e9 50 lavagens.<\/p>\n<h3>Conselhos de utiliza\u00e7\u00e3o:<\/h3>\n<p>Abra a embalagem e coloque o gel no dispensador dentro da sua m\u00e1quina de lavar loi\u00e7a. Feche o dispensador e de seguida escolha o programa de lavagem.<\/p>\n<p><\/p>\n<p><\/p>\n","protected":false},"excerpt":{"rendered":"<p>Finish All in 1 Max Power Gel desengordurante, com uma f\u00f3rmula de r\u00e1pida dissolu\u00e7\u00e3o, promove brilho e limpeza at\u00e9 em ciclos curtos. Atua contra os res\u00edduos mais dif\u00edceis, protegendo contra a corros\u00e3o do cristal com um grande poder desengordurante.<\/p>\n<p>Recomendada pelos principais fabricantes de m\u00e1quinas de lavar loi\u00e7a: Bosch, Candy, Siemen&#8230;<\/p>\n","protected":false},"featured_media":6518,"template":"","meta":{"spay_email":""},"product_cat":[15],"product_tag":[],"class_list":{"0":"post-6517","1":"product","2":"type-product","3":"status-publish","4":"has-post-thumbnail","6":"product_cat-sem-categoria","8":"first","9":"instock","10":"taxable","11":"shipping-taxable","12":"purchasable","13":"product-type-simple"},"acf":[],"jetpack-related-posts":[{"id":6509,"url":"https:\/\/mundo.seashell.pt\/?product=finish-pastilhas-mll","url_meta":{"origin":6517,"position":0},"title":"Finish Pastilhas MLL","date":"Fevereiro 23, 2022","format":false,"excerpt":"Tipo de produto: Detergente Pastilhas","rel":"","context":"Similar post","img":{"alt_text":"","src":"https:\/\/i0.wp.com\/mundo.seashell.pt\/wp-content\/uploads\/2022\/02\/7447098-frente.jpeg?resize=350%2C200&ssl=1","width":350,"height":200},"classes":[]},{"id":6307,"url":"https:\/\/mundo.seashell.pt\/?product=sonasol-lava-tudo-gel-com-lixivia","url_meta":{"origin":6517,"position":1},"title":"Sonasol Lava-Tudo Gel com Lix\u00edvia","date":"Fevereiro 23, 2022","format":false,"excerpt":"Limpeza, a\u00e7\u00e3o desengordurante e higiene imediatas, desde a primeira passagem, com Sonasol. Sonasol gel lix\u00edvia \u00e9 o detergente ideal para a limpeza di\u00e1ria do fog\u00e3o, exaustor, forno, arm\u00e1rios, f\u00f3rmicas, lava-loi\u00e7as, banheiras e, at\u00e9 mesmo, superf\u00edcies esmaltadas e qualquer tipo de ch\u00e3o cer\u00e2mico. Gra\u00e7as \u00e0 sua poderosa f\u00f3rmula em gel, \u00e9\u2026","rel":"","context":"Similar post","img":{"alt_text":"","src":"https:\/\/i0.wp.com\/mundo.seashell.pt\/wp-content\/uploads\/2022\/02\/SONASOL_GEL_LIXIVIA_0L600_8410436339582.png?resize=350%2C200&ssl=1","width":350,"height":200},"classes":[]},{"id":6511,"url":"https:\/\/mundo.seashell.pt\/?product=sun-detergente-mll-em-gel","url_meta":{"origin":6517,"position":2},"title":"Sun Detergente MLL em Gel","date":"Fevereiro 23, 2022","format":false,"excerpt":"Descri\u00e7\u00e3o: Sun gel junta as fun\u00e7\u00f5es de lavagem, abrilhantador e sal num s\u00f3 produto, garantindo um brilho vis\u00edvel desde a primeira lavagem. A quantidade de produto n\u00e3o \u00e9 uma preocupa\u00e7\u00e3o, basta uma pequena dose de 20ml para um resultado impec\u00e1vel. Tipo de produto: Detergente GelBenef\u00edcios: - Dosagem simp...","rel":"","context":"Similar post","img":{"alt_text":"","src":"https:\/\/i0.wp.com\/mundo.seashell.pt\/wp-content\/uploads\/2022\/02\/SUN_Gel_AIO_NATURE_40D_8710847903915.png?resize=350%2C200&ssl=1","width":350,"height":200},"classes":[]},{"id":5882,"url":"https:\/\/mundo.seashell.pt\/?product=universal-plus-6kg-loica-automatica","url_meta":{"origin":6517,"position":3},"title":"Detergente Universal Plus &#8211; Loi\u00e7a Autom\u00e1tica","date":"Fevereiro 23, 2022","format":false,"excerpt":"Detergente alcalino em concentra\u00e7\u00e3o elevada exclusivamente concebido para a lavagem autom\u00e1tica da lou\u00e7a. Todos os tipos de \u00e1gua.","rel":"","context":"Similar post","img":{"alt_text":"","src":"https:\/\/i0.wp.com\/mundo.seashell.pt\/wp-content\/uploads\/2022\/02\/universal_plus.jpg?resize=350%2C200&ssl=1","width":350,"height":200},"classes":[]},{"id":6513,"url":"https:\/\/mundo.seashell.pt\/?product=super-pop-mll","url_meta":{"origin":6517,"position":4},"title":"Super Pop MLL","date":"Fevereiro 23, 2022","format":false,"excerpt":"Super Pop \u00e9 uma marca nacional e est\u00e1 no mercado portugu\u00eas desde 1972! As novas pastilhas para m\u00e1quina de loi\u00e7a Super Pop OxyPlus Tudo em 1 s\u00e3o fortes contra a sujidade da loi\u00e7a e cuidam da m\u00e1quina. Al\u00e9m de removerem eficazmente a gordura mais incrustada e os restos de comida\u2026","rel":"","context":"Similar post","img":{"alt_text":"","src":"https:\/\/i0.wp.com\/mundo.seashell.pt\/wp-content\/uploads\/2022\/02\/6371924-frente.jpeg?resize=350%2C200&ssl=1","width":350,"height":200},"classes":[]},{"id":6431,"url":"https:\/\/mundo.seashell.pt\/?product=mistolin-express-cozinha-075l","url_meta":{"origin":6517,"position":5},"title":"Mistolin Express Cozinha 750ml","date":"Fevereiro 23, 2022","format":false,"excerpt":"Mistolin dia a dia cozinha garante uma limpeza eficaz \u00e0 primeira passagem. \u00c9 um desengordurante eficaz na limpeza di\u00e1ria de toda a cozinha e remove totalmente a gordura e a sujidade do dia a dia. Ideal para utiliza\u00e7\u00e3o em fog\u00f5es, exaustores, bancadas, lava-loi\u00e7as, arm\u00e1rios e azulejos.Benef\u00edcios: - Limpeza di\u00e1ria de\u2026","rel":"","context":"Similar post","img":{"alt_text":"","src":"https:\/\/i0.wp.com\/mundo.seashell.pt\/wp-content\/uploads\/2022\/02\/MISTOLIN_Express_Cozinha_750ml__5600258596451.png?resize=350%2C200&ssl=1","width":350,"height":200},"classes":[]}],"_links":{"self":[{"href":"https:\/\/mundo.seashell.pt\/index.php?rest_route=\/wp\/v2\/product\/6517","targetHints":{"allow":["GET"]}}],"collection":[{"href":"https:\/\/mundo.seashell.pt\/index.php?rest_route=\/wp\/v2\/product"}],"about":[{"href":"https:\/\/mundo.seashell.pt\/index.php?rest_route=\/wp\/v2\/types\/product"}],"wp:featuredmedia":[{"embeddable":true,"href":"https:\/\/mundo.seashell.pt\/index.php?rest_route=\/wp\/v2\/media\/6518"}],"wp:attachment":[{"href":"https:\/\/mundo.seashell.pt\/index.php?rest_route=%2Fwp%2Fv2%2Fmedia&parent=6517"}],"wp:term":[{"taxonomy":"product_cat","embeddable":true,"href":"https:\/\/mundo.seashell.pt\/index.php?rest_route=%2Fwp%2Fv2%2Fproduct_cat&post=6517"},{"taxonomy":"product_tag","embeddable":true,"href":"https:\/\/mundo.seashell.pt\/index.php?rest_route=%2Fwp%2Fv2%2Fproduct_tag&post=6517"}],"curies":[{"name":"wp","href":"https:\/\/api.w.org\/{rel}","templated":true}]}}