{"id":6515,"date":"2022-02-23T18:44:43","date_gmt":"2022-02-23T18:44:43","guid":{"rendered":"https:\/\/mundo.seashell.pt\/?post_type=product&#038;p=6515"},"modified":"2022-02-23T18:44:44","modified_gmt":"2022-02-23T18:44:44","slug":"calgon-pastilhas-mll","status":"publish","type":"product","link":"https:\/\/mundo.seashell.pt\/?product=calgon-pastilhas-mll","title":{"rendered":"Calgon Pastilhas MLL"},"content":{"rendered":"<p>Calgon pastilhas 3 em 1 oferece uma prote\u00e7\u00e3o incr\u00edvel contra o calc\u00e1rio gra\u00e7as \u00e0 sua a\u00e7\u00e3o neutralizante, que ajuda a proteger todas as partes vitais da sua m\u00e1quina em contacto com a \u00e1gua. Tem ainda o benef\u00edcio adicional de ajudar a manter a sua m\u00e1quina limpa e sem odores, quando comparado com o uso de apenas detergente. Calgon ajuda a eliminar os maus odores provocados pela sujidade e pelos res\u00edduos de detergente, tratando a fonte de mau cheiro.<\/p>\n<h3>Tipo de produto:<\/h3>\n<p>Limpeza e Tratamento da M\u00e1quina<\/p>\n<h3>Benef\u00edcios:<\/h3>\n<p>&#8211; Protege contra o calc\u00e1rio;<br \/>&#8211; Previne a acumula\u00e7\u00e3o de sujidade;<br \/>&#8211; Ajuda no combate aos maus odores;<br \/>&#8211; Remove os res\u00edduos;<br \/>&#8211; Prolonga a vida da sua m\u00e1quina.<\/p>\n<h3>Conselhos de utiliza\u00e7\u00e3o:<\/h3>\n<p>Use em todas as lavagens. Acrescente Calgon ao detergente habitual na gaveta principal da m\u00e1quina. Doseie a quantidade de Calgon recomendado para a tipologia da sua \u00e1gua. Adequado para todos os tipos de tecidos.<\/p>\n<p><\/p>\n","protected":false},"excerpt":{"rendered":"<p>Calgon pastilhas 3 em 1 oferece uma prote\u00e7\u00e3o incr\u00edvel contra o calc\u00e1rio gra\u00e7as \u00e0 sua a\u00e7\u00e3o neutralizante, que ajuda a proteger todas as partes vitais da sua m\u00e1quina em contacto com a \u00e1gua. Tem ainda o benef\u00edcio adicional de ajudar a manter a sua m\u00e1quina limpa e sem odores, quando comparado com o uso de apenas detergente. Calgon ajuda a elimina&#8230;<\/p>\n","protected":false},"featured_media":6516,"template":"","meta":{"spay_email":""},"product_cat":[15],"product_tag":[],"class_list":{"0":"post-6515","1":"product","2":"type-product","3":"status-publish","4":"has-post-thumbnail","6":"product_cat-sem-categoria","8":"first","9":"instock","10":"taxable","11":"shipping-taxable","12":"purchasable","13":"product-type-simple"},"acf":[],"jetpack-related-posts":[{"id":6708,"url":"https:\/\/mundo.seashell.pt\/?product=lysol-desinfetante-025l","url_meta":{"origin":6515,"position":0},"title":"Lysol Desinfetante 0,25L","date":"Fevereiro 23, 2022","format":false,"excerpt":"Limpeza e Tratamento da M\u00e1quina - Limpa e desinfeta a m\u00e1quina - Ilimina bact\u00e9rias que causam maus odores; - Elimina calc\u00e1rio, sujidade e res\u00edduos de detergente.","rel":"","context":"Similar post","img":{"alt_text":"","src":"https:\/\/i0.wp.com\/mundo.seashell.pt\/wp-content\/uploads\/2022\/02\/Lysol_Desinfetante_Limpa_Ma_quinas_Roupa_1D_x12_5601217134479.png?resize=350%2C200&ssl=1","width":350,"height":200},"classes":[]},{"id":6684,"url":"https:\/\/mundo.seashell.pt\/?product=sanytol-limpa-e-desinfeta-025l","url_meta":{"origin":6515,"position":1},"title":"Sanytol Limpa e Desinfeta 250ml","date":"Fevereiro 23, 2022","format":false,"excerpt":"Todos os ciclos de lavagem deixam res\u00edduos, sujidade e calc\u00e1rio que podem danificar a m\u00e1quina de lavar. Sanytol Limpa M\u00e1quinas \u00e9 um limpador desinfetante para a m\u00e1quina de lavar roupa que elimina 99.9% das bact\u00e9rias. Tipo de produto: Limpeza e Tratamento da M\u00e1quinaBenef\u00edcios: - Lava, desinfeta e previne todos o...","rel":"","context":"Similar post","img":{"alt_text":"","src":"https:\/\/i0.wp.com\/mundo.seashell.pt\/wp-content\/uploads\/2022\/02\/SANYTOL_LIMPA_MA_QUINAS_DESINFETANTE_250_ML_8411135665019.png?resize=350%2C200&ssl=1","width":350,"height":200},"classes":[]},{"id":6545,"url":"https:\/\/mundo.seashell.pt\/?product=calgon-detergente-liquido-30-doses","url_meta":{"origin":6515,"position":2},"title":"Calgon Detergente L\u00edquido 30 Doses","date":"Fevereiro 23, 2022","format":false,"excerpt":"Calgon Hygiene + \u00e9 o \u00fanico anticalc\u00e1rio que elimina at\u00e9 99,9% de bact\u00e9rias, al\u00e9m de sua a\u00e7\u00e3o imbat\u00edvel contra calc\u00e1rio Elimina at\u00e9 99,9% das bact\u00e9riasProtege contra o calc\u00e1rioPrevine a acumula\u00e7\u00e3o de sujidadeAjuda no combate aos maus odores","rel":"","context":"Similar post","img":{"alt_text":"","src":"https:\/\/i0.wp.com\/mundo.seashell.pt\/wp-content\/uploads\/2022\/02\/Calgon_Hygiene__Gelx10_5601217128805.png?resize=350%2C200&ssl=1","width":350,"height":200},"classes":[]},{"id":6710,"url":"https:\/\/mundo.seashell.pt\/?product=xau-limpa-maquinas-025l","url_meta":{"origin":6515,"position":3},"title":"Xau Limpa M\u00e1quinas 250ml","date":"Fevereiro 23, 2022","format":false,"excerpt":"Se a sua m\u00e1quina da roupa tem a gaveta suja, maus odores e borracha suja, utilize Xau limpa m\u00e1quinas. Este produto cont\u00e9m uma f\u00f3rmula \u00fanica que limpa e remove os res\u00edduos de sujidade e detergente do interior da m\u00e1quina da roupa. Mant\u00e9m o interior da sua m\u00e1quina limpa, garantindo um\u2026","rel":"","context":"Similar post","img":{"alt_text":"","src":"https:\/\/i0.wp.com\/mundo.seashell.pt\/wp-content\/uploads\/2022\/02\/Xau_Limpa_Ma_quinas_250mlx12_8410104033026.png?resize=350%2C200&ssl=1","width":350,"height":200},"classes":[]},{"id":6639,"url":"https:\/\/mundo.seashell.pt\/?product=vanix-oxi-action-08l","url_meta":{"origin":6515,"position":4},"title":"Vanix Oxi Action 800ml","date":"Fevereiro 23, 2022","format":false,"excerpt":"Problemas com a lavagem da roupa? Os detergentes nem sempre conseguem remover as n\u00f3doas, proteger as cores e eliminar maus odores. Experimente o novo Vanish oxi action gel para cores! A sua f\u00f3rmula remove n\u00f3doas, reaviva as cores e elimina maus odores. Pode ser utilizado em pr\u00e9-tratamento, de molho ou\u2026","rel":"","context":"Similar post","img":{"alt_text":"","src":"https:\/\/i0.wp.com\/mundo.seashell.pt\/wp-content\/uploads\/2022\/02\/Vanish_Oxi_Action_Gel_Pink_800ML_x6_5601217134363.png?resize=350%2C200&ssl=1","width":350,"height":200},"classes":[]},{"id":6643,"url":"https:\/\/mundo.seashell.pt\/?product=vanish-tira-nodoas-1l","url_meta":{"origin":6515,"position":5},"title":"Vanish Tira N\u00f3doas 1L","date":"Fevereiro 23, 2022","format":false,"excerpt":"Problemas com a lavagem da roupa? Os detergentes nem sempre conseguem remover as n\u00f3doas, proteger as cores e eliminar maus odores. Experimente o novo Vanish\u00a0para brancos e\u00a0cores! A sua f\u00f3rmula remove n\u00f3doas, reaviva as cores e elimina maus odores. Pode ser utilizado em pr\u00e9-tratamento, de molho ou diretamente na m\u00e1quina,\u2026","rel":"","context":"Similar post","img":{"alt_text":"","src":"https:\/\/i0.wp.com\/mundo.seashell.pt\/wp-content\/uploads\/2022\/02\/Vanish_Delicadas_White_1Lx12_8410104884833.png?resize=350%2C200&ssl=1","width":350,"height":200},"classes":[]}],"_links":{"self":[{"href":"https:\/\/mundo.seashell.pt\/index.php?rest_route=\/wp\/v2\/product\/6515","targetHints":{"allow":["GET"]}}],"collection":[{"href":"https:\/\/mundo.seashell.pt\/index.php?rest_route=\/wp\/v2\/product"}],"about":[{"href":"https:\/\/mundo.seashell.pt\/index.php?rest_route=\/wp\/v2\/types\/product"}],"wp:featuredmedia":[{"embeddable":true,"href":"https:\/\/mundo.seashell.pt\/index.php?rest_route=\/wp\/v2\/media\/6516"}],"wp:attachment":[{"href":"https:\/\/mundo.seashell.pt\/index.php?rest_route=%2Fwp%2Fv2%2Fmedia&parent=6515"}],"wp:term":[{"taxonomy":"product_cat","embeddable":true,"href":"https:\/\/mundo.seashell.pt\/index.php?rest_route=%2Fwp%2Fv2%2Fproduct_cat&post=6515"},{"taxonomy":"product_tag","embeddable":true,"href":"https:\/\/mundo.seashell.pt\/index.php?rest_route=%2Fwp%2Fv2%2Fproduct_tag&post=6515"}],"curies":[{"name":"wp","href":"https:\/\/api.w.org\/{rel}","templated":true}]}}