{"id":6511,"date":"2022-02-23T18:44:25","date_gmt":"2022-02-23T18:44:25","guid":{"rendered":"https:\/\/mundo.seashell.pt\/?post_type=product&#038;p=6511"},"modified":"2022-02-23T18:44:27","modified_gmt":"2022-02-23T18:44:27","slug":"sun-detergente-mll-em-gel","status":"publish","type":"product","link":"https:\/\/mundo.seashell.pt\/?product=sun-detergente-mll-em-gel","title":{"rendered":"Sun Detergente MLL em Gel"},"content":{"rendered":"<h3>Descri\u00e7\u00e3o:<\/h3>\n<p>Sun gel junta as fun\u00e7\u00f5es de lavagem, abrilhantador e sal num s\u00f3 produto, garantindo um brilho vis\u00edvel desde a primeira lavagem. A quantidade de produto n\u00e3o \u00e9 uma preocupa\u00e7\u00e3o, basta uma pequena dose de 20ml para um resultado impec\u00e1vel.<\/p>\n<h3>Tipo de produto:<\/h3>\n<p>Detergente Gel<\/p>\n<h3>Benef\u00edcios:<\/h3>\n<p>&#8211; Dosagem simples e personalizada;<br \/>&#8211; R\u00e1pida dissolu\u00e7\u00e3o;<br \/>&#8211; Tampa anti-gotas;<br \/>&#8211; Cont\u00e9m agentes ativos desengordurantes e anticalc\u00e1rio;<br \/>&#8211; A\u00e7\u00e3o eficaz e perfumada contra os maus odores.<\/p>\n<h3>Conselhos de utiliza\u00e7\u00e3o:<\/h3>\n<p>Adicione Sum All in 1 gel at\u00e9 meio da gaveta. Para manchas de ch\u00e1, \u00e9 recomendado a utiliza\u00e7\u00e3o de Sun All in 1 pastilhas.<\/p>\n<h3>Dicas:<\/h3>\n<p>Para um tratamento cont\u00ednuo da sua m\u00e1quina, experimente Sun desodorizante e Sun limpa m\u00e1quinas.<\/p>\n","protected":false},"excerpt":{"rendered":"<h3>Descri\u00e7\u00e3o:<\/h3>\n<p>Sun gel junta as fun\u00e7\u00f5es de lavagem, abrilhantador e sal num s\u00f3 produto, garantindo um brilho vis\u00edvel desde a primeira lavagem. A quantidade de produto n\u00e3o \u00e9 uma preocupa\u00e7\u00e3o, basta uma pequena dose de 20ml para um resultado impec\u00e1vel.<\/p>\n<h3>Tipo de produto:<\/h3>\n<p>Detergente Gel<\/p>\n<h3>Benef\u00edcios:<\/h3>\n<p>&#8211; Dosagem simp&#8230;<\/p>\n","protected":false},"featured_media":6512,"template":"","meta":{"spay_email":""},"product_cat":[15],"product_tag":[],"class_list":{"0":"post-6511","1":"product","2":"type-product","3":"status-publish","4":"has-post-thumbnail","6":"product_cat-sem-categoria","8":"first","9":"instock","10":"taxable","11":"shipping-taxable","12":"purchasable","13":"product-type-simple"},"acf":[],"jetpack-related-posts":[{"id":6505,"url":"https:\/\/mundo.seashell.pt\/?product=sun-pastilhas-maquina-loica","url_meta":{"origin":6511,"position":0},"title":"Sun All in One 30 Pastilhas","date":"Fevereiro 23, 2022","format":false,"excerpt":"As pastilhas Sun All In 1 regular, com a sua f\u00f3rmula All in One, garantem uma limpeza perfeita numa s\u00f3 lavagem. Cont\u00eam abrilhantador e removem as manchas mais dif\u00edceis, mesmo sem pr\u00e9-lavagem. Tipo de produto: Detergente PastilhasBenef\u00edcios: - Anti-gordura e anti-manchas;- Limpeza perfeita;- N\u00e3o necessit...","rel":"","context":"Similar post","img":{"alt_text":"","src":"https:\/\/i0.wp.com\/mundo.seashell.pt\/wp-content\/uploads\/2022\/02\/7128672-frente.jpeg?resize=350%2C200&ssl=1","width":350,"height":200},"classes":[]},{"id":6507,"url":"https:\/\/mundo.seashell.pt\/?product=sun-classic-32-pastilhas","url_meta":{"origin":6511,"position":1},"title":"Sun Classic 32 Pastilhas","date":"Fevereiro 23, 2022","format":false,"excerpt":"As pastilhas Sun Classic, com a sua f\u00f3rmula All in One, garantem uma limpeza perfeita numa s\u00f3 lavagem. Cont\u00eam abrilhantador e removem as manchas mais dif\u00edceis, mesmo sem pr\u00e9-lavagem. Tipo de produto: Detergente Pastilhas Benef\u00edcios: - Anti-gordura e anti-manchas;- Limpeza perfeita;- N\u00e3o necessita de pr\u00e9...","rel":"","context":"Similar post","img":{"alt_text":"","src":"https:\/\/i0.wp.com\/mundo.seashell.pt\/wp-content\/uploads\/2022\/02\/8915914784798.jpeg?resize=350%2C200&ssl=1","width":350,"height":200},"classes":[]},{"id":6487,"url":"https:\/\/mundo.seashell.pt\/?product=sun-sal-1kg","url_meta":{"origin":6511,"position":2},"title":"Sun Sal 1Kg","date":"Fevereiro 23, 2022","format":false,"excerpt":"Sun sal foi desenvolvido para prestar uma prote\u00e7\u00e3o duradoura contra o calc\u00e1rio, melhorando o desempenho e a lavagem da m\u00e1quina. Impede a forma\u00e7\u00e3o de dep\u00f3sitos de calc\u00e1rio e reduz as manchas brancas nos pratos, mesmo que a \u00e1gua seja dura. Tipo de produto: AditivoBenef\u00edcios: - Mant\u00e9m a sua m\u00e1quina livre\u2026","rel":"","context":"Similar post","img":{"alt_text":"","src":"https:\/\/i0.wp.com\/mundo.seashell.pt\/wp-content\/uploads\/2022\/02\/2388486-frente.jpeg?resize=350%2C200&ssl=1","width":350,"height":200},"classes":[]},{"id":6499,"url":"https:\/\/mundo.seashell.pt\/?product=detergente-maquina-loica-po-limao-25kg","url_meta":{"origin":6511,"position":3},"title":"Detergente M\u00e1quina Loi\u00e7a P\u00f3 Lim\u00e3o 2,5Kg","date":"Fevereiro 23, 2022","format":false,"excerpt":"Sun P\u00f3 Lim\u00e3o oferece uma f\u00f3rmula eficaz que permite lavar a loi\u00e7a perfeitamente. Desfrute de uma dosagem f\u00e1cil e personalizada, que o permite ajustar a quantidade de produto ao grau de sujidade da sua loi\u00e7a. Tipo de produto: Detergente P\u00f3 Notas\/Frag\u00e2ncia: Lim\u00e3oBenef\u00edcios: - Dosagem personalizada...","rel":"","context":"Similar post","img":{"alt_text":"","src":"https:\/\/i0.wp.com\/mundo.seashell.pt\/wp-content\/uploads\/2022\/02\/SUN_PO__LIMA_O_80D_8710847872310.png?resize=350%2C200&ssl=1","width":350,"height":200},"classes":[]},{"id":6509,"url":"https:\/\/mundo.seashell.pt\/?product=finish-pastilhas-mll","url_meta":{"origin":6511,"position":4},"title":"Finish Pastilhas MLL","date":"Fevereiro 23, 2022","format":false,"excerpt":"Tipo de produto: Detergente Pastilhas","rel":"","context":"Similar post","img":{"alt_text":"","src":"https:\/\/i0.wp.com\/mundo.seashell.pt\/wp-content\/uploads\/2022\/02\/7447098-frente.jpeg?resize=350%2C200&ssl=1","width":350,"height":200},"classes":[]},{"id":6483,"url":"https:\/\/mundo.seashell.pt\/?product=sun-abrilhantador-045l","url_meta":{"origin":6511,"position":5},"title":"Sun Abrilhantador 450ml","date":"Fevereiro 23, 2022","format":false,"excerpt":"Sun abrilhantador foi desenvolvido, com a sua f\u00f3rmula boost, para deixar a loi\u00e7a brilhante e sem manchas. Gra\u00e7as \u00e0 secagem r\u00e1pida da loi\u00e7a que potencia, os pratos podem ser armazenados ou reutilizados logo ap\u00f3s a lavagem terminar. Tipo de produto: Abrilhantador","rel":"","context":"Similar post","img":{"alt_text":"","src":"https:\/\/i0.wp.com\/mundo.seashell.pt\/wp-content\/uploads\/2022\/02\/SUN_ABRILHANTADOR_-_450ml_8714100143193.png?resize=350%2C200&ssl=1","width":350,"height":200},"classes":[]}],"_links":{"self":[{"href":"https:\/\/mundo.seashell.pt\/index.php?rest_route=\/wp\/v2\/product\/6511","targetHints":{"allow":["GET"]}}],"collection":[{"href":"https:\/\/mundo.seashell.pt\/index.php?rest_route=\/wp\/v2\/product"}],"about":[{"href":"https:\/\/mundo.seashell.pt\/index.php?rest_route=\/wp\/v2\/types\/product"}],"wp:featuredmedia":[{"embeddable":true,"href":"https:\/\/mundo.seashell.pt\/index.php?rest_route=\/wp\/v2\/media\/6512"}],"wp:attachment":[{"href":"https:\/\/mundo.seashell.pt\/index.php?rest_route=%2Fwp%2Fv2%2Fmedia&parent=6511"}],"wp:term":[{"taxonomy":"product_cat","embeddable":true,"href":"https:\/\/mundo.seashell.pt\/index.php?rest_route=%2Fwp%2Fv2%2Fproduct_cat&post=6511"},{"taxonomy":"product_tag","embeddable":true,"href":"https:\/\/mundo.seashell.pt\/index.php?rest_route=%2Fwp%2Fv2%2Fproduct_tag&post=6511"}],"curies":[{"name":"wp","href":"https:\/\/api.w.org\/{rel}","templated":true}]}}