{"id":6509,"date":"2022-02-23T18:44:23","date_gmt":"2022-02-23T18:44:23","guid":{"rendered":"https:\/\/mundo.seashell.pt\/?post_type=product&#038;p=6509"},"modified":"2022-02-23T18:44:25","modified_gmt":"2022-02-23T18:44:25","slug":"finish-pastilhas-mll","status":"publish","type":"product","link":"https:\/\/mundo.seashell.pt\/?product=finish-pastilhas-mll","title":{"rendered":"Finish Pastilhas MLL"},"content":{"rendered":"<h3>Tipo de produto:<\/h3>\n<p>Detergente Pastilhas<\/p>\n<h3>Descri\u00e7\u00e3o:<\/h3>\n<p>Finish All in 1 regular assegura uma limpeza poderosa em qualquer situa\u00e7\u00e3o. A nossa revolucion\u00e1ria powerball ajuda a pastilha a remover at\u00e9 res\u00edduos de alimentos incrustados, garantindo uma limpeza poderosa em cada lavagem. Para melhorar a performance da sua m\u00e1quina combine o detergente Finish com os aditivos Finish. Recomendada pelos principais fabricantes de m\u00e1quinas de lavar loi\u00e7a como Balay, Beko, Bosch, LG, Samsung e Siemens.<\/p>\n<h3>Tipo de produto:<\/h3>\n<p>Detergente Pastilhas<\/p>\n<h3>Benef\u00edcios:<\/h3>\n<p>&#8211; Remo\u00e7\u00e3o de sujidade;<br \/>&#8211; Limpeza poderosa;<br \/>&#8211; Poder desengordurante;<br \/>&#8211; Fun\u00e7\u00e3o abrilhantador;<br \/>&#8211; Fun\u00e7\u00e3o sal;<br \/>&#8211; Atua a baixas tempraturas;<br \/>&#8211; Elimina res\u00edduos de comida incrustados;<br \/>&#8211; Prote\u00e7\u00e3o filtro;<br \/>&#8211; Prote\u00e7\u00e3o dos copos e cristal;<br \/>&#8211; Sem inv\u00f3lucro.<\/p>\n<h3>Conselhos de utiliza\u00e7\u00e3o:<\/h3>\n<p>Para melhores resultados, coloque a pastilha no dispensador. Caso n\u00e3o caiba, contate o fabricante da sua m\u00e1quina de lavar loi\u00e7a. N\u00e3o abra ou perfure a pastilha. Para melhores resultados em ciclos curtos de 30 minutos, coloque a pastilha no fundo da m\u00e1quina de lavar loi\u00e7a junto ao filtro.<\/p>\n","protected":false},"excerpt":{"rendered":"<p>Tipo de produto:<br \/>\nDetergente Pastilhas<\/p>\n","protected":false},"featured_media":6510,"template":"","meta":{"spay_email":""},"product_cat":[15],"product_tag":[],"class_list":{"0":"post-6509","1":"product","2":"type-product","3":"status-publish","4":"has-post-thumbnail","6":"product_cat-sem-categoria","8":"first","9":"instock","10":"taxable","11":"shipping-taxable","12":"purchasable","13":"product-type-simple"},"acf":[],"jetpack-related-posts":[{"id":6501,"url":"https:\/\/mundo.seashell.pt\/?product=fairy-fresh-laranja-25-pastilhas","url_meta":{"origin":6509,"position":0},"title":"Fairy Fresh Laranja 25 Pastilhas","date":"Fevereiro 23, 2022","format":false,"excerpt":"As c\u00e1psulas para m\u00e1quina da loi\u00e7a Fairy t\u00eam uma a\u00e7\u00e3o de limpeza \u00e0 primeira e a sua f\u00f3rmula remove mesmo a gordura incrustada. Fairy combina l\u00edquido e p\u00f3 numa s\u00f3 c\u00e1psula poderosa. O seu inv\u00f3lucro ultrassol\u00favel dissolve-se muito mais rapidamente do que as c\u00e1psulas prensadas, por isso come\u00e7am a funcionar\u2026","rel":"","context":"Similar post","img":{"alt_text":"","src":"https:\/\/i0.wp.com\/mundo.seashell.pt\/wp-content\/uploads\/2022\/02\/002299866.jpeg?resize=350%2C200&ssl=1","width":350,"height":200},"classes":[]},{"id":6515,"url":"https:\/\/mundo.seashell.pt\/?product=calgon-pastilhas-mll","url_meta":{"origin":6509,"position":1},"title":"Calgon Pastilhas MLL","date":"Fevereiro 23, 2022","format":false,"excerpt":"Calgon pastilhas 3 em 1 oferece uma prote\u00e7\u00e3o incr\u00edvel contra o calc\u00e1rio gra\u00e7as \u00e0 sua a\u00e7\u00e3o neutralizante, que ajuda a proteger todas as partes vitais da sua m\u00e1quina em contacto com a \u00e1gua. Tem ainda o benef\u00edcio adicional de ajudar a manter a sua m\u00e1quina limpa e sem odores, quando\u2026","rel":"","context":"Similar post","img":{"alt_text":"","src":"https:\/\/i0.wp.com\/mundo.seashell.pt\/wp-content\/uploads\/2022\/02\/6883710-frente.jpeg?resize=350%2C200&ssl=1","width":350,"height":200},"classes":[]},{"id":6505,"url":"https:\/\/mundo.seashell.pt\/?product=sun-pastilhas-maquina-loica","url_meta":{"origin":6509,"position":2},"title":"Sun All in One 30 Pastilhas","date":"Fevereiro 23, 2022","format":false,"excerpt":"As pastilhas Sun All In 1 regular, com a sua f\u00f3rmula All in One, garantem uma limpeza perfeita numa s\u00f3 lavagem. Cont\u00eam abrilhantador e removem as manchas mais dif\u00edceis, mesmo sem pr\u00e9-lavagem. Tipo de produto: Detergente PastilhasBenef\u00edcios: - Anti-gordura e anti-manchas;- Limpeza perfeita;- N\u00e3o necessit...","rel":"","context":"Similar post","img":{"alt_text":"","src":"https:\/\/i0.wp.com\/mundo.seashell.pt\/wp-content\/uploads\/2022\/02\/7128672-frente.jpeg?resize=350%2C200&ssl=1","width":350,"height":200},"classes":[]},{"id":6507,"url":"https:\/\/mundo.seashell.pt\/?product=sun-classic-32-pastilhas","url_meta":{"origin":6509,"position":3},"title":"Sun Classic 32 Pastilhas","date":"Fevereiro 23, 2022","format":false,"excerpt":"As pastilhas Sun Classic, com a sua f\u00f3rmula All in One, garantem uma limpeza perfeita numa s\u00f3 lavagem. Cont\u00eam abrilhantador e removem as manchas mais dif\u00edceis, mesmo sem pr\u00e9-lavagem. Tipo de produto: Detergente Pastilhas Benef\u00edcios: - Anti-gordura e anti-manchas;- Limpeza perfeita;- N\u00e3o necessita de pr\u00e9...","rel":"","context":"Similar post","img":{"alt_text":"","src":"https:\/\/i0.wp.com\/mundo.seashell.pt\/wp-content\/uploads\/2022\/02\/8915914784798.jpeg?resize=350%2C200&ssl=1","width":350,"height":200},"classes":[]},{"id":6513,"url":"https:\/\/mundo.seashell.pt\/?product=super-pop-mll","url_meta":{"origin":6509,"position":4},"title":"Super Pop MLL","date":"Fevereiro 23, 2022","format":false,"excerpt":"Super Pop \u00e9 uma marca nacional e est\u00e1 no mercado portugu\u00eas desde 1972! As novas pastilhas para m\u00e1quina de loi\u00e7a Super Pop OxyPlus Tudo em 1 s\u00e3o fortes contra a sujidade da loi\u00e7a e cuidam da m\u00e1quina. Al\u00e9m de removerem eficazmente a gordura mais incrustada e os restos de comida\u2026","rel":"","context":"Similar post","img":{"alt_text":"","src":"https:\/\/i0.wp.com\/mundo.seashell.pt\/wp-content\/uploads\/2022\/02\/6371924-frente.jpeg?resize=350%2C200&ssl=1","width":350,"height":200},"classes":[]},{"id":6517,"url":"https:\/\/mundo.seashell.pt\/?product=finish-all-in-1-max-power-gel-mll-50-un","url_meta":{"origin":6509,"position":5},"title":"Finish All in 1 Max Power Gel MLL 50 Un.","date":"Fevereiro 23, 2022","format":false,"excerpt":"Finish All in 1 Max Power Gel desengordurante, com uma f\u00f3rmula de r\u00e1pida dissolu\u00e7\u00e3o, promove brilho e limpeza at\u00e9 em ciclos curtos. Atua contra os res\u00edduos mais dif\u00edceis, protegendo contra a corros\u00e3o do cristal com um grande poder desengordurante. Recomendada pelos principais fabricantes de m\u00e1quinas de lavar loi\u00e7a: Bosch, Candy,\u2026","rel":"","context":"Similar post","img":{"alt_text":"","src":"https:\/\/i0.wp.com\/mundo.seashell.pt\/wp-content\/uploads\/2022\/02\/Finish_Gel_AiO_Lima_o_1LT_x5_8410104124649.png?resize=350%2C200&ssl=1","width":350,"height":200},"classes":[]}],"_links":{"self":[{"href":"https:\/\/mundo.seashell.pt\/index.php?rest_route=\/wp\/v2\/product\/6509","targetHints":{"allow":["GET"]}}],"collection":[{"href":"https:\/\/mundo.seashell.pt\/index.php?rest_route=\/wp\/v2\/product"}],"about":[{"href":"https:\/\/mundo.seashell.pt\/index.php?rest_route=\/wp\/v2\/types\/product"}],"wp:featuredmedia":[{"embeddable":true,"href":"https:\/\/mundo.seashell.pt\/index.php?rest_route=\/wp\/v2\/media\/6510"}],"wp:attachment":[{"href":"https:\/\/mundo.seashell.pt\/index.php?rest_route=%2Fwp%2Fv2%2Fmedia&parent=6509"}],"wp:term":[{"taxonomy":"product_cat","embeddable":true,"href":"https:\/\/mundo.seashell.pt\/index.php?rest_route=%2Fwp%2Fv2%2Fproduct_cat&post=6509"},{"taxonomy":"product_tag","embeddable":true,"href":"https:\/\/mundo.seashell.pt\/index.php?rest_route=%2Fwp%2Fv2%2Fproduct_tag&post=6509"}],"curies":[{"name":"wp","href":"https:\/\/api.w.org\/{rel}","templated":true}]}}