{"id":6505,"date":"2022-02-23T18:44:20","date_gmt":"2022-02-23T18:44:20","guid":{"rendered":"https:\/\/mundo.seashell.pt\/?post_type=product&#038;p=6505"},"modified":"2022-02-23T18:44:22","modified_gmt":"2022-02-23T18:44:22","slug":"sun-pastilhas-maquina-loica","status":"publish","type":"product","link":"https:\/\/mundo.seashell.pt\/?product=sun-pastilhas-maquina-loica","title":{"rendered":"Sun All in One 30 Pastilhas"},"content":{"rendered":"<p>As pastilhas Sun All In 1 regular, com a sua f\u00f3rmula All in One, garantem uma limpeza perfeita numa s\u00f3 lavagem. Cont\u00eam abrilhantador e removem as manchas mais dif\u00edceis, mesmo sem pr\u00e9-lavagem.<\/p>\n<h3>Tipo de produto:<\/h3>\n<p>Detergente Pastilhas<\/p>\n<h3>Benef\u00edcios:<\/h3>\n<p>&#8211; Anti-gordura e anti-manchas;<br \/>&#8211; Limpeza perfeita;<br \/>&#8211; N\u00e3o necessita de pr\u00e9 lavagem;<br \/>&#8211; Prote\u00e7\u00e3o da m\u00e1quina.<\/p>\n<h3>Conselhos de utiliza\u00e7\u00e3o:<\/h3>\n<p>Coloque a pastilha no compartimento respetivo, evitando tocar-lhe com m\u00e3os molhadas. N\u00e3o \u00e9 necess\u00e1ria a adi\u00e7\u00e3o de sal ou abrilhantador, estas fun\u00e7\u00f5es s\u00e3o realizadas pela pastilha. Para \u00e1gua muito dura, recomenda-se a utiliza\u00e7\u00e3o de Sun sal. Limpe os filtros e bra\u00e7os girat\u00f3rios regularmente e assegure-se que a loi\u00e7a n\u00e3o os obstrui.<\/p>\n<h3>Dicas:<\/h3>\n<p>Descubra os benef\u00edcios das pastilhas Extra Power e All in 1 da Sun. Para uma limpeza e brilho superiores, experimente as pastilhas Sun Expert Extra Power e Extra Shine.<\/p>\n<p><\/p>\n","protected":false},"excerpt":{"rendered":"<p>As pastilhas Sun All In 1 regular, com a sua f\u00f3rmula All in One, garantem uma limpeza perfeita numa s\u00f3 lavagem. Cont\u00eam abrilhantador e removem as manchas mais dif\u00edceis, mesmo sem pr\u00e9-lavagem.<br \/>\nTipo de produto:<br \/>\nDetergente PastilhasBenef\u00edcios:<br \/>\n&#8211; Anti-gordura e anti-manchas;- Limpeza perfeita;- N\u00e3o necessit&#8230;<\/p>\n","protected":false},"featured_media":6506,"template":"","meta":{"spay_email":""},"product_cat":[15],"product_tag":[],"class_list":{"0":"post-6505","1":"product","2":"type-product","3":"status-publish","4":"has-post-thumbnail","6":"product_cat-sem-categoria","8":"first","9":"instock","10":"taxable","11":"shipping-taxable","12":"purchasable","13":"product-type-simple"},"acf":[],"jetpack-related-posts":[{"id":6507,"url":"https:\/\/mundo.seashell.pt\/?product=sun-classic-32-pastilhas","url_meta":{"origin":6505,"position":0},"title":"Sun Classic 32 Pastilhas","date":"Fevereiro 23, 2022","format":false,"excerpt":"As pastilhas Sun Classic, com a sua f\u00f3rmula All in One, garantem uma limpeza perfeita numa s\u00f3 lavagem. Cont\u00eam abrilhantador e removem as manchas mais dif\u00edceis, mesmo sem pr\u00e9-lavagem. Tipo de produto: Detergente Pastilhas Benef\u00edcios: - Anti-gordura e anti-manchas;- Limpeza perfeita;- N\u00e3o necessita de pr\u00e9...","rel":"","context":"Similar post","img":{"alt_text":"","src":"https:\/\/i0.wp.com\/mundo.seashell.pt\/wp-content\/uploads\/2022\/02\/8915914784798.jpeg?resize=350%2C200&ssl=1","width":350,"height":200},"classes":[]},{"id":6511,"url":"https:\/\/mundo.seashell.pt\/?product=sun-detergente-mll-em-gel","url_meta":{"origin":6505,"position":1},"title":"Sun Detergente MLL em Gel","date":"Fevereiro 23, 2022","format":false,"excerpt":"Descri\u00e7\u00e3o: Sun gel junta as fun\u00e7\u00f5es de lavagem, abrilhantador e sal num s\u00f3 produto, garantindo um brilho vis\u00edvel desde a primeira lavagem. A quantidade de produto n\u00e3o \u00e9 uma preocupa\u00e7\u00e3o, basta uma pequena dose de 20ml para um resultado impec\u00e1vel. Tipo de produto: Detergente GelBenef\u00edcios: - Dosagem simp...","rel":"","context":"Similar post","img":{"alt_text":"","src":"https:\/\/i0.wp.com\/mundo.seashell.pt\/wp-content\/uploads\/2022\/02\/SUN_Gel_AIO_NATURE_40D_8710847903915.png?resize=350%2C200&ssl=1","width":350,"height":200},"classes":[]},{"id":6509,"url":"https:\/\/mundo.seashell.pt\/?product=finish-pastilhas-mll","url_meta":{"origin":6505,"position":2},"title":"Finish Pastilhas MLL","date":"Fevereiro 23, 2022","format":false,"excerpt":"Tipo de produto: Detergente Pastilhas","rel":"","context":"Similar post","img":{"alt_text":"","src":"https:\/\/i0.wp.com\/mundo.seashell.pt\/wp-content\/uploads\/2022\/02\/7447098-frente.jpeg?resize=350%2C200&ssl=1","width":350,"height":200},"classes":[]},{"id":6501,"url":"https:\/\/mundo.seashell.pt\/?product=fairy-fresh-laranja-25-pastilhas","url_meta":{"origin":6505,"position":3},"title":"Fairy Fresh Laranja 25 Pastilhas","date":"Fevereiro 23, 2022","format":false,"excerpt":"As c\u00e1psulas para m\u00e1quina da loi\u00e7a Fairy t\u00eam uma a\u00e7\u00e3o de limpeza \u00e0 primeira e a sua f\u00f3rmula remove mesmo a gordura incrustada. Fairy combina l\u00edquido e p\u00f3 numa s\u00f3 c\u00e1psula poderosa. O seu inv\u00f3lucro ultrassol\u00favel dissolve-se muito mais rapidamente do que as c\u00e1psulas prensadas, por isso come\u00e7am a funcionar\u2026","rel":"","context":"Similar post","img":{"alt_text":"","src":"https:\/\/i0.wp.com\/mundo.seashell.pt\/wp-content\/uploads\/2022\/02\/002299866.jpeg?resize=350%2C200&ssl=1","width":350,"height":200},"classes":[]},{"id":6054,"url":"https:\/\/mundo.seashell.pt\/?product=stark-desidin-pastilhas-1kg","url_meta":{"origin":6505,"position":4},"title":"Stark Desidin Pastilhas 1KG","date":"Fevereiro 23, 2022","format":false,"excerpt":"Pastilhas efervescentes de cloro","rel":"","context":"Similar post","img":{"alt_text":"","src":"https:\/\/i0.wp.com\/mundo.seashell.pt\/wp-content\/uploads\/2022\/02\/stark_desidin.jpg?resize=350%2C200&ssl=1","width":350,"height":200},"classes":[]},{"id":6002,"url":"https:\/\/mundo.seashell.pt\/?product=tabs-chlorine-500gr","url_meta":{"origin":6505,"position":5},"title":"Pastilhas Tabs Chlorine 500gr","date":"Fevereiro 23, 2022","format":false,"excerpt":"Pastilhas efervescentes com a\u00e7\u00e3o higienizante\/branqueadora \u00e0 base de dicloroisocianurato, para cada tipo de sanitiza\u00e7\u00e3o e em qualquer superf\u00edcie","rel":"","context":"Similar post","img":{"alt_text":"","src":"https:\/\/i0.wp.com\/mundo.seashell.pt\/wp-content\/uploads\/2022\/02\/tabs_chlorine_1.jpg?resize=350%2C200&ssl=1","width":350,"height":200},"classes":[]}],"_links":{"self":[{"href":"https:\/\/mundo.seashell.pt\/index.php?rest_route=\/wp\/v2\/product\/6505","targetHints":{"allow":["GET"]}}],"collection":[{"href":"https:\/\/mundo.seashell.pt\/index.php?rest_route=\/wp\/v2\/product"}],"about":[{"href":"https:\/\/mundo.seashell.pt\/index.php?rest_route=\/wp\/v2\/types\/product"}],"wp:featuredmedia":[{"embeddable":true,"href":"https:\/\/mundo.seashell.pt\/index.php?rest_route=\/wp\/v2\/media\/6506"}],"wp:attachment":[{"href":"https:\/\/mundo.seashell.pt\/index.php?rest_route=%2Fwp%2Fv2%2Fmedia&parent=6505"}],"wp:term":[{"taxonomy":"product_cat","embeddable":true,"href":"https:\/\/mundo.seashell.pt\/index.php?rest_route=%2Fwp%2Fv2%2Fproduct_cat&post=6505"},{"taxonomy":"product_tag","embeddable":true,"href":"https:\/\/mundo.seashell.pt\/index.php?rest_route=%2Fwp%2Fv2%2Fproduct_tag&post=6505"}],"curies":[{"name":"wp","href":"https:\/\/api.w.org\/{rel}","templated":true}]}}