{"id":6503,"date":"2022-02-23T18:44:18","date_gmt":"2022-02-23T18:44:18","guid":{"rendered":"https:\/\/mundo.seashell.pt\/?post_type=product&#038;p=6503"},"modified":"2022-02-23T18:44:20","modified_gmt":"2022-02-23T18:44:20","slug":"fairy-platinum-limao-42-pastilhas","status":"publish","type":"product","link":"https:\/\/mundo.seashell.pt\/?product=fairy-platinum-limao-42-pastilhas","title":{"rendered":"Fairy Platinum Lim\u00e3o 42 Pastilhas"},"content":{"rendered":"<h3>Tipo de produto:<\/h3>\n<p>Detergente Pastilhas<\/p>\n<h3>Notas\/Frag\u00e2ncia:<\/h3>\n<p>Lim\u00e3o<\/p>\n<h3>Conselhos de utiliza\u00e7\u00e3o:<\/h3>\n<p>C\u00e1psulas prontas a usar e sem necessidade de tirar o inv\u00f3lucro. Coloque uma c\u00e1psula na gaveta dispensadora e feche imediatamente. Manuseie com as m\u00e3os secas. N\u00e3o abra a embalagem nem perfure a c\u00e1psula. Feche novamente o saco ap\u00f3s cada utiliza\u00e7\u00e3o.<\/p>\n","protected":false},"excerpt":{"rendered":"<h3>Tipo de produto:<\/h3>\n<p>Detergente Pastilhas<\/p>\n<h3>Notas\/Frag\u00e2ncia:<\/h3>\n<p>Lim\u00e3o<\/p>\n<h3>Conselhos de utiliza\u00e7\u00e3o:<\/h3>\n<p>C\u00e1psulas prontas a usar e sem necessidade de tirar o inv\u00f3lucro. Coloque uma c\u00e1psula na gaveta dispensadora e feche imediatamente. Manuseie com as m\u00e3os secas. N\u00e3o abra a embalagem nem perfure a c\u00e1psula. Feche novamente &#8230;<\/p>\n","protected":false},"featured_media":6504,"template":"","meta":{"spay_email":""},"product_cat":[15],"product_tag":[],"class_list":{"0":"post-6503","1":"product","2":"type-product","3":"status-publish","4":"has-post-thumbnail","6":"product_cat-sem-categoria","8":"first","9":"instock","10":"taxable","11":"shipping-taxable","12":"purchasable","13":"product-type-simple"},"acf":[],"jetpack-related-posts":[{"id":6501,"url":"https:\/\/mundo.seashell.pt\/?product=fairy-fresh-laranja-25-pastilhas","url_meta":{"origin":6503,"position":0},"title":"Fairy Fresh Laranja 25 Pastilhas","date":"Fevereiro 23, 2022","format":false,"excerpt":"As c\u00e1psulas para m\u00e1quina da loi\u00e7a Fairy t\u00eam uma a\u00e7\u00e3o de limpeza \u00e0 primeira e a sua f\u00f3rmula remove mesmo a gordura incrustada. Fairy combina l\u00edquido e p\u00f3 numa s\u00f3 c\u00e1psula poderosa. O seu inv\u00f3lucro ultrassol\u00favel dissolve-se muito mais rapidamente do que as c\u00e1psulas prensadas, por isso come\u00e7am a funcionar\u2026","rel":"","context":"Similar post","img":{"alt_text":"","src":"https:\/\/i0.wp.com\/mundo.seashell.pt\/wp-content\/uploads\/2022\/02\/002299866.jpeg?resize=350%2C200&ssl=1","width":350,"height":200},"classes":[]},{"id":6513,"url":"https:\/\/mundo.seashell.pt\/?product=super-pop-mll","url_meta":{"origin":6503,"position":1},"title":"Super Pop MLL","date":"Fevereiro 23, 2022","format":false,"excerpt":"Super Pop \u00e9 uma marca nacional e est\u00e1 no mercado portugu\u00eas desde 1972! As novas pastilhas para m\u00e1quina de loi\u00e7a Super Pop OxyPlus Tudo em 1 s\u00e3o fortes contra a sujidade da loi\u00e7a e cuidam da m\u00e1quina. Al\u00e9m de removerem eficazmente a gordura mais incrustada e os restos de comida\u2026","rel":"","context":"Similar post","img":{"alt_text":"","src":"https:\/\/i0.wp.com\/mundo.seashell.pt\/wp-content\/uploads\/2022\/02\/6371924-frente.jpeg?resize=350%2C200&ssl=1","width":350,"height":200},"classes":[]},{"id":6509,"url":"https:\/\/mundo.seashell.pt\/?product=finish-pastilhas-mll","url_meta":{"origin":6503,"position":2},"title":"Finish Pastilhas MLL","date":"Fevereiro 23, 2022","format":false,"excerpt":"Tipo de produto: Detergente Pastilhas","rel":"","context":"Similar post","img":{"alt_text":"","src":"https:\/\/i0.wp.com\/mundo.seashell.pt\/wp-content\/uploads\/2022\/02\/7447098-frente.jpeg?resize=350%2C200&ssl=1","width":350,"height":200},"classes":[]},{"id":6587,"url":"https:\/\/mundo.seashell.pt\/?product=surf-detergente-50-capsulas","url_meta":{"origin":6503,"position":3},"title":"Surf Detergente 50 C\u00e1psulas","date":"Fevereiro 23, 2022","format":false,"excerpt":"Novo Surf vai proporcionar \u00e0 sua roupa uma explos\u00e3o de perfume de coco. Descobre mais sobre as v\u00e1rias fragr\u00e2ncias fabulosas de Surf! Tipo de produto: Detergente C\u00e1psulas Notas\/Frag\u00e2ncia: Tropical - Frescura duradoura;- Explos\u00e3o de perfume;- Aroma energizante. Conselhos de utiliza\u00e7\u00e3o:...","rel":"","context":"Similar post","img":{"alt_text":"","src":"https:\/\/i0.wp.com\/mundo.seashell.pt\/wp-content\/uploads\/2022\/02\/SURF_Caps_Trio_Tropical_50_8720181001154.png?resize=350%2C200&ssl=1","width":350,"height":200},"classes":[]},{"id":6585,"url":"https:\/\/mundo.seashell.pt\/?product=persil-42-capsulas","url_meta":{"origin":6503,"position":4},"title":"Persil 42 C\u00e1psulas","date":"Fevereiro 23, 2022","format":false,"excerpt":"ra\u00e7as \u00e0 sua tecnologia exclusiva com dois compartimentos, Persil Duo Caps combina um tira n\u00f3doas ativo, para remover at\u00e9 as n\u00f3doas mais resistentes, com a f\u00f3rmula de luminosidade Persil, para um brilho radiante \u2013 tudo num s\u00f3 produto! Para uma lavagem completa de uma forma mais simples: basta colocar a\u2026","rel":"","context":"Similar post","img":{"alt_text":"","src":"https:\/\/i0.wp.com\/mundo.seashell.pt\/wp-content\/uploads\/2022\/02\/PERSIL_UNIVERSAL_POWERCAPS_42D_42D_8410436399531.png?resize=350%2C200&ssl=1","width":350,"height":200},"classes":[]},{"id":6569,"url":"https:\/\/mundo.seashell.pt\/?product=skip-3-em-1-15-capsulas","url_meta":{"origin":6503,"position":5},"title":"Skip 3 em 1 15 C\u00e1psulas","date":"Fevereiro 23, 2022","format":false,"excerpt":"A sua f\u00f3rmula \u00fanica tripla a\u00e7\u00e3o permite a remo\u00e7\u00e3o de n\u00f3doas, o cuidado da roupa e deixa uma frescura duradoura. Limpa profundamente a sua roupa, cuidando das suas cores e fibras. Tipo de produto: Detergente C\u00e1psulas Benef\u00edcios: - Remo\u00e7\u00e3o de n\u00f3doas;- Cuidado da roupa;- Frescura duradoura. Conselh...","rel":"","context":"Similar post","img":{"alt_text":"","src":"https:\/\/i0.wp.com\/mundo.seashell.pt\/wp-content\/uploads\/2022\/02\/SKIP_Trio_Tub_Caps_Ultim_Active_Clean_15_8720181050282.png?resize=350%2C200&ssl=1","width":350,"height":200},"classes":[]}],"_links":{"self":[{"href":"https:\/\/mundo.seashell.pt\/index.php?rest_route=\/wp\/v2\/product\/6503","targetHints":{"allow":["GET"]}}],"collection":[{"href":"https:\/\/mundo.seashell.pt\/index.php?rest_route=\/wp\/v2\/product"}],"about":[{"href":"https:\/\/mundo.seashell.pt\/index.php?rest_route=\/wp\/v2\/types\/product"}],"wp:featuredmedia":[{"embeddable":true,"href":"https:\/\/mundo.seashell.pt\/index.php?rest_route=\/wp\/v2\/media\/6504"}],"wp:attachment":[{"href":"https:\/\/mundo.seashell.pt\/index.php?rest_route=%2Fwp%2Fv2%2Fmedia&parent=6503"}],"wp:term":[{"taxonomy":"product_cat","embeddable":true,"href":"https:\/\/mundo.seashell.pt\/index.php?rest_route=%2Fwp%2Fv2%2Fproduct_cat&post=6503"},{"taxonomy":"product_tag","embeddable":true,"href":"https:\/\/mundo.seashell.pt\/index.php?rest_route=%2Fwp%2Fv2%2Fproduct_tag&post=6503"}],"curies":[{"name":"wp","href":"https:\/\/api.w.org\/{rel}","templated":true}]}}