{"id":6501,"date":"2022-02-23T18:44:17","date_gmt":"2022-02-23T18:44:17","guid":{"rendered":"https:\/\/mundo.seashell.pt\/?post_type=product&#038;p=6501"},"modified":"2022-02-23T18:44:18","modified_gmt":"2022-02-23T18:44:18","slug":"fairy-fresh-laranja-25-pastilhas","status":"publish","type":"product","link":"https:\/\/mundo.seashell.pt\/?product=fairy-fresh-laranja-25-pastilhas","title":{"rendered":"Fairy Fresh Laranja 25 Pastilhas"},"content":{"rendered":"<p>As c\u00e1psulas para m\u00e1quina da loi\u00e7a Fairy t\u00eam uma a\u00e7\u00e3o de limpeza \u00e0 primeira e a sua f\u00f3rmula remove mesmo a gordura incrustada. Fairy combina l\u00edquido e p\u00f3 numa s\u00f3 c\u00e1psula poderosa. O seu inv\u00f3lucro ultrassol\u00favel dissolve-se muito mais rapidamente do que as c\u00e1psulas prensadas, por isso come\u00e7am a funcionar imediatamente para um bom resultado. Al\u00e9m disso, s\u00e3o incrivelmente f\u00e1ceis de utilizar. Basta coloc\u00e1-las na sua m\u00e1quina da loi\u00e7a. Sem ser necess\u00e1rio tirar o inv\u00f3lucro e sem sujidade. Use tamb\u00e9m detergente Fairy no seu lava-loi\u00e7a. A sua f\u00f3rmula concentrada elimina instantaneamente a gordura mais dif\u00edcil, proporcionando-lhe uma limpeza brilhante. O poder de limpeza no qual pode confiar a sua lavagem.<\/p>\n<h3>Tipo de produto:<\/h3>\n<p>Detergente Pastilhas<\/p>\n<h3>Benef\u00edcios:<\/h3>\n<p>&#8211; Remo\u00e7\u00e3o da gordura incrustada e manchas dif\u00edceis;<br \/>&#8211; Brilho extra;<br \/>&#8211; Prote\u00e7\u00e3o do vidro e prata, devido ao sal e \u00e0s propriedades anti-manchas;<br \/>&#8211; Limpeza e frescura da m\u00e1quina da loi\u00e7a;<br \/>&#8211; A\u00e7\u00e3o de limpeza poderosa com dissolvente de gordura l\u00edquido;<br \/>&#8211; Concebidas e testadas para utiliza\u00e7\u00e3o nas principais marcas de m\u00e1quinas da loi\u00e7a.<\/p>\n<h3>Conselhos de utiliza\u00e7\u00e3o:<\/h3>\n<p>C\u00e1psulas prontas a usar e sem necessidade de tirar o inv\u00f3lucro. Coloque uma c\u00e1psula na gaveta dispensadora e feche imediatamente. Manuseie com as m\u00e3os secas. N\u00e3o abra a embalagem nem perfure a c\u00e1psula. Feche novamente o saco ap\u00f3s cada utiliza\u00e7\u00e3o.<\/p>\n<p><\/p>\n","protected":false},"excerpt":{"rendered":"<p>As c\u00e1psulas para m\u00e1quina da loi\u00e7a Fairy t\u00eam uma a\u00e7\u00e3o de limpeza \u00e0 primeira e a sua f\u00f3rmula remove mesmo a gordura incrustada. Fairy combina l\u00edquido e p\u00f3 numa s\u00f3 c\u00e1psula poderosa. O seu inv\u00f3lucro ultrassol\u00favel dissolve-se muito mais rapidamente do que as c\u00e1psulas prensadas, por isso come\u00e7am a funcionar imediatamente para um bom resultado. Al\u00e9m&#8230;<\/p>\n","protected":false},"featured_media":6502,"template":"","meta":{"spay_email":""},"product_cat":[15],"product_tag":[],"class_list":{"0":"post-6501","1":"product","2":"type-product","3":"status-publish","4":"has-post-thumbnail","6":"product_cat-sem-categoria","8":"first","9":"instock","10":"taxable","11":"shipping-taxable","12":"purchasable","13":"product-type-simple"},"acf":[],"jetpack-related-posts":[{"id":6513,"url":"https:\/\/mundo.seashell.pt\/?product=super-pop-mll","url_meta":{"origin":6501,"position":0},"title":"Super Pop MLL","date":"Fevereiro 23, 2022","format":false,"excerpt":"Super Pop \u00e9 uma marca nacional e est\u00e1 no mercado portugu\u00eas desde 1972! As novas pastilhas para m\u00e1quina de loi\u00e7a Super Pop OxyPlus Tudo em 1 s\u00e3o fortes contra a sujidade da loi\u00e7a e cuidam da m\u00e1quina. Al\u00e9m de removerem eficazmente a gordura mais incrustada e os restos de comida\u2026","rel":"","context":"Similar post","img":{"alt_text":"","src":"https:\/\/i0.wp.com\/mundo.seashell.pt\/wp-content\/uploads\/2022\/02\/6371924-frente.jpeg?resize=350%2C200&ssl=1","width":350,"height":200},"classes":[]},{"id":6475,"url":"https:\/\/mundo.seashell.pt\/?product=fairy-lava-loica-manua-034l","url_meta":{"origin":6501,"position":1},"title":"Fairy Lava Loi\u00e7a Manual Aloe Vera 340ml","date":"Fevereiro 23, 2022","format":false,"excerpt":"O Fairy ultra oferece-lhe o poder de limpeza ultraduradouro que espera para a sua lavagem, at\u00e9 \u00e0 \u00faltima gota. A sua f\u00f3rmula concentrada elimina a gordura mais dif\u00edcil proporcionando uma limpeza brilhante. N\u00e3o \u00e9 de espantar que o Fairy ultra seja o modelo de excel\u00eancia dos detergentes l\u00edquidos. Experimente tamb\u00e9m\u2026","rel":"","context":"Similar post","img":{"alt_text":"","src":"https:\/\/i0.wp.com\/mundo.seashell.pt\/wp-content\/uploads\/2022\/02\/FAIRY_ALOE_VERA_340_ML_8001841433806.png?resize=350%2C200&ssl=1","width":350,"height":200},"classes":[]},{"id":7162,"url":"https:\/\/mundo.seashell.pt\/?product=fairy-lava-loica-manual-original-480ml-1","url_meta":{"origin":6501,"position":2},"title":"Fairy Lava Loi\u00e7a Manual Original 480ml","date":"Fevereiro 23, 2022","format":false,"excerpt":"Detergente ultraduradouro at\u00e9 \u00e0 \u00faltima gota.Descri\u00e7\u00e3o: O Fairy ultra oferece-lhe o poder de limpeza ultraduradouro que espera para a sua lavagem, at\u00e9 \u00e0 \u00faltima gota. A sua f\u00f3rmula concentrada elimina a gordura mais dif\u00edcil proporcionando uma limpeza brilhante. N\u00e3o \u00e9 de espantar que o Fairy ultra seja o modelo de\u2026","rel":"","context":"Similar post","img":{"alt_text":"","src":"https:\/\/i0.wp.com\/mundo.seashell.pt\/wp-content\/uploads\/2022\/02\/5039180-frente.jpeg?resize=350%2C200&ssl=1","width":350,"height":200},"classes":[]},{"id":7164,"url":"https:\/\/mundo.seashell.pt\/?product=fairy-lava-loica-manual-original-15l","url_meta":{"origin":6501,"position":3},"title":"Fairy Lava Loi\u00e7a Manual Original 1,5L","date":"Fevereiro 23, 2022","format":false,"excerpt":"Detergente ultraduradouro at\u00e9 \u00e0 \u00faltima gota.Descri\u00e7\u00e3o: O Fairy ultra oferece-lhe o poder de limpeza ultraduradouro que espera para a sua lavagem, at\u00e9 \u00e0 \u00faltima gota. A sua f\u00f3rmula concentrada elimina a gordura mais dif\u00edcil proporcionando uma limpeza brilhante. N\u00e3o \u00e9 de espantar que o Fairy ultra seja o modelo de\u2026","rel":"","context":"Similar post","img":{"alt_text":"","src":"https:\/\/i0.wp.com\/mundo.seashell.pt\/wp-content\/uploads\/2022\/02\/5708424-frente.jpeg?resize=350%2C200&ssl=1","width":350,"height":200},"classes":[]},{"id":7158,"url":"https:\/\/mundo.seashell.pt\/?product=fairy-lava-loica-manual-original-325ml","url_meta":{"origin":6501,"position":4},"title":"Fairy Lava Loi\u00e7a Manual Original 325ml","date":"Fevereiro 23, 2022","format":false,"excerpt":"Eficaz ao eliminar gordura para uma loi\u00e7a extraordinariamente limpa e cintilante.Descri\u00e7\u00e3o: Fairy proporciona o poder de limpeza em que pode confiar a sua lavagem. A sua f\u00f3rmula concentrada ultra elimina instantaneamente a gordura, proporcionando-lhe uma limpeza brilhante. Uma gota de l\u00edquido lava muitos pratos, pois limpa 50%...","rel":"","context":"Similar post","img":{"alt_text":"","src":"https:\/\/i0.wp.com\/mundo.seashell.pt\/wp-content\/uploads\/2022\/02\/7094135-frente.jpeg?resize=350%2C200&ssl=1","width":350,"height":200},"classes":[]},{"id":7160,"url":"https:\/\/mundo.seashell.pt\/?product=fairy-lava-loica-manual-original-480ml","url_meta":{"origin":6501,"position":5},"title":"Fairy Lava Loi\u00e7a Manual Original 480ml","date":"Fevereiro 23, 2022","format":false,"excerpt":"Eficaz ao eliminar gordura para uma loi\u00e7a extraordinariamente limpa e cintilante. Descri\u00e7\u00e3o: Fairy proporciona o poder de limpeza em que pode confiar a sua lavagem. A sua f\u00f3rmula concentrada ultra elimina instantaneamente a gordura, proporcionando-lhe uma limpeza brilhante. Uma gota de l\u00edquido lava muitos pratos, pois limpa 50...","rel":"","context":"Similar post","img":{"alt_text":"","src":"https:\/\/i0.wp.com\/mundo.seashell.pt\/wp-content\/uploads\/2022\/02\/5039197-frente.jpeg?resize=350%2C200&ssl=1","width":350,"height":200},"classes":[]}],"_links":{"self":[{"href":"https:\/\/mundo.seashell.pt\/index.php?rest_route=\/wp\/v2\/product\/6501","targetHints":{"allow":["GET"]}}],"collection":[{"href":"https:\/\/mundo.seashell.pt\/index.php?rest_route=\/wp\/v2\/product"}],"about":[{"href":"https:\/\/mundo.seashell.pt\/index.php?rest_route=\/wp\/v2\/types\/product"}],"wp:featuredmedia":[{"embeddable":true,"href":"https:\/\/mundo.seashell.pt\/index.php?rest_route=\/wp\/v2\/media\/6502"}],"wp:attachment":[{"href":"https:\/\/mundo.seashell.pt\/index.php?rest_route=%2Fwp%2Fv2%2Fmedia&parent=6501"}],"wp:term":[{"taxonomy":"product_cat","embeddable":true,"href":"https:\/\/mundo.seashell.pt\/index.php?rest_route=%2Fwp%2Fv2%2Fproduct_cat&post=6501"},{"taxonomy":"product_tag","embeddable":true,"href":"https:\/\/mundo.seashell.pt\/index.php?rest_route=%2Fwp%2Fv2%2Fproduct_tag&post=6501"}],"curies":[{"name":"wp","href":"https:\/\/api.w.org\/{rel}","templated":true}]}}