{"id":6497,"date":"2022-02-23T18:43:58","date_gmt":"2022-02-23T18:43:58","guid":{"rendered":"https:\/\/mundo.seashell.pt\/?post_type=product&#038;p=6497"},"modified":"2022-02-23T18:44:01","modified_gmt":"2022-02-23T18:44:01","slug":"finish-maquina-loica-025l","status":"publish","type":"product","link":"https:\/\/mundo.seashell.pt\/?product=finish-maquina-loica-025l","title":{"rendered":"Finish M\u00e1quina Loi\u00e7a 250ml"},"content":{"rendered":"<\/p>\n<p>Finish limpa m\u00e1quinas funciona de uma forma segura e eficaz de forma a remover a sujidade e calc\u00e1rio que est\u00e3o dentro da sua m\u00e1quina de loi\u00e7a, incluindo as partes de dif\u00edcil alcance como os filtros, aspersores e canos.<\/p>\n<h3>Tipo de produto:<\/h3>\n<p>Aditivo<\/p>\n<h3>Benef\u00edcios:<\/h3>\n<p>&#8211; Limpeza profunda da sua m\u00e1quina de lavar loi\u00e7a;<br \/>&#8211; Remo\u00e7\u00e3o de calc\u00e1rio e sujidade;<br \/>&#8211; Limpeza de partes de dif\u00edcil alcance como filtros, aspersores e canos;<br \/>&#8211; Utiliza\u00e7\u00e3o com m\u00e1quina vazia.<\/p>\n<h3>Conselhos de utiliza\u00e7\u00e3o:<\/h3>\n<p>Utilize Finish limpa m\u00e1quinas com a m\u00e1quina vazia. Coloque a embalagem voltada para baixo no tabuleiro inferior e mantenha a tampa fechada. Retire apenas o autocolante da tampa, mas n\u00e3o a pr\u00f3pria tampa. Com a m\u00e1quina vazia, escolha um programa com temperatura m\u00ednima de 65\u00baC e efetue um ciclo de lavagem. N\u00e3o adicione detergente.<\/p>\n<h3>Dicas:<\/h3>\n<p>Para uma melhor performance da sua m\u00e1quina, utilize os aditivos Finish com os detergentes Finish.<\/p>\n<p><strong><\/strong><\/p><\/p>\n","protected":false},"excerpt":{"rendered":"<p>Finish limpa m\u00e1quinas funciona de uma forma segura e eficaz de forma a remover a sujidade e calc\u00e1rio que est\u00e3o dentro da sua m\u00e1quina de loi\u00e7a, incluindo as partes de dif\u00edcil alcance como os filtros, aspersores e canos.<br \/>\nTipo de produto:<br \/>\nAditivo<br \/>\nBenef\u00edcios:<br \/>\n&#8211; Limpeza profunda da sua m\u00e1quina de lavar loi\u00e7a&#8230;<\/p>\n","protected":false},"featured_media":6498,"template":"","meta":{"spay_email":""},"product_cat":[15],"product_tag":[],"class_list":{"0":"post-6497","1":"product","2":"type-product","3":"status-publish","4":"has-post-thumbnail","6":"product_cat-sem-categoria","8":"first","9":"instock","10":"taxable","11":"shipping-taxable","12":"purchasable","13":"product-type-simple"},"acf":[],"jetpack-related-posts":[{"id":6509,"url":"https:\/\/mundo.seashell.pt\/?product=finish-pastilhas-mll","url_meta":{"origin":6497,"position":0},"title":"Finish Pastilhas MLL","date":"Fevereiro 23, 2022","format":false,"excerpt":"Tipo de produto: Detergente Pastilhas","rel":"","context":"Similar post","img":{"alt_text":"","src":"https:\/\/i0.wp.com\/mundo.seashell.pt\/wp-content\/uploads\/2022\/02\/7447098-frente.jpeg?resize=350%2C200&ssl=1","width":350,"height":200},"classes":[]},{"id":6485,"url":"https:\/\/mundo.seashell.pt\/?product=finish-sal-1kg","url_meta":{"origin":6497,"position":1},"title":"Finish Sal 1Kg","date":"Fevereiro 23, 2022","format":false,"excerpt":"Os res\u00edduos de \u00e1gua com calc\u00e1rio podem reduzir o desemplenho e efici\u00eancia da sua m\u00e1quina de lavar loi\u00e7a. Utilize Finish sal para eliminar o calc\u00e1rio e prevenir a forma\u00e7\u00e3o de manchas de \u00e1gua na loi\u00e7a, protegendo a sua m\u00e1quina de lavar loi\u00e7a. Tipo de produto: AditivoBenef\u00edcios: - Ajuda a suavizar\u2026","rel":"","context":"Similar post","img":{"alt_text":"","src":"https:\/\/i0.wp.com\/mundo.seashell.pt\/wp-content\/uploads\/2022\/02\/2590227-frente.jpeg?resize=350%2C200&ssl=1","width":350,"height":200},"classes":[]},{"id":6684,"url":"https:\/\/mundo.seashell.pt\/?product=sanytol-limpa-e-desinfeta-025l","url_meta":{"origin":6497,"position":2},"title":"Sanytol Limpa e Desinfeta 250ml","date":"Fevereiro 23, 2022","format":false,"excerpt":"Todos os ciclos de lavagem deixam res\u00edduos, sujidade e calc\u00e1rio que podem danificar a m\u00e1quina de lavar. Sanytol Limpa M\u00e1quinas \u00e9 um limpador desinfetante para a m\u00e1quina de lavar roupa que elimina 99.9% das bact\u00e9rias. Tipo de produto: Limpeza e Tratamento da M\u00e1quinaBenef\u00edcios: - Lava, desinfeta e previne todos o...","rel":"","context":"Similar post","img":{"alt_text":"","src":"https:\/\/i0.wp.com\/mundo.seashell.pt\/wp-content\/uploads\/2022\/02\/SANYTOL_LIMPA_MA_QUINAS_DESINFETANTE_250_ML_8411135665019.png?resize=350%2C200&ssl=1","width":350,"height":200},"classes":[]},{"id":6517,"url":"https:\/\/mundo.seashell.pt\/?product=finish-all-in-1-max-power-gel-mll-50-un","url_meta":{"origin":6497,"position":3},"title":"Finish All in 1 Max Power Gel MLL 50 Un.","date":"Fevereiro 23, 2022","format":false,"excerpt":"Finish All in 1 Max Power Gel desengordurante, com uma f\u00f3rmula de r\u00e1pida dissolu\u00e7\u00e3o, promove brilho e limpeza at\u00e9 em ciclos curtos. Atua contra os res\u00edduos mais dif\u00edceis, protegendo contra a corros\u00e3o do cristal com um grande poder desengordurante. Recomendada pelos principais fabricantes de m\u00e1quinas de lavar loi\u00e7a: Bosch, Candy,\u2026","rel":"","context":"Similar post","img":{"alt_text":"","src":"https:\/\/i0.wp.com\/mundo.seashell.pt\/wp-content\/uploads\/2022\/02\/Finish_Gel_AiO_Lima_o_1LT_x5_8410104124649.png?resize=350%2C200&ssl=1","width":350,"height":200},"classes":[]},{"id":6487,"url":"https:\/\/mundo.seashell.pt\/?product=sun-sal-1kg","url_meta":{"origin":6497,"position":4},"title":"Sun Sal 1Kg","date":"Fevereiro 23, 2022","format":false,"excerpt":"Sun sal foi desenvolvido para prestar uma prote\u00e7\u00e3o duradoura contra o calc\u00e1rio, melhorando o desempenho e a lavagem da m\u00e1quina. Impede a forma\u00e7\u00e3o de dep\u00f3sitos de calc\u00e1rio e reduz as manchas brancas nos pratos, mesmo que a \u00e1gua seja dura. Tipo de produto: AditivoBenef\u00edcios: - Mant\u00e9m a sua m\u00e1quina livre\u2026","rel":"","context":"Similar post","img":{"alt_text":"","src":"https:\/\/i0.wp.com\/mundo.seashell.pt\/wp-content\/uploads\/2022\/02\/2388486-frente.jpeg?resize=350%2C200&ssl=1","width":350,"height":200},"classes":[]},{"id":6501,"url":"https:\/\/mundo.seashell.pt\/?product=fairy-fresh-laranja-25-pastilhas","url_meta":{"origin":6497,"position":5},"title":"Fairy Fresh Laranja 25 Pastilhas","date":"Fevereiro 23, 2022","format":false,"excerpt":"As c\u00e1psulas para m\u00e1quina da loi\u00e7a Fairy t\u00eam uma a\u00e7\u00e3o de limpeza \u00e0 primeira e a sua f\u00f3rmula remove mesmo a gordura incrustada. Fairy combina l\u00edquido e p\u00f3 numa s\u00f3 c\u00e1psula poderosa. O seu inv\u00f3lucro ultrassol\u00favel dissolve-se muito mais rapidamente do que as c\u00e1psulas prensadas, por isso come\u00e7am a funcionar\u2026","rel":"","context":"Similar post","img":{"alt_text":"","src":"https:\/\/i0.wp.com\/mundo.seashell.pt\/wp-content\/uploads\/2022\/02\/002299866.jpeg?resize=350%2C200&ssl=1","width":350,"height":200},"classes":[]}],"_links":{"self":[{"href":"https:\/\/mundo.seashell.pt\/index.php?rest_route=\/wp\/v2\/product\/6497","targetHints":{"allow":["GET"]}}],"collection":[{"href":"https:\/\/mundo.seashell.pt\/index.php?rest_route=\/wp\/v2\/product"}],"about":[{"href":"https:\/\/mundo.seashell.pt\/index.php?rest_route=\/wp\/v2\/types\/product"}],"wp:featuredmedia":[{"embeddable":true,"href":"https:\/\/mundo.seashell.pt\/index.php?rest_route=\/wp\/v2\/media\/6498"}],"wp:attachment":[{"href":"https:\/\/mundo.seashell.pt\/index.php?rest_route=%2Fwp%2Fv2%2Fmedia&parent=6497"}],"wp:term":[{"taxonomy":"product_cat","embeddable":true,"href":"https:\/\/mundo.seashell.pt\/index.php?rest_route=%2Fwp%2Fv2%2Fproduct_cat&post=6497"},{"taxonomy":"product_tag","embeddable":true,"href":"https:\/\/mundo.seashell.pt\/index.php?rest_route=%2Fwp%2Fv2%2Fproduct_tag&post=6497"}],"curies":[{"name":"wp","href":"https:\/\/api.w.org\/{rel}","templated":true}]}}