{"id":6493,"date":"2022-02-23T18:43:54","date_gmt":"2022-02-23T18:43:54","guid":{"rendered":"https:\/\/mundo.seashell.pt\/?post_type=product&#038;p=6493"},"modified":"2022-02-23T18:43:57","modified_gmt":"2022-02-23T18:43:57","slug":"sun-limpa-maquinas-120gr","status":"publish","type":"product","link":"https:\/\/mundo.seashell.pt\/?product=sun-limpa-maquinas-120gr","title":{"rendered":"Sun Limpa M\u00e1quinas 120Gr"},"content":{"rendered":"<p>Sun limpa m\u00e1quinas maximiza a longevidade da sua m\u00e1quina, removendo dep\u00f3sitos de calc\u00e1rio e graxa de partes inacess\u00edveis, resultando em pratos limpos, lavagem ap\u00f3s lavagem.<\/p>\n<h3>Tipo de produto:<\/h3>\n<p>Aditivo<\/p>\n<h3>Benef\u00edcios:<\/h3>\n<p>&#8211; Elimina dep\u00f3sitos de graxa e calc\u00e1rio;<br \/>&#8211; Atua em partes inacess\u00edveis da m\u00e1quina;<br \/>&#8211; Eficaz no filtro, tubos e bra\u00e7os de pulveriza\u00e7\u00e3o da m\u00e1quina;<br \/>&#8211; Aumenta a vida \u00fatil da m\u00e1quina.<\/p>\n<h3>Conselhos de utiliza\u00e7\u00e3o:<\/h3>\n<p>Esvazie por completo a sua m\u00e1quina. Coloque o conte\u00fado de uma saqueta na gaveta do detergente. Feche a m\u00e1quina e selecione o programa normal ou intenso. Para resultados perfeitos, utilize Sun limpa m\u00e1quinas uma vez por m\u00eas.<\/p>\n<p><\/p>\n","protected":false},"excerpt":{"rendered":"<p>Sun limpa m\u00e1quinas maximiza a longevidade da sua m\u00e1quina, removendo dep\u00f3sitos de calc\u00e1rio e graxa de partes inacess\u00edveis, resultando em pratos limpos, lavagem ap\u00f3s lavagem.<\/p>\n<h3>Tipo de produto:<\/h3>\n<p>Aditivo<\/p>\n<h3>Benef\u00edcios:<\/h3>\n<p>&#8211; Elimina dep\u00f3sitos de graxa e calc\u00e1rio;<br \/>&#8211; Atua em partes inacess\u00edveis da m\u00e1quina;<br \/>&#8211; Eficaz no fi&#8230;<\/p>\n","protected":false},"featured_media":6494,"template":"","meta":{"spay_email":""},"product_cat":[15],"product_tag":[],"class_list":{"0":"post-6493","1":"product","2":"type-product","3":"status-publish","4":"has-post-thumbnail","6":"product_cat-sem-categoria","8":"first","9":"instock","10":"taxable","11":"shipping-taxable","12":"purchasable","13":"product-type-simple"},"acf":[],"jetpack-related-posts":[{"id":6487,"url":"https:\/\/mundo.seashell.pt\/?product=sun-sal-1kg","url_meta":{"origin":6493,"position":0},"title":"Sun Sal 1Kg","date":"Fevereiro 23, 2022","format":false,"excerpt":"Sun sal foi desenvolvido para prestar uma prote\u00e7\u00e3o duradoura contra o calc\u00e1rio, melhorando o desempenho e a lavagem da m\u00e1quina. Impede a forma\u00e7\u00e3o de dep\u00f3sitos de calc\u00e1rio e reduz as manchas brancas nos pratos, mesmo que a \u00e1gua seja dura. Tipo de produto: AditivoBenef\u00edcios: - Mant\u00e9m a sua m\u00e1quina livre\u2026","rel":"","context":"Similar post","img":{"alt_text":"","src":"https:\/\/i0.wp.com\/mundo.seashell.pt\/wp-content\/uploads\/2022\/02\/2388486-frente.jpeg?resize=350%2C200&ssl=1","width":350,"height":200},"classes":[]},{"id":6684,"url":"https:\/\/mundo.seashell.pt\/?product=sanytol-limpa-e-desinfeta-025l","url_meta":{"origin":6493,"position":1},"title":"Sanytol Limpa e Desinfeta 250ml","date":"Fevereiro 23, 2022","format":false,"excerpt":"Todos os ciclos de lavagem deixam res\u00edduos, sujidade e calc\u00e1rio que podem danificar a m\u00e1quina de lavar. Sanytol Limpa M\u00e1quinas \u00e9 um limpador desinfetante para a m\u00e1quina de lavar roupa que elimina 99.9% das bact\u00e9rias. Tipo de produto: Limpeza e Tratamento da M\u00e1quinaBenef\u00edcios: - Lava, desinfeta e previne todos o...","rel":"","context":"Similar post","img":{"alt_text":"","src":"https:\/\/i0.wp.com\/mundo.seashell.pt\/wp-content\/uploads\/2022\/02\/SANYTOL_LIMPA_MA_QUINAS_DESINFETANTE_250_ML_8411135665019.png?resize=350%2C200&ssl=1","width":350,"height":200},"classes":[]},{"id":6497,"url":"https:\/\/mundo.seashell.pt\/?product=finish-maquina-loica-025l","url_meta":{"origin":6493,"position":2},"title":"Finish M\u00e1quina Loi\u00e7a 250ml","date":"Fevereiro 23, 2022","format":false,"excerpt":"Finish limpa m\u00e1quinas funciona de uma forma segura e eficaz de forma a remover a sujidade e calc\u00e1rio que est\u00e3o dentro da sua m\u00e1quina de loi\u00e7a, incluindo as partes de dif\u00edcil alcance como os filtros, aspersores e canos. Tipo de produto: Aditivo Benef\u00edcios: - Limpeza profunda da sua m\u00e1quina de\u2026","rel":"","context":"Similar post","img":{"alt_text":"","src":"https:\/\/i0.wp.com\/mundo.seashell.pt\/wp-content\/uploads\/2022\/02\/Finish_Limpa_Maq_Limao_x12_8410104702663.png?resize=350%2C200&ssl=1","width":350,"height":200},"classes":[]},{"id":6710,"url":"https:\/\/mundo.seashell.pt\/?product=xau-limpa-maquinas-025l","url_meta":{"origin":6493,"position":3},"title":"Xau Limpa M\u00e1quinas 250ml","date":"Fevereiro 23, 2022","format":false,"excerpt":"Se a sua m\u00e1quina da roupa tem a gaveta suja, maus odores e borracha suja, utilize Xau limpa m\u00e1quinas. Este produto cont\u00e9m uma f\u00f3rmula \u00fanica que limpa e remove os res\u00edduos de sujidade e detergente do interior da m\u00e1quina da roupa. Mant\u00e9m o interior da sua m\u00e1quina limpa, garantindo um\u2026","rel":"","context":"Similar post","img":{"alt_text":"","src":"https:\/\/i0.wp.com\/mundo.seashell.pt\/wp-content\/uploads\/2022\/02\/Xau_Limpa_Ma_quinas_250mlx12_8410104033026.png?resize=350%2C200&ssl=1","width":350,"height":200},"classes":[]},{"id":6515,"url":"https:\/\/mundo.seashell.pt\/?product=calgon-pastilhas-mll","url_meta":{"origin":6493,"position":4},"title":"Calgon Pastilhas MLL","date":"Fevereiro 23, 2022","format":false,"excerpt":"Calgon pastilhas 3 em 1 oferece uma prote\u00e7\u00e3o incr\u00edvel contra o calc\u00e1rio gra\u00e7as \u00e0 sua a\u00e7\u00e3o neutralizante, que ajuda a proteger todas as partes vitais da sua m\u00e1quina em contacto com a \u00e1gua. Tem ainda o benef\u00edcio adicional de ajudar a manter a sua m\u00e1quina limpa e sem odores, quando\u2026","rel":"","context":"Similar post","img":{"alt_text":"","src":"https:\/\/i0.wp.com\/mundo.seashell.pt\/wp-content\/uploads\/2022\/02\/6883710-frente.jpeg?resize=350%2C200&ssl=1","width":350,"height":200},"classes":[]},{"id":6505,"url":"https:\/\/mundo.seashell.pt\/?product=sun-pastilhas-maquina-loica","url_meta":{"origin":6493,"position":5},"title":"Sun All in One 30 Pastilhas","date":"Fevereiro 23, 2022","format":false,"excerpt":"As pastilhas Sun All In 1 regular, com a sua f\u00f3rmula All in One, garantem uma limpeza perfeita numa s\u00f3 lavagem. Cont\u00eam abrilhantador e removem as manchas mais dif\u00edceis, mesmo sem pr\u00e9-lavagem. Tipo de produto: Detergente PastilhasBenef\u00edcios: - Anti-gordura e anti-manchas;- Limpeza perfeita;- N\u00e3o necessit...","rel":"","context":"Similar post","img":{"alt_text":"","src":"https:\/\/i0.wp.com\/mundo.seashell.pt\/wp-content\/uploads\/2022\/02\/7128672-frente.jpeg?resize=350%2C200&ssl=1","width":350,"height":200},"classes":[]}],"_links":{"self":[{"href":"https:\/\/mundo.seashell.pt\/index.php?rest_route=\/wp\/v2\/product\/6493","targetHints":{"allow":["GET"]}}],"collection":[{"href":"https:\/\/mundo.seashell.pt\/index.php?rest_route=\/wp\/v2\/product"}],"about":[{"href":"https:\/\/mundo.seashell.pt\/index.php?rest_route=\/wp\/v2\/types\/product"}],"wp:featuredmedia":[{"embeddable":true,"href":"https:\/\/mundo.seashell.pt\/index.php?rest_route=\/wp\/v2\/media\/6494"}],"wp:attachment":[{"href":"https:\/\/mundo.seashell.pt\/index.php?rest_route=%2Fwp%2Fv2%2Fmedia&parent=6493"}],"wp:term":[{"taxonomy":"product_cat","embeddable":true,"href":"https:\/\/mundo.seashell.pt\/index.php?rest_route=%2Fwp%2Fv2%2Fproduct_cat&post=6493"},{"taxonomy":"product_tag","embeddable":true,"href":"https:\/\/mundo.seashell.pt\/index.php?rest_route=%2Fwp%2Fv2%2Fproduct_tag&post=6493"}],"curies":[{"name":"wp","href":"https:\/\/api.w.org\/{rel}","templated":true}]}}