{"id":6491,"date":"2022-02-23T18:43:51","date_gmt":"2022-02-23T18:43:51","guid":{"rendered":"https:\/\/mundo.seashell.pt\/?post_type=product&#038;p=6491"},"modified":"2022-02-23T18:43:54","modified_gmt":"2022-02-23T18:43:54","slug":"sun-deo-limao-60-ciclos","status":"publish","type":"product","link":"https:\/\/mundo.seashell.pt\/?product=sun-deo-limao-60-ciclos","title":{"rendered":"Sun Deo Lim\u00e3o 60 Ciclos"},"content":{"rendered":"<p>Sun desodorizante foi desenvolvido para proteger a sua m\u00e1quina de lavar a loi\u00e7a contra maus odores, ajudando a neutralizar os mesmos.<\/p>\n<h3>Tipo de produto:<\/h3>\n<p>Aditivo<\/p>\n<h3>Notas\/Frag\u00e2ncia:<\/h3>\n<p>Lim\u00e3o<\/p>\n","protected":false},"excerpt":{"rendered":"<p>Sun desodorizante foi desenvolvido para proteger a sua m\u00e1quina de lavar a loi\u00e7a contra maus odores, ajudando a neutralizar os mesmos.<\/p>\n<h3>Tipo de produto:<\/h3>\n<p>Aditivo<\/p>\n<h3>Notas\/Frag\u00e2ncia:<\/h3>\n<p>Lim\u00e3o<\/p>\n","protected":false},"featured_media":6492,"template":"","meta":{"spay_email":""},"product_cat":[15],"product_tag":[],"class_list":{"0":"post-6491","1":"product","2":"type-product","3":"status-publish","4":"has-post-thumbnail","6":"product_cat-sem-categoria","8":"first","9":"instock","10":"taxable","11":"shipping-taxable","12":"purchasable","13":"product-type-simple"},"acf":[],"jetpack-related-posts":[{"id":6489,"url":"https:\/\/mundo.seashell.pt\/?product=finish-deo-lima-limao-60-ciclos","url_meta":{"origin":6491,"position":0},"title":"Finish Deo Lima Lim\u00e3o 60 Ciclos","date":"Fevereiro 23, 2022","format":false,"excerpt":"Diga stop aos maus odores na sua m\u00e1quina. Finish Odor Stop tem uma f\u00f3rmula exclusiva de dupla a\u00e7\u00e3o: elimina os maus odores em vez de os mascarar e deixa uma brisa de ar fresco na sua m\u00e1quina da loi\u00e7a. A c\u00e2mara azul escura cont\u00e9m ingredientes ativos que eliminam os maus\u2026","rel":"","context":"Similar post","img":{"alt_text":"","src":"https:\/\/i0.wp.com\/mundo.seashell.pt\/wp-content\/uploads\/2022\/02\/Finish_Deo_Lima_Limao_x20_5601217130631.png?resize=350%2C200&ssl=1","width":350,"height":200},"classes":[]},{"id":6499,"url":"https:\/\/mundo.seashell.pt\/?product=detergente-maquina-loica-po-limao-25kg","url_meta":{"origin":6491,"position":1},"title":"Detergente M\u00e1quina Loi\u00e7a P\u00f3 Lim\u00e3o 2,5Kg","date":"Fevereiro 23, 2022","format":false,"excerpt":"Sun P\u00f3 Lim\u00e3o oferece uma f\u00f3rmula eficaz que permite lavar a loi\u00e7a perfeitamente. Desfrute de uma dosagem f\u00e1cil e personalizada, que o permite ajustar a quantidade de produto ao grau de sujidade da sua loi\u00e7a. Tipo de produto: Detergente P\u00f3 Notas\/Frag\u00e2ncia: Lim\u00e3oBenef\u00edcios: - Dosagem personalizada...","rel":"","context":"Similar post","img":{"alt_text":"","src":"https:\/\/i0.wp.com\/mundo.seashell.pt\/wp-content\/uploads\/2022\/02\/SUN_PO__LIMA_O_80D_8710847872310.png?resize=350%2C200&ssl=1","width":350,"height":200},"classes":[]},{"id":6872,"url":"https:\/\/mundo.seashell.pt\/?product=vaseline-desodorizante-feminino-50gr","url_meta":{"origin":6491,"position":2},"title":"Vaseline Desodorizante Feminino 50Gr","date":"Fevereiro 23, 2022","format":false,"excerpt":"Desodorizante hidratante 48h de prote\u00e7\u00e3o.Descri\u00e7\u00e3o: O desodorizante Vaseline oferece-lhe 48 horas de prote\u00e7\u00e3o contra suor e maus odores com a tecnologia ProDerma\u2122. Do mesmo modo, deixa a pele delicadas das suas axilas suave e saud\u00e1vel. Tipo de produto: Desodorizante Roll-OnBenef\u00edcios: - O de...","rel":"","context":"Similar post","img":{"alt_text":"","src":"https:\/\/i0.wp.com\/mundo.seashell.pt\/wp-content\/uploads\/2022\/02\/Vaseline___Derma_Care_Roll_On___50g__.png?resize=350%2C200&ssl=1","width":350,"height":200},"classes":[]},{"id":6874,"url":"https:\/\/mundo.seashell.pt\/?product=vaseline-desodorizante-feminino-roll-on-50ml","url_meta":{"origin":6491,"position":3},"title":"Vaseline Desodorizante Feminino Roll-On 50ml","date":"Fevereiro 23, 2022","format":false,"excerpt":"Desodorizante hidratante 48h de prote\u00e7\u00e3o.Descri\u00e7\u00e3o: O desodorizante Derma Care de Vaseline oferece-lhe 48 horas de prote\u00e7\u00e3o contra suor e maus odores com a tecnologia ProDerma\u2122. Do mesmo modo, deixa a pele delicadas das suas axilas suave e saud\u00e1vel. Tipo de produto: Desodorizante CremeBenef\u00edcios:","rel":"","context":"Similar post","img":{"alt_text":"","src":"https:\/\/i0.wp.com\/mundo.seashell.pt\/wp-content\/uploads\/2022\/02\/Vaseline___Derma_Care__50ml__.png?resize=350%2C200&ssl=1","width":350,"height":200},"classes":[]},{"id":6487,"url":"https:\/\/mundo.seashell.pt\/?product=sun-sal-1kg","url_meta":{"origin":6491,"position":4},"title":"Sun Sal 1Kg","date":"Fevereiro 23, 2022","format":false,"excerpt":"Sun sal foi desenvolvido para prestar uma prote\u00e7\u00e3o duradoura contra o calc\u00e1rio, melhorando o desempenho e a lavagem da m\u00e1quina. Impede a forma\u00e7\u00e3o de dep\u00f3sitos de calc\u00e1rio e reduz as manchas brancas nos pratos, mesmo que a \u00e1gua seja dura. Tipo de produto: AditivoBenef\u00edcios: - Mant\u00e9m a sua m\u00e1quina livre\u2026","rel":"","context":"Similar post","img":{"alt_text":"","src":"https:\/\/i0.wp.com\/mundo.seashell.pt\/wp-content\/uploads\/2022\/02\/2388486-frente.jpeg?resize=350%2C200&ssl=1","width":350,"height":200},"classes":[]},{"id":6657,"url":"https:\/\/mundo.seashell.pt\/?product=vanish-oxi-action-em-po-420gr","url_meta":{"origin":6491,"position":5},"title":"Vanish Oxi Action em P\u00f3 420Gr","date":"Fevereiro 23, 2022","format":false,"excerpt":"Depois de lavar a roupa, continua com maus odores e n\u00f3doas? Vanish oxi action p\u00f3 elimina odores \u00e9 um tira-n\u00f3doas poderoso sem lix\u00edvia que, para al\u00e9m de remover todo o tipo de n\u00f3doas, cont\u00e9m uma tecnologia de neutraliza\u00e7\u00e3o de odores. Pode ser utilizado em pr\u00e9-tratamento, de molho ou diretamente na\u2026","rel":"","context":"Similar post","img":{"alt_text":"","src":"https:\/\/i0.wp.com\/mundo.seashell.pt\/wp-content\/uploads\/2022\/02\/Vanish_Oxi_Action_Po__White_420G_4_P_x6_5601217134332.png?resize=350%2C200&ssl=1","width":350,"height":200},"classes":[]}],"_links":{"self":[{"href":"https:\/\/mundo.seashell.pt\/index.php?rest_route=\/wp\/v2\/product\/6491","targetHints":{"allow":["GET"]}}],"collection":[{"href":"https:\/\/mundo.seashell.pt\/index.php?rest_route=\/wp\/v2\/product"}],"about":[{"href":"https:\/\/mundo.seashell.pt\/index.php?rest_route=\/wp\/v2\/types\/product"}],"wp:featuredmedia":[{"embeddable":true,"href":"https:\/\/mundo.seashell.pt\/index.php?rest_route=\/wp\/v2\/media\/6492"}],"wp:attachment":[{"href":"https:\/\/mundo.seashell.pt\/index.php?rest_route=%2Fwp%2Fv2%2Fmedia&parent=6491"}],"wp:term":[{"taxonomy":"product_cat","embeddable":true,"href":"https:\/\/mundo.seashell.pt\/index.php?rest_route=%2Fwp%2Fv2%2Fproduct_cat&post=6491"},{"taxonomy":"product_tag","embeddable":true,"href":"https:\/\/mundo.seashell.pt\/index.php?rest_route=%2Fwp%2Fv2%2Fproduct_tag&post=6491"}],"curies":[{"name":"wp","href":"https:\/\/api.w.org\/{rel}","templated":true}]}}