{"id":6489,"date":"2022-02-23T18:43:49","date_gmt":"2022-02-23T18:43:49","guid":{"rendered":"https:\/\/mundo.seashell.pt\/?post_type=product&#038;p=6489"},"modified":"2022-02-23T18:43:51","modified_gmt":"2022-02-23T18:43:51","slug":"finish-deo-lima-limao-60-ciclos","status":"publish","type":"product","link":"https:\/\/mundo.seashell.pt\/?product=finish-deo-lima-limao-60-ciclos","title":{"rendered":"Finish Deo Lima Lim\u00e3o 60 Ciclos"},"content":{"rendered":"<p>Diga stop aos maus odores na sua m\u00e1quina. Finish Odor Stop tem uma f\u00f3rmula exclusiva de dupla a\u00e7\u00e3o: elimina os maus odores em vez de os mascarar e deixa uma brisa de ar fresco na sua m\u00e1quina da loi\u00e7a. A c\u00e2mara azul escura cont\u00e9m ingredientes ativos que eliminam os maus odores. A c\u00e2mara azul clara liberta um perfume suave e fresco.<\/p>\n<h3>Tipo de produto:<\/h3>\n<p>Aditivo<\/p>\n<h3>Notas\/Frag\u00e2ncia:<\/h3>\n<p>Lima e Lim\u00e3o<\/p>\n<h3>Benef\u00edcios:<\/h3>\n<p>&#8211; M\u00e1quina de lavar loi\u00e7a 100% mais fresca;<br \/>&#8211; Tecnologia para controlo de odores;<br \/>&#8211; Frescura lavagem ap\u00f3s lavagem.<\/p>\n<h3>Conselhos de utiliza\u00e7\u00e3o:<\/h3>\n<p>Fixe na prateleira da m\u00e1quina de lavar loi\u00e7a. Quando o l\u00edquido no interior desapare\u00e7er, substitua por um novo.<\/p>\n<p><\/p>\n","protected":false},"excerpt":{"rendered":"<p>Diga stop aos maus odores na sua m\u00e1quina. Finish Odor Stop tem uma f\u00f3rmula exclusiva de dupla a\u00e7\u00e3o: elimina os maus odores em vez de os mascarar e deixa uma brisa de ar fresco na sua m\u00e1quina da loi\u00e7a. A c\u00e2mara azul escura cont\u00e9m ingredientes ativos que eliminam os maus odores. A c\u00e2mara azul clara liberta um perfume suave e fresco.<\/p>\n<h3>Tip&#8230;<\/p>\n","protected":false},"featured_media":6490,"template":"","meta":{"spay_email":""},"product_cat":[15],"product_tag":[],"class_list":{"0":"post-6489","1":"product","2":"type-product","3":"status-publish","4":"has-post-thumbnail","6":"product_cat-sem-categoria","8":"first","9":"instock","10":"taxable","11":"shipping-taxable","12":"purchasable","13":"product-type-simple"},"acf":[],"jetpack-related-posts":[{"id":6491,"url":"https:\/\/mundo.seashell.pt\/?product=sun-deo-limao-60-ciclos","url_meta":{"origin":6489,"position":0},"title":"Sun Deo Lim\u00e3o 60 Ciclos","date":"Fevereiro 23, 2022","format":false,"excerpt":"Sun desodorizante foi desenvolvido para proteger a sua m\u00e1quina de lavar a loi\u00e7a contra maus odores, ajudando a neutralizar os mesmos. Tipo de produto: Aditivo Notas\/Frag\u00e2ncia: Lim\u00e3o","rel":"","context":"Similar post","img":{"alt_text":"","src":"https:\/\/i0.wp.com\/mundo.seashell.pt\/wp-content\/uploads\/2022\/02\/SUN_DEO_LIMA_O_8717163591109.png?resize=350%2C200&ssl=1","width":350,"height":200},"classes":[]},{"id":6271,"url":"https:\/\/mundo.seashell.pt\/?product=sanytol-desinfetante-de-roupa-500ml","url_meta":{"origin":6489,"position":1},"title":"Sanytol Desinfetante de Roupa 500ml","date":"Fevereiro 23, 2022","format":false,"excerpt":"Desinfetante De Roupa \u2013 Flores Brancas DESCRI\u00c7\u00c3O A roupa lavada a baixa temperatura n\u00e3o est\u00e1 totalmente livre de micr\u00f3bios e pode ser a origem de maus odores e doen\u00e7as de pele ou irrita\u00e7\u00f5es. Apenas as lavagens a 90\u00b0C eliminam 100% dos micr\u00f3bios da roupa. O desinfetante de roupa SANYTOL elimina\u2026","rel":"","context":"Similar post","img":{"alt_text":"","src":"https:\/\/i0.wp.com\/mundo.seashell.pt\/wp-content\/uploads\/2022\/02\/SANYTOL_DESINFECTANTE_DE_ROUPA_500ml_3045200760009.png?resize=350%2C200&ssl=1","width":350,"height":200},"classes":[]},{"id":6639,"url":"https:\/\/mundo.seashell.pt\/?product=vanix-oxi-action-08l","url_meta":{"origin":6489,"position":2},"title":"Vanix Oxi Action 800ml","date":"Fevereiro 23, 2022","format":false,"excerpt":"Problemas com a lavagem da roupa? Os detergentes nem sempre conseguem remover as n\u00f3doas, proteger as cores e eliminar maus odores. Experimente o novo Vanish oxi action gel para cores! A sua f\u00f3rmula remove n\u00f3doas, reaviva as cores e elimina maus odores. Pode ser utilizado em pr\u00e9-tratamento, de molho ou\u2026","rel":"","context":"Similar post","img":{"alt_text":"","src":"https:\/\/i0.wp.com\/mundo.seashell.pt\/wp-content\/uploads\/2022\/02\/Vanish_Oxi_Action_Gel_Pink_800ML_x6_5601217134363.png?resize=350%2C200&ssl=1","width":350,"height":200},"classes":[]},{"id":6643,"url":"https:\/\/mundo.seashell.pt\/?product=vanish-tira-nodoas-1l","url_meta":{"origin":6489,"position":3},"title":"Vanish Tira N\u00f3doas 1L","date":"Fevereiro 23, 2022","format":false,"excerpt":"Problemas com a lavagem da roupa? Os detergentes nem sempre conseguem remover as n\u00f3doas, proteger as cores e eliminar maus odores. Experimente o novo Vanish\u00a0para brancos e\u00a0cores! A sua f\u00f3rmula remove n\u00f3doas, reaviva as cores e elimina maus odores. Pode ser utilizado em pr\u00e9-tratamento, de molho ou diretamente na m\u00e1quina,\u2026","rel":"","context":"Similar post","img":{"alt_text":"","src":"https:\/\/i0.wp.com\/mundo.seashell.pt\/wp-content\/uploads\/2022\/02\/Vanish_Delicadas_White_1Lx12_8410104884833.png?resize=350%2C200&ssl=1","width":350,"height":200},"classes":[]},{"id":6710,"url":"https:\/\/mundo.seashell.pt\/?product=xau-limpa-maquinas-025l","url_meta":{"origin":6489,"position":4},"title":"Xau Limpa M\u00e1quinas 250ml","date":"Fevereiro 23, 2022","format":false,"excerpt":"Se a sua m\u00e1quina da roupa tem a gaveta suja, maus odores e borracha suja, utilize Xau limpa m\u00e1quinas. Este produto cont\u00e9m uma f\u00f3rmula \u00fanica que limpa e remove os res\u00edduos de sujidade e detergente do interior da m\u00e1quina da roupa. Mant\u00e9m o interior da sua m\u00e1quina limpa, garantindo um\u2026","rel":"","context":"Similar post","img":{"alt_text":"","src":"https:\/\/i0.wp.com\/mundo.seashell.pt\/wp-content\/uploads\/2022\/02\/Xau_Limpa_Ma_quinas_250mlx12_8410104033026.png?resize=350%2C200&ssl=1","width":350,"height":200},"classes":[]},{"id":6657,"url":"https:\/\/mundo.seashell.pt\/?product=vanish-oxi-action-em-po-420gr","url_meta":{"origin":6489,"position":5},"title":"Vanish Oxi Action em P\u00f3 420Gr","date":"Fevereiro 23, 2022","format":false,"excerpt":"Depois de lavar a roupa, continua com maus odores e n\u00f3doas? Vanish oxi action p\u00f3 elimina odores \u00e9 um tira-n\u00f3doas poderoso sem lix\u00edvia que, para al\u00e9m de remover todo o tipo de n\u00f3doas, cont\u00e9m uma tecnologia de neutraliza\u00e7\u00e3o de odores. Pode ser utilizado em pr\u00e9-tratamento, de molho ou diretamente na\u2026","rel":"","context":"Similar post","img":{"alt_text":"","src":"https:\/\/i0.wp.com\/mundo.seashell.pt\/wp-content\/uploads\/2022\/02\/Vanish_Oxi_Action_Po__White_420G_4_P_x6_5601217134332.png?resize=350%2C200&ssl=1","width":350,"height":200},"classes":[]}],"_links":{"self":[{"href":"https:\/\/mundo.seashell.pt\/index.php?rest_route=\/wp\/v2\/product\/6489","targetHints":{"allow":["GET"]}}],"collection":[{"href":"https:\/\/mundo.seashell.pt\/index.php?rest_route=\/wp\/v2\/product"}],"about":[{"href":"https:\/\/mundo.seashell.pt\/index.php?rest_route=\/wp\/v2\/types\/product"}],"wp:featuredmedia":[{"embeddable":true,"href":"https:\/\/mundo.seashell.pt\/index.php?rest_route=\/wp\/v2\/media\/6490"}],"wp:attachment":[{"href":"https:\/\/mundo.seashell.pt\/index.php?rest_route=%2Fwp%2Fv2%2Fmedia&parent=6489"}],"wp:term":[{"taxonomy":"product_cat","embeddable":true,"href":"https:\/\/mundo.seashell.pt\/index.php?rest_route=%2Fwp%2Fv2%2Fproduct_cat&post=6489"},{"taxonomy":"product_tag","embeddable":true,"href":"https:\/\/mundo.seashell.pt\/index.php?rest_route=%2Fwp%2Fv2%2Fproduct_tag&post=6489"}],"curies":[{"name":"wp","href":"https:\/\/api.w.org\/{rel}","templated":true}]}}