{"id":6487,"date":"2022-02-23T18:43:47","date_gmt":"2022-02-23T18:43:47","guid":{"rendered":"https:\/\/mundo.seashell.pt\/?post_type=product&#038;p=6487"},"modified":"2022-02-23T18:43:49","modified_gmt":"2022-02-23T18:43:49","slug":"sun-sal-1kg","status":"publish","type":"product","link":"https:\/\/mundo.seashell.pt\/?product=sun-sal-1kg","title":{"rendered":"Sun Sal 1Kg"},"content":{"rendered":"<p>Sun sal foi desenvolvido para prestar uma prote\u00e7\u00e3o duradoura contra o calc\u00e1rio, melhorando o desempenho e a lavagem da m\u00e1quina. Impede a forma\u00e7\u00e3o de dep\u00f3sitos de calc\u00e1rio e reduz as manchas brancas nos pratos, mesmo que a \u00e1gua seja dura.<\/p>\n<h3>Tipo de produto:<\/h3>\n<p>Aditivo<\/p>\n<h3>Benef\u00edcios:<\/h3>\n<p>&#8211; Mant\u00e9m a sua m\u00e1quina livre de dep\u00f3sitos de calc\u00e1rio;<br \/>&#8211; Elimina vest\u00edgios e dep\u00f3sitos brancos da sua loi\u00e7a e da m\u00e1quina.<\/p>\n<h3>Conselhos de utiliza\u00e7\u00e3o:<\/h3>\n<p>Encha o dep\u00f3sito de sal da sua m\u00e1quina com o conte\u00fado desta embalagem. Execute de seguida uma lavagem normal, para remover vest\u00edgios de sal da cuba da m\u00e1quina. Caso a sua m\u00e1quina tenha um programa especial de regenera\u00e7\u00e3o, \u00e9 suficiente deitar apenas \u00be desta embalagem.<\/p>\n<h3>Dicas:<\/h3>\n<p>Para um tratamento continuo da sua m\u00e1quina, experimente tamb\u00e9m os restantes aditivos da marca Sun: abrilhantador, limpa m\u00e1quinas e desodorizante.<\/p>\n<p><\/p>\n<p><\/p>\n","protected":false},"excerpt":{"rendered":"<p>Sun sal foi desenvolvido para prestar uma prote\u00e7\u00e3o duradoura contra o calc\u00e1rio, melhorando o desempenho e a lavagem da m\u00e1quina. Impede a forma\u00e7\u00e3o de dep\u00f3sitos de calc\u00e1rio e reduz as manchas brancas nos pratos, mesmo que a \u00e1gua seja dura.<\/p>\n<h3>Tipo de produto:<\/h3>\n<p>Aditivo<\/p>\n<h3>Benef\u00edcios:<\/h3>\n<p>&#8211; Mant\u00e9m a sua m\u00e1quina livre de dep\u00f3si&#8230;<\/p>\n","protected":false},"featured_media":6488,"template":"","meta":{"spay_email":""},"product_cat":[15],"product_tag":[],"class_list":{"0":"post-6487","1":"product","2":"type-product","3":"status-publish","4":"has-post-thumbnail","6":"product_cat-sem-categoria","8":"first","9":"instock","10":"taxable","11":"shipping-taxable","12":"purchasable","13":"product-type-simple"},"acf":[],"jetpack-related-posts":[{"id":6493,"url":"https:\/\/mundo.seashell.pt\/?product=sun-limpa-maquinas-120gr","url_meta":{"origin":6487,"position":0},"title":"Sun Limpa M\u00e1quinas 120Gr","date":"Fevereiro 23, 2022","format":false,"excerpt":"Sun limpa m\u00e1quinas maximiza a longevidade da sua m\u00e1quina, removendo dep\u00f3sitos de calc\u00e1rio e graxa de partes inacess\u00edveis, resultando em pratos limpos, lavagem ap\u00f3s lavagem. Tipo de produto: AditivoBenef\u00edcios: - Elimina dep\u00f3sitos de graxa e calc\u00e1rio;- Atua em partes inacess\u00edveis da m\u00e1quina;- Eficaz no fi...","rel":"","context":"Similar post","img":{"alt_text":"","src":"https:\/\/i0.wp.com\/mundo.seashell.pt\/wp-content\/uploads\/2022\/02\/SUN_LIMPA_MA_QUINAS_-_120gr_8717163080092.png?resize=350%2C200&ssl=1","width":350,"height":200},"classes":[]},{"id":6485,"url":"https:\/\/mundo.seashell.pt\/?product=finish-sal-1kg","url_meta":{"origin":6487,"position":1},"title":"Finish Sal 1Kg","date":"Fevereiro 23, 2022","format":false,"excerpt":"Os res\u00edduos de \u00e1gua com calc\u00e1rio podem reduzir o desemplenho e efici\u00eancia da sua m\u00e1quina de lavar loi\u00e7a. Utilize Finish sal para eliminar o calc\u00e1rio e prevenir a forma\u00e7\u00e3o de manchas de \u00e1gua na loi\u00e7a, protegendo a sua m\u00e1quina de lavar loi\u00e7a. Tipo de produto: AditivoBenef\u00edcios: - Ajuda a suavizar\u2026","rel":"","context":"Similar post","img":{"alt_text":"","src":"https:\/\/i0.wp.com\/mundo.seashell.pt\/wp-content\/uploads\/2022\/02\/2590227-frente.jpeg?resize=350%2C200&ssl=1","width":350,"height":200},"classes":[]},{"id":6497,"url":"https:\/\/mundo.seashell.pt\/?product=finish-maquina-loica-025l","url_meta":{"origin":6487,"position":2},"title":"Finish M\u00e1quina Loi\u00e7a 250ml","date":"Fevereiro 23, 2022","format":false,"excerpt":"Finish limpa m\u00e1quinas funciona de uma forma segura e eficaz de forma a remover a sujidade e calc\u00e1rio que est\u00e3o dentro da sua m\u00e1quina de loi\u00e7a, incluindo as partes de dif\u00edcil alcance como os filtros, aspersores e canos. Tipo de produto: Aditivo Benef\u00edcios: - Limpeza profunda da sua m\u00e1quina de\u2026","rel":"","context":"Similar post","img":{"alt_text":"","src":"https:\/\/i0.wp.com\/mundo.seashell.pt\/wp-content\/uploads\/2022\/02\/Finish_Limpa_Maq_Limao_x12_8410104702663.png?resize=350%2C200&ssl=1","width":350,"height":200},"classes":[]},{"id":6511,"url":"https:\/\/mundo.seashell.pt\/?product=sun-detergente-mll-em-gel","url_meta":{"origin":6487,"position":3},"title":"Sun Detergente MLL em Gel","date":"Fevereiro 23, 2022","format":false,"excerpt":"Descri\u00e7\u00e3o: Sun gel junta as fun\u00e7\u00f5es de lavagem, abrilhantador e sal num s\u00f3 produto, garantindo um brilho vis\u00edvel desde a primeira lavagem. A quantidade de produto n\u00e3o \u00e9 uma preocupa\u00e7\u00e3o, basta uma pequena dose de 20ml para um resultado impec\u00e1vel. Tipo de produto: Detergente GelBenef\u00edcios: - Dosagem simp...","rel":"","context":"Similar post","img":{"alt_text":"","src":"https:\/\/i0.wp.com\/mundo.seashell.pt\/wp-content\/uploads\/2022\/02\/SUN_Gel_AIO_NATURE_40D_8710847903915.png?resize=350%2C200&ssl=1","width":350,"height":200},"classes":[]},{"id":6505,"url":"https:\/\/mundo.seashell.pt\/?product=sun-pastilhas-maquina-loica","url_meta":{"origin":6487,"position":4},"title":"Sun All in One 30 Pastilhas","date":"Fevereiro 23, 2022","format":false,"excerpt":"As pastilhas Sun All In 1 regular, com a sua f\u00f3rmula All in One, garantem uma limpeza perfeita numa s\u00f3 lavagem. Cont\u00eam abrilhantador e removem as manchas mais dif\u00edceis, mesmo sem pr\u00e9-lavagem. Tipo de produto: Detergente PastilhasBenef\u00edcios: - Anti-gordura e anti-manchas;- Limpeza perfeita;- N\u00e3o necessit...","rel":"","context":"Similar post","img":{"alt_text":"","src":"https:\/\/i0.wp.com\/mundo.seashell.pt\/wp-content\/uploads\/2022\/02\/7128672-frente.jpeg?resize=350%2C200&ssl=1","width":350,"height":200},"classes":[]},{"id":6684,"url":"https:\/\/mundo.seashell.pt\/?product=sanytol-limpa-e-desinfeta-025l","url_meta":{"origin":6487,"position":5},"title":"Sanytol Limpa e Desinfeta 250ml","date":"Fevereiro 23, 2022","format":false,"excerpt":"Todos os ciclos de lavagem deixam res\u00edduos, sujidade e calc\u00e1rio que podem danificar a m\u00e1quina de lavar. Sanytol Limpa M\u00e1quinas \u00e9 um limpador desinfetante para a m\u00e1quina de lavar roupa que elimina 99.9% das bact\u00e9rias. Tipo de produto: Limpeza e Tratamento da M\u00e1quinaBenef\u00edcios: - Lava, desinfeta e previne todos o...","rel":"","context":"Similar post","img":{"alt_text":"","src":"https:\/\/i0.wp.com\/mundo.seashell.pt\/wp-content\/uploads\/2022\/02\/SANYTOL_LIMPA_MA_QUINAS_DESINFETANTE_250_ML_8411135665019.png?resize=350%2C200&ssl=1","width":350,"height":200},"classes":[]}],"_links":{"self":[{"href":"https:\/\/mundo.seashell.pt\/index.php?rest_route=\/wp\/v2\/product\/6487","targetHints":{"allow":["GET"]}}],"collection":[{"href":"https:\/\/mundo.seashell.pt\/index.php?rest_route=\/wp\/v2\/product"}],"about":[{"href":"https:\/\/mundo.seashell.pt\/index.php?rest_route=\/wp\/v2\/types\/product"}],"wp:featuredmedia":[{"embeddable":true,"href":"https:\/\/mundo.seashell.pt\/index.php?rest_route=\/wp\/v2\/media\/6488"}],"wp:attachment":[{"href":"https:\/\/mundo.seashell.pt\/index.php?rest_route=%2Fwp%2Fv2%2Fmedia&parent=6487"}],"wp:term":[{"taxonomy":"product_cat","embeddable":true,"href":"https:\/\/mundo.seashell.pt\/index.php?rest_route=%2Fwp%2Fv2%2Fproduct_cat&post=6487"},{"taxonomy":"product_tag","embeddable":true,"href":"https:\/\/mundo.seashell.pt\/index.php?rest_route=%2Fwp%2Fv2%2Fproduct_tag&post=6487"}],"curies":[{"name":"wp","href":"https:\/\/api.w.org\/{rel}","templated":true}]}}