{"id":6485,"date":"2022-02-23T18:43:44","date_gmt":"2022-02-23T18:43:44","guid":{"rendered":"https:\/\/mundo.seashell.pt\/?post_type=product&#038;p=6485"},"modified":"2022-02-23T18:43:47","modified_gmt":"2022-02-23T18:43:47","slug":"finish-sal-1kg","status":"publish","type":"product","link":"https:\/\/mundo.seashell.pt\/?product=finish-sal-1kg","title":{"rendered":"Finish Sal 1Kg"},"content":{"rendered":"<p>Os res\u00edduos de \u00e1gua com calc\u00e1rio podem reduzir o desemplenho e efici\u00eancia da sua m\u00e1quina de lavar loi\u00e7a. Utilize Finish sal para eliminar o calc\u00e1rio e prevenir a forma\u00e7\u00e3o de manchas de \u00e1gua na loi\u00e7a, protegendo a sua m\u00e1quina de lavar loi\u00e7a.<\/p>\n<h3>Tipo de produto:<\/h3>\n<p>Aditivo<\/p>\n<h3>Benef\u00edcios:<\/h3>\n<p>&#8211; Ajuda a suavizar a \u00e1gua;<br \/>&#8211; Evita calc\u00e1rio e manchas de \u00e1gua;<br \/>&#8211; Prote\u00e7\u00e3o da m\u00e1quina de lavar loi\u00e7a para um desempenho 100% melhor.<\/p>\n<h3>Conselhos de utiliza\u00e7\u00e3o:<\/h3>\n<p>Encha o dep\u00f3sito de sal da sua m\u00e1quina.<\/p>\n<h3>Dicas:<\/h3>\n<p>Para uma melhor performance da sua m\u00e1quina, utilize os aditivos Finish com os detergentes Finish.<\/p>\n","protected":false},"excerpt":{"rendered":"<p>Os res\u00edduos de \u00e1gua com calc\u00e1rio podem reduzir o desemplenho e efici\u00eancia da sua m\u00e1quina de lavar loi\u00e7a. Utilize Finish sal para eliminar o calc\u00e1rio e prevenir a forma\u00e7\u00e3o de manchas de \u00e1gua na loi\u00e7a, protegendo a sua m\u00e1quina de lavar loi\u00e7a.<\/p>\n<h3>Tipo de produto:<\/h3>\n<p>Aditivo<\/p>\n<h3>Benef\u00edcios:<\/h3>\n<p>&#8211; Ajuda a suavizar a \u00e1gua;<br \/>&#8211; Evi&#8230;<\/p>\n","protected":false},"featured_media":6486,"template":"","meta":{"spay_email":""},"product_cat":[15],"product_tag":[],"class_list":{"0":"post-6485","1":"product","2":"type-product","3":"status-publish","4":"has-post-thumbnail","6":"product_cat-sem-categoria","8":"first","9":"instock","10":"taxable","11":"shipping-taxable","12":"purchasable","13":"product-type-simple"},"acf":[],"jetpack-related-posts":[{"id":6487,"url":"https:\/\/mundo.seashell.pt\/?product=sun-sal-1kg","url_meta":{"origin":6485,"position":0},"title":"Sun Sal 1Kg","date":"Fevereiro 23, 2022","format":false,"excerpt":"Sun sal foi desenvolvido para prestar uma prote\u00e7\u00e3o duradoura contra o calc\u00e1rio, melhorando o desempenho e a lavagem da m\u00e1quina. Impede a forma\u00e7\u00e3o de dep\u00f3sitos de calc\u00e1rio e reduz as manchas brancas nos pratos, mesmo que a \u00e1gua seja dura. Tipo de produto: AditivoBenef\u00edcios: - Mant\u00e9m a sua m\u00e1quina livre\u2026","rel":"","context":"Similar post","img":{"alt_text":"","src":"https:\/\/i0.wp.com\/mundo.seashell.pt\/wp-content\/uploads\/2022\/02\/2388486-frente.jpeg?resize=350%2C200&ssl=1","width":350,"height":200},"classes":[]},{"id":6497,"url":"https:\/\/mundo.seashell.pt\/?product=finish-maquina-loica-025l","url_meta":{"origin":6485,"position":1},"title":"Finish M\u00e1quina Loi\u00e7a 250ml","date":"Fevereiro 23, 2022","format":false,"excerpt":"Finish limpa m\u00e1quinas funciona de uma forma segura e eficaz de forma a remover a sujidade e calc\u00e1rio que est\u00e3o dentro da sua m\u00e1quina de loi\u00e7a, incluindo as partes de dif\u00edcil alcance como os filtros, aspersores e canos. Tipo de produto: Aditivo Benef\u00edcios: - Limpeza profunda da sua m\u00e1quina de\u2026","rel":"","context":"Similar post","img":{"alt_text":"","src":"https:\/\/i0.wp.com\/mundo.seashell.pt\/wp-content\/uploads\/2022\/02\/Finish_Limpa_Maq_Limao_x12_8410104702663.png?resize=350%2C200&ssl=1","width":350,"height":200},"classes":[]},{"id":5896,"url":"https:\/\/mundo.seashell.pt\/?product=descaler-dw-5kg-loica-automatica","url_meta":{"origin":6485,"position":2},"title":"Desincrustante Descaler DW 5Kg","date":"Fevereiro 23, 2022","format":false,"excerpt":"Desincrustante \u00e0 base de \u00e1cido fosf\u00f3rico para m\u00e1quinas de lavar loi\u00e7a ou m\u00e1quinas de lavar roupa.","rel":"","context":"Similar post","img":{"alt_text":"","src":"https:\/\/i0.wp.com\/mundo.seashell.pt\/wp-content\/uploads\/2022\/02\/descaler_dw.jpg?resize=350%2C200&ssl=1","width":350,"height":200},"classes":[]},{"id":6481,"url":"https:\/\/mundo.seashell.pt\/?product=finish-abrilhantador-04l","url_meta":{"origin":6485,"position":3},"title":"Finish Abrilhantador 400ml","date":"Fevereiro 23, 2022","format":false,"excerpt":"Para loi\u00e7a seca e com um brilho vis\u00edvel, adicione Finish abrilhantador juntamente com o seu detergente Finish. Atua no ciclo de enxaguamento, ajudando a eliminar os res\u00edduos de detergente e comida, protegendo contra a corros\u00e3o dos copos de cristal. Benef\u00edcios: - Loi\u00e7a brilhante e seca;- Elimina os res\u00edduos de detergen...","rel":"","context":"Similar post","img":{"alt_text":"","src":"https:\/\/i0.wp.com\/mundo.seashell.pt\/wp-content\/uploads\/2022\/02\/Finish_Abrilhantador_400mlx12_5011417544679.png?resize=350%2C200&ssl=1","width":350,"height":200},"classes":[]},{"id":5900,"url":"https:\/\/mundo.seashell.pt\/?product=stark-sec-d-200-secante-loica-automatica","url_meta":{"origin":6485,"position":4},"title":"Stark Sec D-200 &#8211; Loi\u00e7a Autom\u00e1tica","date":"Fevereiro 23, 2022","format":false,"excerpt":"Produto de cor azul indicado para o enxaguamento e abrilhantamento da loi\u00e7a, talheres e vidros em m\u00e1quinas autom\u00e1ticas e tuneis de lavagem. Evita o dep\u00f3sito de res\u00edduos calc\u00e1rios, tanto na loi\u00e7a como na m\u00e1quina. Ideal para \u00e1guas duras e extremamente duras.","rel":"","context":"Similar post","img":{"alt_text":"","src":"https:\/\/i0.wp.com\/mundo.seashell.pt\/wp-content\/uploads\/2022\/02\/stark_sec_d_200.jpg?resize=350%2C200&ssl=1","width":350,"height":200},"classes":[]},{"id":5904,"url":"https:\/\/mundo.seashell.pt\/?product=solim-acido-5kg-loica-automatica","url_meta":{"origin":6485,"position":5},"title":"Solim \u00c1cido 5Kg &#8211; Loi\u00e7a Autom\u00e1tica","date":"Fevereiro 23, 2022","format":false,"excerpt":"Detergente \u00e1cido para limpeza de m\u00e1quinas de lavar loi\u00e7a","rel":"","context":"Similar post","img":{"alt_text":"","src":"https:\/\/i0.wp.com\/mundo.seashell.pt\/wp-content\/uploads\/2022\/02\/Solim_A_cido_PhotoRoom_20210402_103416.jpg?resize=350%2C200&ssl=1","width":350,"height":200},"classes":[]}],"_links":{"self":[{"href":"https:\/\/mundo.seashell.pt\/index.php?rest_route=\/wp\/v2\/product\/6485","targetHints":{"allow":["GET"]}}],"collection":[{"href":"https:\/\/mundo.seashell.pt\/index.php?rest_route=\/wp\/v2\/product"}],"about":[{"href":"https:\/\/mundo.seashell.pt\/index.php?rest_route=\/wp\/v2\/types\/product"}],"wp:featuredmedia":[{"embeddable":true,"href":"https:\/\/mundo.seashell.pt\/index.php?rest_route=\/wp\/v2\/media\/6486"}],"wp:attachment":[{"href":"https:\/\/mundo.seashell.pt\/index.php?rest_route=%2Fwp%2Fv2%2Fmedia&parent=6485"}],"wp:term":[{"taxonomy":"product_cat","embeddable":true,"href":"https:\/\/mundo.seashell.pt\/index.php?rest_route=%2Fwp%2Fv2%2Fproduct_cat&post=6485"},{"taxonomy":"product_tag","embeddable":true,"href":"https:\/\/mundo.seashell.pt\/index.php?rest_route=%2Fwp%2Fv2%2Fproduct_tag&post=6485"}],"curies":[{"name":"wp","href":"https:\/\/api.w.org\/{rel}","templated":true}]}}