{"id":6481,"date":"2022-02-23T18:43:39","date_gmt":"2022-02-23T18:43:39","guid":{"rendered":"https:\/\/mundo.seashell.pt\/?post_type=product&#038;p=6481"},"modified":"2022-02-23T18:43:42","modified_gmt":"2022-02-23T18:43:42","slug":"finish-abrilhantador-04l","status":"publish","type":"product","link":"https:\/\/mundo.seashell.pt\/?product=finish-abrilhantador-04l","title":{"rendered":"Finish Abrilhantador 400ml"},"content":{"rendered":"<p>Para loi\u00e7a seca e com um brilho vis\u00edvel, adicione Finish abrilhantador juntamente com o seu detergente Finish. Atua no ciclo de enxaguamento, ajudando a eliminar os res\u00edduos de detergente e comida, protegendo contra a corros\u00e3o dos copos de cristal.<\/p>\n<h3>Benef\u00edcios:<\/h3>\n<p>&#8211; Loi\u00e7a brilhante e seca;<br \/>&#8211; Elimina os res\u00edduos de detergente e comida;<br \/>&#8211; Remo\u00e7\u00e3o das manchas de \u00e1gua;<br \/>&#8211; Prote\u00e7\u00e3o contra corros\u00e3o dos copos e cristal.<\/p>\n<h3>Conselhos de utiliza\u00e7\u00e3o:<\/h3>\n<p>Abaste\u00e7a regularmente o dispensador do abrilhantador.<\/p>\n<p>Dicas:<\/p>\n<p>Para uma melhor performance da sua m\u00e1quina, utilize os aditivos Finish com os detergentes Finish.<\/p>\n<p><\/p>\n","protected":false},"excerpt":{"rendered":"<p>Para loi\u00e7a seca e com um brilho vis\u00edvel, adicione Finish abrilhantador juntamente com o seu detergente Finish. Atua no ciclo de enxaguamento, ajudando a eliminar os res\u00edduos de detergente e comida, protegendo contra a corros\u00e3o dos copos de cristal.<\/p>\n<p>Benef\u00edcios:<br \/>\n&#8211; Loi\u00e7a brilhante e seca;- Elimina os res\u00edduos de detergen&#8230;<\/p>\n","protected":false},"featured_media":6482,"template":"","meta":{"spay_email":""},"product_cat":[15],"product_tag":[],"class_list":{"0":"post-6481","1":"product","2":"type-product","3":"status-publish","4":"has-post-thumbnail","6":"product_cat-sem-categoria","8":"first","9":"instock","10":"taxable","11":"shipping-taxable","12":"purchasable","13":"product-type-simple"},"acf":[],"jetpack-related-posts":[{"id":6509,"url":"https:\/\/mundo.seashell.pt\/?product=finish-pastilhas-mll","url_meta":{"origin":6481,"position":0},"title":"Finish Pastilhas MLL","date":"Fevereiro 23, 2022","format":false,"excerpt":"Tipo de produto: Detergente Pastilhas","rel":"","context":"Similar post","img":{"alt_text":"","src":"https:\/\/i0.wp.com\/mundo.seashell.pt\/wp-content\/uploads\/2022\/02\/7447098-frente.jpeg?resize=350%2C200&ssl=1","width":350,"height":200},"classes":[]},{"id":6517,"url":"https:\/\/mundo.seashell.pt\/?product=finish-all-in-1-max-power-gel-mll-50-un","url_meta":{"origin":6481,"position":1},"title":"Finish All in 1 Max Power Gel MLL 50 Un.","date":"Fevereiro 23, 2022","format":false,"excerpt":"Finish All in 1 Max Power Gel desengordurante, com uma f\u00f3rmula de r\u00e1pida dissolu\u00e7\u00e3o, promove brilho e limpeza at\u00e9 em ciclos curtos. Atua contra os res\u00edduos mais dif\u00edceis, protegendo contra a corros\u00e3o do cristal com um grande poder desengordurante. Recomendada pelos principais fabricantes de m\u00e1quinas de lavar loi\u00e7a: Bosch, Candy,\u2026","rel":"","context":"Similar post","img":{"alt_text":"","src":"https:\/\/i0.wp.com\/mundo.seashell.pt\/wp-content\/uploads\/2022\/02\/Finish_Gel_AiO_Lima_o_1LT_x5_8410104124649.png?resize=350%2C200&ssl=1","width":350,"height":200},"classes":[]},{"id":6485,"url":"https:\/\/mundo.seashell.pt\/?product=finish-sal-1kg","url_meta":{"origin":6481,"position":2},"title":"Finish Sal 1Kg","date":"Fevereiro 23, 2022","format":false,"excerpt":"Os res\u00edduos de \u00e1gua com calc\u00e1rio podem reduzir o desemplenho e efici\u00eancia da sua m\u00e1quina de lavar loi\u00e7a. Utilize Finish sal para eliminar o calc\u00e1rio e prevenir a forma\u00e7\u00e3o de manchas de \u00e1gua na loi\u00e7a, protegendo a sua m\u00e1quina de lavar loi\u00e7a. Tipo de produto: AditivoBenef\u00edcios: - Ajuda a suavizar\u2026","rel":"","context":"Similar post","img":{"alt_text":"","src":"https:\/\/i0.wp.com\/mundo.seashell.pt\/wp-content\/uploads\/2022\/02\/2590227-frente.jpeg?resize=350%2C200&ssl=1","width":350,"height":200},"classes":[]},{"id":5886,"url":"https:\/\/mundo.seashell.pt\/?product=cristal-bar-750ml-loica-automatica","url_meta":{"origin":6481,"position":3},"title":"Detergente Cristal Bar &#8211; Loi\u00e7a Autom\u00e1tica","date":"Fevereiro 23, 2022","format":false,"excerpt":"Detergente alcalino de elevada concentra\u00e7\u00e3o para pequenas m\u00e1quinas de lavar loi\u00e7a, com MGDA para um melhor desempenho e menor impacto ambiental. Concebido para a lavagem autom\u00e1tica da loi\u00e7a.","rel":"","context":"Similar post","img":{"alt_text":"","src":"https:\/\/i0.wp.com\/mundo.seashell.pt\/wp-content\/uploads\/2022\/02\/cristal_bar.jpg?resize=350%2C200&ssl=1","width":350,"height":200},"classes":[]},{"id":6497,"url":"https:\/\/mundo.seashell.pt\/?product=finish-maquina-loica-025l","url_meta":{"origin":6481,"position":4},"title":"Finish M\u00e1quina Loi\u00e7a 250ml","date":"Fevereiro 23, 2022","format":false,"excerpt":"Finish limpa m\u00e1quinas funciona de uma forma segura e eficaz de forma a remover a sujidade e calc\u00e1rio que est\u00e3o dentro da sua m\u00e1quina de loi\u00e7a, incluindo as partes de dif\u00edcil alcance como os filtros, aspersores e canos. Tipo de produto: Aditivo Benef\u00edcios: - Limpeza profunda da sua m\u00e1quina de\u2026","rel":"","context":"Similar post","img":{"alt_text":"","src":"https:\/\/i0.wp.com\/mundo.seashell.pt\/wp-content\/uploads\/2022\/02\/Finish_Limpa_Maq_Limao_x12_8410104702663.png?resize=350%2C200&ssl=1","width":350,"height":200},"classes":[]},{"id":5900,"url":"https:\/\/mundo.seashell.pt\/?product=stark-sec-d-200-secante-loica-automatica","url_meta":{"origin":6481,"position":5},"title":"Stark Sec D-200 &#8211; Loi\u00e7a Autom\u00e1tica","date":"Fevereiro 23, 2022","format":false,"excerpt":"Produto de cor azul indicado para o enxaguamento e abrilhantamento da loi\u00e7a, talheres e vidros em m\u00e1quinas autom\u00e1ticas e tuneis de lavagem. Evita o dep\u00f3sito de res\u00edduos calc\u00e1rios, tanto na loi\u00e7a como na m\u00e1quina. Ideal para \u00e1guas duras e extremamente duras.","rel":"","context":"Similar post","img":{"alt_text":"","src":"https:\/\/i0.wp.com\/mundo.seashell.pt\/wp-content\/uploads\/2022\/02\/stark_sec_d_200.jpg?resize=350%2C200&ssl=1","width":350,"height":200},"classes":[]}],"_links":{"self":[{"href":"https:\/\/mundo.seashell.pt\/index.php?rest_route=\/wp\/v2\/product\/6481","targetHints":{"allow":["GET"]}}],"collection":[{"href":"https:\/\/mundo.seashell.pt\/index.php?rest_route=\/wp\/v2\/product"}],"about":[{"href":"https:\/\/mundo.seashell.pt\/index.php?rest_route=\/wp\/v2\/types\/product"}],"wp:featuredmedia":[{"embeddable":true,"href":"https:\/\/mundo.seashell.pt\/index.php?rest_route=\/wp\/v2\/media\/6482"}],"wp:attachment":[{"href":"https:\/\/mundo.seashell.pt\/index.php?rest_route=%2Fwp%2Fv2%2Fmedia&parent=6481"}],"wp:term":[{"taxonomy":"product_cat","embeddable":true,"href":"https:\/\/mundo.seashell.pt\/index.php?rest_route=%2Fwp%2Fv2%2Fproduct_cat&post=6481"},{"taxonomy":"product_tag","embeddable":true,"href":"https:\/\/mundo.seashell.pt\/index.php?rest_route=%2Fwp%2Fv2%2Fproduct_tag&post=6481"}],"curies":[{"name":"wp","href":"https:\/\/api.w.org\/{rel}","templated":true}]}}