{"id":6479,"date":"2022-02-23T18:43:25","date_gmt":"2022-02-23T18:43:25","guid":{"rendered":"https:\/\/mundo.seashell.pt\/?post_type=product&#038;p=6479"},"modified":"2022-02-23T18:43:26","modified_gmt":"2022-02-23T18:43:26","slug":"fairy-aditivo-abrilhantador-0475l","status":"publish","type":"product","link":"https:\/\/mundo.seashell.pt\/?product=fairy-aditivo-abrilhantador-0475l","title":{"rendered":"Fairy Aditivo Abrilhantador 475ml"},"content":{"rendered":"<h3>Benef\u00edcios:<\/h3>\n<p>&#8211; Acelera a secagem da loi\u00e7a;<br \/>&#8211; Elimina vest\u00edgios e dep\u00f3sitos brancos;<br \/>&#8211; Evita que os pratos fiquem manchados.<\/p>\n<h3>Conselhos de utiliza\u00e7\u00e3o:<\/h3>\n<p>Coloque o&nbsp;Fairy abrilhantador no respetivo compartimento da m\u00e1quina at\u00e9 o mesmo encher.<\/p>\n","protected":false},"excerpt":{"rendered":"<p>Benef\u00edcios:<br \/>\n&#8211; Acelera a secagem da loi\u00e7a;- Elimina vest\u00edgios e dep\u00f3sitos brancos;- Evita que os pratos fiquem manchados.<br \/>\nConselhos de utiliza\u00e7\u00e3o:<br \/>\nColoque o\u00a0Fairy abrilhantador no respetivo compartimento da m\u00e1quina at\u00e9 o mesmo encher.<\/p>\n","protected":false},"featured_media":6480,"template":"","meta":{"spay_email":""},"product_cat":[15],"product_tag":[],"class_list":{"0":"post-6479","1":"product","2":"type-product","3":"status-publish","4":"has-post-thumbnail","6":"product_cat-sem-categoria","8":"first","9":"instock","10":"taxable","11":"shipping-taxable","12":"purchasable","13":"product-type-simple"},"acf":[],"jetpack-related-posts":[{"id":6487,"url":"https:\/\/mundo.seashell.pt\/?product=sun-sal-1kg","url_meta":{"origin":6479,"position":0},"title":"Sun Sal 1Kg","date":"Fevereiro 23, 2022","format":false,"excerpt":"Sun sal foi desenvolvido para prestar uma prote\u00e7\u00e3o duradoura contra o calc\u00e1rio, melhorando o desempenho e a lavagem da m\u00e1quina. Impede a forma\u00e7\u00e3o de dep\u00f3sitos de calc\u00e1rio e reduz as manchas brancas nos pratos, mesmo que a \u00e1gua seja dura. Tipo de produto: AditivoBenef\u00edcios: - Mant\u00e9m a sua m\u00e1quina livre\u2026","rel":"","context":"Similar post","img":{"alt_text":"","src":"https:\/\/i0.wp.com\/mundo.seashell.pt\/wp-content\/uploads\/2022\/02\/2388486-frente.jpeg?resize=350%2C200&ssl=1","width":350,"height":200},"classes":[]},{"id":6505,"url":"https:\/\/mundo.seashell.pt\/?product=sun-pastilhas-maquina-loica","url_meta":{"origin":6479,"position":1},"title":"Sun All in One 30 Pastilhas","date":"Fevereiro 23, 2022","format":false,"excerpt":"As pastilhas Sun All In 1 regular, com a sua f\u00f3rmula All in One, garantem uma limpeza perfeita numa s\u00f3 lavagem. Cont\u00eam abrilhantador e removem as manchas mais dif\u00edceis, mesmo sem pr\u00e9-lavagem. Tipo de produto: Detergente PastilhasBenef\u00edcios: - Anti-gordura e anti-manchas;- Limpeza perfeita;- N\u00e3o necessit...","rel":"","context":"Similar post","img":{"alt_text":"","src":"https:\/\/i0.wp.com\/mundo.seashell.pt\/wp-content\/uploads\/2022\/02\/7128672-frente.jpeg?resize=350%2C200&ssl=1","width":350,"height":200},"classes":[]},{"id":6507,"url":"https:\/\/mundo.seashell.pt\/?product=sun-classic-32-pastilhas","url_meta":{"origin":6479,"position":2},"title":"Sun Classic 32 Pastilhas","date":"Fevereiro 23, 2022","format":false,"excerpt":"As pastilhas Sun Classic, com a sua f\u00f3rmula All in One, garantem uma limpeza perfeita numa s\u00f3 lavagem. Cont\u00eam abrilhantador e removem as manchas mais dif\u00edceis, mesmo sem pr\u00e9-lavagem. Tipo de produto: Detergente Pastilhas Benef\u00edcios: - Anti-gordura e anti-manchas;- Limpeza perfeita;- N\u00e3o necessita de pr\u00e9...","rel":"","context":"Similar post","img":{"alt_text":"","src":"https:\/\/i0.wp.com\/mundo.seashell.pt\/wp-content\/uploads\/2022\/02\/8915914784798.jpeg?resize=350%2C200&ssl=1","width":350,"height":200},"classes":[]},{"id":6483,"url":"https:\/\/mundo.seashell.pt\/?product=sun-abrilhantador-045l","url_meta":{"origin":6479,"position":3},"title":"Sun Abrilhantador 450ml","date":"Fevereiro 23, 2022","format":false,"excerpt":"Sun abrilhantador foi desenvolvido, com a sua f\u00f3rmula boost, para deixar a loi\u00e7a brilhante e sem manchas. Gra\u00e7as \u00e0 secagem r\u00e1pida da loi\u00e7a que potencia, os pratos podem ser armazenados ou reutilizados logo ap\u00f3s a lavagem terminar. Tipo de produto: Abrilhantador","rel":"","context":"Similar post","img":{"alt_text":"","src":"https:\/\/i0.wp.com\/mundo.seashell.pt\/wp-content\/uploads\/2022\/02\/SUN_ABRILHANTADOR_-_450ml_8714100143193.png?resize=350%2C200&ssl=1","width":350,"height":200},"classes":[]},{"id":6501,"url":"https:\/\/mundo.seashell.pt\/?product=fairy-fresh-laranja-25-pastilhas","url_meta":{"origin":6479,"position":4},"title":"Fairy Fresh Laranja 25 Pastilhas","date":"Fevereiro 23, 2022","format":false,"excerpt":"As c\u00e1psulas para m\u00e1quina da loi\u00e7a Fairy t\u00eam uma a\u00e7\u00e3o de limpeza \u00e0 primeira e a sua f\u00f3rmula remove mesmo a gordura incrustada. Fairy combina l\u00edquido e p\u00f3 numa s\u00f3 c\u00e1psula poderosa. O seu inv\u00f3lucro ultrassol\u00favel dissolve-se muito mais rapidamente do que as c\u00e1psulas prensadas, por isso come\u00e7am a funcionar\u2026","rel":"","context":"Similar post","img":{"alt_text":"","src":"https:\/\/i0.wp.com\/mundo.seashell.pt\/wp-content\/uploads\/2022\/02\/002299866.jpeg?resize=350%2C200&ssl=1","width":350,"height":200},"classes":[]},{"id":6481,"url":"https:\/\/mundo.seashell.pt\/?product=finish-abrilhantador-04l","url_meta":{"origin":6479,"position":5},"title":"Finish Abrilhantador 400ml","date":"Fevereiro 23, 2022","format":false,"excerpt":"Para loi\u00e7a seca e com um brilho vis\u00edvel, adicione Finish abrilhantador juntamente com o seu detergente Finish. Atua no ciclo de enxaguamento, ajudando a eliminar os res\u00edduos de detergente e comida, protegendo contra a corros\u00e3o dos copos de cristal. Benef\u00edcios: - Loi\u00e7a brilhante e seca;- Elimina os res\u00edduos de detergen...","rel":"","context":"Similar post","img":{"alt_text":"","src":"https:\/\/i0.wp.com\/mundo.seashell.pt\/wp-content\/uploads\/2022\/02\/Finish_Abrilhantador_400mlx12_5011417544679.png?resize=350%2C200&ssl=1","width":350,"height":200},"classes":[]}],"_links":{"self":[{"href":"https:\/\/mundo.seashell.pt\/index.php?rest_route=\/wp\/v2\/product\/6479","targetHints":{"allow":["GET"]}}],"collection":[{"href":"https:\/\/mundo.seashell.pt\/index.php?rest_route=\/wp\/v2\/product"}],"about":[{"href":"https:\/\/mundo.seashell.pt\/index.php?rest_route=\/wp\/v2\/types\/product"}],"wp:featuredmedia":[{"embeddable":true,"href":"https:\/\/mundo.seashell.pt\/index.php?rest_route=\/wp\/v2\/media\/6480"}],"wp:attachment":[{"href":"https:\/\/mundo.seashell.pt\/index.php?rest_route=%2Fwp%2Fv2%2Fmedia&parent=6479"}],"wp:term":[{"taxonomy":"product_cat","embeddable":true,"href":"https:\/\/mundo.seashell.pt\/index.php?rest_route=%2Fwp%2Fv2%2Fproduct_cat&post=6479"},{"taxonomy":"product_tag","embeddable":true,"href":"https:\/\/mundo.seashell.pt\/index.php?rest_route=%2Fwp%2Fv2%2Fproduct_tag&post=6479"}],"curies":[{"name":"wp","href":"https:\/\/api.w.org\/{rel}","templated":true}]}}