{"id":6477,"date":"2022-02-23T18:43:22","date_gmt":"2022-02-23T18:43:22","guid":{"rendered":"https:\/\/mundo.seashell.pt\/?post_type=product&#038;p=6477"},"modified":"2022-02-23T18:43:24","modified_gmt":"2022-02-23T18:43:24","slug":"super-pop-loica-manual","status":"publish","type":"product","link":"https:\/\/mundo.seashell.pt\/?product=super-pop-loica-manual","title":{"rendered":"Super POP Loi\u00e7a Manual 1L"},"content":{"rendered":"<p>Super Pop \u00e9 uma marca nacional e est\u00e1 no mercado portugu\u00eas desde 1972! A formula\u00e7\u00e3o de Super Pop Plus+ foi especialmente desenvolvida com poderosos agentes anti-gordura para lavar eficazmente toda a loi\u00e7a, incluindo tachos, panelas e tabuleiros com gordura muito incrustada. Super Pop Plus+ rende mais, pois lava at\u00e9 mais 5000 pratos! Com Nutraderm para proteger as m\u00e3os.<\/p>\n<h3>Tipo de produto:<\/h3>\n<p>Detergente Manual<\/p>\n<h3>Benef\u00edcios:<\/h3>\n<p>&#8211; Super eficaz na remo\u00e7\u00e3o de gordura;<br \/>&#8211; Fragr\u00e2ncias frescas;<br \/>&#8211; Ph neutro;<br \/>&#8211; Com Nutraderm, que protege as m\u00e3os, mantendo-as suaves e cuidadas.<\/p>\n<h3>Conselhos de utiliza\u00e7\u00e3o:<\/h3>\n<p>Aplique o produto numa esponja molhada. Deixe a esponja absorver por uns segundos. Desfrute da efici\u00eancia do detergente Super Pop.<\/p>\n<p><\/p>\n<p><\/p>\n","protected":false},"excerpt":{"rendered":"<p>Super Pop \u00e9 uma marca nacional e est\u00e1 no mercado portugu\u00eas desde 1972! A formula\u00e7\u00e3o de Super Pop Plus+ foi especialmente desenvolvida com poderosos agentes anti-gordura para lavar eficazmente toda a loi\u00e7a, incluindo tachos, panelas e tabuleiros com gordura muito incrustada. Super Pop Plus+ rende mais, pois lava at\u00e9 mais 5000 pratos! Com Nutra&#8230;<\/p>\n","protected":false},"featured_media":6478,"template":"","meta":{"spay_email":""},"product_cat":[15],"product_tag":[],"class_list":{"0":"post-6477","1":"product","2":"type-product","3":"status-publish","4":"has-post-thumbnail","6":"product_cat-sem-categoria","8":"first","9":"instock","10":"taxable","11":"shipping-taxable","12":"purchasable","13":"product-type-simple"},"acf":[],"jetpack-related-posts":[{"id":7166,"url":"https:\/\/mundo.seashell.pt\/?product=super-por-loica-manual-700ml","url_meta":{"origin":6477,"position":0},"title":"Super Por Loi\u00e7a Manual 700ml","date":"Fevereiro 23, 2022","format":false,"excerpt":"Super Pop \u00e9 uma marca nacional e est\u00e1 no mercado portugu\u00eas desde 1972! A formula\u00e7\u00e3o de Super Pop Plus+ foi especialmente desenvolvida com poderosos agentes anti-gordura para lavar eficazmente toda a loi\u00e7a, incluindo tachos, panelas e tabuleiros com gordura muito incrustada. Super Pop Plus+ rende mais, pois lava at\u00e9 mais\u2026","rel":"","context":"Similar post","img":{"alt_text":"","src":"https:\/\/i0.wp.com\/mundo.seashell.pt\/wp-content\/uploads\/2022\/02\/5524246-frente.jpeg?resize=350%2C200&ssl=1","width":350,"height":200},"classes":[]},{"id":6513,"url":"https:\/\/mundo.seashell.pt\/?product=super-pop-mll","url_meta":{"origin":6477,"position":1},"title":"Super Pop MLL","date":"Fevereiro 23, 2022","format":false,"excerpt":"Super Pop \u00e9 uma marca nacional e est\u00e1 no mercado portugu\u00eas desde 1972! As novas pastilhas para m\u00e1quina de loi\u00e7a Super Pop OxyPlus Tudo em 1 s\u00e3o fortes contra a sujidade da loi\u00e7a e cuidam da m\u00e1quina. Al\u00e9m de removerem eficazmente a gordura mais incrustada e os restos de comida\u2026","rel":"","context":"Similar post","img":{"alt_text":"","src":"https:\/\/i0.wp.com\/mundo.seashell.pt\/wp-content\/uploads\/2022\/02\/6371924-frente.jpeg?resize=350%2C200&ssl=1","width":350,"height":200},"classes":[]},{"id":7158,"url":"https:\/\/mundo.seashell.pt\/?product=fairy-lava-loica-manual-original-325ml","url_meta":{"origin":6477,"position":2},"title":"Fairy Lava Loi\u00e7a Manual Original 325ml","date":"Fevereiro 23, 2022","format":false,"excerpt":"Eficaz ao eliminar gordura para uma loi\u00e7a extraordinariamente limpa e cintilante.Descri\u00e7\u00e3o: Fairy proporciona o poder de limpeza em que pode confiar a sua lavagem. A sua f\u00f3rmula concentrada ultra elimina instantaneamente a gordura, proporcionando-lhe uma limpeza brilhante. Uma gota de l\u00edquido lava muitos pratos, pois limpa 50%...","rel":"","context":"Similar post","img":{"alt_text":"","src":"https:\/\/i0.wp.com\/mundo.seashell.pt\/wp-content\/uploads\/2022\/02\/7094135-frente.jpeg?resize=350%2C200&ssl=1","width":350,"height":200},"classes":[]},{"id":7160,"url":"https:\/\/mundo.seashell.pt\/?product=fairy-lava-loica-manual-original-480ml","url_meta":{"origin":6477,"position":3},"title":"Fairy Lava Loi\u00e7a Manual Original 480ml","date":"Fevereiro 23, 2022","format":false,"excerpt":"Eficaz ao eliminar gordura para uma loi\u00e7a extraordinariamente limpa e cintilante. Descri\u00e7\u00e3o: Fairy proporciona o poder de limpeza em que pode confiar a sua lavagem. A sua f\u00f3rmula concentrada ultra elimina instantaneamente a gordura, proporcionando-lhe uma limpeza brilhante. Uma gota de l\u00edquido lava muitos pratos, pois limpa 50...","rel":"","context":"Similar post","img":{"alt_text":"","src":"https:\/\/i0.wp.com\/mundo.seashell.pt\/wp-content\/uploads\/2022\/02\/5039197-frente.jpeg?resize=350%2C200&ssl=1","width":350,"height":200},"classes":[]},{"id":7156,"url":"https:\/\/mundo.seashell.pt\/?product=fairy-lava-loica-manual-jasmim-e-rosa-340ml","url_meta":{"origin":6477,"position":4},"title":"Fairy Lava Loi\u00e7a Manual Jasmim e Rosa 340ml","date":"Fevereiro 23, 2022","format":false,"excerpt":"Eficaz contra a gordura e delicado com as m\u00e3os!Descri\u00e7\u00e3o: O detergente l\u00edquido Fairy limpeza e cuidado oferece-lhe o poder de limpeza que espera do Fairy para eliminar a gordura mais dif\u00edcil, sendo simultaneamente suave e delicado com as suas m\u00e3os. Experimente tamb\u00e9m o detergente para a m\u00e1quina da loi\u00e7a Fairy\u2026","rel":"","context":"Similar post","img":{"alt_text":"","src":"https:\/\/i0.wp.com\/mundo.seashell.pt\/wp-content\/uploads\/2022\/02\/7389281-frente.jpeg?resize=350%2C200&ssl=1","width":350,"height":200},"classes":[]},{"id":6501,"url":"https:\/\/mundo.seashell.pt\/?product=fairy-fresh-laranja-25-pastilhas","url_meta":{"origin":6477,"position":5},"title":"Fairy Fresh Laranja 25 Pastilhas","date":"Fevereiro 23, 2022","format":false,"excerpt":"As c\u00e1psulas para m\u00e1quina da loi\u00e7a Fairy t\u00eam uma a\u00e7\u00e3o de limpeza \u00e0 primeira e a sua f\u00f3rmula remove mesmo a gordura incrustada. Fairy combina l\u00edquido e p\u00f3 numa s\u00f3 c\u00e1psula poderosa. O seu inv\u00f3lucro ultrassol\u00favel dissolve-se muito mais rapidamente do que as c\u00e1psulas prensadas, por isso come\u00e7am a funcionar\u2026","rel":"","context":"Similar post","img":{"alt_text":"","src":"https:\/\/i0.wp.com\/mundo.seashell.pt\/wp-content\/uploads\/2022\/02\/002299866.jpeg?resize=350%2C200&ssl=1","width":350,"height":200},"classes":[]}],"_links":{"self":[{"href":"https:\/\/mundo.seashell.pt\/index.php?rest_route=\/wp\/v2\/product\/6477","targetHints":{"allow":["GET"]}}],"collection":[{"href":"https:\/\/mundo.seashell.pt\/index.php?rest_route=\/wp\/v2\/product"}],"about":[{"href":"https:\/\/mundo.seashell.pt\/index.php?rest_route=\/wp\/v2\/types\/product"}],"wp:featuredmedia":[{"embeddable":true,"href":"https:\/\/mundo.seashell.pt\/index.php?rest_route=\/wp\/v2\/media\/6478"}],"wp:attachment":[{"href":"https:\/\/mundo.seashell.pt\/index.php?rest_route=%2Fwp%2Fv2%2Fmedia&parent=6477"}],"wp:term":[{"taxonomy":"product_cat","embeddable":true,"href":"https:\/\/mundo.seashell.pt\/index.php?rest_route=%2Fwp%2Fv2%2Fproduct_cat&post=6477"},{"taxonomy":"product_tag","embeddable":true,"href":"https:\/\/mundo.seashell.pt\/index.php?rest_route=%2Fwp%2Fv2%2Fproduct_tag&post=6477"}],"curies":[{"name":"wp","href":"https:\/\/api.w.org\/{rel}","templated":true}]}}