{"id":6473,"date":"2022-02-23T18:43:16","date_gmt":"2022-02-23T18:43:16","guid":{"rendered":"https:\/\/mundo.seashell.pt\/?post_type=product&#038;p=6473"},"modified":"2022-02-23T18:43:19","modified_gmt":"2022-02-23T18:43:19","slug":"cif-active-gel-06l","status":"publish","type":"product","link":"https:\/\/mundo.seashell.pt\/?product=cif-active-gel-06l","title":{"rendered":"CIF Active Gel 600ml"},"content":{"rendered":"<h3>Descri\u00e7\u00e3o:<\/h3>\n<p>O detergente de loi\u00e7a manual concentrado Cif remove as gorduras e sujidade mais dif\u00edceis, de forma f\u00e1cil e eficaz. Com extratos de lim\u00e3o e a sua f\u00f3rmula concentrada, deixa a sua loi\u00e7a limpa e brilhante.<\/p>\n<h3>Tipo de produto:<\/h3>\n<p>Detergente Manual<\/p>\n<h3>Benef\u00edcios:<\/h3>\n<p>&#8216;- F\u00f3rmula concentrada;<br \/>&#8211; Excelente at\u00e9 na sujidade mais dif\u00edcil;<br \/>&#8211; Embalagem 100% reciclada e recicl\u00e1vel.<\/p>\n<h3>Conselhos de utiliza\u00e7\u00e3o:<\/h3>\n<p>Aplique o produto numa esponja molhada. Ap\u00f3s a absor\u00e7\u00e3o, use o poder de limpeza Cif.<\/p>\n<p><\/p>\n<p><\/p>\n<p><\/p>\n","protected":false},"excerpt":{"rendered":"<p>Descri\u00e7\u00e3o:<br \/>\nO detergente de loi\u00e7a manual concentrado Cif remove as gorduras e sujidade mais dif\u00edceis, de forma f\u00e1cil e eficaz. Com extratos de lim\u00e3o e a sua f\u00f3rmula concentrada, deixa a sua loi\u00e7a limpa e brilhante.<br \/>\nTipo de produto:<br \/>\nDetergente ManualBenef\u00edcios:<br \/>\n&#8216;- F\u00f3rmula concentrada;- Excelente at\u00e9 &#8230;<\/p>\n","protected":false},"featured_media":6474,"template":"","meta":{"spay_email":""},"product_cat":[15],"product_tag":[],"class_list":{"0":"post-6473","1":"product","2":"type-product","3":"status-publish","4":"has-post-thumbnail","6":"product_cat-sem-categoria","8":"first","9":"instock","10":"taxable","11":"shipping-taxable","12":"purchasable","13":"product-type-simple"},"acf":[],"jetpack-related-posts":[{"id":7162,"url":"https:\/\/mundo.seashell.pt\/?product=fairy-lava-loica-manual-original-480ml-1","url_meta":{"origin":6473,"position":0},"title":"Fairy Lava Loi\u00e7a Manual Original 480ml","date":"Fevereiro 23, 2022","format":false,"excerpt":"Detergente ultraduradouro at\u00e9 \u00e0 \u00faltima gota.Descri\u00e7\u00e3o: O Fairy ultra oferece-lhe o poder de limpeza ultraduradouro que espera para a sua lavagem, at\u00e9 \u00e0 \u00faltima gota. A sua f\u00f3rmula concentrada elimina a gordura mais dif\u00edcil proporcionando uma limpeza brilhante. N\u00e3o \u00e9 de espantar que o Fairy ultra seja o modelo de\u2026","rel":"","context":"Similar post","img":{"alt_text":"","src":"https:\/\/i0.wp.com\/mundo.seashell.pt\/wp-content\/uploads\/2022\/02\/5039180-frente.jpeg?resize=350%2C200&ssl=1","width":350,"height":200},"classes":[]},{"id":7160,"url":"https:\/\/mundo.seashell.pt\/?product=fairy-lava-loica-manual-original-480ml","url_meta":{"origin":6473,"position":1},"title":"Fairy Lava Loi\u00e7a Manual Original 480ml","date":"Fevereiro 23, 2022","format":false,"excerpt":"Eficaz ao eliminar gordura para uma loi\u00e7a extraordinariamente limpa e cintilante. Descri\u00e7\u00e3o: Fairy proporciona o poder de limpeza em que pode confiar a sua lavagem. A sua f\u00f3rmula concentrada ultra elimina instantaneamente a gordura, proporcionando-lhe uma limpeza brilhante. Uma gota de l\u00edquido lava muitos pratos, pois limpa 50...","rel":"","context":"Similar post","img":{"alt_text":"","src":"https:\/\/i0.wp.com\/mundo.seashell.pt\/wp-content\/uploads\/2022\/02\/5039197-frente.jpeg?resize=350%2C200&ssl=1","width":350,"height":200},"classes":[]},{"id":7158,"url":"https:\/\/mundo.seashell.pt\/?product=fairy-lava-loica-manual-original-325ml","url_meta":{"origin":6473,"position":2},"title":"Fairy Lava Loi\u00e7a Manual Original 325ml","date":"Fevereiro 23, 2022","format":false,"excerpt":"Eficaz ao eliminar gordura para uma loi\u00e7a extraordinariamente limpa e cintilante.Descri\u00e7\u00e3o: Fairy proporciona o poder de limpeza em que pode confiar a sua lavagem. A sua f\u00f3rmula concentrada ultra elimina instantaneamente a gordura, proporcionando-lhe uma limpeza brilhante. Uma gota de l\u00edquido lava muitos pratos, pois limpa 50%...","rel":"","context":"Similar post","img":{"alt_text":"","src":"https:\/\/i0.wp.com\/mundo.seashell.pt\/wp-content\/uploads\/2022\/02\/7094135-frente.jpeg?resize=350%2C200&ssl=1","width":350,"height":200},"classes":[]},{"id":7164,"url":"https:\/\/mundo.seashell.pt\/?product=fairy-lava-loica-manual-original-15l","url_meta":{"origin":6473,"position":3},"title":"Fairy Lava Loi\u00e7a Manual Original 1,5L","date":"Fevereiro 23, 2022","format":false,"excerpt":"Detergente ultraduradouro at\u00e9 \u00e0 \u00faltima gota.Descri\u00e7\u00e3o: O Fairy ultra oferece-lhe o poder de limpeza ultraduradouro que espera para a sua lavagem, at\u00e9 \u00e0 \u00faltima gota. A sua f\u00f3rmula concentrada elimina a gordura mais dif\u00edcil proporcionando uma limpeza brilhante. N\u00e3o \u00e9 de espantar que o Fairy ultra seja o modelo de\u2026","rel":"","context":"Similar post","img":{"alt_text":"","src":"https:\/\/i0.wp.com\/mundo.seashell.pt\/wp-content\/uploads\/2022\/02\/5708424-frente.jpeg?resize=350%2C200&ssl=1","width":350,"height":200},"classes":[]},{"id":6475,"url":"https:\/\/mundo.seashell.pt\/?product=fairy-lava-loica-manua-034l","url_meta":{"origin":6473,"position":4},"title":"Fairy Lava Loi\u00e7a Manual Aloe Vera 340ml","date":"Fevereiro 23, 2022","format":false,"excerpt":"O Fairy ultra oferece-lhe o poder de limpeza ultraduradouro que espera para a sua lavagem, at\u00e9 \u00e0 \u00faltima gota. A sua f\u00f3rmula concentrada elimina a gordura mais dif\u00edcil proporcionando uma limpeza brilhante. N\u00e3o \u00e9 de espantar que o Fairy ultra seja o modelo de excel\u00eancia dos detergentes l\u00edquidos. Experimente tamb\u00e9m\u2026","rel":"","context":"Similar post","img":{"alt_text":"","src":"https:\/\/i0.wp.com\/mundo.seashell.pt\/wp-content\/uploads\/2022\/02\/FAIRY_ALOE_VERA_340_ML_8001841433806.png?resize=350%2C200&ssl=1","width":350,"height":200},"classes":[]},{"id":5892,"url":"https:\/\/mundo.seashell.pt\/?product=wash-plus-san-5kg-loica-manual","url_meta":{"origin":6473,"position":5},"title":"Detergente Wash Plus San 5Kg &#8211; Loi\u00e7a Manual","date":"Fevereiro 23, 2022","format":false,"excerpt":"Detergente concentrado higienizante de espuma elevada formulado com mat\u00e9rias-primas selecionadas para uma a\u00e7\u00e3o desengordurante eficaz.","rel":"","context":"Similar post","img":{"alt_text":"","src":"https:\/\/i0.wp.com\/mundo.seashell.pt\/wp-content\/uploads\/2022\/02\/wash_plus_san.jpg?resize=350%2C200&ssl=1","width":350,"height":200},"classes":[]}],"_links":{"self":[{"href":"https:\/\/mundo.seashell.pt\/index.php?rest_route=\/wp\/v2\/product\/6473","targetHints":{"allow":["GET"]}}],"collection":[{"href":"https:\/\/mundo.seashell.pt\/index.php?rest_route=\/wp\/v2\/product"}],"about":[{"href":"https:\/\/mundo.seashell.pt\/index.php?rest_route=\/wp\/v2\/types\/product"}],"wp:featuredmedia":[{"embeddable":true,"href":"https:\/\/mundo.seashell.pt\/index.php?rest_route=\/wp\/v2\/media\/6474"}],"wp:attachment":[{"href":"https:\/\/mundo.seashell.pt\/index.php?rest_route=%2Fwp%2Fv2%2Fmedia&parent=6473"}],"wp:term":[{"taxonomy":"product_cat","embeddable":true,"href":"https:\/\/mundo.seashell.pt\/index.php?rest_route=%2Fwp%2Fv2%2Fproduct_cat&post=6473"},{"taxonomy":"product_tag","embeddable":true,"href":"https:\/\/mundo.seashell.pt\/index.php?rest_route=%2Fwp%2Fv2%2Fproduct_tag&post=6473"}],"curies":[{"name":"wp","href":"https:\/\/api.w.org\/{rel}","templated":true}]}}