{"id":6471,"date":"2022-02-23T18:43:14","date_gmt":"2022-02-23T18:43:14","guid":{"rendered":"https:\/\/mundo.seashell.pt\/?post_type=product&#038;p=6471"},"modified":"2022-02-23T18:43:16","modified_gmt":"2022-02-23T18:43:16","slug":"vanish-powerfoam","status":"publish","type":"product","link":"https:\/\/mundo.seashell.pt\/?product=vanish-powerfoam","title":{"rendered":"Vanish Powerfoam 600ml"},"content":{"rendered":"<p>Quando a sua carpete \u00e9 muito usada, come\u00e7a a ficar com um ar gasto e velho. Vanish Power foi especialmente desenhado para combater as n\u00f3doas de carpetes e acumula\u00e7\u00e3o de sujidade, especialmente em zonas de grande passagem em sua casa, como o hall ou as escadas. A espuma \u00e9 f\u00e1cil de usar e atua em profundidade na sua carpete para remover a sujidade e as n\u00f3doas, deixando-a a cheirar a fresco.<\/p>\n<p>Agite bem e pulverize a uma dist\u00e2ncia de 80cm por cima da \u00e1rea que precisa de tratamento. Pulverize sempre de cima para baixo e n\u00e3o o contr\u00e1rio. Trabalhe a espuma na carpete, usando um pano limpo ou outro utens\u00edlio apropriado para limpeza de carpetes. Deixe, aproximadamente, 2 horas ou at\u00e9 secar, e depois aspire.<\/p>\n","protected":false},"excerpt":{"rendered":"<p>Quando a sua carpete \u00e9 muito usada, come\u00e7a a ficar com um ar gasto e velho. Vanish Power foi especialmente desenhado para combater as n\u00f3doas de carpetes e acumula\u00e7\u00e3o de sujidade, especialmente em zonas de grande passagem em sua casa, como o hall ou as escadas. A espuma \u00e9 f\u00e1cil de usar e atua em profundidade na sua carpete para remover a sujid&#8230;<\/p>\n","protected":false},"featured_media":6472,"template":"","meta":{"spay_email":""},"product_cat":[15],"product_tag":[],"class_list":{"0":"post-6471","1":"product","2":"type-product","3":"status-publish","4":"has-post-thumbnail","6":"product_cat-sem-categoria","8":"first","9":"instock","10":"taxable","11":"shipping-taxable","12":"purchasable","13":"product-type-simple"},"acf":[],"jetpack-related-posts":[{"id":7178,"url":"https:\/\/mundo.seashell.pt\/?product=vanish-tira-nodoas-pet-750-ml","url_meta":{"origin":6471,"position":0},"title":"Vanish Tira N\u00f3doas Pet 750 ml","date":"Fevereiro 23, 2022","format":false,"excerpt":"Conselhos de utiliza\u00e7\u00e3o: Pulverize Vanish Oxi Action diretamente na zona afectada e esfregue gentilmente. Deixe estar durante 1-5 minutos antes de lavar normalmente. As n\u00f3doas mais pesadas podem requerer uma segunda aplica\u00e7\u00e3o.","rel":"","context":"Similar post","img":{"alt_text":"","src":"https:\/\/i0.wp.com\/mundo.seashell.pt\/wp-content\/uploads\/2022\/02\/Vanish_Pet_Expert_Spray_5601217130952.jpeg?resize=350%2C200&ssl=1","width":350,"height":200},"classes":[]},{"id":6469,"url":"https:\/\/mundo.seashell.pt\/?product=vanish-animais-de-estimacao-06l","url_meta":{"origin":6471,"position":1},"title":"Vanish Animais de Estima\u00e7\u00e3o 600ml","date":"Fevereiro 23, 2022","format":false,"excerpt":"Vanish Pet Expert espuma de limpeza foi desenvolvido para remover sujidade e pelos de tapetes, carpetes e estofos. Al\u00e9m disso, tem um efeito refrescante e amaciador.Benef\u00edcios: - Elimina a sujidade provocada pelos animais de estima\u00e7\u00e3o \u00e0 1\u00aa utiliza\u00e7\u00e3o;- Remove 3x mais pelos e 5x mais lama e sujidade do que\u2026","rel":"","context":"Similar post","img":{"alt_text":"","src":"https:\/\/i0.wp.com\/mundo.seashell.pt\/wp-content\/uploads\/2022\/02\/Vanish_Pet_Expert_Espuma_x6_5410036301258.png?resize=350%2C200&ssl=1","width":350,"height":200},"classes":[]},{"id":6467,"url":"https:\/\/mundo.seashell.pt\/?product=vanish-karpex-spray-05l","url_meta":{"origin":6471,"position":2},"title":"Vanish Karpex Spray 500ml","date":"Fevereiro 23, 2022","format":false,"excerpt":"Est\u00e1 a ter bastante dificuldade a remover a n\u00f3doa que encontrou na sua carpete? Vanish Oxi Action spray produz resultados incr\u00edveis \u00e0 primeira! Vanish Oxi Action spray consegue remover completamente at\u00e9 as n\u00f3doas mais dif\u00edceis da sua carpete e estofos.Conselhos de utiliza\u00e7\u00e3o: Pulverize Vanish Oxi Action diretamente na zona afe...","rel":"","context":"Similar post","img":{"alt_text":"","src":"https:\/\/i0.wp.com\/mundo.seashell.pt\/wp-content\/uploads\/2022\/02\/Vanish_Karpex_Spray_500mlx6_5701092110213.png?resize=350%2C200&ssl=1","width":350,"height":200},"classes":[]},{"id":5806,"url":"https:\/\/mundo.seashell.pt\/?product=solim-tapex-5l","url_meta":{"origin":6471,"position":3},"title":"Solim Tapex 5L","date":"Fevereiro 23, 2022","format":false,"excerpt":"Limpeza de alcatifas e estofos, uma combina\u00e7\u00e3o l\u00edquida de tensioactivos com espuma controlada, o que facilita a lavagem.","rel":"","context":"Similar post","img":{"alt_text":"","src":"https:\/\/i0.wp.com\/mundo.seashell.pt\/wp-content\/uploads\/2022\/02\/Solim_Tapex_PhotoRoom_20210402_103633.jpg?resize=350%2C200&ssl=1","width":350,"height":200},"classes":[]},{"id":5752,"url":"https:\/\/mundo.seashell.pt\/?product=solim-oxiclean-10kg","url_meta":{"origin":6471,"position":4},"title":"Solim Oxiclean 10Kg","date":"Fevereiro 23, 2022","format":false,"excerpt":"N\u00f3doas dif\u00edceis: Fazer uma solu\u00e7\u00e3o com: 1 litro de \u00e1gua e 15g de SOLIM OXICLEAN.","rel":"","context":"Similar post","img":{"alt_text":"","src":"https:\/\/i0.wp.com\/mundo.seashell.pt\/wp-content\/uploads\/2022\/02\/Oxiclean.jpg?resize=350%2C200&ssl=1","width":350,"height":200},"classes":[]},{"id":5750,"url":"https:\/\/mundo.seashell.pt\/?product=stark-oxiblanc-10kg-lavandaria-manual","url_meta":{"origin":6471,"position":5},"title":"Branqueador Stark Oxiblanc 10Kg &#8211; Lavandaria Manual","date":"Fevereiro 23, 2022","format":false,"excerpt":"Branqueador em p\u00f3 para lavagem de roupa.","rel":"","context":"Similar post","img":{"alt_text":"","src":"https:\/\/i0.wp.com\/mundo.seashell.pt\/wp-content\/uploads\/2022\/02\/STARK_OXIBLANC_PhotoRoom_20210402_103319.jpg?resize=350%2C200&ssl=1","width":350,"height":200},"classes":[]}],"_links":{"self":[{"href":"https:\/\/mundo.seashell.pt\/index.php?rest_route=\/wp\/v2\/product\/6471","targetHints":{"allow":["GET"]}}],"collection":[{"href":"https:\/\/mundo.seashell.pt\/index.php?rest_route=\/wp\/v2\/product"}],"about":[{"href":"https:\/\/mundo.seashell.pt\/index.php?rest_route=\/wp\/v2\/types\/product"}],"wp:featuredmedia":[{"embeddable":true,"href":"https:\/\/mundo.seashell.pt\/index.php?rest_route=\/wp\/v2\/media\/6472"}],"wp:attachment":[{"href":"https:\/\/mundo.seashell.pt\/index.php?rest_route=%2Fwp%2Fv2%2Fmedia&parent=6471"}],"wp:term":[{"taxonomy":"product_cat","embeddable":true,"href":"https:\/\/mundo.seashell.pt\/index.php?rest_route=%2Fwp%2Fv2%2Fproduct_cat&post=6471"},{"taxonomy":"product_tag","embeddable":true,"href":"https:\/\/mundo.seashell.pt\/index.php?rest_route=%2Fwp%2Fv2%2Fproduct_tag&post=6471"}],"curies":[{"name":"wp","href":"https:\/\/api.w.org\/{rel}","templated":true}]}}