{"id":6467,"date":"2022-02-23T18:43:09","date_gmt":"2022-02-23T18:43:09","guid":{"rendered":"https:\/\/mundo.seashell.pt\/?post_type=product&#038;p=6467"},"modified":"2022-02-23T18:43:11","modified_gmt":"2022-02-23T18:43:11","slug":"vanish-karpex-spray-05l","status":"publish","type":"product","link":"https:\/\/mundo.seashell.pt\/?product=vanish-karpex-spray-05l","title":{"rendered":"Vanish Karpex Spray 500ml"},"content":{"rendered":"<p>Est\u00e1 a ter bastante dificuldade a remover a n\u00f3doa que encontrou na sua carpete? Vanish Oxi Action spray produz resultados incr\u00edveis \u00e0 primeira! Vanish Oxi Action spray consegue remover completamente at\u00e9 as n\u00f3doas mais dif\u00edceis da sua carpete e estofos.<\/p>\n<h3>Conselhos de utiliza\u00e7\u00e3o:<\/h3>\n<p>Pulverize Vanish Oxi Action diretamente na zona afectada e esfregue gentilmente. Deixe estar durante 1-5 minutos antes de lavar normalmente. As n\u00f3doas mais pesadas podem requerer uma segunda aplica\u00e7\u00e3o.<\/p>\n<p><\/p>\n","protected":false},"excerpt":{"rendered":"<p>Est\u00e1 a ter bastante dificuldade a remover a n\u00f3doa que encontrou na sua carpete? Vanish Oxi Action spray produz resultados incr\u00edveis \u00e0 primeira! Vanish Oxi Action spray consegue remover completamente at\u00e9 as n\u00f3doas mais dif\u00edceis da sua carpete e estofos.Conselhos de utiliza\u00e7\u00e3o:<br \/>\nPulverize Vanish Oxi Action diretamente na zona afe&#8230;<\/p>\n","protected":false},"featured_media":6468,"template":"","meta":{"spay_email":""},"product_cat":[15],"product_tag":[],"class_list":{"0":"post-6467","1":"product","2":"type-product","3":"status-publish","4":"has-post-thumbnail","6":"product_cat-sem-categoria","8":"first","9":"instock","10":"taxable","11":"shipping-taxable","12":"purchasable","13":"product-type-simple"},"acf":[],"jetpack-related-posts":[{"id":6623,"url":"https:\/\/mundo.seashell.pt\/?product=vanish-tira-nodoas-dia-a-dia-05l","url_meta":{"origin":6467,"position":0},"title":"Vanish Tira N\u00f3doas Dia-a-Dia 500ml","date":"Fevereiro 23, 2022","format":false,"excerpt":"Vanish oxi action spray elimina as n\u00f3doas \u00e0 primeira lavagem e \u00e9 muito f\u00e1cil de utilizar! Vanish \u00e9 o tira-n\u00f3doas n\u00ba #1 em Portugal. Tipo de produto: Tira N\u00f3doasBenef\u00edcios: - Remove n\u00f3doas \u00e0 primeira lavagem;- Formato f\u00e1cil de aplicar. Conselhos de utiliza\u00e7\u00e3o: Rode a patilha de seguran\u00e7a. Apl...","rel":"","context":"Similar post","img":{"alt_text":"","src":"https:\/\/i0.wp.com\/mundo.seashell.pt\/wp-content\/uploads\/2022\/02\/Vanish_Spray_No_doas_Dia-a-Dia_500mlx6_5601217134981.png?resize=350%2C200&ssl=1","width":350,"height":200},"classes":[]},{"id":7178,"url":"https:\/\/mundo.seashell.pt\/?product=vanish-tira-nodoas-pet-750-ml","url_meta":{"origin":6467,"position":1},"title":"Vanish Tira N\u00f3doas Pet 750 ml","date":"Fevereiro 23, 2022","format":false,"excerpt":"Conselhos de utiliza\u00e7\u00e3o: Pulverize Vanish Oxi Action diretamente na zona afectada e esfregue gentilmente. Deixe estar durante 1-5 minutos antes de lavar normalmente. As n\u00f3doas mais pesadas podem requerer uma segunda aplica\u00e7\u00e3o.","rel":"","context":"Similar post","img":{"alt_text":"","src":"https:\/\/i0.wp.com\/mundo.seashell.pt\/wp-content\/uploads\/2022\/02\/Vanish_Pet_Expert_Spray_5601217130952.jpeg?resize=350%2C200&ssl=1","width":350,"height":200},"classes":[]},{"id":6659,"url":"https:\/\/mundo.seashell.pt\/?product=vanish-tira-nodoas-em-po-branqueador-600gr","url_meta":{"origin":6467,"position":2},"title":"Vanish Tira N\u00f3doas em P\u00f3 Branqueador 600Gr","date":"Fevereiro 23, 2022","format":false,"excerpt":"Frustrado com n\u00f3doas que parecem n\u00e3o sair e brancos que tendem a tornar-se cinzentos com o tempo? Vanish oxi action em p\u00f3 para roupas brancas tem uma nova f\u00f3rmula que, para al\u00e9m de remover n\u00f3doas dif\u00edceis \u00e0 primeira, garante brancos mais brancos, mesmo ap\u00f3s 50 lavagens. Vanish oxi action em\u2026","rel":"","context":"Similar post","img":{"alt_text":"","src":"https:\/\/i0.wp.com\/mundo.seashell.pt\/wp-content\/uploads\/2022\/02\/VANISH_REGULAR_PO_WHITE_14X600g_8410104884758.png?resize=350%2C200&ssl=1","width":350,"height":200},"classes":[]},{"id":6661,"url":"https:\/\/mundo.seashell.pt\/?product=vanish-tora-nodoas-em-po-600gr","url_meta":{"origin":6467,"position":3},"title":"Vanish Tora N\u00f3doas em P\u00f3 600Gr","date":"Fevereiro 23, 2022","format":false,"excerpt":"Frustrado com n\u00f3doas que parecem n\u00e3o sair e brancos que tendem a tornar-se cinzentos com o tempo? Vanish oxi action em p\u00f3 para roupas brancas tem uma nova f\u00f3rmula que, para al\u00e9m de remover n\u00f3doas dif\u00edceis \u00e0 primeira, garante brancos mais brancos, mesmo ap\u00f3s 50 lavagens. Vanish oxi action em\u2026","rel":"","context":"Similar post","img":{"alt_text":"","src":"","width":0,"height":0},"classes":[]},{"id":6657,"url":"https:\/\/mundo.seashell.pt\/?product=vanish-oxi-action-em-po-420gr","url_meta":{"origin":6467,"position":4},"title":"Vanish Oxi Action em P\u00f3 420Gr","date":"Fevereiro 23, 2022","format":false,"excerpt":"Depois de lavar a roupa, continua com maus odores e n\u00f3doas? Vanish oxi action p\u00f3 elimina odores \u00e9 um tira-n\u00f3doas poderoso sem lix\u00edvia que, para al\u00e9m de remover todo o tipo de n\u00f3doas, cont\u00e9m uma tecnologia de neutraliza\u00e7\u00e3o de odores. Pode ser utilizado em pr\u00e9-tratamento, de molho ou diretamente na\u2026","rel":"","context":"Similar post","img":{"alt_text":"","src":"https:\/\/i0.wp.com\/mundo.seashell.pt\/wp-content\/uploads\/2022\/02\/Vanish_Oxi_Action_Po__White_420G_4_P_x6_5601217134332.png?resize=350%2C200&ssl=1","width":350,"height":200},"classes":[]},{"id":6639,"url":"https:\/\/mundo.seashell.pt\/?product=vanix-oxi-action-08l","url_meta":{"origin":6467,"position":5},"title":"Vanix Oxi Action 800ml","date":"Fevereiro 23, 2022","format":false,"excerpt":"Problemas com a lavagem da roupa? Os detergentes nem sempre conseguem remover as n\u00f3doas, proteger as cores e eliminar maus odores. Experimente o novo Vanish oxi action gel para cores! A sua f\u00f3rmula remove n\u00f3doas, reaviva as cores e elimina maus odores. Pode ser utilizado em pr\u00e9-tratamento, de molho ou\u2026","rel":"","context":"Similar post","img":{"alt_text":"","src":"https:\/\/i0.wp.com\/mundo.seashell.pt\/wp-content\/uploads\/2022\/02\/Vanish_Oxi_Action_Gel_Pink_800ML_x6_5601217134363.png?resize=350%2C200&ssl=1","width":350,"height":200},"classes":[]}],"_links":{"self":[{"href":"https:\/\/mundo.seashell.pt\/index.php?rest_route=\/wp\/v2\/product\/6467","targetHints":{"allow":["GET"]}}],"collection":[{"href":"https:\/\/mundo.seashell.pt\/index.php?rest_route=\/wp\/v2\/product"}],"about":[{"href":"https:\/\/mundo.seashell.pt\/index.php?rest_route=\/wp\/v2\/types\/product"}],"wp:featuredmedia":[{"embeddable":true,"href":"https:\/\/mundo.seashell.pt\/index.php?rest_route=\/wp\/v2\/media\/6468"}],"wp:attachment":[{"href":"https:\/\/mundo.seashell.pt\/index.php?rest_route=%2Fwp%2Fv2%2Fmedia&parent=6467"}],"wp:term":[{"taxonomy":"product_cat","embeddable":true,"href":"https:\/\/mundo.seashell.pt\/index.php?rest_route=%2Fwp%2Fv2%2Fproduct_cat&post=6467"},{"taxonomy":"product_tag","embeddable":true,"href":"https:\/\/mundo.seashell.pt\/index.php?rest_route=%2Fwp%2Fv2%2Fproduct_tag&post=6467"}],"curies":[{"name":"wp","href":"https:\/\/api.w.org\/{rel}","templated":true}]}}