{"id":6465,"date":"2022-02-23T18:43:03","date_gmt":"2022-02-23T18:43:03","guid":{"rendered":"https:\/\/mundo.seashell.pt\/?post_type=product&#038;p=6465"},"modified":"2022-02-23T18:43:07","modified_gmt":"2022-02-23T18:43:07","slug":"vanish-karpex-shampoo-095l","status":"publish","type":"product","link":"https:\/\/mundo.seashell.pt\/?product=vanish-karpex-shampoo-095l","title":{"rendered":"Vanish Karpex Shampoo 950ml"},"content":{"rendered":"<p>Manter fora do alcance das crian\u00e7as. Produto inflam\u00e1vel. N\u00e3o fumar. Manter afastado de qualquer fonte de igni\u00e7\u00e3o. Pode provocar uma rea\u00e7\u00e3o al\u00e9rgica. Provoca irrita\u00e7\u00e3o ocular grave. Evitar o contacto com os olhos. Se entrar em contacto com os olhos, enxaguar cuidadosamente com \u00e1gua durante v\u00e1rios minutos. Se usar lentes de contacto, retire-as, se tal for poss\u00edvel. Continue a enxaguar. Caso a irrita\u00e7\u00e3o persista, consulte um m\u00e9dico. N\u00e3o ingerir. Em caso de acidente, contactar o Centro de Informa\u00e7\u00e3o Antivenenos.<\/p>\n<p><\/p>\n","protected":false},"excerpt":{"rendered":"<p>Manter fora do alcance das crian\u00e7as. Produto inflam\u00e1vel. N\u00e3o fumar. Manter afastado de qualquer fonte de igni\u00e7\u00e3o. Pode provocar uma rea\u00e7\u00e3o al\u00e9rgica. Provoca irrita\u00e7\u00e3o ocular grave. Evitar o contacto com os olhos. Se entrar em contacto com os olhos, enxaguar cuidadosamente com \u00e1gua durante v\u00e1rios minutos. Se usar lentes de contacto, retire-as,&#8230;<\/p>\n","protected":false},"featured_media":6466,"template":"","meta":{"spay_email":""},"product_cat":[15],"product_tag":[],"class_list":{"0":"post-6465","1":"product","2":"type-product","3":"status-publish","4":"has-post-thumbnail","6":"product_cat-sem-categoria","8":"first","9":"instock","10":"taxable","11":"shipping-taxable","12":"purchasable","13":"product-type-simple"},"acf":[],"jetpack-related-posts":[{"id":5994,"url":"https:\/\/mundo.seashell.pt\/?product=ondaklor-5kg","url_meta":{"origin":6465,"position":0},"title":"Detergente Ondaklor 5kg","date":"Fevereiro 23, 2022","format":false,"excerpt":"ONDAKLOR \u00e9 um biocida cloroxidante de ac\u00e7\u00e3o detergente para a limpeza e a desinfec\u00e7\u00e3o de pavimentos e superf\u00edcies lav\u00e1veis.","rel":"","context":"Similar post","img":{"alt_text":"","src":"https:\/\/i0.wp.com\/mundo.seashell.pt\/wp-content\/uploads\/2022\/02\/ondaklor.jpg?resize=350%2C200&ssl=1","width":350,"height":200},"classes":[]},{"id":6271,"url":"https:\/\/mundo.seashell.pt\/?product=sanytol-desinfetante-de-roupa-500ml","url_meta":{"origin":6465,"position":1},"title":"Sanytol Desinfetante de Roupa 500ml","date":"Fevereiro 23, 2022","format":false,"excerpt":"Desinfetante De Roupa \u2013 Flores Brancas DESCRI\u00c7\u00c3O A roupa lavada a baixa temperatura n\u00e3o est\u00e1 totalmente livre de micr\u00f3bios e pode ser a origem de maus odores e doen\u00e7as de pele ou irrita\u00e7\u00f5es. Apenas as lavagens a 90\u00b0C eliminam 100% dos micr\u00f3bios da roupa. O desinfetante de roupa SANYTOL elimina\u2026","rel":"","context":"Similar post","img":{"alt_text":"","src":"https:\/\/i0.wp.com\/mundo.seashell.pt\/wp-content\/uploads\/2022\/02\/SANYTOL_DESINFECTANTE_DE_ROUPA_500ml_3045200760009.png?resize=350%2C200&ssl=1","width":350,"height":200},"classes":[]},{"id":5750,"url":"https:\/\/mundo.seashell.pt\/?product=stark-oxiblanc-10kg-lavandaria-manual","url_meta":{"origin":6465,"position":2},"title":"Branqueador Stark Oxiblanc 10Kg &#8211; Lavandaria Manual","date":"Fevereiro 23, 2022","format":false,"excerpt":"Branqueador em p\u00f3 para lavagem de roupa.","rel":"","context":"Similar post","img":{"alt_text":"","src":"https:\/\/i0.wp.com\/mundo.seashell.pt\/wp-content\/uploads\/2022\/02\/STARK_OXIBLANC_PhotoRoom_20210402_103319.jpg?resize=350%2C200&ssl=1","width":350,"height":200},"classes":[]},{"id":7210,"url":"https:\/\/mundo.seashell.pt\/?product=mr-muscle-com-lixivia-1l","url_meta":{"origin":6465,"position":3},"title":"Mr. Muscle com Lix\u00edvia 1L","date":"Fevereiro 23, 2022","format":false,"excerpt":"Desentupidor De Canos Gel Mr Muscle Com Lixivia 1 Lt Para canos entupidos, deite 1\/4 a 1\/3 do conte\u00fado. Deixe actuar 30 minutos e deite \u00e1gua quente. Ap\u00f3s deitar o produto, n\u00e3o utilize objectos desentupidores. Para canos totalmente entupidos, deixe atuar durante toda a noite. Para manter um bom funcionamento\u2026","rel":"","context":"Similar post","img":{"alt_text":"","src":"https:\/\/i0.wp.com\/mundo.seashell.pt\/wp-content\/uploads\/2022\/02\/2174889-frente.jpeg?resize=350%2C200&ssl=1","width":350,"height":200},"classes":[]},{"id":6515,"url":"https:\/\/mundo.seashell.pt\/?product=calgon-pastilhas-mll","url_meta":{"origin":6465,"position":4},"title":"Calgon Pastilhas MLL","date":"Fevereiro 23, 2022","format":false,"excerpt":"Calgon pastilhas 3 em 1 oferece uma prote\u00e7\u00e3o incr\u00edvel contra o calc\u00e1rio gra\u00e7as \u00e0 sua a\u00e7\u00e3o neutralizante, que ajuda a proteger todas as partes vitais da sua m\u00e1quina em contacto com a \u00e1gua. Tem ainda o benef\u00edcio adicional de ajudar a manter a sua m\u00e1quina limpa e sem odores, quando\u2026","rel":"","context":"Similar post","img":{"alt_text":"","src":"https:\/\/i0.wp.com\/mundo.seashell.pt\/wp-content\/uploads\/2022\/02\/6883710-frente.jpeg?resize=350%2C200&ssl=1","width":350,"height":200},"classes":[]},{"id":5972,"url":"https:\/\/mundo.seashell.pt\/?product=sf-300-5kg","url_meta":{"origin":6465,"position":5},"title":"Detergente Desinfetante SF 300 5Kg","date":"Fevereiro 23, 2022","format":false,"excerpt":"Detergente Desinfetante contendo cloro para a desinfe\u00e7\u00e3o de \u00e1reas de alimentos.","rel":"","context":"Similar post","img":{"alt_text":"","src":"https:\/\/i0.wp.com\/mundo.seashell.pt\/wp-content\/uploads\/2022\/02\/sf_300.jpg?resize=350%2C200&ssl=1","width":350,"height":200},"classes":[]}],"_links":{"self":[{"href":"https:\/\/mundo.seashell.pt\/index.php?rest_route=\/wp\/v2\/product\/6465","targetHints":{"allow":["GET"]}}],"collection":[{"href":"https:\/\/mundo.seashell.pt\/index.php?rest_route=\/wp\/v2\/product"}],"about":[{"href":"https:\/\/mundo.seashell.pt\/index.php?rest_route=\/wp\/v2\/types\/product"}],"wp:featuredmedia":[{"embeddable":true,"href":"https:\/\/mundo.seashell.pt\/index.php?rest_route=\/wp\/v2\/media\/6466"}],"wp:attachment":[{"href":"https:\/\/mundo.seashell.pt\/index.php?rest_route=%2Fwp%2Fv2%2Fmedia&parent=6465"}],"wp:term":[{"taxonomy":"product_cat","embeddable":true,"href":"https:\/\/mundo.seashell.pt\/index.php?rest_route=%2Fwp%2Fv2%2Fproduct_cat&post=6465"},{"taxonomy":"product_tag","embeddable":true,"href":"https:\/\/mundo.seashell.pt\/index.php?rest_route=%2Fwp%2Fv2%2Fproduct_tag&post=6465"}],"curies":[{"name":"wp","href":"https:\/\/api.w.org\/{rel}","templated":true}]}}