{"id":6453,"date":"2022-02-23T18:42:46","date_gmt":"2022-02-23T18:42:46","guid":{"rendered":"https:\/\/mundo.seashell.pt\/?post_type=product&#038;p=6453"},"modified":"2022-02-23T18:42:48","modified_gmt":"2022-02-23T18:42:48","slug":"novycera-tijoleira-05l","status":"publish","type":"product","link":"https:\/\/mundo.seashell.pt\/?product=novycera-tijoleira-05l","title":{"rendered":"Novycera Tijoleiras 500ml"},"content":{"rendered":"<p>Cera l\u00edquida acr\u00edlica novycera encarnada 500 ml<\/p><\/p>\n","protected":false},"excerpt":{"rendered":"<p>Cera l\u00edquida acr\u00edlica novycera encarnada 500 ml<\/p>\n","protected":false},"featured_media":6454,"template":"","meta":{"spay_email":""},"product_cat":[15],"product_tag":[],"class_list":{"0":"post-6453","1":"product","2":"type-product","3":"status-publish","4":"has-post-thumbnail","6":"product_cat-sem-categoria","8":"first","9":"instock","10":"taxable","11":"shipping-taxable","12":"purchasable","13":"product-type-simple"},"acf":[],"jetpack-related-posts":[{"id":6455,"url":"https:\/\/mundo.seashell.pt\/?product=novycera-cera-amarela","url_meta":{"origin":6453,"position":0},"title":"Novycera Cera Amarela 250g","date":"Fevereiro 23, 2022","format":false,"excerpt":"Cera creme novycera amarela bolsa 1 un","rel":"","context":"Similar post","img":{"alt_text":"","src":"https:\/\/i0.wp.com\/mundo.seashell.pt\/wp-content\/uploads\/2022\/02\/NOVYCERA_CERA_CREME_BOLSA_AMARELA_250g.png?resize=350%2C200&ssl=1","width":350,"height":200},"classes":[]},{"id":6457,"url":"https:\/\/mundo.seashell.pt\/?product=novycera-cera-castanha","url_meta":{"origin":6453,"position":1},"title":"Novycera Cera Castanha 250g","date":"Fevereiro 23, 2022","format":false,"excerpt":"Cera creme novycera castanha bolsa 1 un","rel":"","context":"Similar post","img":{"alt_text":"","src":"https:\/\/i0.wp.com\/mundo.seashell.pt\/wp-content\/uploads\/2022\/02\/NOVYCERA_CERA_CREME_BOLSA_CASTANHA_250g.png?resize=350%2C200&ssl=1","width":350,"height":200},"classes":[]},{"id":5982,"url":"https:\/\/mundo.seashell.pt\/?product=solim-decap-n-5kg","url_meta":{"origin":6453,"position":2},"title":"Solim Decap N 5Kg","date":"Fevereiro 23, 2022","format":false,"excerpt":"Decapante para ceras acri\u0301licas. Li\u0301quido de cor verde. Possui boas propriedades de limpeza e efeito antiesta\u0301tico. Deixa as superfi\u0301cies brilhantes durante muito tempo. Seca rapidamente.","rel":"","context":"Similar post","img":{"alt_text":"","src":"https:\/\/i0.wp.com\/mundo.seashell.pt\/wp-content\/uploads\/2022\/02\/SOLIM_DECAP_N_PhotoRoom_20210402_103559.jpg?resize=350%2C200&ssl=1","width":350,"height":200},"classes":[]},{"id":6459,"url":"https:\/\/mundo.seashell.pt\/?product=novycera-ceramica-flores-05l","url_meta":{"origin":6453,"position":3},"title":"Novycera Cer\u00e2mica Flores 500ml","date":"Fevereiro 23, 2022","format":false,"excerpt":"Lava e Encera Frescura de Flores Novycera 500ml","rel":"","context":"Similar post","img":{"alt_text":"","src":"https:\/\/i0.wp.com\/mundo.seashell.pt\/wp-content\/uploads\/2022\/02\/NOVYCERA_LAVA_ENCERA_CERA_MICA_FLORES_500ml.png?resize=350%2C200&ssl=1","width":350,"height":200},"classes":[]},{"id":6463,"url":"https:\/\/mundo.seashell.pt\/?product=novycera-decapante-05l","url_meta":{"origin":6453,"position":4},"title":"Novycera Decapante 500ml","date":"Fevereiro 23, 2022","format":false,"excerpt":"Novycera Decapante 0,5L","rel":"","context":"Similar post","img":{"alt_text":"","src":"https:\/\/i0.wp.com\/mundo.seashell.pt\/wp-content\/uploads\/2022\/02\/NOVYCERA_DECAPANTE_500ml_Ret6.png?resize=350%2C200&ssl=1","width":350,"height":200},"classes":[]},{"id":5988,"url":"https:\/\/mundo.seashell.pt\/?product=stripp-83-5kg","url_meta":{"origin":6453,"position":5},"title":"Decapante Stripp 83 5Kg","date":"Fevereiro 23, 2022","format":false,"excerpt":"Detergente decapante super-r\u00e1pido para a remo\u00e7\u00e3o de camadas de cera acr\u00edlica metalizada. Requer enxaguamento.","rel":"","context":"Similar post","img":{"alt_text":"","src":"https:\/\/i0.wp.com\/mundo.seashell.pt\/wp-content\/uploads\/2022\/02\/stripp_83.jpg?resize=350%2C200&ssl=1","width":350,"height":200},"classes":[]}],"_links":{"self":[{"href":"https:\/\/mundo.seashell.pt\/index.php?rest_route=\/wp\/v2\/product\/6453","targetHints":{"allow":["GET"]}}],"collection":[{"href":"https:\/\/mundo.seashell.pt\/index.php?rest_route=\/wp\/v2\/product"}],"about":[{"href":"https:\/\/mundo.seashell.pt\/index.php?rest_route=\/wp\/v2\/types\/product"}],"wp:featuredmedia":[{"embeddable":true,"href":"https:\/\/mundo.seashell.pt\/index.php?rest_route=\/wp\/v2\/media\/6454"}],"wp:attachment":[{"href":"https:\/\/mundo.seashell.pt\/index.php?rest_route=%2Fwp%2Fv2%2Fmedia&parent=6453"}],"wp:term":[{"taxonomy":"product_cat","embeddable":true,"href":"https:\/\/mundo.seashell.pt\/index.php?rest_route=%2Fwp%2Fv2%2Fproduct_cat&post=6453"},{"taxonomy":"product_tag","embeddable":true,"href":"https:\/\/mundo.seashell.pt\/index.php?rest_route=%2Fwp%2Fv2%2Fproduct_tag&post=6453"}],"curies":[{"name":"wp","href":"https:\/\/api.w.org\/{rel}","templated":true}]}}