{"id":6451,"date":"2022-02-23T18:42:43","date_gmt":"2022-02-23T18:42:43","guid":{"rendered":"https:\/\/mundo.seashell.pt\/?post_type=product&#038;p=6451"},"modified":"2022-02-23T18:42:46","modified_gmt":"2022-02-23T18:42:46","slug":"duraglit-limpa-pratas-liquido","status":"publish","type":"product","link":"https:\/\/mundo.seashell.pt\/?product=duraglit-limpa-pratas-liquido","title":{"rendered":"Duraglit Limpa Pratas L\u00edquido"},"content":{"rendered":"<p><strong>Fun\u00e7\u00e3o<\/strong><br \/>Limpa, d\u00e1 brilho imediato e protege as pratas.<\/p>\n<p><strong>Modo de Utiliza\u00e7\u00e3o<\/strong><br \/>Agite bem antes de usar. Aplique com um pano macio. Deixe secar, d\u00ea brilho com um pano seco e macio.<\/p>\n<p><strong>Observa\u00e7\u00f5es<\/strong><br \/>Antioxidante.<\/p>\n","protected":false},"excerpt":{"rendered":"<p>Fun\u00e7\u00e3oLimpa, d\u00e1 brilho imediato e protege as pratas.<br \/>\nModo de Utiliza\u00e7\u00e3oAgite bem antes de usar. Aplique com um pano macio. Deixe secar, d\u00ea brilho com um pano seco e macio.Observa\u00e7\u00f5esAntioxidante.<\/p>\n","protected":false},"featured_media":6452,"template":"","meta":{"spay_email":""},"product_cat":[15],"product_tag":[],"class_list":{"0":"post-6451","1":"product","2":"type-product","3":"status-publish","4":"has-post-thumbnail","6":"product_cat-sem-categoria","8":"first","9":"instock","10":"taxable","11":"shipping-taxable","12":"purchasable","13":"product-type-simple"},"acf":[],"jetpack-related-posts":[{"id":6341,"url":"https:\/\/mundo.seashell.pt\/?product=cilit-bang-vidros-05l","url_meta":{"origin":6451,"position":0},"title":"Cilit Bang Vidros 500ml","date":"Fevereiro 23, 2022","format":false,"excerpt":"Benef\u00edcios: - Limpa e protege;- D\u00e1 brilho;- Resultados duradouros. Conselhos de utiliza\u00e7\u00e3o: Pulverize a superf\u00edcie a limpar e passe com um pano limpo e seco.","rel":"","context":"Similar post","img":{"alt_text":"","src":"https:\/\/i0.wp.com\/mundo.seashell.pt\/wp-content\/uploads\/2022\/02\/CILLIT_BANG_LIMPA_VIDROS_500ML_X12__8_P__5601217132703.png?resize=350%2C200&ssl=1","width":350,"height":200},"classes":[]},{"id":5710,"url":"https:\/\/mundo.seashell.pt\/?product=mobili-fresh-500ml","url_meta":{"origin":6451,"position":1},"title":"Limpador para M\u00f3veis Mobili Fresh 500Ml","date":"Fevereiro 23, 2022","format":false,"excerpt":"Agente de limpeza abrilhantador,com cera de abelhas, espec\u00edfico para m\u00f3veis de madeira","rel":"","context":"Similar post","img":{"alt_text":"","src":"https:\/\/i0.wp.com\/mundo.seashell.pt\/wp-content\/uploads\/2022\/02\/Mobili.jpg?resize=350%2C200&ssl=1","width":350,"height":200},"classes":[]},{"id":6385,"url":"https:\/\/mundo.seashell.pt\/?product=ajax-casa-de-banho-anticalcario-05l","url_meta":{"origin":6451,"position":2},"title":"Ajax Casa de Banho Anticalc\u00e1rio 500ml","date":"Fevereiro 23, 2022","format":false,"excerpt":"Garante uma limpeza poderosa que remove a 100% o calc\u00e1rio incrustrado nas torneiras, duche, lavat\u00f3rios, azulejos e outras \u00e1reas.Benef\u00edcios:","rel":"","context":"Similar post","img":{"alt_text":"","src":"https:\/\/i0.wp.com\/mundo.seashell.pt\/wp-content\/uploads\/2022\/02\/Ajax_WC_Anti_Calca_rio_SPRAY_500ml_8718951282728.png?resize=350%2C200&ssl=1","width":350,"height":200},"classes":[]},{"id":5726,"url":"https:\/\/mundo.seashell.pt\/?product=stark-inox-500ml","url_meta":{"origin":6451,"position":3},"title":"Abrilhantador Stark Inox 500Ml","date":"Fevereiro 23, 2022","format":false,"excerpt":"O STARK\u00ae INOX \u00e9 um produto especialmente formulado para polir superf\u00edcies em a\u00e7o inoxid\u00e1vel. A sua f\u00f3rmula permite uma limpeza profunda, protegendo e abrilhantando as superf\u00edcies.","rel":"","context":"Similar post","img":{"alt_text":"","src":"https:\/\/i0.wp.com\/mundo.seashell.pt\/wp-content\/uploads\/2022\/02\/STARK_INOX_2_PhotoRoom_20210402_103625.jpg?resize=350%2C200&ssl=1","width":350,"height":200},"classes":[]},{"id":6301,"url":"https:\/\/mundo.seashell.pt\/?product=cif-liquido-com-lixivia-700ml","url_meta":{"origin":6451,"position":4},"title":"CIF L\u00edquido com Lix\u00edvia 700ml","date":"Fevereiro 23, 2022","format":false,"excerpt":"Cif L\u00edquido Com Lix\u00edvia Cl\u00e1ssico 700ml Pulverize a superf\u00edcie a limpar e passe com um pano limpo e seco.","rel":"","context":"Similar post","img":{"alt_text":"","src":"https:\/\/i0.wp.com\/mundo.seashell.pt\/wp-content\/uploads\/2022\/02\/CIF_LI_QUIDO_ATIVO_C__LIXI_VIA_-_700ml_8717163606858.png?resize=350%2C200&ssl=1","width":350,"height":200},"classes":[]},{"id":6435,"url":"https:\/\/mundo.seashell.pt\/?product=mistolin-inox-05l","url_meta":{"origin":6451,"position":5},"title":"Mistolin Inox 500ml","date":"Fevereiro 23, 2022","format":false,"excerpt":"Benef\u00edcios: - 100% de brilho sem manchas. Conselhos de utiliza\u00e7\u00e3o: Aplique o produto na superf\u00edcie, deixe atuar durante alguns segundos e enxague com um pano h\u00famido. Para sujidade mais entranhada, deixe o produto atuar durante alguns minutos antes de enxaguar.","rel":"","context":"Similar post","img":{"alt_text":"","src":"https:\/\/i0.wp.com\/mundo.seashell.pt\/wp-content\/uploads\/2022\/02\/MISTOLIN_Advanced_Inox_500ml__5600356070198.png?resize=350%2C200&ssl=1","width":350,"height":200},"classes":[]}],"_links":{"self":[{"href":"https:\/\/mundo.seashell.pt\/index.php?rest_route=\/wp\/v2\/product\/6451","targetHints":{"allow":["GET"]}}],"collection":[{"href":"https:\/\/mundo.seashell.pt\/index.php?rest_route=\/wp\/v2\/product"}],"about":[{"href":"https:\/\/mundo.seashell.pt\/index.php?rest_route=\/wp\/v2\/types\/product"}],"wp:featuredmedia":[{"embeddable":true,"href":"https:\/\/mundo.seashell.pt\/index.php?rest_route=\/wp\/v2\/media\/6452"}],"wp:attachment":[{"href":"https:\/\/mundo.seashell.pt\/index.php?rest_route=%2Fwp%2Fv2%2Fmedia&parent=6451"}],"wp:term":[{"taxonomy":"product_cat","embeddable":true,"href":"https:\/\/mundo.seashell.pt\/index.php?rest_route=%2Fwp%2Fv2%2Fproduct_cat&post=6451"},{"taxonomy":"product_tag","embeddable":true,"href":"https:\/\/mundo.seashell.pt\/index.php?rest_route=%2Fwp%2Fv2%2Fproduct_tag&post=6451"}],"curies":[{"name":"wp","href":"https:\/\/api.w.org\/{rel}","templated":true}]}}