{"id":6449,"date":"2022-02-23T18:42:40","date_gmt":"2022-02-23T18:42:40","guid":{"rendered":"https:\/\/mundo.seashell.pt\/?post_type=product&#038;p=6449"},"modified":"2022-02-23T18:42:43","modified_gmt":"2022-02-23T18:42:43","slug":"duraglit-limpa-metais-liquido","status":"publish","type":"product","link":"https:\/\/mundo.seashell.pt\/?product=duraglit-limpa-metais-liquido","title":{"rendered":"Duraglit Limpa Metais L\u00edquido"},"content":{"rendered":"<p>Limpa e Lustra todos os tipos de prata.<\/p>\n<p>-Protege e ilumina por um Longo tempo.<\/p>\n<p>-Pronto para uso: Com algod\u00e3o inclu\u00eddo<\/p>\n<p>-Excelente para Limpeza de moedas de prata de colecionador.<\/p>\n<p>-Duraglit n\u00e3o cont\u00e9m \u00e1cidos prejudiciais.<\/p>\n<p>-\u00c9 f\u00e1cil de usar e Limpa todos os manchas da maioria dos metais.<\/p>\n","protected":false},"excerpt":{"rendered":"<p>Limpa e Lustra todos os tipos de prata.<\/p>\n<p>-Protege e ilumina por um Longo tempo.<\/p>\n<p>-Pronto para uso: Com algod\u00e3o inclu\u00eddo<\/p>\n<p>-Excelente para Limpeza de moedas de prata de colecionador.<\/p>\n<p>-Duraglit n\u00e3o cont\u00e9m \u00e1cidos prejudiciais.<\/p>\n<p>-\u00c9 f\u00e1cil de usar e Limpa todos os manchas da maioria dos metais.<\/p>\n","protected":false},"featured_media":6450,"template":"","meta":{"spay_email":""},"product_cat":[15],"product_tag":[],"class_list":{"0":"post-6449","1":"product","2":"type-product","3":"status-publish","4":"has-post-thumbnail","6":"product_cat-sem-categoria","8":"first","9":"instock","10":"taxable","11":"shipping-taxable","12":"purchasable","13":"product-type-simple"},"acf":[],"jetpack-related-posts":[{"id":6447,"url":"https:\/\/mundo.seashell.pt\/?product=duraglit-limpa-pratas-algodao","url_meta":{"origin":6449,"position":0},"title":"Duraglit Limpa Pratas Algod\u00e3o","date":"Fevereiro 23, 2022","format":false,"excerpt":"Benef\u00edcios: - Limpa, cuida e protege as pratas.","rel":"","context":"Similar post","img":{"alt_text":"","src":"https:\/\/i0.wp.com\/mundo.seashell.pt\/wp-content\/uploads\/2022\/02\/Duraglit_Algodao_Pratas_x12_5601014015025.png?resize=350%2C200&ssl=1","width":350,"height":200},"classes":[]},{"id":6073,"url":"https:\/\/mundo.seashell.pt\/?product=splendido-500ml","url_meta":{"origin":6449,"position":1},"title":"Detergente Espuma Splendido 500ml","date":"Fevereiro 23, 2022","format":false,"excerpt":"Espuma r\u00e1pida para a limpeza de superf\u00edcies esmaltadas, azulejos, f\u00f3rmica, vidros, cristais, lustres, vinil e pele.","rel":"","context":"Similar post","img":{"alt_text":"","src":"https:\/\/i0.wp.com\/mundo.seashell.pt\/wp-content\/uploads\/2022\/02\/splendido.jpg?resize=350%2C200&ssl=1","width":350,"height":200},"classes":[]},{"id":5712,"url":"https:\/\/mundo.seashell.pt\/?product=spot-500ml","url_meta":{"origin":6449,"position":2},"title":"Removedor de Manchas Spot 500Ml","date":"Fevereiro 23, 2022","format":false,"excerpt":"Agente de limpeza r\u00e1pido de elevada efic\u00e1cia em manchas de tinta, marcadores e manchas de origem gordurosa.","rel":"","context":"Similar post","img":{"alt_text":"","src":"https:\/\/i0.wp.com\/mundo.seashell.pt\/wp-content\/uploads\/2022\/02\/spot.jpg?resize=350%2C200&ssl=1","width":350,"height":200},"classes":[]},{"id":6239,"url":"https:\/\/mundo.seashell.pt\/?product=lysol-multiusos-500ml","url_meta":{"origin":6449,"position":3},"title":"Lysol Multiusos 500ml","date":"Fevereiro 23, 2022","format":false,"excerpt":"Lysol Desinfetante Multiusos Frescura Elimina a sujidade e as manchas deixando as superf\u00edcies desinfetadas e com uma agrad\u00e1vel fragr\u00e2ncia a Ma\u00e7\u00e3....","rel":"","context":"Similar post","img":{"alt_text":"","src":"https:\/\/i0.wp.com\/mundo.seashell.pt\/wp-content\/uploads\/2022\/02\/Lysol_Desinfetante_Multiusos_Pistola_500ML_x12_5601217134806.jpeg?resize=350%2C200&ssl=1","width":350,"height":200},"classes":[]},{"id":6243,"url":"https:\/\/mundo.seashell.pt\/?product=lysol-cozinha-500ml","url_meta":{"origin":6449,"position":4},"title":"Lysol Cozinha 500ml","date":"Fevereiro 23, 2022","format":false,"excerpt":"Lysol Desinfetante Cozinha Lim\u00e3o","rel":"","context":"Similar post","img":{"alt_text":"","src":"https:\/\/i0.wp.com\/mundo.seashell.pt\/wp-content\/uploads\/2022\/02\/Lysol_Desinfetante_Cozinha_Pistola_500ML_x12_5601217134424.jpeg?resize=350%2C200&ssl=1","width":350,"height":200},"classes":[]},{"id":6062,"url":"https:\/\/mundo.seashell.pt\/?product=solim-vidros-5l","url_meta":{"origin":6449,"position":5},"title":"Solim Vidros 5L","date":"Fevereiro 23, 2022","format":false,"excerpt":"Detergente l\u00edquido pronto a usar, para limpeza de vidros e outras superf\u00edcies duras resistentes \u00e1guas.","rel":"","context":"Similar post","img":{"alt_text":"","src":"https:\/\/i0.wp.com\/mundo.seashell.pt\/wp-content\/uploads\/2022\/02\/Solim_Vidros_PhotoRoom_20210402_103238.jpg?resize=350%2C200&ssl=1","width":350,"height":200},"classes":[]}],"_links":{"self":[{"href":"https:\/\/mundo.seashell.pt\/index.php?rest_route=\/wp\/v2\/product\/6449","targetHints":{"allow":["GET"]}}],"collection":[{"href":"https:\/\/mundo.seashell.pt\/index.php?rest_route=\/wp\/v2\/product"}],"about":[{"href":"https:\/\/mundo.seashell.pt\/index.php?rest_route=\/wp\/v2\/types\/product"}],"wp:featuredmedia":[{"embeddable":true,"href":"https:\/\/mundo.seashell.pt\/index.php?rest_route=\/wp\/v2\/media\/6450"}],"wp:attachment":[{"href":"https:\/\/mundo.seashell.pt\/index.php?rest_route=%2Fwp%2Fv2%2Fmedia&parent=6449"}],"wp:term":[{"taxonomy":"product_cat","embeddable":true,"href":"https:\/\/mundo.seashell.pt\/index.php?rest_route=%2Fwp%2Fv2%2Fproduct_cat&post=6449"},{"taxonomy":"product_tag","embeddable":true,"href":"https:\/\/mundo.seashell.pt\/index.php?rest_route=%2Fwp%2Fv2%2Fproduct_tag&post=6449"}],"curies":[{"name":"wp","href":"https:\/\/api.w.org\/{rel}","templated":true}]}}