{"id":6447,"date":"2022-02-23T18:42:39","date_gmt":"2022-02-23T18:42:39","guid":{"rendered":"https:\/\/mundo.seashell.pt\/?post_type=product&#038;p=6447"},"modified":"2022-02-23T18:42:40","modified_gmt":"2022-02-23T18:42:40","slug":"duraglit-limpa-pratas-algodao","status":"publish","type":"product","link":"https:\/\/mundo.seashell.pt\/?product=duraglit-limpa-pratas-algodao","title":{"rendered":"Duraglit Limpa Pratas Algod\u00e3o"},"content":{"rendered":"<p>Benef\u00edcios:<\/p>\n<p>&#8211; Limpa, cuida e protege as pratas.<\/p>\n","protected":false},"excerpt":{"rendered":"<p>Benef\u00edcios:<\/p>\n<p>&#8211; Limpa, cuida e protege as pratas.<\/p>\n","protected":false},"featured_media":6448,"template":"","meta":{"spay_email":""},"product_cat":[15],"product_tag":[],"class_list":{"0":"post-6447","1":"product","2":"type-product","3":"status-publish","4":"has-post-thumbnail","6":"product_cat-sem-categoria","8":"first","9":"instock","10":"taxable","11":"shipping-taxable","12":"purchasable","13":"product-type-simple"},"acf":[],"jetpack-related-posts":[{"id":6449,"url":"https:\/\/mundo.seashell.pt\/?product=duraglit-limpa-metais-liquido","url_meta":{"origin":6447,"position":0},"title":"Duraglit Limpa Metais L\u00edquido","date":"Fevereiro 23, 2022","format":false,"excerpt":"Limpa e Lustra todos os tipos de prata. -Protege e ilumina por um Longo tempo. -Pronto para uso: Com algod\u00e3o inclu\u00eddo -Excelente para Limpeza de moedas de prata de colecionador. -Duraglit n\u00e3o cont\u00e9m \u00e1cidos prejudiciais. -\u00c9 f\u00e1cil de usar e Limpa todos os manchas da maioria dos metais.","rel":"","context":"Similar post","img":{"alt_text":"","src":"https:\/\/i0.wp.com\/mundo.seashell.pt\/wp-content\/uploads\/2022\/02\/Duraglit_Liquido_Metais_x12_5601014015414.png?resize=350%2C200&ssl=1","width":350,"height":200},"classes":[]},{"id":6445,"url":"https:\/\/mundo.seashell.pt\/?product=duraglit-limpa-metais-algodao","url_meta":{"origin":6447,"position":1},"title":"Duraglit Limpa Metais Algod\u00e3o","date":"Fevereiro 23, 2022","format":false,"excerpt":"Benef\u00edcios: - Limpa, cuida e protege os metais.","rel":"","context":"Similar post","img":{"alt_text":"","src":"https:\/\/i0.wp.com\/mundo.seashell.pt\/wp-content\/uploads\/2022\/02\/Duraglit_Algodao_Metais_x12_5601014015018.png?resize=350%2C200&ssl=1","width":350,"height":200},"classes":[]},{"id":6451,"url":"https:\/\/mundo.seashell.pt\/?product=duraglit-limpa-pratas-liquido","url_meta":{"origin":6447,"position":2},"title":"Duraglit Limpa Pratas L\u00edquido","date":"Fevereiro 23, 2022","format":false,"excerpt":"Fun\u00e7\u00e3oLimpa, d\u00e1 brilho imediato e protege as pratas. Modo de Utiliza\u00e7\u00e3oAgite bem antes de usar. Aplique com um pano macio. Deixe secar, d\u00ea brilho com um pano seco e macio.Observa\u00e7\u00f5esAntioxidante.","rel":"","context":"Similar post","img":{"alt_text":"","src":"https:\/\/i0.wp.com\/mundo.seashell.pt\/wp-content\/uploads\/2022\/02\/Duraglit_Liquido_Pratas_x12_5601014015421.png?resize=350%2C200&ssl=1","width":350,"height":200},"classes":[]},{"id":7034,"url":"https:\/\/mundo.seashell.pt\/?product=pronto-limpa-moveis-400ml","url_meta":{"origin":6447,"position":3},"title":"Pronto Limpa M\u00f3veis 400ml","date":"Fevereiro 23, 2022","format":false,"excerpt":"Pronto Limpa M\u00f3veis 400ml Pronto mant\u00e9m a beleza natural da madeira.Tipo de produto: Cuidado dos M\u00f3veis Benef\u00edcios: - Limpa, cuida e protege a madeira. Conselhos de utiliza\u00e7\u00e3o: Agite bem antes de usar. Antes de limpar o p\u00f3, pulverize a superf\u00edcie a uma dist\u00e2ncia de 20cm e passe com um pan...","rel":"","context":"Similar post","img":{"alt_text":"","src":"https:\/\/i0.wp.com\/mundo.seashell.pt\/wp-content\/uploads\/2022\/02\/PRONTO_AEROSSOL_EMBELEZA_CLASSIC_300ML_33__8412400021394.jpeg?resize=350%2C200&ssl=1","width":350,"height":200},"classes":[]},{"id":7038,"url":"https:\/\/mundo.seashell.pt\/?product=cif-spray-madeiras-435ml","url_meta":{"origin":6447,"position":4},"title":"Cif Spray Madeiras 435ml","date":"Fevereiro 23, 2022","format":false,"excerpt":"Cif Spray perfect finish madeiras foi desenvolvido cientificamente para limpar, cuidar e proteger a 100% as suas superf\u00edcies de madeira! Tipo de produto: Cuidado dos M\u00f3veisBenef\u00edcios: - 100% limpa, cuida e protege;- Com agentes de limpeza especiais;- Com \u00f3leo de cedro. Conselhos de utiliza\u00e7\u00e3o:","rel":"","context":"Similar post","img":{"alt_text":"","src":"https:\/\/i0.wp.com\/mundo.seashell.pt\/wp-content\/uploads\/2022\/02\/CIF_SPRAY_MADEIRAS_435ml_8717163831502.jpeg?resize=350%2C200&ssl=1","width":350,"height":200},"classes":[]},{"id":6493,"url":"https:\/\/mundo.seashell.pt\/?product=sun-limpa-maquinas-120gr","url_meta":{"origin":6447,"position":5},"title":"Sun Limpa M\u00e1quinas 120Gr","date":"Fevereiro 23, 2022","format":false,"excerpt":"Sun limpa m\u00e1quinas maximiza a longevidade da sua m\u00e1quina, removendo dep\u00f3sitos de calc\u00e1rio e graxa de partes inacess\u00edveis, resultando em pratos limpos, lavagem ap\u00f3s lavagem. Tipo de produto: AditivoBenef\u00edcios: - Elimina dep\u00f3sitos de graxa e calc\u00e1rio;- Atua em partes inacess\u00edveis da m\u00e1quina;- Eficaz no fi...","rel":"","context":"Similar post","img":{"alt_text":"","src":"https:\/\/i0.wp.com\/mundo.seashell.pt\/wp-content\/uploads\/2022\/02\/SUN_LIMPA_MA_QUINAS_-_120gr_8717163080092.png?resize=350%2C200&ssl=1","width":350,"height":200},"classes":[]}],"_links":{"self":[{"href":"https:\/\/mundo.seashell.pt\/index.php?rest_route=\/wp\/v2\/product\/6447","targetHints":{"allow":["GET"]}}],"collection":[{"href":"https:\/\/mundo.seashell.pt\/index.php?rest_route=\/wp\/v2\/product"}],"about":[{"href":"https:\/\/mundo.seashell.pt\/index.php?rest_route=\/wp\/v2\/types\/product"}],"wp:featuredmedia":[{"embeddable":true,"href":"https:\/\/mundo.seashell.pt\/index.php?rest_route=\/wp\/v2\/media\/6448"}],"wp:attachment":[{"href":"https:\/\/mundo.seashell.pt\/index.php?rest_route=%2Fwp%2Fv2%2Fmedia&parent=6447"}],"wp:term":[{"taxonomy":"product_cat","embeddable":true,"href":"https:\/\/mundo.seashell.pt\/index.php?rest_route=%2Fwp%2Fv2%2Fproduct_cat&post=6447"},{"taxonomy":"product_tag","embeddable":true,"href":"https:\/\/mundo.seashell.pt\/index.php?rest_route=%2Fwp%2Fv2%2Fproduct_tag&post=6447"}],"curies":[{"name":"wp","href":"https:\/\/api.w.org\/{rel}","templated":true}]}}