{"id":6443,"date":"2022-02-23T18:42:20","date_gmt":"2022-02-23T18:42:20","guid":{"rendered":"https:\/\/mundo.seashell.pt\/?post_type=product&#038;p=6443"},"modified":"2022-02-23T18:42:22","modified_gmt":"2022-02-23T18:42:22","slug":"cillit-bang-bolores-e-sujidade-05l","status":"publish","type":"product","link":"https:\/\/mundo.seashell.pt\/?product=cillit-bang-bolores-e-sujidade-05l","title":{"rendered":"Cillit Bang Bolores e Sujidade 500ml"},"content":{"rendered":"<p>A poderosa f\u00f3rmula de Cillit Bang spray limpeza bolor e sujidade elimina rapidamente as manchas de bolor e a sujidade mais incrustada sem necessidade de esfregar, sendo o seu aliado para as zonas com humidade e onde o bolor prevalece. Come\u00e7a a limpeza em 20 segundos e desinfeta em 15 minutos.<\/p>\n<h3>Benef\u00edcios:<\/h3>\n<p>&#8211; Bolor e sujidade;<br \/>&#8211; Desinfeta em 15 minutos;<br \/>&#8211; Ideal para zonas com humidade;<br \/>&#8211; Elimina manchas de bolor e sujidade incrustada.<\/p>\n<h3>Conselhos de utiliza\u00e7\u00e3o:<\/h3>\n<p>Rode a ponta do pulverizador para a posi\u00e7\u00e3o &#8220;on&#8221;, n\u00e3o aponte para a cara. Pulverize a 20-30cm de dist\u00e2ncia da zona onde quer aplicar o produto. Deixe atuar no m\u00e1ximo por 5 segundos e, de seguida, passe com uma esponja ou pano e enxag\u00fae abundantemente com \u00e1gua para evitar que o produto seque na superf\u00edcie. Em superf\u00edcies met\u00e1licas, pulverize o produto para uma esponja, passe a esponja na superf\u00edcie e enxague. Para manchas dif\u00edceis, repita o processo as vezes necess\u00e1rias. Quando terminar, rode a ponta do pulverizador para a posi\u00e7\u00e3o &#8220;off&#8221;.<\/p>\n<p><\/p>\n<p><\/p>\n","protected":false},"excerpt":{"rendered":"<p>A poderosa f\u00f3rmula de Cillit Bang spray limpeza bolor e sujidade elimina rapidamente as manchas de bolor e a sujidade mais incrustada sem necessidade de esfregar, sendo o seu aliado para as zonas com humidade e onde o bolor prevalece. Come\u00e7a a limpeza em 20 segundos e desinfeta em 15 minutos.<br \/>\nBenef\u00edcios:<br \/>\n&#8211; Bolor e sujidade;<\/p>\n","protected":false},"featured_media":6444,"template":"","meta":{"spay_email":""},"product_cat":[15],"product_tag":[],"class_list":{"0":"post-6443","1":"product","2":"type-product","3":"status-publish","4":"has-post-thumbnail","6":"product_cat-sem-categoria","8":"first","9":"instock","10":"taxable","11":"shipping-taxable","12":"purchasable","13":"product-type-simple"},"acf":[],"jetpack-related-posts":[{"id":7086,"url":"https:\/\/mundo.seashell.pt\/?product=cillit-bang-multisuperficies-spray-lixivia-e-higiene-750ml","url_meta":{"origin":6443,"position":0},"title":"Cillit Bang Multisuperf\u00edcies Spray Lix\u00edvia e Higiene 750ml","date":"Fevereiro 23, 2022","format":false,"excerpt":"Cillit Bang, uma solu\u00e7\u00e3o eficaz para todo o tipo de sujidade!Descri\u00e7\u00e3o: Cillit Bang spray limpeza lix\u00edvia e higiene tem uma poderosa f\u00f3rmula que combina hipoclorito de s\u00f3dio com agentes de limpeza para obter resultados imbat\u00edveis. Higieniza todas as superf\u00edcies enquanto os agentes de limpeza removem as manchas mais incrust...","rel":"","context":"Similar post","img":{"alt_text":"","src":"https:\/\/i0.wp.com\/mundo.seashell.pt\/wp-content\/uploads\/2022\/02\/6984295-frente.jpeg?resize=350%2C200&ssl=1","width":350,"height":200},"classes":[]},{"id":6441,"url":"https:\/\/mundo.seashell.pt\/?product=cif-spray-anti-bolores-0435l","url_meta":{"origin":6443,"position":1},"title":"CIF Spray Anti-Bolores 435ml","date":"Fevereiro 23, 2022","format":false,"excerpt":"Cif Perfect Finish remove bolores foi desenvolvido cientificamente para remover manchas de bolor, podendo ser utilizado em diferentes superf\u00edcies tais como banheiras, sanitas, azuleijos e argamassa, deixando as superf\u00edcies no seu melhor. Benef\u00edcios: - 100% remo\u00e7\u00e3o de manchas de bolor. Conselhos de utiliza\u00e7\u00e3o: P...","rel":"","context":"Similar post","img":{"alt_text":"","src":"https:\/\/i0.wp.com\/mundo.seashell.pt\/wp-content\/uploads\/2022\/02\/CIF_SPRAY_ANTI_BOLORES_-_435ml_8710447376201-1.png?resize=350%2C200&ssl=1","width":350,"height":200},"classes":[]},{"id":6379,"url":"https:\/\/mundo.seashell.pt\/?product=cif-anticalcario-spray-043l","url_meta":{"origin":6443,"position":2},"title":"Cif Anticalc\u00e1rio Spray 430ml","date":"Fevereiro 23, 2022","format":false,"excerpt":"Cif Perfect Finish remove bolores foi desenvolvido cientificamente para remover manchas de bolor, podendo ser utilizado em diferentes superf\u00edcies tais como banheiras, sanitas, azuleijos e argamassa, deixando as superf\u00edcies no seu melhor.Benef\u00edcios: - 100% remo\u00e7\u00e3o de manchas de bolor. Conselhos de utiliza\u00e7\u00e3o: P...","rel":"","context":"Similar post","img":{"alt_text":"","src":"https:\/\/i0.wp.com\/mundo.seashell.pt\/wp-content\/uploads\/2022\/02\/CIF_SPRAY_ANTI_BOLORES_-_435ml_8710447376201.png?resize=350%2C200&ssl=1","width":350,"height":200},"classes":[]},{"id":6377,"url":"https:\/\/mundo.seashell.pt\/?product=cif-multiusos-com-lixivia-075l","url_meta":{"origin":6443,"position":3},"title":"Cif Multiusos com L\u00edx\u00edvia 750ml","date":"Fevereiro 23, 2022","format":false,"excerpt":"As poderosas mol\u00e9culas do Cif spray Power & Shine multiusos com lix\u00edvia limpam instant\u00e2nea e profundamente, eliminando os diferentes tipos de sujidade da casa. Deixa a sua casa brilhante e higienicamente limpa, sem manchas nem marcas de \u00e1gua. Remove at\u00e9 100% das manchas de bolor e gordura.Benef\u00edcios: - 100% remo\u00e7\u00e3o\u2026","rel":"","context":"Similar post","img":{"alt_text":"","src":"https:\/\/i0.wp.com\/mundo.seashell.pt\/wp-content\/uploads\/2022\/02\/CIF_SPRAY_MULTI_C__LIXI_VIA_-_750ml_8710908859502.png?resize=350%2C200&ssl=1","width":350,"height":200},"classes":[]},{"id":6421,"url":"https:\/\/mundo.seashell.pt\/?product=cillit-bang-tira-gorduras-05l","url_meta":{"origin":6443,"position":4},"title":"Cillit Bang Tira Gorduras 500ml","date":"Fevereiro 23, 2022","format":false,"excerpt":"Cillit Bang spray limpeza tira gorduras tem uma f\u00f3rmula super eficaz, limpa sem precisar de esfregar. Elimina rapidamente as manchas de comida, sujidade e ainda a gordura mais resistente das superf\u00edcies comuns, dentro e fora de sua casa. Gra\u00e7as aos seus potentes tensoativos, a sua f\u00f3rmula \u00e9 3 vezes mais\u2026","rel":"","context":"Similar post","img":{"alt_text":"","src":"https:\/\/i0.wp.com\/mundo.seashell.pt\/wp-content\/uploads\/2022\/02\/CILLIT_BANG_Tira_Gorduras_500ML_x12__8_P__5601217132680.png?resize=350%2C200&ssl=1","width":350,"height":200},"classes":[]},{"id":6317,"url":"https:\/\/mundo.seashell.pt\/?product=domestos-lixivia-classica-2l","url_meta":{"origin":6443,"position":5},"title":"Domestos Lix\u00edvia Cl\u00e1ssica 2L","date":"Fevereiro 23, 2022","format":false,"excerpt":"'Domestos lix\u00edvia cl\u00e1ssica foi desenvolvida para garantir a seguran\u00e7a e prote\u00e7\u00e3o do seu lar, atrav\u00e9s de uma tripla a\u00e7\u00e3o: desinfe\u00e7\u00e3o, limpeza e frescura. Tipo de produto: Lix\u00edvia Gel Benef\u00edcios: - Desinfeta, branqueia e mata todos os germes conhecidos;- Limpa, desengordura e elimina a sujidade de todas a...","rel":"","context":"Similar post","img":{"alt_text":"","src":"https:\/\/i0.wp.com\/mundo.seashell.pt\/wp-content\/uploads\/2022\/02\/DOMESTOS_LIXI_VIA_CLA_SSICA_-_2L_5601068015774.png?resize=350%2C200&ssl=1","width":350,"height":200},"classes":[]}],"_links":{"self":[{"href":"https:\/\/mundo.seashell.pt\/index.php?rest_route=\/wp\/v2\/product\/6443","targetHints":{"allow":["GET"]}}],"collection":[{"href":"https:\/\/mundo.seashell.pt\/index.php?rest_route=\/wp\/v2\/product"}],"about":[{"href":"https:\/\/mundo.seashell.pt\/index.php?rest_route=\/wp\/v2\/types\/product"}],"wp:featuredmedia":[{"embeddable":true,"href":"https:\/\/mundo.seashell.pt\/index.php?rest_route=\/wp\/v2\/media\/6444"}],"wp:attachment":[{"href":"https:\/\/mundo.seashell.pt\/index.php?rest_route=%2Fwp%2Fv2%2Fmedia&parent=6443"}],"wp:term":[{"taxonomy":"product_cat","embeddable":true,"href":"https:\/\/mundo.seashell.pt\/index.php?rest_route=%2Fwp%2Fv2%2Fproduct_cat&post=6443"},{"taxonomy":"product_tag","embeddable":true,"href":"https:\/\/mundo.seashell.pt\/index.php?rest_route=%2Fwp%2Fv2%2Fproduct_tag&post=6443"}],"curies":[{"name":"wp","href":"https:\/\/api.w.org\/{rel}","templated":true}]}}