{"id":6439,"date":"2022-02-23T18:42:15","date_gmt":"2022-02-23T18:42:15","guid":{"rendered":"https:\/\/mundo.seashell.pt\/?post_type=product&#038;p=6439"},"modified":"2022-02-23T18:42:17","modified_gmt":"2022-02-23T18:42:17","slug":"agisol-bolores-05l","status":"publish","type":"product","link":"https:\/\/mundo.seashell.pt\/?product=agisol-bolores-05l","title":{"rendered":"Agisol Bolores 500ml"},"content":{"rendered":"<p>Espuma ativa para eliminar fungos e bolores de superficies, paredes, instala\u00e7\u00f5es sanit\u00e1rias, entre outros. <\/p>\n<p>Embalagem de 500 ml<\/p>\n","protected":false},"excerpt":{"rendered":"<p>Espuma ativa para eliminar fungos e bolores de superficies, paredes, instala\u00e7\u00f5es sanit\u00e1rias, entre outros.<br \/>\nEmbalagem de 500 ml<\/p>\n","protected":false},"featured_media":6440,"template":"","meta":{"spay_email":""},"product_cat":[15],"product_tag":[],"class_list":{"0":"post-6439","1":"product","2":"type-product","3":"status-publish","4":"has-post-thumbnail","6":"product_cat-sem-categoria","8":"first","9":"instock","10":"taxable","11":"shipping-taxable","12":"purchasable","13":"product-type-simple"},"acf":[],"jetpack-related-posts":[{"id":6441,"url":"https:\/\/mundo.seashell.pt\/?product=cif-spray-anti-bolores-0435l","url_meta":{"origin":6439,"position":0},"title":"CIF Spray Anti-Bolores 435ml","date":"Fevereiro 23, 2022","format":false,"excerpt":"Cif Perfect Finish remove bolores foi desenvolvido cientificamente para remover manchas de bolor, podendo ser utilizado em diferentes superf\u00edcies tais como banheiras, sanitas, azuleijos e argamassa, deixando as superf\u00edcies no seu melhor. Benef\u00edcios: - 100% remo\u00e7\u00e3o de manchas de bolor. Conselhos de utiliza\u00e7\u00e3o: P...","rel":"","context":"Similar post","img":{"alt_text":"","src":"https:\/\/i0.wp.com\/mundo.seashell.pt\/wp-content\/uploads\/2022\/02\/CIF_SPRAY_ANTI_BOLORES_-_435ml_8710447376201-1.png?resize=350%2C200&ssl=1","width":350,"height":200},"classes":[]},{"id":6379,"url":"https:\/\/mundo.seashell.pt\/?product=cif-anticalcario-spray-043l","url_meta":{"origin":6439,"position":1},"title":"Cif Anticalc\u00e1rio Spray 430ml","date":"Fevereiro 23, 2022","format":false,"excerpt":"Cif Perfect Finish remove bolores foi desenvolvido cientificamente para remover manchas de bolor, podendo ser utilizado em diferentes superf\u00edcies tais como banheiras, sanitas, azuleijos e argamassa, deixando as superf\u00edcies no seu melhor.Benef\u00edcios: - 100% remo\u00e7\u00e3o de manchas de bolor. Conselhos de utiliza\u00e7\u00e3o: P...","rel":"","context":"Similar post","img":{"alt_text":"","src":"https:\/\/i0.wp.com\/mundo.seashell.pt\/wp-content\/uploads\/2022\/02\/CIF_SPRAY_ANTI_BOLORES_-_435ml_8710447376201.png?resize=350%2C200&ssl=1","width":350,"height":200},"classes":[]},{"id":6443,"url":"https:\/\/mundo.seashell.pt\/?product=cillit-bang-bolores-e-sujidade-05l","url_meta":{"origin":6439,"position":2},"title":"Cillit Bang Bolores e Sujidade 500ml","date":"Fevereiro 23, 2022","format":false,"excerpt":"A poderosa f\u00f3rmula de Cillit Bang spray limpeza bolor e sujidade elimina rapidamente as manchas de bolor e a sujidade mais incrustada sem necessidade de esfregar, sendo o seu aliado para as zonas com humidade e onde o bolor prevalece. Come\u00e7a a limpeza em 20 segundos e desinfeta em 15\u2026","rel":"","context":"Similar post","img":{"alt_text":"","src":"https:\/\/i0.wp.com\/mundo.seashell.pt\/wp-content\/uploads\/2022\/02\/CILLIT_BANG_Bolor___Suj_500ML_x12__8_P__5601217132659.png?resize=350%2C200&ssl=1","width":350,"height":200},"classes":[]},{"id":6317,"url":"https:\/\/mundo.seashell.pt\/?product=domestos-lixivia-classica-2l","url_meta":{"origin":6439,"position":3},"title":"Domestos Lix\u00edvia Cl\u00e1ssica 2L","date":"Fevereiro 23, 2022","format":false,"excerpt":"'Domestos lix\u00edvia cl\u00e1ssica foi desenvolvida para garantir a seguran\u00e7a e prote\u00e7\u00e3o do seu lar, atrav\u00e9s de uma tripla a\u00e7\u00e3o: desinfe\u00e7\u00e3o, limpeza e frescura. Tipo de produto: Lix\u00edvia Gel Benef\u00edcios: - Desinfeta, branqueia e mata todos os germes conhecidos;- Limpa, desengordura e elimina a sujidade de todas a...","rel":"","context":"Similar post","img":{"alt_text":"","src":"https:\/\/i0.wp.com\/mundo.seashell.pt\/wp-content\/uploads\/2022\/02\/DOMESTOS_LIXI_VIA_CLA_SSICA_-_2L_5601068015774.png?resize=350%2C200&ssl=1","width":350,"height":200},"classes":[]},{"id":7080,"url":"https:\/\/mundo.seashell.pt\/?product=pato-wc-liquido-750ml","url_meta":{"origin":6439,"position":4},"title":"Pato WC L\u00edquido 750ml","date":"Fevereiro 23, 2022","format":false,"excerpt":"Um melhor alcance debaixo do rebordo da sua sanita para uma limpeza profunda.Descri\u00e7\u00e3o: Limpar a sanita nunca foi t\u00e3o f\u00e1cil, com Pato\u00ae.\u00a0 Combina o efeito branqueador da lix\u00edvia com o poder da espuma num s\u00f3 produto. O formato \u00fanico da sua embalagem permite um melhor alcance debaixo do rebordo da\u2026","rel":"","context":"Similar post","img":{"alt_text":"","src":"https:\/\/i0.wp.com\/mundo.seashell.pt\/wp-content\/uploads\/2022\/02\/314394_3_pato-wc-100-anticalcario-750ml.jpeg?resize=350%2C200&ssl=1","width":350,"height":200},"classes":[]},{"id":6245,"url":"https:\/\/mundo.seashell.pt\/?product=lysol-spray-400ml","url_meta":{"origin":6439,"position":5},"title":"Lysol Spray 400ml","date":"Fevereiro 23, 2022","format":false,"excerpt":"Lysol Spray Desinfetante Frescura Suave","rel":"","context":"Similar post","img":{"alt_text":"","src":"https:\/\/i0.wp.com\/mundo.seashell.pt\/wp-content\/uploads\/2022\/02\/Lysol_Desinfetante_Spray_Superf_400mL_x6_5601217134530.jpeg?resize=350%2C200&ssl=1","width":350,"height":200},"classes":[]}],"_links":{"self":[{"href":"https:\/\/mundo.seashell.pt\/index.php?rest_route=\/wp\/v2\/product\/6439","targetHints":{"allow":["GET"]}}],"collection":[{"href":"https:\/\/mundo.seashell.pt\/index.php?rest_route=\/wp\/v2\/product"}],"about":[{"href":"https:\/\/mundo.seashell.pt\/index.php?rest_route=\/wp\/v2\/types\/product"}],"wp:featuredmedia":[{"embeddable":true,"href":"https:\/\/mundo.seashell.pt\/index.php?rest_route=\/wp\/v2\/media\/6440"}],"wp:attachment":[{"href":"https:\/\/mundo.seashell.pt\/index.php?rest_route=%2Fwp%2Fv2%2Fmedia&parent=6439"}],"wp:term":[{"taxonomy":"product_cat","embeddable":true,"href":"https:\/\/mundo.seashell.pt\/index.php?rest_route=%2Fwp%2Fv2%2Fproduct_cat&post=6439"},{"taxonomy":"product_tag","embeddable":true,"href":"https:\/\/mundo.seashell.pt\/index.php?rest_route=%2Fwp%2Fv2%2Fproduct_tag&post=6439"}],"curies":[{"name":"wp","href":"https:\/\/api.w.org\/{rel}","templated":true}]}}