{"id":6437,"date":"2022-02-23T18:42:13","date_gmt":"2022-02-23T18:42:13","guid":{"rendered":"https:\/\/mundo.seashell.pt\/?post_type=product&#038;p=6437"},"modified":"2022-02-23T18:42:15","modified_gmt":"2022-02-23T18:42:15","slug":"mistolin-vitroceramicas-05l","status":"publish","type":"product","link":"https:\/\/mundo.seashell.pt\/?product=mistolin-vitroceramicas-05l","title":{"rendered":"Mistolin Vitrocer\u00e2micas 500ml"},"content":{"rendered":"<p>Mistolin Vitrocer\u00e2micas&nbsp;\u00e9 o aliado perfeito para a limpeza di\u00e1ria da sua placa de vitrocer\u00e2mica. A sua f\u00f3rmula desincrusta as manchas e elimina a gordura da sua placa, deixando um brilho incr\u00edvel e duradouro. Com uma composi\u00e7\u00e3o reduzida em agentes ativos ani\u00f3nicos, Vitroclen spray proporciona uma limpeza eficaz dos res\u00edduos alimentares, sem riscar ou danificar a placa.<\/p>\n<h3>Benef\u00edcios:<\/h3>\n<p>&#8211; Limpeza profunda, que elimina at\u00e9 os res\u00edduos mais dif\u00edceis;<br \/>&#8211; Brilho superior passagem ap\u00f3s passagem;<br \/>&#8211; F\u00f3rmula espec\u00edfica para cuidar das placas de vitrocer\u00e2mica, sem riscar nem danificar a placa;<br \/>&#8211; Utiliza\u00e7\u00e3o f\u00e1cil para cuidar diariamente da sua placa;<br \/>&#8211; Recomendado pelas principais marcas de fabricantes: Balay, Bosch, Cata, Siemens, Teka.<\/p>\n<h3>Conselhos de utiliza\u00e7\u00e3o:<\/h3>\n<p>Antes de utilizar o produto, deixe que as superf\u00edcies mais quentes arrefe\u00e7am. Rode a ponta do difusor para a posi\u00e7\u00e3o &#8220;on&#8221; e pulverize a espuma na superf\u00edcie. Deixe atuar por alguns segundos. Limpe, esfregue e enxague.<\/p>\n<p><\/p>\n<p><\/p>\n","protected":false},"excerpt":{"rendered":"<p>Mistolin Vitrocer\u00e2micas\u00a0\u00e9 o aliado perfeito para a limpeza di\u00e1ria da sua placa de vitrocer\u00e2mica. A sua f\u00f3rmula desincrusta as manchas e elimina a gordura da sua placa, deixando um brilho incr\u00edvel e duradouro. Com uma composi\u00e7\u00e3o reduzida em agentes ativos ani\u00f3nicos, Vitroclen spray proporciona uma limpeza eficaz dos res\u00edduos alimentares, &#8230;<\/p>\n","protected":false},"featured_media":6438,"template":"","meta":{"spay_email":""},"product_cat":[15],"product_tag":[],"class_list":{"0":"post-6437","1":"product","2":"type-product","3":"status-publish","4":"has-post-thumbnail","6":"product_cat-sem-categoria","8":"first","9":"instock","10":"taxable","11":"shipping-taxable","12":"purchasable","13":"product-type-simple"},"acf":[],"jetpack-related-posts":[{"id":6433,"url":"https:\/\/mundo.seashell.pt\/?product=mistolin-tira-gorduras-desinfetante-05l","url_meta":{"origin":6437,"position":0},"title":"Mistolin Tira gorduras Desinfetante 500ml","date":"Fevereiro 23, 2022","format":false,"excerpt":"Mistolin \u00e9 uma marca portuguesa, pensada para simplificar e ajudar nas tarefas dif\u00edceis de limpeza da casa. A sua f\u00f3rmula \u00e9 \u00fanica e imbat\u00edvel na limpeza de gorduras e sujidades mais dif\u00edceis. Indicado para a limpeza de todo o tipo de pe\u00e7as e superf\u00edcies gordurosas, manchas dif\u00edceis, sujidades incrustadas e\u2026","rel":"","context":"Similar post","img":{"alt_text":"","src":"https:\/\/i0.wp.com\/mundo.seashell.pt\/wp-content\/uploads\/2022\/02\/MISTOLIN_Tira_Gorduras_Desinfetante_545ml__5600258596628.png?resize=350%2C200&ssl=1","width":350,"height":200},"classes":[]},{"id":6403,"url":"https:\/\/mundo.seashell.pt\/?product=mistolin-tira-gorduras-0545l","url_meta":{"origin":6437,"position":1},"title":"Mistolin tira Gorduras 545ml","date":"Fevereiro 23, 2022","format":false,"excerpt":"Mistolin \u00e9 uma marca portuguesa, pensada para simplificar e ajudar nas tarefas dif\u00edceis de limpeza da casa. A sua f\u00f3rmula \u00e9 \u00fanica e imbat\u00edvel na limpeza de gorduras e sujidades mais dif\u00edceis. Indicado para a limpeza de todo o tipo de pe\u00e7as e superf\u00edcies gordurosas, manchas dif\u00edceis, sujidades incrustadas e\u2026","rel":"","context":"Similar post","img":{"alt_text":"","src":"https:\/\/i0.wp.com\/mundo.seashell.pt\/wp-content\/uploads\/2022\/02\/MISTOLIN_Tira_Gorduras_Cla_ssico_545ml__5603124023273.png?resize=350%2C200&ssl=1","width":350,"height":200},"classes":[]},{"id":6431,"url":"https:\/\/mundo.seashell.pt\/?product=mistolin-express-cozinha-075l","url_meta":{"origin":6437,"position":2},"title":"Mistolin Express Cozinha 750ml","date":"Fevereiro 23, 2022","format":false,"excerpt":"Mistolin dia a dia cozinha garante uma limpeza eficaz \u00e0 primeira passagem. \u00c9 um desengordurante eficaz na limpeza di\u00e1ria de toda a cozinha e remove totalmente a gordura e a sujidade do dia a dia. Ideal para utiliza\u00e7\u00e3o em fog\u00f5es, exaustores, bancadas, lava-loi\u00e7as, arm\u00e1rios e azulejos.Benef\u00edcios: - Limpeza di\u00e1ria de\u2026","rel":"","context":"Similar post","img":{"alt_text":"","src":"https:\/\/i0.wp.com\/mundo.seashell.pt\/wp-content\/uploads\/2022\/02\/MISTOLIN_Express_Cozinha_750ml__5600258596451.png?resize=350%2C200&ssl=1","width":350,"height":200},"classes":[]},{"id":6429,"url":"https:\/\/mundo.seashell.pt\/?product=kh-7-vitroceramicas-075l","url_meta":{"origin":6437,"position":3},"title":"KH-7 Vitrocer\u00e2micas 750ml","date":"Fevereiro 23, 2022","format":false,"excerpt":"Elimina muito facilmente as incrusta\u00e7\u00f5es dif\u00edceis de gordura gra\u00e7as \u00e0 sua f\u00f3rmula de tecnologia avan\u00e7ada especialmente desenvolvida para placas de vitrocer\u00e2mica e indu\u00e7\u00e3o. O seu formato em pulverizador proporciona uma limpeza r\u00e1pida e confort\u00e1vel e a sua espuma desincrustante d\u00e1 um brilho reluzente que ir\u00e1 manter a sua cozinha como\u2026","rel":"","context":"Similar post","img":{"alt_text":"","src":"https:\/\/i0.wp.com\/mundo.seashell.pt\/wp-content\/uploads\/2022\/02\/KH7_VITROCERAMICA_750ml.png?resize=350%2C200&ssl=1","width":350,"height":200},"classes":[]},{"id":6684,"url":"https:\/\/mundo.seashell.pt\/?product=sanytol-limpa-e-desinfeta-025l","url_meta":{"origin":6437,"position":4},"title":"Sanytol Limpa e Desinfeta 250ml","date":"Fevereiro 23, 2022","format":false,"excerpt":"Todos os ciclos de lavagem deixam res\u00edduos, sujidade e calc\u00e1rio que podem danificar a m\u00e1quina de lavar. Sanytol Limpa M\u00e1quinas \u00e9 um limpador desinfetante para a m\u00e1quina de lavar roupa que elimina 99.9% das bact\u00e9rias. Tipo de produto: Limpeza e Tratamento da M\u00e1quinaBenef\u00edcios: - Lava, desinfeta e previne todos o...","rel":"","context":"Similar post","img":{"alt_text":"","src":"https:\/\/i0.wp.com\/mundo.seashell.pt\/wp-content\/uploads\/2022\/02\/SANYTOL_LIMPA_MA_QUINAS_DESINFETANTE_250_ML_8411135665019.png?resize=350%2C200&ssl=1","width":350,"height":200},"classes":[]},{"id":6726,"url":"https:\/\/mundo.seashell.pt\/?product=tresemme-champo-feminino-05l","url_meta":{"origin":6437,"position":5},"title":"Tr\u00e9semme Champ\u00f4 Feminino 500ml","date":"Fevereiro 23, 2022","format":false,"excerpt":"Formulado para uma utiliza\u00e7\u00e3o di\u00e1ria, o champ\u00f4 limpa e elimina suavemente os res\u00edduos que reduzem o brilho do seu cabelo deixando-o f\u00e1cil de pentear e com um aspeto saud\u00e1vel. Cabelo cuidado com Qualidade Profissional, em casa. Benef\u00edcios: - Formulada para uma utiliza\u00e7\u00e3o di\u00e1ria;- Cabelo cuidado com Qualidade Profissional, e...","rel":"","context":"Similar post","img":{"alt_text":"","src":"https:\/\/i0.wp.com\/mundo.seashell.pt\/wp-content\/uploads\/2022\/02\/TRESEMME_Champo__Cuidado_Cla_ssico_500ml_8710447170908.png?resize=350%2C200&ssl=1","width":350,"height":200},"classes":[]}],"_links":{"self":[{"href":"https:\/\/mundo.seashell.pt\/index.php?rest_route=\/wp\/v2\/product\/6437","targetHints":{"allow":["GET"]}}],"collection":[{"href":"https:\/\/mundo.seashell.pt\/index.php?rest_route=\/wp\/v2\/product"}],"about":[{"href":"https:\/\/mundo.seashell.pt\/index.php?rest_route=\/wp\/v2\/types\/product"}],"wp:featuredmedia":[{"embeddable":true,"href":"https:\/\/mundo.seashell.pt\/index.php?rest_route=\/wp\/v2\/media\/6438"}],"wp:attachment":[{"href":"https:\/\/mundo.seashell.pt\/index.php?rest_route=%2Fwp%2Fv2%2Fmedia&parent=6437"}],"wp:term":[{"taxonomy":"product_cat","embeddable":true,"href":"https:\/\/mundo.seashell.pt\/index.php?rest_route=%2Fwp%2Fv2%2Fproduct_cat&post=6437"},{"taxonomy":"product_tag","embeddable":true,"href":"https:\/\/mundo.seashell.pt\/index.php?rest_route=%2Fwp%2Fv2%2Fproduct_tag&post=6437"}],"curies":[{"name":"wp","href":"https:\/\/api.w.org\/{rel}","templated":true}]}}