{"id":6429,"date":"2022-02-23T18:42:01","date_gmt":"2022-02-23T18:42:01","guid":{"rendered":"https:\/\/mundo.seashell.pt\/?post_type=product&#038;p=6429"},"modified":"2022-02-23T18:42:05","modified_gmt":"2022-02-23T18:42:05","slug":"kh-7-vitroceramicas-075l","status":"publish","type":"product","link":"https:\/\/mundo.seashell.pt\/?product=kh-7-vitroceramicas-075l","title":{"rendered":"KH-7 Vitrocer\u00e2micas 750ml"},"content":{"rendered":"<p>Elimina muito facilmente as incrusta\u00e7\u00f5es dif\u00edceis de gordura gra\u00e7as \u00e0 sua f\u00f3rmula de tecnologia avan\u00e7ada especialmente desenvolvida para placas de vitrocer\u00e2mica e indu\u00e7\u00e3o. O seu formato em pulverizador proporciona uma limpeza r\u00e1pida e confort\u00e1vel e a sua espuma desincrustante d\u00e1 um brilho reluzente que ir\u00e1 manter a sua cozinha como nova.<\/p>\n<h3>Como Usar:<\/h3>\n<ul>\n<li>Pulverizar a espuma diretamente sobre a placa quando esteja fria.<\/li>\n<li>Deixar atuar 3 minutos. \u00c9 a espuma que limpa.<\/li>\n<li>Esfregar com um pano h\u00famido. Se existirem res\u00edduos de alimentos pegados, eliminar com um raspador apropriado.<\/li>\n<li>Secar com papel de cozinha at\u00e9 obter o brilho desejado.<\/li>\n<\/ul>\n","protected":false},"excerpt":{"rendered":"<p>Elimina muito facilmente as incrusta\u00e7\u00f5es dif\u00edceis de gordura gra\u00e7as \u00e0 sua f\u00f3rmula de tecnologia avan\u00e7ada especialmente desenvolvida para placas de vitrocer\u00e2mica e indu\u00e7\u00e3o. O seu formato em pulverizador proporciona uma limpeza r\u00e1pida e confort\u00e1vel e a sua espuma desincrustante d\u00e1 um brilho reluzente que ir\u00e1 manter a sua cozinha como nova.<...\n<\/p>\n","protected":false},"featured_media":6430,"template":"","meta":{"spay_email":""},"product_cat":[15],"product_tag":[],"class_list":{"0":"post-6429","1":"product","2":"type-product","3":"status-publish","4":"has-post-thumbnail","6":"product_cat-sem-categoria","8":"first","9":"instock","10":"taxable","11":"shipping-taxable","12":"purchasable","13":"product-type-simple"},"acf":[],"jetpack-related-posts":[{"id":6437,"url":"https:\/\/mundo.seashell.pt\/?product=mistolin-vitroceramicas-05l","url_meta":{"origin":6429,"position":0},"title":"Mistolin Vitrocer\u00e2micas 500ml","date":"Fevereiro 23, 2022","format":false,"excerpt":"Mistolin Vitrocer\u00e2micas\u00a0\u00e9 o aliado perfeito para a limpeza di\u00e1ria da sua placa de vitrocer\u00e2mica. A sua f\u00f3rmula desincrusta as manchas e elimina a gordura da sua placa, deixando um brilho incr\u00edvel e duradouro. Com uma composi\u00e7\u00e3o reduzida em agentes ativos ani\u00f3nicos, Vitroclen spray proporciona uma limpeza eficaz dos res\u00edduos alimentares,\u2026","rel":"","context":"Similar post","img":{"alt_text":"","src":"https:\/\/i0.wp.com\/mundo.seashell.pt\/wp-content\/uploads\/2022\/02\/MISTOLIN_Advanced_Vitro_500ml__5600356070204.png?resize=350%2C200&ssl=1","width":350,"height":200},"classes":[]},{"id":6253,"url":"https:\/\/mundo.seashell.pt\/?product=sanytol-cozinhas-750ml","url_meta":{"origin":6429,"position":1},"title":"Sanytol Cozinhas 750ml","date":"Fevereiro 23, 2022","format":false,"excerpt":"Limpador Desinfetante Cozinhas Sanytol desinfetante cozinhas com a\u00e7\u00e3o desengordurante. A cozinha \u00e9 um local favor\u00e1vel ao desenvolvimento de bact\u00e9rias. O uso de um limpador desinfetante \u00e9 a \u00fanica forma de prevenir eficazmente a prolifera\u00e7\u00e3o de micr\u00f3bios. Com a sua f\u00f3rmula de tripla a\u00e7\u00e3o sem lix\u00edvia, elimina 99,9% dos microrganismos. R...","rel":"","context":"Similar post","img":{"alt_text":"","src":"https:\/\/i0.wp.com\/mundo.seashell.pt\/wp-content\/uploads\/2022\/02\/SANYTOL_DESINFETANTE_COZINHAS_750_ML_8411660670212.png?resize=350%2C200&ssl=1","width":350,"height":200},"classes":[]},{"id":6391,"url":"https:\/\/mundo.seashell.pt\/?product=neoblanc-spray-universal-05l","url_meta":{"origin":6429,"position":2},"title":"Neoblanc Spray Universal 500ml","date":"Fevereiro 23, 2022","format":false,"excerpt":"Gra\u00e7as \u00e0 sua f\u00f3rmula desengordurante sem lix\u00edvia 100% eficaz na gordura incrustada, desengordura e limpa a fundo as superf\u00edcies da cozinha, \u00e9 f\u00e1cil de enxaguar e n\u00e3o deixa marcas. Al\u00e9m disso, espalha um perfume fresco e agrad\u00e1vel de lim\u00e3o e bergamota. Pulverize o produto na superf\u00edcie, enxag\u00fae com um pano\u2026","rel":"","context":"Similar post","img":{"alt_text":"","src":"https:\/\/i0.wp.com\/mundo.seashell.pt\/wp-content\/uploads\/2022\/02\/NEOBLANC_SPRAY_UNIVERSAL_500ml_8001480703193.png?resize=350%2C200&ssl=1","width":350,"height":200},"classes":[]},{"id":6433,"url":"https:\/\/mundo.seashell.pt\/?product=mistolin-tira-gorduras-desinfetante-05l","url_meta":{"origin":6429,"position":3},"title":"Mistolin Tira gorduras Desinfetante 500ml","date":"Fevereiro 23, 2022","format":false,"excerpt":"Mistolin \u00e9 uma marca portuguesa, pensada para simplificar e ajudar nas tarefas dif\u00edceis de limpeza da casa. A sua f\u00f3rmula \u00e9 \u00fanica e imbat\u00edvel na limpeza de gorduras e sujidades mais dif\u00edceis. Indicado para a limpeza de todo o tipo de pe\u00e7as e superf\u00edcies gordurosas, manchas dif\u00edceis, sujidades incrustadas e\u2026","rel":"","context":"Similar post","img":{"alt_text":"","src":"https:\/\/i0.wp.com\/mundo.seashell.pt\/wp-content\/uploads\/2022\/02\/MISTOLIN_Tira_Gorduras_Desinfetante_545ml__5600258596628.png?resize=350%2C200&ssl=1","width":350,"height":200},"classes":[]},{"id":6399,"url":"https:\/\/mundo.seashell.pt\/?product=kh-7-tira-gorduras-075l","url_meta":{"origin":6429,"position":4},"title":"KH-7 Tira Gorduras 750ml","date":"Fevereiro 23, 2022","format":false,"excerpt":"Se procura a m\u00e1xima efici\u00eancia, fa\u00e7a do KH-7 a estrela dos seus produtos de limpeza! Gra\u00e7as ao seu c\u00f3modo pulverizador, poder\u00e1 aplicar o produto facilmente em qualquer lugar, utilizando apenas a dose que necessita. Spray KH-7 tira gorduras concentrado, produto profissional. Produto de limpeza universal para cozinha, grelhador, forno, r...","rel":"","context":"Similar post","img":{"alt_text":"","src":"https:\/\/i0.wp.com\/mundo.seashell.pt\/wp-content\/uploads\/2022\/02\/KH7_TIRA_GORDURAS_PULV._750ml.png?resize=350%2C200&ssl=1","width":350,"height":200},"classes":[]},{"id":6401,"url":"https:\/\/mundo.seashell.pt\/?product=kh-7-tira-gorduras-recarda-075l","url_meta":{"origin":6429,"position":5},"title":"KH-7 Tira Gorduras Recarda 750ml","date":"Fevereiro 23, 2022","format":false,"excerpt":"Se procura a m\u00e1xima efici\u00eancia, fa\u00e7a do KH-7 a estrela dos seus produtos de limpeza! Gra\u00e7as ao seu c\u00f3modo pulverizador, poder\u00e1 aplicar o produto facilmente em qualquer lugar, utilizando apenas a dose que necessita. Spray KH-7 tira gorduras concentrado, produto profissional. Produto de limpeza universal para cozinha, grelhador, forno, r...","rel":"","context":"Similar post","img":{"alt_text":"","src":"https:\/\/i0.wp.com\/mundo.seashell.pt\/wp-content\/uploads\/2022\/02\/KH7_TIRA_GORDURAS_REC._750ml.png?resize=350%2C200&ssl=1","width":350,"height":200},"classes":[]}],"_links":{"self":[{"href":"https:\/\/mundo.seashell.pt\/index.php?rest_route=\/wp\/v2\/product\/6429","targetHints":{"allow":["GET"]}}],"collection":[{"href":"https:\/\/mundo.seashell.pt\/index.php?rest_route=\/wp\/v2\/product"}],"about":[{"href":"https:\/\/mundo.seashell.pt\/index.php?rest_route=\/wp\/v2\/types\/product"}],"wp:featuredmedia":[{"embeddable":true,"href":"https:\/\/mundo.seashell.pt\/index.php?rest_route=\/wp\/v2\/media\/6430"}],"wp:attachment":[{"href":"https:\/\/mundo.seashell.pt\/index.php?rest_route=%2Fwp%2Fv2%2Fmedia&parent=6429"}],"wp:term":[{"taxonomy":"product_cat","embeddable":true,"href":"https:\/\/mundo.seashell.pt\/index.php?rest_route=%2Fwp%2Fv2%2Fproduct_cat&post=6429"},{"taxonomy":"product_tag","embeddable":true,"href":"https:\/\/mundo.seashell.pt\/index.php?rest_route=%2Fwp%2Fv2%2Fproduct_tag&post=6429"}],"curies":[{"name":"wp","href":"https:\/\/api.w.org\/{rel}","templated":true}]}}