{"id":6427,"date":"2022-02-23T18:41:58","date_gmt":"2022-02-23T18:41:58","guid":{"rendered":"https:\/\/mundo.seashell.pt\/?post_type=product&#038;p=6427"},"modified":"2022-02-23T18:42:00","modified_gmt":"2022-02-23T18:42:00","slug":"mr-muscle-aerossol-forza-fornos-03l","status":"publish","type":"product","link":"https:\/\/mundo.seashell.pt\/?product=mr-muscle-aerossol-forza-fornos-03l","title":{"rendered":"Mr. Muscle Aerossol Forza Fornos 300ml"},"content":{"rendered":"<p>Contem uma f\u00f3rmula de desengorduramento original da espuma que emulsiona a sujeira unida dentro do forno assim que voc\u00ea pode limpar melhor com menos esfor\u00e7o.<\/p>\n<ul>\n<li>Elimina graxa e sujeira &#038; rebeldes<\/li>\n<li>F\u00f3rmula de espuma desengraxante<\/li>\n<li>Deixe as superf\u00edcies limpas e brilhantes<\/li>\n<\/ul>\n<h3>INSTRU\u00c7\u00d5ES DE UTILIZA\u00c7\u00c3O:<\/h3>\n<p>Desligue o forno. Feche a chave de g\u00e1s. Se o seu forno tiver uma pedra refrat\u00e1ria, retire-a. Agite o recipiente corretamente antes de usar. Mantenha sempre o barco ereto.<\/p>\n<p>Aplique a espuma <strong>Mr Muscle Forza Limpiahornos<\/strong> apenas nas paredes e grelhas do forno a uma dist\u00e2ncia de 20 cm.<\/p>\n<p>Certifique-se de cobrir toda a superf\u00edcie a ser limpa com a espuma.<\/p>\n<p>Feche a porta do forno e deixe-a por 30 minutos.<\/p>\n<p>Retire a espuma com uma esponja ou um pano h\u00famido.<\/p>\n<p>* LUVAS DOS E.U., PROTE\u00c7\u00c3O DE OLHO E DELANTAL MANIPULANDO O PRODUTO.<\/p>\n","protected":false},"excerpt":{"rendered":"<p>Contem uma f\u00f3rmula de desengorduramento original da espuma que emulsiona a sujeira unida dentro do forno assim que voc\u00ea pode limpar melhor com menos esfor\u00e7o.<br \/>\nElimina graxa e sujeira &#038; rebeldesF\u00f3rmula de espuma desengraxanteDeixe as superf\u00edcies limpas e brilhantesINSTRU\u00c7\u00d5ES DE UTILIZA\u00c7\u00c3O:<br \/>\nDes&#8230;<\/p>\n","protected":false},"featured_media":6428,"template":"","meta":{"spay_email":""},"product_cat":[15],"product_tag":[],"class_list":{"0":"post-6427","1":"product","2":"type-product","3":"status-publish","4":"has-post-thumbnail","6":"product_cat-sem-categoria","8":"first","9":"instock","10":"taxable","11":"shipping-taxable","12":"purchasable","13":"product-type-simple"},"acf":[],"jetpack-related-posts":[{"id":5688,"url":"https:\/\/mundo.seashell.pt\/?product=grill-cleaner-plus-500ml","url_meta":{"origin":6427,"position":0},"title":"Desengordurante Natural Grill Cleaner Plus 500Ml","date":"Fevereiro 23, 2022","format":false,"excerpt":"Desengordurante altamente eficaz para remover gordura queimada.","rel":"","context":"Similar post","img":{"alt_text":"","src":"https:\/\/i0.wp.com\/mundo.seashell.pt\/wp-content\/uploads\/2022\/02\/grill_cleaner.jpg?resize=350%2C200&ssl=1","width":350,"height":200},"classes":[]},{"id":5898,"url":"https:\/\/mundo.seashell.pt\/?product=solim-secante-5l-loica-automatica","url_meta":{"origin":6427,"position":1},"title":"Solim Secante &#8211; Loi\u00e7a Autom\u00e1tica","date":"Fevereiro 23, 2022","format":false,"excerpt":"Secante com fun\u00e7\u00e3o de abrilhantador da loi\u00e7a na lavagem autom\u00e1tica e \ufeffpara a aplica\u00e7\u00e3o em fornos com programas de limpeza autom\u00e1tica","rel":"","context":"Similar post","img":{"alt_text":"","src":"https:\/\/i0.wp.com\/mundo.seashell.pt\/wp-content\/uploads\/2022\/02\/Solim_secante_5L.jpg?resize=350%2C200&ssl=1","width":350,"height":200},"classes":[]},{"id":6253,"url":"https:\/\/mundo.seashell.pt\/?product=sanytol-cozinhas-750ml","url_meta":{"origin":6427,"position":2},"title":"Sanytol Cozinhas 750ml","date":"Fevereiro 23, 2022","format":false,"excerpt":"Limpador Desinfetante Cozinhas Sanytol desinfetante cozinhas com a\u00e7\u00e3o desengordurante. A cozinha \u00e9 um local favor\u00e1vel ao desenvolvimento de bact\u00e9rias. O uso de um limpador desinfetante \u00e9 a \u00fanica forma de prevenir eficazmente a prolifera\u00e7\u00e3o de micr\u00f3bios. Com a sua f\u00f3rmula de tripla a\u00e7\u00e3o sem lix\u00edvia, elimina 99,9% dos microrganismos. R...","rel":"","context":"Similar post","img":{"alt_text":"","src":"https:\/\/i0.wp.com\/mundo.seashell.pt\/wp-content\/uploads\/2022\/02\/SANYTOL_DESINFETANTE_COZINHAS_750_ML_8411660670212.png?resize=350%2C200&ssl=1","width":350,"height":200},"classes":[]},{"id":5878,"url":"https:\/\/mundo.seashell.pt\/?product=super-6kg-loica-automatica","url_meta":{"origin":6427,"position":3},"title":"Detergente Super &#8211; Loi\u00e7a Autom\u00e1tica","date":"Fevereiro 23, 2022","format":false,"excerpt":"Detergente alcalino de elevada concentra\u00e7\u00e3o e poder sequestrante com MGDA para um melhor desempenho e menor impacto ambiental. Concebido para a lavagem autom\u00e1tica da loi\u00e7a.","rel":"","context":"Similar post","img":{"alt_text":"","src":"https:\/\/i0.wp.com\/mundo.seashell.pt\/wp-content\/uploads\/2022\/02\/cristal_super.jpg?resize=350%2C200&ssl=1","width":350,"height":200},"classes":[]},{"id":6411,"url":"https:\/\/mundo.seashell.pt\/?product=cif-fornos-e-grelhas-043l","url_meta":{"origin":6427,"position":4},"title":"CIF Fornos e Grelhas 430ml","date":"Fevereiro 23, 2022","format":false,"excerpt":"Cif Perfect Finish fornos e grelhadores foi desenvolvido cientificamente para remover 100% de gordura incrustada. A sua f\u00f3rmula poderosa com agentes desengordurantes elimina at\u00e9 a gordura mais dif\u00edcil do forno, fog\u00e3o e grelhador. Benef\u00edcios: - 100% remo\u00e7\u00e3o de gordura dif\u00edcil. Conselhos de utiliza\u00e7\u00e3o: Pressione ...","rel":"","context":"Similar post","img":{"alt_text":"","src":"https:\/\/i0.wp.com\/mundo.seashell.pt\/wp-content\/uploads\/2022\/02\/CIF_SPRAY_FORNOS_E_GRELHADORES-_435ml_8710447376133.png?resize=350%2C200&ssl=1","width":350,"height":200},"classes":[]},{"id":6399,"url":"https:\/\/mundo.seashell.pt\/?product=kh-7-tira-gorduras-075l","url_meta":{"origin":6427,"position":5},"title":"KH-7 Tira Gorduras 750ml","date":"Fevereiro 23, 2022","format":false,"excerpt":"Se procura a m\u00e1xima efici\u00eancia, fa\u00e7a do KH-7 a estrela dos seus produtos de limpeza! Gra\u00e7as ao seu c\u00f3modo pulverizador, poder\u00e1 aplicar o produto facilmente em qualquer lugar, utilizando apenas a dose que necessita. Spray KH-7 tira gorduras concentrado, produto profissional. Produto de limpeza universal para cozinha, grelhador, forno, r...","rel":"","context":"Similar post","img":{"alt_text":"","src":"https:\/\/i0.wp.com\/mundo.seashell.pt\/wp-content\/uploads\/2022\/02\/KH7_TIRA_GORDURAS_PULV._750ml.png?resize=350%2C200&ssl=1","width":350,"height":200},"classes":[]}],"_links":{"self":[{"href":"https:\/\/mundo.seashell.pt\/index.php?rest_route=\/wp\/v2\/product\/6427","targetHints":{"allow":["GET"]}}],"collection":[{"href":"https:\/\/mundo.seashell.pt\/index.php?rest_route=\/wp\/v2\/product"}],"about":[{"href":"https:\/\/mundo.seashell.pt\/index.php?rest_route=\/wp\/v2\/types\/product"}],"wp:featuredmedia":[{"embeddable":true,"href":"https:\/\/mundo.seashell.pt\/index.php?rest_route=\/wp\/v2\/media\/6428"}],"wp:attachment":[{"href":"https:\/\/mundo.seashell.pt\/index.php?rest_route=%2Fwp%2Fv2%2Fmedia&parent=6427"}],"wp:term":[{"taxonomy":"product_cat","embeddable":true,"href":"https:\/\/mundo.seashell.pt\/index.php?rest_route=%2Fwp%2Fv2%2Fproduct_cat&post=6427"},{"taxonomy":"product_tag","embeddable":true,"href":"https:\/\/mundo.seashell.pt\/index.php?rest_route=%2Fwp%2Fv2%2Fproduct_tag&post=6427"}],"curies":[{"name":"wp","href":"https:\/\/api.w.org\/{rel}","templated":true}]}}