{"id":6421,"date":"2022-02-23T18:41:39","date_gmt":"2022-02-23T18:41:39","guid":{"rendered":"https:\/\/mundo.seashell.pt\/?post_type=product&#038;p=6421"},"modified":"2022-02-23T18:41:42","modified_gmt":"2022-02-23T18:41:42","slug":"cillit-bang-tira-gorduras-05l","status":"publish","type":"product","link":"https:\/\/mundo.seashell.pt\/?product=cillit-bang-tira-gorduras-05l","title":{"rendered":"Cillit Bang Tira Gorduras 500ml"},"content":{"rendered":"<p>Cillit Bang spray limpeza tira gorduras tem uma f\u00f3rmula super eficaz, limpa sem precisar de esfregar. Elimina rapidamente as manchas de comida, sujidade e ainda a gordura mais resistente das superf\u00edcies comuns, dentro e fora de sua casa. Gra\u00e7as aos seus potentes tensoativos, a sua f\u00f3rmula \u00e9 3 vezes mais desengordurante, para manter o seu lar limpo, brilhante e sem riscos.<\/p>\n<h3>Benef\u00edcios:<\/h3>\n<p>&#8211; Tira gorduras;<br \/>&#8211; Elimina a gordura 3x melhor;<br \/>&#8211; Superf\u00edcies brilhantes e sem riscos;<br \/>&#8211; Elimina manchas de comida, sujidade e gordura resistente.<\/p>\n<h3>Conselhos de utiliza\u00e7\u00e3o:<\/h3>\n<p>Rode a ponta do pulverizador para a posi\u00e7\u00e3o on. Pulverize sobre a superf\u00edcie e deixe atuar durante uns segundos. Limpe e enxague.<\/p>\n<p><\/p>\n","protected":false},"excerpt":{"rendered":"<p>Cillit Bang spray limpeza tira gorduras tem uma f\u00f3rmula super eficaz, limpa sem precisar de esfregar. Elimina rapidamente as manchas de comida, sujidade e ainda a gordura mais resistente das superf\u00edcies comuns, dentro e fora de sua casa. Gra\u00e7as aos seus potentes tensoativos, a sua f\u00f3rmula \u00e9 3 vezes mais desengordurante, para manter o seu lar &#8230;<\/p>\n","protected":false},"featured_media":6422,"template":"","meta":{"spay_email":""},"product_cat":[15],"product_tag":[],"class_list":{"0":"post-6421","1":"product","2":"type-product","3":"status-publish","4":"has-post-thumbnail","6":"product_cat-sem-categoria","8":"first","9":"instock","10":"taxable","11":"shipping-taxable","12":"purchasable","13":"product-type-simple"},"acf":[],"jetpack-related-posts":[{"id":6355,"url":"https:\/\/mundo.seashell.pt\/?product=cillit-bang-chao-e-gorduras-133l","url_meta":{"origin":6421,"position":0},"title":"Cillit Bang Ch\u00e3o e Gorduras 1,33L","date":"Fevereiro 23, 2022","format":false,"excerpt":"Cillit Bang spray limpeza tira gorduras tem uma f\u00f3rmula super eficaz, limpa sem precisar de esfregar. Elimina rapidamente as manchas de comida, sujidade e ainda a gordura mais resistente das superf\u00edcies comuns, dentro e fora de sua casa. Gra\u00e7as aos seus potentes tensoativos, a sua f\u00f3rmula \u00e9 3 vezes mais\u2026","rel":"","context":"Similar post","img":{"alt_text":"","src":"https:\/\/i0.wp.com\/mundo.seashell.pt\/wp-content\/uploads\/2022\/02\/CILLIT_BANG_Chao_MGord_1330x10_5601217123350.png?resize=350%2C200&ssl=1","width":350,"height":200},"classes":[]},{"id":6423,"url":"https:\/\/mundo.seashell.pt\/?product=cillit-bang-natural-cozinha-05l","url_meta":{"origin":6421,"position":1},"title":"Cillit Bang Natural Cozinha 500ml","date":"Fevereiro 23, 2022","format":false,"excerpt":"Benef\u00edcios: - Tira gorduras;- Elimina a gordura 3x melhor;- Superf\u00edcies brilhantes e sem riscos;- Elimina manchas de comida, sujidade e gordura resistente. Conselhos de utiliza\u00e7\u00e3o: Rode a ponta do pulverizador para a posi\u00e7\u00e3o on. Pulverize sobre a superf\u00edcie e deixe atuar durante uns segundos. Limpe e enxague.","rel":"","context":"Similar post","img":{"alt_text":"","src":"https:\/\/i0.wp.com\/mundo.seashell.pt\/wp-content\/uploads\/2022\/02\/CILLIT_BANG_NAT_T_GORDURAS_500ML_5601217134035_2.png?resize=350%2C200&ssl=1","width":350,"height":200},"classes":[]},{"id":6357,"url":"https:\/\/mundo.seashell.pt\/?product=anti-calcario-e-sujidade-spray-05l","url_meta":{"origin":6421,"position":2},"title":"Anti-Calc\u00e1rio e Sujidade Spray 500ml","date":"Fevereiro 23, 2022","format":false,"excerpt":"Cillit Bang spray limpeza calc\u00e1rio e sujidade tem uma f\u00f3rmula super eficaz que elimina rapidamente o calc\u00e1rio, os res\u00edduos de sab\u00e3o e a sujidade na maioria das superf\u00edcies, dentro e fora da sua casa. A sua nova f\u00f3rmula anti-reaparecimento de sujidade forma uma pel\u00edcula protetora sobre as superf\u00edcies, evitando que\u2026","rel":"","context":"Similar post","img":{"alt_text":"","src":"https:\/\/i0.wp.com\/mundo.seashell.pt\/wp-content\/uploads\/2022\/02\/CILLIT_BANG_CAL_BRI_500ML_x12__8_P__5601217132666.png?resize=350%2C200&ssl=1","width":350,"height":200},"classes":[]},{"id":6359,"url":"https:\/\/mundo.seashell.pt\/?product=cillit-bang-wc-super-limpeza-05l","url_meta":{"origin":6421,"position":3},"title":"Cillit Bang WC Super Limpeza 500ml","date":"Fevereiro 23, 2022","format":false,"excerpt":"Cillit Bang Spray casa de banho super limpeza \u00e9 ideal para remover, sem esfor\u00e7o, todas as manchas de sujidade da sua casa de banho. A f\u00f3rmula concentrada de Cillit Bang \u00e9 eficaz na remo\u00e7\u00e3o do calc\u00e1rio, manchas de sab\u00e3o e sujidade. A tecnologia \"anti-redeposition\" previne que a sujidade volte. A\u2026","rel":"","context":"Similar post","img":{"alt_text":"","src":"https:\/\/i0.wp.com\/mundo.seashell.pt\/wp-content\/uploads\/2022\/02\/CILLIT_BANG_WC_500ML_X12__8_P__5601217132697.png?resize=350%2C200&ssl=1","width":350,"height":200},"classes":[]},{"id":6443,"url":"https:\/\/mundo.seashell.pt\/?product=cillit-bang-bolores-e-sujidade-05l","url_meta":{"origin":6421,"position":4},"title":"Cillit Bang Bolores e Sujidade 500ml","date":"Fevereiro 23, 2022","format":false,"excerpt":"A poderosa f\u00f3rmula de Cillit Bang spray limpeza bolor e sujidade elimina rapidamente as manchas de bolor e a sujidade mais incrustada sem necessidade de esfregar, sendo o seu aliado para as zonas com humidade e onde o bolor prevalece. Come\u00e7a a limpeza em 20 segundos e desinfeta em 15\u2026","rel":"","context":"Similar post","img":{"alt_text":"","src":"https:\/\/i0.wp.com\/mundo.seashell.pt\/wp-content\/uploads\/2022\/02\/CILLIT_BANG_Bolor___Suj_500ML_x12__8_P__5601217132659.png?resize=350%2C200&ssl=1","width":350,"height":200},"classes":[]},{"id":7086,"url":"https:\/\/mundo.seashell.pt\/?product=cillit-bang-multisuperficies-spray-lixivia-e-higiene-750ml","url_meta":{"origin":6421,"position":5},"title":"Cillit Bang Multisuperf\u00edcies Spray Lix\u00edvia e Higiene 750ml","date":"Fevereiro 23, 2022","format":false,"excerpt":"Cillit Bang, uma solu\u00e7\u00e3o eficaz para todo o tipo de sujidade!Descri\u00e7\u00e3o: Cillit Bang spray limpeza lix\u00edvia e higiene tem uma poderosa f\u00f3rmula que combina hipoclorito de s\u00f3dio com agentes de limpeza para obter resultados imbat\u00edveis. Higieniza todas as superf\u00edcies enquanto os agentes de limpeza removem as manchas mais incrust...","rel":"","context":"Similar post","img":{"alt_text":"","src":"https:\/\/i0.wp.com\/mundo.seashell.pt\/wp-content\/uploads\/2022\/02\/6984295-frente.jpeg?resize=350%2C200&ssl=1","width":350,"height":200},"classes":[]}],"_links":{"self":[{"href":"https:\/\/mundo.seashell.pt\/index.php?rest_route=\/wp\/v2\/product\/6421","targetHints":{"allow":["GET"]}}],"collection":[{"href":"https:\/\/mundo.seashell.pt\/index.php?rest_route=\/wp\/v2\/product"}],"about":[{"href":"https:\/\/mundo.seashell.pt\/index.php?rest_route=\/wp\/v2\/types\/product"}],"wp:featuredmedia":[{"embeddable":true,"href":"https:\/\/mundo.seashell.pt\/index.php?rest_route=\/wp\/v2\/media\/6422"}],"wp:attachment":[{"href":"https:\/\/mundo.seashell.pt\/index.php?rest_route=%2Fwp%2Fv2%2Fmedia&parent=6421"}],"wp:term":[{"taxonomy":"product_cat","embeddable":true,"href":"https:\/\/mundo.seashell.pt\/index.php?rest_route=%2Fwp%2Fv2%2Fproduct_cat&post=6421"},{"taxonomy":"product_tag","embeddable":true,"href":"https:\/\/mundo.seashell.pt\/index.php?rest_route=%2Fwp%2Fv2%2Fproduct_tag&post=6421"}],"curies":[{"name":"wp","href":"https:\/\/api.w.org\/{rel}","templated":true}]}}