{"id":6419,"date":"2022-02-23T18:41:37","date_gmt":"2022-02-23T18:41:37","guid":{"rendered":"https:\/\/mundo.seashell.pt\/?post_type=product&#038;p=6419"},"modified":"2022-02-23T18:41:39","modified_gmt":"2022-02-23T18:41:39","slug":"sonasol-desengordurante-05l","status":"publish","type":"product","link":"https:\/\/mundo.seashell.pt\/?product=sonasol-desengordurante-05l","title":{"rendered":"Sonasol Desengordurante 500ml"},"content":{"rendered":"<p>Sonasol brilhante desengordurante elimina eficazmente as manchas de gordura mais profundas e deixa a sua cozinha limpa e 100% mais brilhante.<\/p>\n<h3>Benef\u00edcios:<\/h3>\n<p>&#8211; 100% mais brilho e prote\u00e7\u00e3o.<\/p>\n<h3>Conselhos de utiliza\u00e7\u00e3o:<\/h3>\n<p>Pulverize diretamente na superf\u00edcie a limpar e passe um pano ou esponja h\u00famidos para retirar o produto. Para superf\u00edcies mais delicadas, aplique o produto no pano ou esponja e limpe a superf\u00edcie desejada. Enxaguar com \u00e1gua se necess\u00e1rio. Para manchas, aplicar e deixar durante 5 minutos. Proceder \u00e0 lavagem regular.<\/p>\n<p><\/p>\n","protected":false},"excerpt":{"rendered":"<p>Sonasol brilhante desengordurante elimina eficazmente as manchas de gordura mais profundas e deixa a sua cozinha limpa e 100% mais brilhante.<br \/>\nBenef\u00edcios:<br \/>\n&#8211; 100% mais brilho e prote\u00e7\u00e3o.<br \/>\nConselhos de utiliza\u00e7\u00e3o:<br \/>\nPulverize diretamente na superf\u00edcie a limpar e passe um pano ou esponja h\u00famidos para retirar o produto&#8230;<\/p>\n","protected":false},"featured_media":6420,"template":"","meta":{"spay_email":""},"product_cat":[15],"product_tag":[],"class_list":{"0":"post-6419","1":"product","2":"type-product","3":"status-publish","4":"has-post-thumbnail","6":"product_cat-sem-categoria","8":"first","9":"instock","10":"taxable","11":"shipping-taxable","12":"purchasable","13":"product-type-simple"},"acf":[],"jetpack-related-posts":[{"id":6361,"url":"https:\/\/mundo.seashell.pt\/?product=sonasol-spray-brilhante-anti-calcario-05l","url_meta":{"origin":6419,"position":0},"title":"Sonasol Spray Brilhante Anti-Calc\u00e1rio 500ml","date":"Fevereiro 23, 2022","format":false,"excerpt":"Sonasol brilhante anticalc\u00e1rio elimina eficazmente at\u00e9 as sujidades mais profundas de todas as superf\u00edcies de casa de banho, deixando-a 100% brilhante. Benef\u00edcios: - 100% mais brilho e prote\u00e7\u00e3o. Conselhos de utiliza\u00e7\u00e3o: Pulverize diretamente na superf\u00edcie a limpar e passe um pano ou esponja h\u00famidos para retirar...","rel":"","context":"Similar post","img":{"alt_text":"","src":"https:\/\/i0.wp.com\/mundo.seashell.pt\/wp-content\/uploads\/2022\/02\/SONASOL_BRILHANTE_BANHO_SPRAY_0L500_8410436343404.png?resize=350%2C200&ssl=1","width":350,"height":200},"classes":[]},{"id":6345,"url":"https:\/\/mundo.seashell.pt\/?product=sonasol-vidros-05l","url_meta":{"origin":6419,"position":1},"title":"Sonasol Vidros 500ml","date":"Fevereiro 23, 2022","format":false,"excerpt":"Sonasol brilhante vidros elimina eficazmente a sujidades e deixa os seus vidros limpos e 100% brilhantes. Benef\u00edcios: - 100% mais brilho e prote\u00e7\u00e3o. Conselhos de utiliza\u00e7\u00e3o: Pulverize sobre a superf\u00edcie que pretende limpar e passe um pano enxuto.","rel":"","context":"Similar post","img":{"alt_text":"","src":"https:\/\/i0.wp.com\/mundo.seashell.pt\/wp-content\/uploads\/2022\/02\/SONASOL_BRILHANTE_VIDROS_SPRAY_0L500_8410436343497.png?resize=350%2C200&ssl=1","width":350,"height":200},"classes":[]},{"id":6405,"url":"https:\/\/mundo.seashell.pt\/?product=cif-spray-cozinhas-075l","url_meta":{"origin":6419,"position":2},"title":"CIF Spray Cozinhas 750ml","date":"Fevereiro 23, 2022","format":false,"excerpt":"Desde sempre que a preocupa\u00e7\u00e3o com o resultado final, tem sido a constante da marca Cif. Com conhecimento profundo da sujidade e das superf\u00edcies, desenvolve os melhores produtos de limpeza, para os consumidores mais exigentes. Dentro do universo dos detergentes, Cif apresenta uma gama bastante alargada e diversificada, capaz de\u2026","rel":"","context":"Similar post","img":{"alt_text":"","src":"https:\/\/i0.wp.com\/mundo.seashell.pt\/wp-content\/uploads\/2022\/02\/CIF_SPRAY_COZINHA_-_750ml_8712561142342.png?resize=350%2C200&ssl=1","width":350,"height":200},"classes":[]},{"id":6363,"url":"https:\/\/mundo.seashell.pt\/?product=sonasol-gel-casa-de-banho-125l","url_meta":{"origin":6419,"position":3},"title":"Sonasol Gel Casa de Banho 1,25L","date":"Fevereiro 23, 2022","format":false,"excerpt":"sol gel para casa de banho assegura-lhe uma limpeza perfeita, poder anticalc\u00e1rio e mais brilho nas superf\u00edcies de casa de banho, pois adere eficazmente \u00e0s paredes dos lavat\u00f3rios, banheira ou qualquer outra superf\u00edcie que possa ter calc\u00e1rio, garantindo higiene desde a primeria passagem.Benef\u00edcios: - Detergente para limpeza ...","rel":"","context":"Similar post","img":{"alt_text":"","src":"https:\/\/i0.wp.com\/mundo.seashell.pt\/wp-content\/uploads\/2022\/02\/SONASOL_CASA_DE_BANHO_1L250_8410436339551.png?resize=350%2C200&ssl=1","width":350,"height":200},"classes":[]},{"id":6421,"url":"https:\/\/mundo.seashell.pt\/?product=cillit-bang-tira-gorduras-05l","url_meta":{"origin":6419,"position":4},"title":"Cillit Bang Tira Gorduras 500ml","date":"Fevereiro 23, 2022","format":false,"excerpt":"Cillit Bang spray limpeza tira gorduras tem uma f\u00f3rmula super eficaz, limpa sem precisar de esfregar. Elimina rapidamente as manchas de comida, sujidade e ainda a gordura mais resistente das superf\u00edcies comuns, dentro e fora de sua casa. Gra\u00e7as aos seus potentes tensoativos, a sua f\u00f3rmula \u00e9 3 vezes mais\u2026","rel":"","context":"Similar post","img":{"alt_text":"","src":"https:\/\/i0.wp.com\/mundo.seashell.pt\/wp-content\/uploads\/2022\/02\/CILLIT_BANG_Tira_Gorduras_500ML_x12__8_P__5601217132680.png?resize=350%2C200&ssl=1","width":350,"height":200},"classes":[]},{"id":6377,"url":"https:\/\/mundo.seashell.pt\/?product=cif-multiusos-com-lixivia-075l","url_meta":{"origin":6419,"position":5},"title":"Cif Multiusos com L\u00edx\u00edvia 750ml","date":"Fevereiro 23, 2022","format":false,"excerpt":"As poderosas mol\u00e9culas do Cif spray Power & Shine multiusos com lix\u00edvia limpam instant\u00e2nea e profundamente, eliminando os diferentes tipos de sujidade da casa. Deixa a sua casa brilhante e higienicamente limpa, sem manchas nem marcas de \u00e1gua. Remove at\u00e9 100% das manchas de bolor e gordura.Benef\u00edcios: - 100% remo\u00e7\u00e3o\u2026","rel":"","context":"Similar post","img":{"alt_text":"","src":"https:\/\/i0.wp.com\/mundo.seashell.pt\/wp-content\/uploads\/2022\/02\/CIF_SPRAY_MULTI_C__LIXI_VIA_-_750ml_8710908859502.png?resize=350%2C200&ssl=1","width":350,"height":200},"classes":[]}],"_links":{"self":[{"href":"https:\/\/mundo.seashell.pt\/index.php?rest_route=\/wp\/v2\/product\/6419","targetHints":{"allow":["GET"]}}],"collection":[{"href":"https:\/\/mundo.seashell.pt\/index.php?rest_route=\/wp\/v2\/product"}],"about":[{"href":"https:\/\/mundo.seashell.pt\/index.php?rest_route=\/wp\/v2\/types\/product"}],"wp:featuredmedia":[{"embeddable":true,"href":"https:\/\/mundo.seashell.pt\/index.php?rest_route=\/wp\/v2\/media\/6420"}],"wp:attachment":[{"href":"https:\/\/mundo.seashell.pt\/index.php?rest_route=%2Fwp%2Fv2%2Fmedia&parent=6419"}],"wp:term":[{"taxonomy":"product_cat","embeddable":true,"href":"https:\/\/mundo.seashell.pt\/index.php?rest_route=%2Fwp%2Fv2%2Fproduct_cat&post=6419"},{"taxonomy":"product_tag","embeddable":true,"href":"https:\/\/mundo.seashell.pt\/index.php?rest_route=%2Fwp%2Fv2%2Fproduct_tag&post=6419"}],"curies":[{"name":"wp","href":"https:\/\/api.w.org\/{rel}","templated":true}]}}