{"id":6417,"date":"2022-02-23T18:41:35","date_gmt":"2022-02-23T18:41:35","guid":{"rendered":"https:\/\/mundo.seashell.pt\/?post_type=product&#038;p=6417"},"modified":"2022-02-23T18:41:37","modified_gmt":"2022-02-23T18:41:37","slug":"ajax-ultra-desengordurante-05l","status":"publish","type":"product","link":"https:\/\/mundo.seashell.pt\/?product=ajax-ultra-desengordurante-05l","title":{"rendered":"Ajax Ultra Desengordurante 500ml"},"content":{"rendered":"<p>Ajax simplesmente pulverizar e limpar o limpador de cozinha.  Em uma conveniente garrafa de spray de 750ml, este limpador de cozinha lutar\u00e1 contra at\u00e9 mesmo as mais resistentes graxas e manchas.<\/p>\n<p>Com um design f\u00e1cil de enxaguar para deixar sua cozinha limpa.<\/p>\n","protected":false},"excerpt":{"rendered":"<p>Ajax simplesmente pulverizar e limpar o limpador de cozinha.  Em uma conveniente garrafa de spray de 750ml, este limpador de cozinha lutar\u00e1 contra at\u00e9 mesmo as mais resistentes graxas e manchas.<br \/>\nCom um design f\u00e1cil de enxaguar para deixar sua cozinha limpa.<\/p>\n","protected":false},"featured_media":6418,"template":"","meta":{"spay_email":""},"product_cat":[15],"product_tag":[],"class_list":{"0":"post-6417","1":"product","2":"type-product","3":"status-publish","4":"has-post-thumbnail","6":"product_cat-sem-categoria","8":"first","9":"instock","10":"taxable","11":"shipping-taxable","12":"purchasable","13":"product-type-simple"},"acf":[],"jetpack-related-posts":[{"id":6253,"url":"https:\/\/mundo.seashell.pt\/?product=sanytol-cozinhas-750ml","url_meta":{"origin":6417,"position":0},"title":"Sanytol Cozinhas 750ml","date":"Fevereiro 23, 2022","format":false,"excerpt":"Limpador Desinfetante Cozinhas Sanytol desinfetante cozinhas com a\u00e7\u00e3o desengordurante. A cozinha \u00e9 um local favor\u00e1vel ao desenvolvimento de bact\u00e9rias. O uso de um limpador desinfetante \u00e9 a \u00fanica forma de prevenir eficazmente a prolifera\u00e7\u00e3o de micr\u00f3bios. Com a sua f\u00f3rmula de tripla a\u00e7\u00e3o sem lix\u00edvia, elimina 99,9% dos microrganismos. R...","rel":"","context":"Similar post","img":{"alt_text":"","src":"https:\/\/i0.wp.com\/mundo.seashell.pt\/wp-content\/uploads\/2022\/02\/SANYTOL_DESINFETANTE_COZINHAS_750_ML_8411660670212.png?resize=350%2C200&ssl=1","width":350,"height":200},"classes":[]},{"id":6415,"url":"https:\/\/mundo.seashell.pt\/?product=ajax-boost-cozinha-05l","url_meta":{"origin":6417,"position":1},"title":"Ajax Boost Cozinha 500ml","date":"Fevereiro 23, 2022","format":false,"excerpt":"Benef\u00edcios: - Desengordura em profundidade. Conselhos de utiliza\u00e7\u00e3o: Rode o pulverizador para a posi\u00e7\u00e3o \u00abon\u00bb. Pulverize diretamente as superf\u00edcies a limpar. Deixe o produto atuar alguns segundos, enxaguando de seguida com \u00e1gua limpa. No caso de gordura persistente, pulverize cuidadosamente, deixe atuar durante cinco m...","rel":"","context":"Similar post","img":{"alt_text":"","src":"https:\/\/i0.wp.com\/mundo.seashell.pt\/wp-content\/uploads\/2022\/02\/Ajax_BOOST_Spray_Cozinha_500ml_8718951189850.png?resize=350%2C200&ssl=1","width":350,"height":200},"classes":[]},{"id":6247,"url":"https:\/\/mundo.seashell.pt\/?product=sanytol-spray-400ml","url_meta":{"origin":6417,"position":2},"title":"Sanytol Spray 400ml","date":"Fevereiro 23, 2022","format":false,"excerpt":"Sanytol Aerossol Multifun\u00e7\u00f5es Desinfetante limpador multifun\u00e7\u00f5es, limpa e desinfeta todas as superficies da casa numa s\u00f3 passagem. A sua f\u00f3rmula proporciona uma secagem r\u00e1pida. Pode ser usado como desinfetante, sem necessidade de passar o pano.\u00a0 Beneficios","rel":"","context":"Similar post","img":{"alt_text":"","src":"https:\/\/i0.wp.com\/mundo.seashell.pt\/wp-content\/uploads\/2022\/02\/SANYTOL_DESINFECTANTE_MULTIUSOS_AEROSSOL_400ml_3045206312127.jpeg?resize=350%2C200&ssl=1","width":350,"height":200},"classes":[]},{"id":6381,"url":"https:\/\/mundo.seashell.pt\/?product=ajax-multiusos-spray-boost-vinagre-e-maca-05l","url_meta":{"origin":6417,"position":3},"title":"Ajax Multiusos Spray Boost Vinagre e Ma\u00e7\u00e3 500ml","date":"Fevereiro 23, 2022","format":false,"excerpt":"Ajax ajuda na limpeza da casa. Deixa as suas superf\u00edcies limpas e brilhantes facilmente! Com ingredientes naturais, Ajax Boost multiusos proporciona uma limpeza profunda deixando as superf\u00edcies brilhantes e com a agrad\u00e1vel fragr\u00e2ncia a ma\u00e7\u00e3 verde. Notas\/Frag\u00e2ncia: Vinagre e Ma\u00e7\u00e3Benef\u00edcios: - Elimina manc...","rel":"","context":"Similar post","img":{"alt_text":"","src":"https:\/\/i0.wp.com\/mundo.seashell.pt\/wp-content\/uploads\/2022\/02\/Ajax_BOOST_Spray_Multiusos_500ml_8718951189881.png?resize=350%2C200&ssl=1","width":350,"height":200},"classes":[]},{"id":6399,"url":"https:\/\/mundo.seashell.pt\/?product=kh-7-tira-gorduras-075l","url_meta":{"origin":6417,"position":4},"title":"KH-7 Tira Gorduras 750ml","date":"Fevereiro 23, 2022","format":false,"excerpt":"Se procura a m\u00e1xima efici\u00eancia, fa\u00e7a do KH-7 a estrela dos seus produtos de limpeza! Gra\u00e7as ao seu c\u00f3modo pulverizador, poder\u00e1 aplicar o produto facilmente em qualquer lugar, utilizando apenas a dose que necessita. Spray KH-7 tira gorduras concentrado, produto profissional. Produto de limpeza universal para cozinha, grelhador, forno, r...","rel":"","context":"Similar post","img":{"alt_text":"","src":"https:\/\/i0.wp.com\/mundo.seashell.pt\/wp-content\/uploads\/2022\/02\/KH7_TIRA_GORDURAS_PULV._750ml.png?resize=350%2C200&ssl=1","width":350,"height":200},"classes":[]},{"id":6401,"url":"https:\/\/mundo.seashell.pt\/?product=kh-7-tira-gorduras-recarda-075l","url_meta":{"origin":6417,"position":5},"title":"KH-7 Tira Gorduras Recarda 750ml","date":"Fevereiro 23, 2022","format":false,"excerpt":"Se procura a m\u00e1xima efici\u00eancia, fa\u00e7a do KH-7 a estrela dos seus produtos de limpeza! Gra\u00e7as ao seu c\u00f3modo pulverizador, poder\u00e1 aplicar o produto facilmente em qualquer lugar, utilizando apenas a dose que necessita. Spray KH-7 tira gorduras concentrado, produto profissional. Produto de limpeza universal para cozinha, grelhador, forno, r...","rel":"","context":"Similar post","img":{"alt_text":"","src":"https:\/\/i0.wp.com\/mundo.seashell.pt\/wp-content\/uploads\/2022\/02\/KH7_TIRA_GORDURAS_REC._750ml.png?resize=350%2C200&ssl=1","width":350,"height":200},"classes":[]}],"_links":{"self":[{"href":"https:\/\/mundo.seashell.pt\/index.php?rest_route=\/wp\/v2\/product\/6417","targetHints":{"allow":["GET"]}}],"collection":[{"href":"https:\/\/mundo.seashell.pt\/index.php?rest_route=\/wp\/v2\/product"}],"about":[{"href":"https:\/\/mundo.seashell.pt\/index.php?rest_route=\/wp\/v2\/types\/product"}],"wp:featuredmedia":[{"embeddable":true,"href":"https:\/\/mundo.seashell.pt\/index.php?rest_route=\/wp\/v2\/media\/6418"}],"wp:attachment":[{"href":"https:\/\/mundo.seashell.pt\/index.php?rest_route=%2Fwp%2Fv2%2Fmedia&parent=6417"}],"wp:term":[{"taxonomy":"product_cat","embeddable":true,"href":"https:\/\/mundo.seashell.pt\/index.php?rest_route=%2Fwp%2Fv2%2Fproduct_cat&post=6417"},{"taxonomy":"product_tag","embeddable":true,"href":"https:\/\/mundo.seashell.pt\/index.php?rest_route=%2Fwp%2Fv2%2Fproduct_tag&post=6417"}],"curies":[{"name":"wp","href":"https:\/\/api.w.org\/{rel}","templated":true}]}}